{"id":33731,"date":"2026-02-26T21:24:01","date_gmt":"2026-02-26T21:24:01","guid":{"rendered":"https:\/\/luxon.com\/receive-1-cashback-on-all-gg-poker-deposits\/"},"modified":"2026-03-09T08:13:18","modified_gmt":"2026-03-09T08:13:18","slug":"receive-1-cashback-on-all-gg-poker-deposits","status":"publish","type":"page","link":"https:\/\/luxon.com\/fr\/receive-1-cashback-on-all-gg-poker-deposits\/","title":{"rendered":"Recevez 1% de cashback sur tous vos d\u00e9p\u00f4ts GG Poker"},"content":{"rendered":"<p><strong>1 % de cashback sur tous vos d\u00e9p\u00f4ts en ligne vers GG Poker effectu\u00e9s avec Luxon Pay.<\/strong><\/p>\n<p><strong>Comment \u00e7a marche:<\/strong><br \/>\n\u2022 Effectuez un d\u00e9p\u00f4t en ligne sur GG Poker en ligne avec Luxon Pay<br \/>\n\u2022 Recevez 1% de cashback sur tous vos d\u00e9p\u00f4ts GG Poker<\/p>\n<p>Si vous participez d\u00e9j\u00e0 au WSOP Super Circuit, c\u2019est un moyen simple d\u2019optimiser vos gains.<\/p>\n<p>Bonne chance aux tables!<\/p>\n<p><strong>Conditions g\u00e9n\u00e9rales<\/strong><\/p>\n<ul>\n<li>Offre valable pour les d\u00e9p\u00f4ts GG Poker effectu\u00e9s entre le 10 mars et le 31 mars 2026<\/li>\n<li>Le cashback sera cr\u00e9dit\u00e9 automatiquement dans un d\u00e9lai de 7 jours ouvr\u00e9s apr\u00e8s la fin de la promotion<\/li>\n<li>Aucun plafond ni montant maximum de cashback ne s\u2019applique<\/li>\n<li>Promotion nominative et non transf\u00e9rable<\/li>\n<li>Valable uniquement pour les marchands en ligne et exclut les plateformes ou d\u00e9p\u00f4ts li\u00e9s \u00e0 des \u00e9v\u00e9nements live<\/li>\n<li>Les conditions g\u00e9n\u00e9rales Luxon Pay s\u2019appliquent<\/li>\n<\/ul>\n","protected":false},"excerpt":{"rendered":"<p>1 % de cashback sur tous vos d\u00e9p\u00f4ts en ligne vers GG Poker effectu\u00e9s avec Luxon Pay. Comment \u00e7a marche: \u2022 Effectuez un d\u00e9p\u00f4t en ligne sur GG Poker en ligne avec Luxon Pay \u2022 Recevez 1% de cashback sur tous vos d\u00e9p\u00f4ts GG Poker Si vous participez d\u00e9j\u00e0 au WSOP Super Circuit, c\u2019est un<a class=\"excerpt-read-more\" href=\"https:\/\/luxon.com\/fr\/receive-1-cashback-on-all-gg-poker-deposits\/\" title=\"ReadRecevez 1% de cashback sur tous vos d\u00e9p\u00f4ts GG Poker\">&#8230; Read more &raquo;<\/a><\/p>\n","protected":false},"author":5,"featured_media":33673,"parent":0,"menu_order":0,"comment_status":"closed","ping_status":"closed","template":"templates\/block-template.php","meta":{"_acf_changed":false,"footnotes":""},"class_list":["post-33731","page","type-page","status-publish","has-post-thumbnail","hentry"],"acf":[],"yoast_head":"<!-- This site is optimized with the Yoast SEO plugin v27.1.1 - https:\/\/yoast.com\/product\/yoast-seo-wordpress\/ -->\n<title>Recevez 1% de cashback sur tous vos d\u00e9p\u00f4ts GG Poker - Luxon Pay<\/title>\n<meta name=\"robots\" content=\"index, follow, max-snippet:-1, max-image-preview:large, max-video-preview:-1\" \/>\n<link rel=\"canonical\" href=\"https:\/\/luxon.com\/fr\/receive-1-cashback-on-all-gg-poker-deposits\/\" \/>\n<meta property=\"og:locale\" content=\"fr_FR\" \/>\n<meta property=\"og:type\" content=\"article\" \/>\n<meta property=\"og:title\" content=\"Recevez 1% de cashback sur tous vos d\u00e9p\u00f4ts GG Poker - Luxon Pay\" \/>\n<meta property=\"og:description\" content=\"1 % de cashback sur tous vos d\u00e9p\u00f4ts en ligne vers GG Poker effectu\u00e9s avec Luxon Pay. Comment \u00e7a marche: \u2022 Effectuez un d\u00e9p\u00f4t en ligne sur GG Poker en ligne avec Luxon Pay \u2022 Recevez 1% de cashback sur tous vos d\u00e9p\u00f4ts GG Poker Si vous participez d\u00e9j\u00e0 au WSOP Super Circuit, c\u2019est un... Read more &raquo;\" \/>\n<meta property=\"og:url\" content=\"https:\/\/luxon.com\/fr\/receive-1-cashback-on-all-gg-poker-deposits\/\" \/>\n<meta property=\"og:site_name\" content=\"Luxon Pay\" \/>\n<meta property=\"article:modified_time\" content=\"2026-03-09T08:13:18+00:00\" \/>\n<meta property=\"og:image\" content=\"https:\/\/luxon.com\/wp-content\/uploads\/wsop-super-circuit-2026-featured-image-web-enhanced.webp\" \/>\n\t<meta property=\"og:image:width\" content=\"2048\" \/>\n\t<meta property=\"og:image:height\" content=\"1076\" \/>\n\t<meta property=\"og:image:type\" content=\"image\/webp\" \/>\n<meta name=\"twitter:card\" content=\"summary_large_image\" \/>\n<meta name=\"twitter:label1\" content=\"Dur\u00e9e de lecture estim\u00e9e\" \/>\n\t<meta name=\"twitter:data1\" content=\"1 minute\" \/>\n<script type=\"application\/ld+json\" class=\"yoast-schema-graph\">{\"@context\":\"https:\/\/schema.org\",\"@graph\":[{\"@type\":\"WebPage\",\"@id\":\"https:\/\/luxon.com\/fr\/receive-1-cashback-on-all-gg-poker-deposits\/\",\"url\":\"https:\/\/luxon.com\/fr\/receive-1-cashback-on-all-gg-poker-deposits\/\",\"name\":\"Recevez 1% de cashback sur tous vos d\u00e9p\u00f4ts GG Poker - Luxon Pay\",\"isPartOf\":{\"@id\":\"https:\/\/luxon.com\/fr\/#website\"},\"primaryImageOfPage\":{\"@id\":\"https:\/\/luxon.com\/fr\/receive-1-cashback-on-all-gg-poker-deposits\/#primaryimage\"},\"image\":{\"@id\":\"https:\/\/luxon.com\/fr\/receive-1-cashback-on-all-gg-poker-deposits\/#primaryimage\"},\"thumbnailUrl\":\"https:\/\/luxon.com\/wp-content\/uploads\/wsop-super-circuit-2026-featured-image-web-enhanced.webp\",\"datePublished\":\"2026-02-26T21:24:01+00:00\",\"dateModified\":\"2026-03-09T08:13:18+00:00\",\"inLanguage\":\"fr-FR\",\"potentialAction\":[{\"@type\":\"ReadAction\",\"target\":[\"https:\/\/luxon.com\/fr\/receive-1-cashback-on-all-gg-poker-deposits\/\"]}]},{\"@type\":\"ImageObject\",\"inLanguage\":\"fr-FR\",\"@id\":\"https:\/\/luxon.com\/fr\/receive-1-cashback-on-all-gg-poker-deposits\/#primaryimage\",\"url\":\"https:\/\/luxon.com\/wp-content\/uploads\/wsop-super-circuit-2026-featured-image-web-enhanced.webp\",\"contentUrl\":\"https:\/\/luxon.com\/wp-content\/uploads\/wsop-super-circuit-2026-featured-image-web-enhanced.webp\",\"width\":2048,\"height\":1076},{\"@type\":\"WebSite\",\"@id\":\"https:\/\/luxon.com\/fr\/#website\",\"url\":\"https:\/\/luxon.com\/fr\/\",\"name\":\"Luxon Pay\",\"description\":\"Instant secure global payments\",\"publisher\":{\"@id\":\"https:\/\/luxon.com\/fr\/#organization\"},\"potentialAction\":[{\"@type\":\"SearchAction\",\"target\":{\"@type\":\"EntryPoint\",\"urlTemplate\":\"https:\/\/luxon.com\/fr\/?s={search_term_string}\"},\"query-input\":{\"@type\":\"PropertyValueSpecification\",\"valueRequired\":true,\"valueName\":\"search_term_string\"}}],\"inLanguage\":\"fr-FR\"},{\"@type\":\"Organization\",\"@id\":\"https:\/\/luxon.com\/fr\/#organization\",\"name\":\"Luxon Pay\",\"url\":\"https:\/\/luxon.com\/fr\/\",\"logo\":{\"@type\":\"ImageObject\",\"inLanguage\":\"fr-FR\",\"@id\":\"https:\/\/luxon.com\/fr\/#\/schema\/logo\/image\/\",\"url\":\"https:\/\/luxon.com\/wp-content\/uploads\/WebsiteImage04.png\",\"contentUrl\":\"https:\/\/luxon.com\/wp-content\/uploads\/WebsiteImage04.png\",\"width\":1200,\"height\":630,\"caption\":\"Luxon Pay\"},\"image\":{\"@id\":\"https:\/\/luxon.com\/fr\/#\/schema\/logo\/image\/\"}}]}<\/script>\n<!-- \/ Yoast SEO plugin. -->","yoast_head_json":{"title":"Recevez 1% de cashback sur tous vos d\u00e9p\u00f4ts GG Poker - Luxon Pay","robots":{"index":"index","follow":"follow","max-snippet":"max-snippet:-1","max-image-preview":"max-image-preview:large","max-video-preview":"max-video-preview:-1"},"canonical":"https:\/\/luxon.com\/fr\/receive-1-cashback-on-all-gg-poker-deposits\/","og_locale":"fr_FR","og_type":"article","og_title":"Recevez 1% de cashback sur tous vos d\u00e9p\u00f4ts GG Poker - Luxon Pay","og_description":"1 % de cashback sur tous vos d\u00e9p\u00f4ts en ligne vers GG Poker effectu\u00e9s avec Luxon Pay. Comment \u00e7a marche: \u2022 Effectuez un d\u00e9p\u00f4t en ligne sur GG Poker en ligne avec Luxon Pay \u2022 Recevez 1% de cashback sur tous vos d\u00e9p\u00f4ts GG Poker Si vous participez d\u00e9j\u00e0 au WSOP Super Circuit, c\u2019est un... Read more &raquo;","og_url":"https:\/\/luxon.com\/fr\/receive-1-cashback-on-all-gg-poker-deposits\/","og_site_name":"Luxon Pay","article_modified_time":"2026-03-09T08:13:18+00:00","og_image":[{"width":2048,"height":1076,"url":"https:\/\/luxon.com\/wp-content\/uploads\/wsop-super-circuit-2026-featured-image-web-enhanced.webp","type":"image\/webp"}],"twitter_card":"summary_large_image","twitter_misc":{"Dur\u00e9e de lecture estim\u00e9e":"1 minute"},"schema":{"@context":"https:\/\/schema.org","@graph":[{"@type":"WebPage","@id":"https:\/\/luxon.com\/fr\/receive-1-cashback-on-all-gg-poker-deposits\/","url":"https:\/\/luxon.com\/fr\/receive-1-cashback-on-all-gg-poker-deposits\/","name":"Recevez 1% de cashback sur tous vos d\u00e9p\u00f4ts GG Poker - Luxon Pay","isPartOf":{"@id":"https:\/\/luxon.com\/fr\/#website"},"primaryImageOfPage":{"@id":"https:\/\/luxon.com\/fr\/receive-1-cashback-on-all-gg-poker-deposits\/#primaryimage"},"image":{"@id":"https:\/\/luxon.com\/fr\/receive-1-cashback-on-all-gg-poker-deposits\/#primaryimage"},"thumbnailUrl":"https:\/\/luxon.com\/wp-content\/uploads\/wsop-super-circuit-2026-featured-image-web-enhanced.webp","datePublished":"2026-02-26T21:24:01+00:00","dateModified":"2026-03-09T08:13:18+00:00","inLanguage":"fr-FR","potentialAction":[{"@type":"ReadAction","target":["https:\/\/luxon.com\/fr\/receive-1-cashback-on-all-gg-poker-deposits\/"]}]},{"@type":"ImageObject","inLanguage":"fr-FR","@id":"https:\/\/luxon.com\/fr\/receive-1-cashback-on-all-gg-poker-deposits\/#primaryimage","url":"https:\/\/luxon.com\/wp-content\/uploads\/wsop-super-circuit-2026-featured-image-web-enhanced.webp","contentUrl":"https:\/\/luxon.com\/wp-content\/uploads\/wsop-super-circuit-2026-featured-image-web-enhanced.webp","width":2048,"height":1076},{"@type":"WebSite","@id":"https:\/\/luxon.com\/fr\/#website","url":"https:\/\/luxon.com\/fr\/","name":"Luxon Pay","description":"Instant secure global payments","publisher":{"@id":"https:\/\/luxon.com\/fr\/#organization"},"potentialAction":[{"@type":"SearchAction","target":{"@type":"EntryPoint","urlTemplate":"https:\/\/luxon.com\/fr\/?s={search_term_string}"},"query-input":{"@type":"PropertyValueSpecification","valueRequired":true,"valueName":"search_term_string"}}],"inLanguage":"fr-FR"},{"@type":"Organization","@id":"https:\/\/luxon.com\/fr\/#organization","name":"Luxon Pay","url":"https:\/\/luxon.com\/fr\/","logo":{"@type":"ImageObject","inLanguage":"fr-FR","@id":"https:\/\/luxon.com\/fr\/#\/schema\/logo\/image\/","url":"https:\/\/luxon.com\/wp-content\/uploads\/WebsiteImage04.png","contentUrl":"https:\/\/luxon.com\/wp-content\/uploads\/WebsiteImage04.png","width":1200,"height":630,"caption":"Luxon Pay"},"image":{"@id":"https:\/\/luxon.com\/fr\/#\/schema\/logo\/image\/"}}]}},"_links":{"self":[{"href":"https:\/\/luxon.com\/fr\/wp-json\/wp\/v2\/pages\/33731","targetHints":{"allow":["GET"]}}],"collection":[{"href":"https:\/\/luxon.com\/fr\/wp-json\/wp\/v2\/pages"}],"about":[{"href":"https:\/\/luxon.com\/fr\/wp-json\/wp\/v2\/types\/page"}],"author":[{"embeddable":true,"href":"https:\/\/luxon.com\/fr\/wp-json\/wp\/v2\/users\/5"}],"replies":[{"embeddable":true,"href":"https:\/\/luxon.com\/fr\/wp-json\/wp\/v2\/comments?post=33731"}],"version-history":[{"count":3,"href":"https:\/\/luxon.com\/fr\/wp-json\/wp\/v2\/pages\/33731\/revisions"}],"predecessor-version":[{"id":33956,"href":"https:\/\/luxon.com\/fr\/wp-json\/wp\/v2\/pages\/33731\/revisions\/33956"}],"wp:featuredmedia":[{"embeddable":true,"href":"https:\/\/luxon.com\/fr\/wp-json\/wp\/v2\/media\/33673"}],"wp:attachment":[{"href":"https:\/\/luxon.com\/fr\/wp-json\/wp\/v2\/media?parent=33731"}],"curies":[{"name":"wp","href":"https:\/\/api.w.org\/{rel}","templated":true}]}}