{"id":33761,"date":"2026-02-26T21:33:28","date_gmt":"2026-02-26T21:33:28","guid":{"rendered":"https:\/\/luxon.com\/get-10-cashback-when-you-deposit-for-scoop\/"},"modified":"2026-02-27T16:36:37","modified_gmt":"2026-02-27T16:36:37","slug":"get-10-cashback-when-you-deposit-for-scoop","status":"publish","type":"page","link":"https:\/\/luxon.com\/fr\/get-10-cashback-when-you-deposit-for-scoop\/","title":{"rendered":"Recevez 10$ de cashback pour le SCOOP"},"content":{"rendered":"<p><strong>D\u00e9posez 1000$ ou plus sur PokerStars via Luxon Pay et recevez 10$ de cashback!<\/strong><\/p>\n<p><strong>Comment \u00e7a marche:<br \/>\n<\/strong>\u2022 D\u00e9posez au moins 1 000 $ sur PokerStars en ligne avec Luxon Pay<br \/>\n\u2022 Recevez 10$ de cashback sur votre compte Luxon Pay<\/p>\n<p>Si vous jouez d\u00e9j\u00e0 au SCOOP, c\u2019est un moyen simple d\u2019obtenir davantage de votre jeu.<\/p>\n<p>Bonne chance aux tables!<\/p>\n<p><strong>Conditions g\u00e9n\u00e9rales<br \/>\n<\/strong>\u2022 Offre valable pour les d\u00e9p\u00f4ts PokerStars effectu\u00e9s entre le 27 f\u00e9vrier et le 1er mars 2026<br \/>\n\u2022 Le cashback de 10$ sera cr\u00e9dit\u00e9 automatiquement dans un d\u00e9lai de 7 jours ouvr\u00e9s apr\u00e8s la fin de la promotion<br \/>\n\u2022 Promotion nominative et non transf\u00e9rable<br \/>\n\u2022 Valable uniquement pour les marchands en ligne et exclut les plateformes ou d\u00e9p\u00f4ts li\u00e9s \u00e0 des \u00e9v\u00e9nements live<br \/>\n\u2022 Les conditions g\u00e9n\u00e9rales Luxon Pay s\u2019appliquent<\/p>\n","protected":false},"excerpt":{"rendered":"<p>D\u00e9posez 1000$ ou plus sur PokerStars via Luxon Pay et recevez 10$ de cashback! Comment \u00e7a marche: \u2022 D\u00e9posez au moins 1 000 $ sur PokerStars en ligne avec Luxon Pay \u2022 Recevez 10$ de cashback sur votre compte Luxon Pay Si vous jouez d\u00e9j\u00e0 au SCOOP, c\u2019est un moyen simple d\u2019obtenir davantage de votre<a class=\"excerpt-read-more\" href=\"https:\/\/luxon.com\/fr\/get-10-cashback-when-you-deposit-for-scoop\/\" title=\"ReadRecevez 10$ de cashback pour le SCOOP\">&#8230; Read more &raquo;<\/a><\/p>\n","protected":false},"author":5,"featured_media":33692,"parent":0,"menu_order":0,"comment_status":"closed","ping_status":"closed","template":"templates\/block-template.php","meta":{"_acf_changed":false,"footnotes":""},"class_list":["post-33761","page","type-page","status-publish","has-post-thumbnail","hentry"],"acf":[],"yoast_head":"<!-- This site is optimized with the Yoast SEO plugin v27.1.1 - https:\/\/yoast.com\/product\/yoast-seo-wordpress\/ -->\n<title>Recevez 10$ de cashback pour le SCOOP - Luxon Pay<\/title>\n<meta name=\"robots\" content=\"index, follow, max-snippet:-1, max-image-preview:large, max-video-preview:-1\" \/>\n<link rel=\"canonical\" href=\"https:\/\/luxon.com\/fr\/get-10-cashback-when-you-deposit-for-scoop\/\" \/>\n<meta property=\"og:locale\" content=\"fr_FR\" \/>\n<meta property=\"og:type\" content=\"article\" \/>\n<meta property=\"og:title\" content=\"Recevez 10$ de cashback pour le SCOOP - Luxon Pay\" \/>\n<meta property=\"og:description\" content=\"D\u00e9posez 1000$ ou plus sur PokerStars via Luxon Pay et recevez 10$ de cashback! Comment \u00e7a marche: \u2022 D\u00e9posez au moins 1 000 $ sur PokerStars en ligne avec Luxon Pay \u2022 Recevez 10$ de cashback sur votre compte Luxon Pay Si vous jouez d\u00e9j\u00e0 au SCOOP, c\u2019est un moyen simple d\u2019obtenir davantage de votre... Read more &raquo;\" \/>\n<meta property=\"og:url\" content=\"https:\/\/luxon.com\/fr\/get-10-cashback-when-you-deposit-for-scoop\/\" \/>\n<meta property=\"og:site_name\" content=\"Luxon Pay\" \/>\n<meta property=\"article:modified_time\" content=\"2026-02-27T16:36:37+00:00\" \/>\n<meta property=\"og:image\" content=\"https:\/\/luxon.com\/wp-content\/uploads\/JjyyZqQ.png\" \/>\n\t<meta property=\"og:image:width\" content=\"600\" \/>\n\t<meta property=\"og:image:height\" content=\"400\" \/>\n\t<meta property=\"og:image:type\" content=\"image\/png\" \/>\n<meta name=\"twitter:card\" content=\"summary_large_image\" \/>\n<meta name=\"twitter:label1\" content=\"Dur\u00e9e de lecture estim\u00e9e\" \/>\n\t<meta name=\"twitter:data1\" content=\"1 minute\" \/>\n<script type=\"application\/ld+json\" class=\"yoast-schema-graph\">{\"@context\":\"https:\/\/schema.org\",\"@graph\":[{\"@type\":\"WebPage\",\"@id\":\"https:\/\/luxon.com\/fr\/get-10-cashback-when-you-deposit-for-scoop\/\",\"url\":\"https:\/\/luxon.com\/fr\/get-10-cashback-when-you-deposit-for-scoop\/\",\"name\":\"Recevez 10$ de cashback pour le SCOOP - Luxon Pay\",\"isPartOf\":{\"@id\":\"https:\/\/luxon.com\/fr\/#website\"},\"primaryImageOfPage\":{\"@id\":\"https:\/\/luxon.com\/fr\/get-10-cashback-when-you-deposit-for-scoop\/#primaryimage\"},\"image\":{\"@id\":\"https:\/\/luxon.com\/fr\/get-10-cashback-when-you-deposit-for-scoop\/#primaryimage\"},\"thumbnailUrl\":\"https:\/\/luxon.com\/wp-content\/uploads\/JjyyZqQ.png\",\"datePublished\":\"2026-02-26T21:33:28+00:00\",\"dateModified\":\"2026-02-27T16:36:37+00:00\",\"inLanguage\":\"fr-FR\",\"potentialAction\":[{\"@type\":\"ReadAction\",\"target\":[\"https:\/\/luxon.com\/fr\/get-10-cashback-when-you-deposit-for-scoop\/\"]}]},{\"@type\":\"ImageObject\",\"inLanguage\":\"fr-FR\",\"@id\":\"https:\/\/luxon.com\/fr\/get-10-cashback-when-you-deposit-for-scoop\/#primaryimage\",\"url\":\"https:\/\/luxon.com\/wp-content\/uploads\/JjyyZqQ.png\",\"contentUrl\":\"https:\/\/luxon.com\/wp-content\/uploads\/JjyyZqQ.png\",\"width\":600,\"height\":400},{\"@type\":\"WebSite\",\"@id\":\"https:\/\/luxon.com\/fr\/#website\",\"url\":\"https:\/\/luxon.com\/fr\/\",\"name\":\"Luxon Pay\",\"description\":\"Instant secure global payments\",\"publisher\":{\"@id\":\"https:\/\/luxon.com\/fr\/#organization\"},\"potentialAction\":[{\"@type\":\"SearchAction\",\"target\":{\"@type\":\"EntryPoint\",\"urlTemplate\":\"https:\/\/luxon.com\/fr\/?s={search_term_string}\"},\"query-input\":{\"@type\":\"PropertyValueSpecification\",\"valueRequired\":true,\"valueName\":\"search_term_string\"}}],\"inLanguage\":\"fr-FR\"},{\"@type\":\"Organization\",\"@id\":\"https:\/\/luxon.com\/fr\/#organization\",\"name\":\"Luxon Pay\",\"url\":\"https:\/\/luxon.com\/fr\/\",\"logo\":{\"@type\":\"ImageObject\",\"inLanguage\":\"fr-FR\",\"@id\":\"https:\/\/luxon.com\/fr\/#\/schema\/logo\/image\/\",\"url\":\"https:\/\/luxon.com\/wp-content\/uploads\/WebsiteImage04.png\",\"contentUrl\":\"https:\/\/luxon.com\/wp-content\/uploads\/WebsiteImage04.png\",\"width\":1200,\"height\":630,\"caption\":\"Luxon Pay\"},\"image\":{\"@id\":\"https:\/\/luxon.com\/fr\/#\/schema\/logo\/image\/\"}}]}<\/script>\n<!-- \/ Yoast SEO plugin. -->","yoast_head_json":{"title":"Recevez 10$ de cashback pour le SCOOP - Luxon Pay","robots":{"index":"index","follow":"follow","max-snippet":"max-snippet:-1","max-image-preview":"max-image-preview:large","max-video-preview":"max-video-preview:-1"},"canonical":"https:\/\/luxon.com\/fr\/get-10-cashback-when-you-deposit-for-scoop\/","og_locale":"fr_FR","og_type":"article","og_title":"Recevez 10$ de cashback pour le SCOOP - Luxon Pay","og_description":"D\u00e9posez 1000$ ou plus sur PokerStars via Luxon Pay et recevez 10$ de cashback! Comment \u00e7a marche: \u2022 D\u00e9posez au moins 1 000 $ sur PokerStars en ligne avec Luxon Pay \u2022 Recevez 10$ de cashback sur votre compte Luxon Pay Si vous jouez d\u00e9j\u00e0 au SCOOP, c\u2019est un moyen simple d\u2019obtenir davantage de votre... Read more &raquo;","og_url":"https:\/\/luxon.com\/fr\/get-10-cashback-when-you-deposit-for-scoop\/","og_site_name":"Luxon Pay","article_modified_time":"2026-02-27T16:36:37+00:00","og_image":[{"width":600,"height":400,"url":"https:\/\/luxon.com\/wp-content\/uploads\/JjyyZqQ.png","type":"image\/png"}],"twitter_card":"summary_large_image","twitter_misc":{"Dur\u00e9e de lecture estim\u00e9e":"1 minute"},"schema":{"@context":"https:\/\/schema.org","@graph":[{"@type":"WebPage","@id":"https:\/\/luxon.com\/fr\/get-10-cashback-when-you-deposit-for-scoop\/","url":"https:\/\/luxon.com\/fr\/get-10-cashback-when-you-deposit-for-scoop\/","name":"Recevez 10$ de cashback pour le SCOOP - Luxon Pay","isPartOf":{"@id":"https:\/\/luxon.com\/fr\/#website"},"primaryImageOfPage":{"@id":"https:\/\/luxon.com\/fr\/get-10-cashback-when-you-deposit-for-scoop\/#primaryimage"},"image":{"@id":"https:\/\/luxon.com\/fr\/get-10-cashback-when-you-deposit-for-scoop\/#primaryimage"},"thumbnailUrl":"https:\/\/luxon.com\/wp-content\/uploads\/JjyyZqQ.png","datePublished":"2026-02-26T21:33:28+00:00","dateModified":"2026-02-27T16:36:37+00:00","inLanguage":"fr-FR","potentialAction":[{"@type":"ReadAction","target":["https:\/\/luxon.com\/fr\/get-10-cashback-when-you-deposit-for-scoop\/"]}]},{"@type":"ImageObject","inLanguage":"fr-FR","@id":"https:\/\/luxon.com\/fr\/get-10-cashback-when-you-deposit-for-scoop\/#primaryimage","url":"https:\/\/luxon.com\/wp-content\/uploads\/JjyyZqQ.png","contentUrl":"https:\/\/luxon.com\/wp-content\/uploads\/JjyyZqQ.png","width":600,"height":400},{"@type":"WebSite","@id":"https:\/\/luxon.com\/fr\/#website","url":"https:\/\/luxon.com\/fr\/","name":"Luxon Pay","description":"Instant secure global payments","publisher":{"@id":"https:\/\/luxon.com\/fr\/#organization"},"potentialAction":[{"@type":"SearchAction","target":{"@type":"EntryPoint","urlTemplate":"https:\/\/luxon.com\/fr\/?s={search_term_string}"},"query-input":{"@type":"PropertyValueSpecification","valueRequired":true,"valueName":"search_term_string"}}],"inLanguage":"fr-FR"},{"@type":"Organization","@id":"https:\/\/luxon.com\/fr\/#organization","name":"Luxon Pay","url":"https:\/\/luxon.com\/fr\/","logo":{"@type":"ImageObject","inLanguage":"fr-FR","@id":"https:\/\/luxon.com\/fr\/#\/schema\/logo\/image\/","url":"https:\/\/luxon.com\/wp-content\/uploads\/WebsiteImage04.png","contentUrl":"https:\/\/luxon.com\/wp-content\/uploads\/WebsiteImage04.png","width":1200,"height":630,"caption":"Luxon Pay"},"image":{"@id":"https:\/\/luxon.com\/fr\/#\/schema\/logo\/image\/"}}]}},"_links":{"self":[{"href":"https:\/\/luxon.com\/fr\/wp-json\/wp\/v2\/pages\/33761","targetHints":{"allow":["GET"]}}],"collection":[{"href":"https:\/\/luxon.com\/fr\/wp-json\/wp\/v2\/pages"}],"about":[{"href":"https:\/\/luxon.com\/fr\/wp-json\/wp\/v2\/types\/page"}],"author":[{"embeddable":true,"href":"https:\/\/luxon.com\/fr\/wp-json\/wp\/v2\/users\/5"}],"replies":[{"embeddable":true,"href":"https:\/\/luxon.com\/fr\/wp-json\/wp\/v2\/comments?post=33761"}],"version-history":[{"count":1,"href":"https:\/\/luxon.com\/fr\/wp-json\/wp\/v2\/pages\/33761\/revisions"}],"predecessor-version":[{"id":33762,"href":"https:\/\/luxon.com\/fr\/wp-json\/wp\/v2\/pages\/33761\/revisions\/33762"}],"wp:featuredmedia":[{"embeddable":true,"href":"https:\/\/luxon.com\/fr\/wp-json\/wp\/v2\/media\/33692"}],"wp:attachment":[{"href":"https:\/\/luxon.com\/fr\/wp-json\/wp\/v2\/media?parent=33761"}],"curies":[{"name":"wp","href":"https:\/\/api.w.org\/{rel}","templated":true}]}}