{"id":33911,"date":"2026-03-03T21:47:10","date_gmt":"2026-03-03T21:47:10","guid":{"rendered":"https:\/\/luxon.com\/win-a-main-event-seat-at-irish-open\/"},"modified":"2026-03-05T08:07:06","modified_gmt":"2026-03-05T08:07:06","slug":"win-a-main-event-seat-at-irish-open","status":"publish","type":"page","link":"https:\/\/luxon.com\/fr\/win-a-main-event-seat-at-irish-open\/","title":{"rendered":"Gagnez une place pour le Main Event de l&rsquo;Irish Open! \ud83c\udf9f\ufe0f"},"content":{"rendered":"<p>Faites compter votre buy-in \u00e0 l\u2019Irish Open!<\/p>\n<p>Chaque buy-in via Luxon Pay = 1 participation au tirage pour tenter de gagner 1 des 4 seats Main Event Irish Open \u00e0 1150\u20ac.<br \/>\nVotre chance de jouer le Main Event gratuitement!<\/p>\n<p><strong>Voici comment \u00e7a marche:<\/strong><br \/>\n\u2022 Effectuez un buy-in \u00e0 n&rsquo;importe quel tournoi de l&rsquo;Irish Open avec Luxon Pay<br \/>\n\u2022 Recevez 1 participation au tirage par buy-in<br \/>\n\u2022 Jusqu&rsquo;\u00e0 4 seats pour le Main Event sont \u00e0 gagner<\/p>\n<p><strong>Conditions g\u00e9n\u00e9rales<\/strong><\/p>\n<ul>\n<li>Offre valable pour les joueurs effectuant un buy-in \u00e0 un tournoi de l&rsquo;Irish Open via Luxon Pay jusqu&rsquo;au 3 avril.<\/li>\n<li>Quatre tirages au sort auront lieu les 29 mars\/ 1er avril\/ 2 avril\/ 3 avril &#8211; toutes les buy-ins effectu\u00e9es avant chaque date seront inclus dans le tirage correspondant.<\/li>\n<li>Chaque buy-in valide compte comme une participation au tirage au sort.<\/li>\n<li>Chaque tirage offre un seat pour le Main Event de Irish Open \u00e0 1150\u20ac pour le Day 1 sp\u00e9cifi\u00e9.<\/li>\n<li>Si un gagnant atteint au Day 2 du Main Event sans utiliser son prix, la valeur \u00e9quivalente sera cr\u00e9dit\u00e9e sur son compte Luxon Pay.<\/li>\n<\/ul>\n","protected":false},"excerpt":{"rendered":"<p>Faites compter votre buy-in \u00e0 l\u2019Irish Open! Chaque buy-in via Luxon Pay = 1 participation au tirage pour tenter de gagner 1 des 4 seats Main Event Irish Open \u00e0 1150\u20ac. Votre chance de jouer le Main Event gratuitement! Voici comment \u00e7a marche: \u2022 Effectuez un buy-in \u00e0 n&rsquo;importe quel tournoi de l&rsquo;Irish Open avec<a class=\"excerpt-read-more\" href=\"https:\/\/luxon.com\/fr\/win-a-main-event-seat-at-irish-open\/\" title=\"ReadGagnez une place pour le Main Event de l&rsquo;Irish Open! \ud83c\udf9f\ufe0f\">&#8230; Read more &raquo;<\/a><\/p>\n","protected":false},"author":5,"featured_media":34087,"parent":0,"menu_order":0,"comment_status":"closed","ping_status":"closed","template":"templates\/block-template.php","meta":{"_acf_changed":false,"footnotes":""},"class_list":["post-33911","page","type-page","status-publish","has-post-thumbnail","hentry"],"acf":[],"yoast_head":"<!-- This site is optimized with the Yoast SEO plugin v27.1.1 - https:\/\/yoast.com\/product\/yoast-seo-wordpress\/ -->\n<title>Gagnez une place pour le Main Event de l&#039;Irish Open! \ud83c\udf9f\ufe0f - Luxon Pay<\/title>\n<meta name=\"robots\" content=\"index, follow, max-snippet:-1, max-image-preview:large, max-video-preview:-1\" \/>\n<link rel=\"canonical\" href=\"https:\/\/luxon.com\/fr\/win-a-main-event-seat-at-irish-open\/\" \/>\n<meta property=\"og:locale\" content=\"fr_FR\" \/>\n<meta property=\"og:type\" content=\"article\" \/>\n<meta property=\"og:title\" content=\"Gagnez une place pour le Main Event de l&#039;Irish Open! \ud83c\udf9f\ufe0f - Luxon Pay\" \/>\n<meta property=\"og:description\" content=\"Faites compter votre buy-in \u00e0 l\u2019Irish Open! Chaque buy-in via Luxon Pay = 1 participation au tirage pour tenter de gagner 1 des 4 seats Main Event Irish Open \u00e0 1150\u20ac. Votre chance de jouer le Main Event gratuitement! Voici comment \u00e7a marche: \u2022 Effectuez un buy-in \u00e0 n&rsquo;importe quel tournoi de l&rsquo;Irish Open avec... Read more &raquo;\" \/>\n<meta property=\"og:url\" content=\"https:\/\/luxon.com\/fr\/win-a-main-event-seat-at-irish-open\/\" \/>\n<meta property=\"og:site_name\" content=\"Luxon Pay\" \/>\n<meta property=\"article:modified_time\" content=\"2026-03-05T08:07:06+00:00\" \/>\n<meta property=\"og:image\" content=\"https:\/\/luxon.com\/wp-content\/uploads\/Live-Event-Announcement-Promo_header.png\" \/>\n\t<meta property=\"og:image:width\" content=\"600\" \/>\n\t<meta property=\"og:image:height\" content=\"400\" \/>\n\t<meta property=\"og:image:type\" content=\"image\/png\" \/>\n<meta name=\"twitter:card\" content=\"summary_large_image\" \/>\n<meta name=\"twitter:label1\" content=\"Dur\u00e9e de lecture estim\u00e9e\" \/>\n\t<meta name=\"twitter:data1\" content=\"1 minute\" \/>\n<script type=\"application\/ld+json\" class=\"yoast-schema-graph\">{\"@context\":\"https:\/\/schema.org\",\"@graph\":[{\"@type\":\"WebPage\",\"@id\":\"https:\/\/luxon.com\/fr\/win-a-main-event-seat-at-irish-open\/\",\"url\":\"https:\/\/luxon.com\/fr\/win-a-main-event-seat-at-irish-open\/\",\"name\":\"Gagnez une place pour le Main Event de l'Irish Open! \ud83c\udf9f\ufe0f - Luxon Pay\",\"isPartOf\":{\"@id\":\"https:\/\/luxon.com\/fr\/#website\"},\"primaryImageOfPage\":{\"@id\":\"https:\/\/luxon.com\/fr\/win-a-main-event-seat-at-irish-open\/#primaryimage\"},\"image\":{\"@id\":\"https:\/\/luxon.com\/fr\/win-a-main-event-seat-at-irish-open\/#primaryimage\"},\"thumbnailUrl\":\"https:\/\/luxon.com\/wp-content\/uploads\/Irish-Open_Banner_2-1.png\",\"datePublished\":\"2026-03-03T21:47:10+00:00\",\"dateModified\":\"2026-03-05T08:07:06+00:00\",\"inLanguage\":\"fr-FR\",\"potentialAction\":[{\"@type\":\"ReadAction\",\"target\":[\"https:\/\/luxon.com\/fr\/win-a-main-event-seat-at-irish-open\/\"]}]},{\"@type\":\"ImageObject\",\"inLanguage\":\"fr-FR\",\"@id\":\"https:\/\/luxon.com\/fr\/win-a-main-event-seat-at-irish-open\/#primaryimage\",\"url\":\"https:\/\/luxon.com\/wp-content\/uploads\/Irish-Open_Banner_2-1.png\",\"contentUrl\":\"https:\/\/luxon.com\/wp-content\/uploads\/Irish-Open_Banner_2-1.png\",\"width\":700,\"height\":527},{\"@type\":\"WebSite\",\"@id\":\"https:\/\/luxon.com\/fr\/#website\",\"url\":\"https:\/\/luxon.com\/fr\/\",\"name\":\"Luxon Pay\",\"description\":\"Instant secure global payments\",\"publisher\":{\"@id\":\"https:\/\/luxon.com\/fr\/#organization\"},\"potentialAction\":[{\"@type\":\"SearchAction\",\"target\":{\"@type\":\"EntryPoint\",\"urlTemplate\":\"https:\/\/luxon.com\/fr\/?s={search_term_string}\"},\"query-input\":{\"@type\":\"PropertyValueSpecification\",\"valueRequired\":true,\"valueName\":\"search_term_string\"}}],\"inLanguage\":\"fr-FR\"},{\"@type\":\"Organization\",\"@id\":\"https:\/\/luxon.com\/fr\/#organization\",\"name\":\"Luxon Pay\",\"url\":\"https:\/\/luxon.com\/fr\/\",\"logo\":{\"@type\":\"ImageObject\",\"inLanguage\":\"fr-FR\",\"@id\":\"https:\/\/luxon.com\/fr\/#\/schema\/logo\/image\/\",\"url\":\"https:\/\/luxon.com\/wp-content\/uploads\/WebsiteImage04.png\",\"contentUrl\":\"https:\/\/luxon.com\/wp-content\/uploads\/WebsiteImage04.png\",\"width\":1200,\"height\":630,\"caption\":\"Luxon Pay\"},\"image\":{\"@id\":\"https:\/\/luxon.com\/fr\/#\/schema\/logo\/image\/\"}}]}<\/script>\n<!-- \/ Yoast SEO plugin. -->","yoast_head_json":{"title":"Gagnez une place pour le Main Event de l'Irish Open! \ud83c\udf9f\ufe0f - Luxon Pay","robots":{"index":"index","follow":"follow","max-snippet":"max-snippet:-1","max-image-preview":"max-image-preview:large","max-video-preview":"max-video-preview:-1"},"canonical":"https:\/\/luxon.com\/fr\/win-a-main-event-seat-at-irish-open\/","og_locale":"fr_FR","og_type":"article","og_title":"Gagnez une place pour le Main Event de l'Irish Open! \ud83c\udf9f\ufe0f - Luxon Pay","og_description":"Faites compter votre buy-in \u00e0 l\u2019Irish Open! Chaque buy-in via Luxon Pay = 1 participation au tirage pour tenter de gagner 1 des 4 seats Main Event Irish Open \u00e0 1150\u20ac. Votre chance de jouer le Main Event gratuitement! Voici comment \u00e7a marche: \u2022 Effectuez un buy-in \u00e0 n&rsquo;importe quel tournoi de l&rsquo;Irish Open avec... Read more &raquo;","og_url":"https:\/\/luxon.com\/fr\/win-a-main-event-seat-at-irish-open\/","og_site_name":"Luxon Pay","article_modified_time":"2026-03-05T08:07:06+00:00","og_image":[{"width":600,"height":400,"url":"https:\/\/luxon.com\/wp-content\/uploads\/Live-Event-Announcement-Promo_header.png","type":"image\/png"}],"twitter_card":"summary_large_image","twitter_misc":{"Dur\u00e9e de lecture estim\u00e9e":"1 minute"},"schema":{"@context":"https:\/\/schema.org","@graph":[{"@type":"WebPage","@id":"https:\/\/luxon.com\/fr\/win-a-main-event-seat-at-irish-open\/","url":"https:\/\/luxon.com\/fr\/win-a-main-event-seat-at-irish-open\/","name":"Gagnez une place pour le Main Event de l'Irish Open! \ud83c\udf9f\ufe0f - Luxon Pay","isPartOf":{"@id":"https:\/\/luxon.com\/fr\/#website"},"primaryImageOfPage":{"@id":"https:\/\/luxon.com\/fr\/win-a-main-event-seat-at-irish-open\/#primaryimage"},"image":{"@id":"https:\/\/luxon.com\/fr\/win-a-main-event-seat-at-irish-open\/#primaryimage"},"thumbnailUrl":"https:\/\/luxon.com\/wp-content\/uploads\/Irish-Open_Banner_2-1.png","datePublished":"2026-03-03T21:47:10+00:00","dateModified":"2026-03-05T08:07:06+00:00","inLanguage":"fr-FR","potentialAction":[{"@type":"ReadAction","target":["https:\/\/luxon.com\/fr\/win-a-main-event-seat-at-irish-open\/"]}]},{"@type":"ImageObject","inLanguage":"fr-FR","@id":"https:\/\/luxon.com\/fr\/win-a-main-event-seat-at-irish-open\/#primaryimage","url":"https:\/\/luxon.com\/wp-content\/uploads\/Irish-Open_Banner_2-1.png","contentUrl":"https:\/\/luxon.com\/wp-content\/uploads\/Irish-Open_Banner_2-1.png","width":700,"height":527},{"@type":"WebSite","@id":"https:\/\/luxon.com\/fr\/#website","url":"https:\/\/luxon.com\/fr\/","name":"Luxon Pay","description":"Instant secure global payments","publisher":{"@id":"https:\/\/luxon.com\/fr\/#organization"},"potentialAction":[{"@type":"SearchAction","target":{"@type":"EntryPoint","urlTemplate":"https:\/\/luxon.com\/fr\/?s={search_term_string}"},"query-input":{"@type":"PropertyValueSpecification","valueRequired":true,"valueName":"search_term_string"}}],"inLanguage":"fr-FR"},{"@type":"Organization","@id":"https:\/\/luxon.com\/fr\/#organization","name":"Luxon Pay","url":"https:\/\/luxon.com\/fr\/","logo":{"@type":"ImageObject","inLanguage":"fr-FR","@id":"https:\/\/luxon.com\/fr\/#\/schema\/logo\/image\/","url":"https:\/\/luxon.com\/wp-content\/uploads\/WebsiteImage04.png","contentUrl":"https:\/\/luxon.com\/wp-content\/uploads\/WebsiteImage04.png","width":1200,"height":630,"caption":"Luxon Pay"},"image":{"@id":"https:\/\/luxon.com\/fr\/#\/schema\/logo\/image\/"}}]}},"_links":{"self":[{"href":"https:\/\/luxon.com\/fr\/wp-json\/wp\/v2\/pages\/33911","targetHints":{"allow":["GET"]}}],"collection":[{"href":"https:\/\/luxon.com\/fr\/wp-json\/wp\/v2\/pages"}],"about":[{"href":"https:\/\/luxon.com\/fr\/wp-json\/wp\/v2\/types\/page"}],"author":[{"embeddable":true,"href":"https:\/\/luxon.com\/fr\/wp-json\/wp\/v2\/users\/5"}],"replies":[{"embeddable":true,"href":"https:\/\/luxon.com\/fr\/wp-json\/wp\/v2\/comments?post=33911"}],"version-history":[{"count":2,"href":"https:\/\/luxon.com\/fr\/wp-json\/wp\/v2\/pages\/33911\/revisions"}],"predecessor-version":[{"id":33913,"href":"https:\/\/luxon.com\/fr\/wp-json\/wp\/v2\/pages\/33911\/revisions\/33913"}],"wp:featuredmedia":[{"embeddable":true,"href":"https:\/\/luxon.com\/fr\/wp-json\/wp\/v2\/media\/34087"}],"wp:attachment":[{"href":"https:\/\/luxon.com\/fr\/wp-json\/wp\/v2\/media?parent=33911"}],"curies":[{"name":"wp","href":"https:\/\/api.w.org\/{rel}","templated":true}]}}