{"id":35747,"date":"2026-05-12T20:55:03","date_gmt":"2026-05-12T20:55:03","guid":{"rendered":"https:\/\/luxon.com\/win-a-10k-wsop-seat\/"},"modified":"2026-05-13T17:57:30","modified_gmt":"2026-05-13T17:57:30","slug":"win-a-10k-wsop-seat","status":"publish","type":"page","link":"https:\/\/luxon.com\/fr\/win-a-10k-wsop-seat\/","title":{"rendered":"Gagnez un si\u00e8ge pour le WSOP Main Event \u00e0 10 000 $"},"content":{"rendered":"<p><span data-sheets-root=\"1\">Faites compter votre buy-in WSOP Vegas!<\/span><\/p>\n<p>Chaque buy-in effectu\u00e9 via Luxon Pay = 1 participation au tirage au sort pour gagner un si\u00e8ge pour le WSOP Main Event \u00e0 10 000 $. Votre chance de jouer le Main Event gratuitement!<\/p>\n<p><strong>Voici comment cela fonctionne:<\/strong><br \/>\n\u2022 Achetez un buy-in pour n\u2019importe quel tournoi WSOP Vegas et payez avec Luxon Pay via l\u2019application WSOP Live<br \/>\n\u2022 Obtenez 1 participation au tirage au sort par buy-in<br \/>\n\u2022 1 si\u00e8ge pour le WSOP Main Event \u00e0 10 000$ \u00e0 gagner<\/p>\n<p><strong>Conditions g\u00e9n\u00e9rales<\/strong><\/p>\n<ul>\n<li><span data-sheets-root=\"1\">Offre valable pour les joueurs qui paient avec Luxon Pay pour n\u2019importe quel tournoi WSOP Vegas via l\u2019application WSOP Live jusqu\u2019au 29 juin<br \/>\n<\/span><\/li>\n<li><span data-sheets-root=\"1\">Un tirage au sort aura lieu le 30 juin &#8211; tous les buy-ins effectu\u00e9s avant cette date seront inclus dans le tirage<br \/>\n<\/span><\/li>\n<li><span data-sheets-root=\"1\">Chaque buy-in valide compte pour une participation au tirage au sort, quel que soit le montant du buy-in<br \/>\n<\/span><\/li>\n<li><span data-sheets-root=\"1\">Si le gagnant ne peut pas participer au WSOP Main Event 2026, un prix d\u2019une valeur \u00e9quivalente sera discut\u00e9<\/span><\/li>\n<\/ul>\n","protected":false},"excerpt":{"rendered":"<p>Faites compter votre buy-in WSOP Vegas! Chaque buy-in effectu\u00e9 via Luxon Pay = 1 participation au tirage au sort pour gagner un si\u00e8ge pour le WSOP Main Event \u00e0 10 000 $. Votre chance de jouer le Main Event gratuitement! Voici comment cela fonctionne: \u2022 Achetez un buy-in pour n\u2019importe quel tournoi WSOP Vegas et<a class=\"excerpt-read-more\" href=\"https:\/\/luxon.com\/fr\/win-a-10k-wsop-seat\/\" title=\"ReadGagnez un si\u00e8ge pour le WSOP Main Event \u00e0 10 000 $\">&#8230; Read more &raquo;<\/a><\/p>\n","protected":false},"author":5,"featured_media":35725,"parent":0,"menu_order":0,"comment_status":"closed","ping_status":"closed","template":"templates\/block-template.php","meta":{"_acf_changed":false,"footnotes":""},"class_list":["post-35747","page","type-page","status-publish","has-post-thumbnail","hentry"],"acf":[],"yoast_head":"<!-- This site is optimized with the Yoast SEO plugin v27.6 - https:\/\/yoast.com\/product\/yoast-seo-wordpress\/ -->\n<title>Gagnez un si\u00e8ge pour le WSOP Main Event \u00e0 10 000 $ - Luxon Pay<\/title>\n<meta name=\"robots\" content=\"index, follow, max-snippet:-1, max-image-preview:large, max-video-preview:-1\" \/>\n<link rel=\"canonical\" href=\"https:\/\/luxon.com\/fr\/win-a-10k-wsop-seat\/\" \/>\n<meta property=\"og:locale\" content=\"fr_FR\" \/>\n<meta property=\"og:type\" content=\"article\" \/>\n<meta property=\"og:title\" content=\"Gagnez un si\u00e8ge pour le WSOP Main Event \u00e0 10 000 $ - Luxon Pay\" \/>\n<meta property=\"og:description\" content=\"Faites compter votre buy-in WSOP Vegas! Chaque buy-in effectu\u00e9 via Luxon Pay = 1 participation au tirage au sort pour gagner un si\u00e8ge pour le WSOP Main Event \u00e0 10 000 $. Votre chance de jouer le Main Event gratuitement! Voici comment cela fonctionne: \u2022 Achetez un buy-in pour n\u2019importe quel tournoi WSOP Vegas et... Read more &raquo;\" \/>\n<meta property=\"og:url\" content=\"https:\/\/luxon.com\/fr\/win-a-10k-wsop-seat\/\" \/>\n<meta property=\"og:site_name\" content=\"Luxon Pay\" \/>\n<meta property=\"article:modified_time\" content=\"2026-05-13T17:57:30+00:00\" \/>\n<meta property=\"og:image\" content=\"https:\/\/luxon.com\/wp-content\/uploads\/EmailBanner_1200x800_1.png\" \/>\n\t<meta property=\"og:image:width\" content=\"600\" \/>\n\t<meta property=\"og:image:height\" content=\"400\" \/>\n\t<meta property=\"og:image:type\" content=\"image\/png\" \/>\n<meta name=\"twitter:card\" content=\"summary_large_image\" \/>\n<meta name=\"twitter:label1\" content=\"Dur\u00e9e de lecture estim\u00e9e\" \/>\n\t<meta name=\"twitter:data1\" content=\"1 minute\" \/>\n<script type=\"application\/ld+json\" class=\"yoast-schema-graph\">{\"@context\":\"https:\\\/\\\/schema.org\",\"@graph\":[{\"@type\":\"WebPage\",\"@id\":\"https:\\\/\\\/luxon.com\\\/fr\\\/win-a-10k-wsop-seat\\\/\",\"url\":\"https:\\\/\\\/luxon.com\\\/fr\\\/win-a-10k-wsop-seat\\\/\",\"name\":\"Gagnez un si\u00e8ge pour le WSOP Main Event \u00e0 10 000 $ - Luxon Pay\",\"isPartOf\":{\"@id\":\"https:\\\/\\\/luxon.com\\\/fr\\\/#website\"},\"primaryImageOfPage\":{\"@id\":\"https:\\\/\\\/luxon.com\\\/fr\\\/win-a-10k-wsop-seat\\\/#primaryimage\"},\"image\":{\"@id\":\"https:\\\/\\\/luxon.com\\\/fr\\\/win-a-10k-wsop-seat\\\/#primaryimage\"},\"thumbnailUrl\":\"https:\\\/\\\/luxon.com\\\/wp-content\\\/uploads\\\/EmailBanner_1200x800_1.png\",\"datePublished\":\"2026-05-12T20:55:03+00:00\",\"dateModified\":\"2026-05-13T17:57:30+00:00\",\"inLanguage\":\"fr-FR\",\"potentialAction\":[{\"@type\":\"ReadAction\",\"target\":[\"https:\\\/\\\/luxon.com\\\/fr\\\/win-a-10k-wsop-seat\\\/\"]}]},{\"@type\":\"ImageObject\",\"inLanguage\":\"fr-FR\",\"@id\":\"https:\\\/\\\/luxon.com\\\/fr\\\/win-a-10k-wsop-seat\\\/#primaryimage\",\"url\":\"https:\\\/\\\/luxon.com\\\/wp-content\\\/uploads\\\/EmailBanner_1200x800_1.png\",\"contentUrl\":\"https:\\\/\\\/luxon.com\\\/wp-content\\\/uploads\\\/EmailBanner_1200x800_1.png\",\"width\":600,\"height\":400},{\"@type\":\"WebSite\",\"@id\":\"https:\\\/\\\/luxon.com\\\/fr\\\/#website\",\"url\":\"https:\\\/\\\/luxon.com\\\/fr\\\/\",\"name\":\"Luxon Pay\",\"description\":\"Instant secure global payments\",\"publisher\":{\"@id\":\"https:\\\/\\\/luxon.com\\\/fr\\\/#organization\"},\"potentialAction\":[{\"@type\":\"SearchAction\",\"target\":{\"@type\":\"EntryPoint\",\"urlTemplate\":\"https:\\\/\\\/luxon.com\\\/fr\\\/?s={search_term_string}\"},\"query-input\":{\"@type\":\"PropertyValueSpecification\",\"valueRequired\":true,\"valueName\":\"search_term_string\"}}],\"inLanguage\":\"fr-FR\"},{\"@type\":\"Organization\",\"@id\":\"https:\\\/\\\/luxon.com\\\/fr\\\/#organization\",\"name\":\"Luxon Pay\",\"url\":\"https:\\\/\\\/luxon.com\\\/fr\\\/\",\"logo\":{\"@type\":\"ImageObject\",\"inLanguage\":\"fr-FR\",\"@id\":\"https:\\\/\\\/luxon.com\\\/fr\\\/#\\\/schema\\\/logo\\\/image\\\/\",\"url\":\"https:\\\/\\\/luxon.com\\\/wp-content\\\/uploads\\\/WebsiteImage04.png\",\"contentUrl\":\"https:\\\/\\\/luxon.com\\\/wp-content\\\/uploads\\\/WebsiteImage04.png\",\"width\":1200,\"height\":630,\"caption\":\"Luxon Pay\"},\"image\":{\"@id\":\"https:\\\/\\\/luxon.com\\\/fr\\\/#\\\/schema\\\/logo\\\/image\\\/\"}}]}<\/script>\n<!-- \/ Yoast SEO plugin. -->","yoast_head_json":{"title":"Gagnez un si\u00e8ge pour le WSOP Main Event \u00e0 10 000 $ - Luxon Pay","robots":{"index":"index","follow":"follow","max-snippet":"max-snippet:-1","max-image-preview":"max-image-preview:large","max-video-preview":"max-video-preview:-1"},"canonical":"https:\/\/luxon.com\/fr\/win-a-10k-wsop-seat\/","og_locale":"fr_FR","og_type":"article","og_title":"Gagnez un si\u00e8ge pour le WSOP Main Event \u00e0 10 000 $ - Luxon Pay","og_description":"Faites compter votre buy-in WSOP Vegas! Chaque buy-in effectu\u00e9 via Luxon Pay = 1 participation au tirage au sort pour gagner un si\u00e8ge pour le WSOP Main Event \u00e0 10 000 $. Votre chance de jouer le Main Event gratuitement! Voici comment cela fonctionne: \u2022 Achetez un buy-in pour n\u2019importe quel tournoi WSOP Vegas et... Read more &raquo;","og_url":"https:\/\/luxon.com\/fr\/win-a-10k-wsop-seat\/","og_site_name":"Luxon Pay","article_modified_time":"2026-05-13T17:57:30+00:00","og_image":[{"width":600,"height":400,"url":"https:\/\/luxon.com\/wp-content\/uploads\/EmailBanner_1200x800_1.png","type":"image\/png"}],"twitter_card":"summary_large_image","twitter_misc":{"Dur\u00e9e de lecture estim\u00e9e":"1 minute"},"schema":{"@context":"https:\/\/schema.org","@graph":[{"@type":"WebPage","@id":"https:\/\/luxon.com\/fr\/win-a-10k-wsop-seat\/","url":"https:\/\/luxon.com\/fr\/win-a-10k-wsop-seat\/","name":"Gagnez un si\u00e8ge pour le WSOP Main Event \u00e0 10 000 $ - Luxon Pay","isPartOf":{"@id":"https:\/\/luxon.com\/fr\/#website"},"primaryImageOfPage":{"@id":"https:\/\/luxon.com\/fr\/win-a-10k-wsop-seat\/#primaryimage"},"image":{"@id":"https:\/\/luxon.com\/fr\/win-a-10k-wsop-seat\/#primaryimage"},"thumbnailUrl":"https:\/\/luxon.com\/wp-content\/uploads\/EmailBanner_1200x800_1.png","datePublished":"2026-05-12T20:55:03+00:00","dateModified":"2026-05-13T17:57:30+00:00","inLanguage":"fr-FR","potentialAction":[{"@type":"ReadAction","target":["https:\/\/luxon.com\/fr\/win-a-10k-wsop-seat\/"]}]},{"@type":"ImageObject","inLanguage":"fr-FR","@id":"https:\/\/luxon.com\/fr\/win-a-10k-wsop-seat\/#primaryimage","url":"https:\/\/luxon.com\/wp-content\/uploads\/EmailBanner_1200x800_1.png","contentUrl":"https:\/\/luxon.com\/wp-content\/uploads\/EmailBanner_1200x800_1.png","width":600,"height":400},{"@type":"WebSite","@id":"https:\/\/luxon.com\/fr\/#website","url":"https:\/\/luxon.com\/fr\/","name":"Luxon Pay","description":"Instant secure global payments","publisher":{"@id":"https:\/\/luxon.com\/fr\/#organization"},"potentialAction":[{"@type":"SearchAction","target":{"@type":"EntryPoint","urlTemplate":"https:\/\/luxon.com\/fr\/?s={search_term_string}"},"query-input":{"@type":"PropertyValueSpecification","valueRequired":true,"valueName":"search_term_string"}}],"inLanguage":"fr-FR"},{"@type":"Organization","@id":"https:\/\/luxon.com\/fr\/#organization","name":"Luxon Pay","url":"https:\/\/luxon.com\/fr\/","logo":{"@type":"ImageObject","inLanguage":"fr-FR","@id":"https:\/\/luxon.com\/fr\/#\/schema\/logo\/image\/","url":"https:\/\/luxon.com\/wp-content\/uploads\/WebsiteImage04.png","contentUrl":"https:\/\/luxon.com\/wp-content\/uploads\/WebsiteImage04.png","width":1200,"height":630,"caption":"Luxon Pay"},"image":{"@id":"https:\/\/luxon.com\/fr\/#\/schema\/logo\/image\/"}}]}},"_links":{"self":[{"href":"https:\/\/luxon.com\/fr\/wp-json\/wp\/v2\/pages\/35747","targetHints":{"allow":["GET"]}}],"collection":[{"href":"https:\/\/luxon.com\/fr\/wp-json\/wp\/v2\/pages"}],"about":[{"href":"https:\/\/luxon.com\/fr\/wp-json\/wp\/v2\/types\/page"}],"author":[{"embeddable":true,"href":"https:\/\/luxon.com\/fr\/wp-json\/wp\/v2\/users\/5"}],"replies":[{"embeddable":true,"href":"https:\/\/luxon.com\/fr\/wp-json\/wp\/v2\/comments?post=35747"}],"version-history":[{"count":3,"href":"https:\/\/luxon.com\/fr\/wp-json\/wp\/v2\/pages\/35747\/revisions"}],"predecessor-version":[{"id":35789,"href":"https:\/\/luxon.com\/fr\/wp-json\/wp\/v2\/pages\/35747\/revisions\/35789"}],"wp:featuredmedia":[{"embeddable":true,"href":"https:\/\/luxon.com\/fr\/wp-json\/wp\/v2\/media\/35725"}],"wp:attachment":[{"href":"https:\/\/luxon.com\/fr\/wp-json\/wp\/v2\/media?parent=35747"}],"curies":[{"name":"wp","href":"https:\/\/api.w.org\/{rel}","templated":true}]}}