{"id":24192,"date":"2022-11-29T12:17:01","date_gmt":"2022-11-29T12:17:01","guid":{"rendered":"https:\/\/luxon.com\/instant-transfers\/"},"modified":"2023-10-05T15:08:16","modified_gmt":"2023-10-05T15:08:16","slug":"instant-transfers","status":"publish","type":"page","link":"https:\/\/luxon.com\/hu\/instant-transfers\/","title":{"rendered":"Azonnali \u00e1tutal\u00e1sok"},"content":{"rendered":"<p>Utaljon \u00e1t p\u00e9nzt m\u00e1s Luxon Pay-felhaszn\u00e1l\u00f3nak b\u00e1rhol a vil\u00e1gon; valamint k\u00fcldj\u00f6n \u00e9s k\u00e9rjen k\u00fcl\u00f6nb\u00f6z\u0151 p\u00e9nznemeket kapcsolattart\u00f3it\u00f3l\/nak.<\/p>\n","protected":false},"excerpt":{"rendered":"<p>Utaljon \u00e1t p\u00e9nzt m\u00e1s Luxon Pay-felhaszn\u00e1l\u00f3nak b\u00e1rhol a vil\u00e1gon; valamint k\u00fcldj\u00f6n \u00e9s k\u00e9rjen k\u00fcl\u00f6nb\u00f6z\u0151 p\u00e9nznemeket kapcsolattart\u00f3it\u00f3l\/nak.<\/p>\n","protected":false},"author":5,"featured_media":23944,"parent":0,"menu_order":0,"comment_status":"closed","ping_status":"closed","template":"templates\/block-template.php","meta":{"_acf_changed":false,"footnotes":""},"class_list":["post-24192","page","type-page","status-publish","has-post-thumbnail","hentry"],"acf":[],"yoast_head":"<!-- This site is optimized with the Yoast SEO plugin v27.1.1 - https:\/\/yoast.com\/product\/yoast-seo-wordpress\/ -->\n<title>Azonnali \u00e1tutal\u00e1sok - Luxon Pay<\/title>\n<meta name=\"robots\" content=\"index, follow, max-snippet:-1, max-image-preview:large, max-video-preview:-1\" \/>\n<link rel=\"canonical\" href=\"https:\/\/luxon.com\/hu\/instant-transfers\/\" \/>\n<meta property=\"og:locale\" content=\"hu_HU\" \/>\n<meta property=\"og:type\" content=\"article\" \/>\n<meta property=\"og:title\" content=\"Azonnali \u00e1tutal\u00e1sok - Luxon Pay\" \/>\n<meta property=\"og:description\" content=\"Utaljon \u00e1t p\u00e9nzt m\u00e1s Luxon Pay-felhaszn\u00e1l\u00f3nak b\u00e1rhol a vil\u00e1gon; valamint k\u00fcldj\u00f6n \u00e9s k\u00e9rjen k\u00fcl\u00f6nb\u00f6z\u0151 p\u00e9nznemeket kapcsolattart\u00f3it\u00f3l\/nak.\" \/>\n<meta property=\"og:url\" content=\"https:\/\/luxon.com\/hu\/instant-transfers\/\" \/>\n<meta property=\"og:site_name\" content=\"Luxon Pay\" \/>\n<meta property=\"article:modified_time\" content=\"2023-10-05T15:08:16+00:00\" \/>\n<meta property=\"og:image\" content=\"https:\/\/luxon.com\/wp-content\/uploads\/Frame-7363.png\" \/>\n\t<meta property=\"og:image:width\" content=\"340\" \/>\n\t<meta property=\"og:image:height\" content=\"558\" \/>\n\t<meta property=\"og:image:type\" content=\"image\/png\" \/>\n<meta name=\"twitter:card\" content=\"summary_large_image\" \/>\n<meta name=\"twitter:label1\" content=\"Becs\u00fclt olvas\u00e1si id\u0151\" \/>\n\t<meta name=\"twitter:data1\" content=\"1 perc\" \/>\n<script type=\"application\/ld+json\" class=\"yoast-schema-graph\">{\"@context\":\"https:\/\/schema.org\",\"@graph\":[{\"@type\":\"WebPage\",\"@id\":\"https:\/\/luxon.com\/hu\/instant-transfers\/\",\"url\":\"https:\/\/luxon.com\/hu\/instant-transfers\/\",\"name\":\"Azonnali \u00e1tutal\u00e1sok - Luxon Pay\",\"isPartOf\":{\"@id\":\"https:\/\/luxon.com\/hu\/#website\"},\"primaryImageOfPage\":{\"@id\":\"https:\/\/luxon.com\/hu\/instant-transfers\/#primaryimage\"},\"image\":{\"@id\":\"https:\/\/luxon.com\/hu\/instant-transfers\/#primaryimage\"},\"thumbnailUrl\":\"https:\/\/luxon.com\/wp-content\/uploads\/Frame-7363.png\",\"datePublished\":\"2022-11-29T12:17:01+00:00\",\"dateModified\":\"2023-10-05T15:08:16+00:00\",\"inLanguage\":\"hu\",\"potentialAction\":[{\"@type\":\"ReadAction\",\"target\":[\"https:\/\/luxon.com\/hu\/instant-transfers\/\"]}]},{\"@type\":\"ImageObject\",\"inLanguage\":\"hu\",\"@id\":\"https:\/\/luxon.com\/hu\/instant-transfers\/#primaryimage\",\"url\":\"https:\/\/luxon.com\/wp-content\/uploads\/Frame-7363.png\",\"contentUrl\":\"https:\/\/luxon.com\/wp-content\/uploads\/Frame-7363.png\",\"width\":340,\"height\":558},{\"@type\":\"WebSite\",\"@id\":\"https:\/\/luxon.com\/hu\/#website\",\"url\":\"https:\/\/luxon.com\/hu\/\",\"name\":\"Luxon Pay\",\"description\":\"Instant secure global payments\",\"publisher\":{\"@id\":\"https:\/\/luxon.com\/hu\/#organization\"},\"potentialAction\":[{\"@type\":\"SearchAction\",\"target\":{\"@type\":\"EntryPoint\",\"urlTemplate\":\"https:\/\/luxon.com\/hu\/?s={search_term_string}\"},\"query-input\":{\"@type\":\"PropertyValueSpecification\",\"valueRequired\":true,\"valueName\":\"search_term_string\"}}],\"inLanguage\":\"hu\"},{\"@type\":\"Organization\",\"@id\":\"https:\/\/luxon.com\/hu\/#organization\",\"name\":\"Luxon Pay\",\"url\":\"https:\/\/luxon.com\/hu\/\",\"logo\":{\"@type\":\"ImageObject\",\"inLanguage\":\"hu\",\"@id\":\"https:\/\/luxon.com\/hu\/#\/schema\/logo\/image\/\",\"url\":\"https:\/\/luxon.com\/wp-content\/uploads\/WebsiteImage04.png\",\"contentUrl\":\"https:\/\/luxon.com\/wp-content\/uploads\/WebsiteImage04.png\",\"width\":1200,\"height\":630,\"caption\":\"Luxon Pay\"},\"image\":{\"@id\":\"https:\/\/luxon.com\/hu\/#\/schema\/logo\/image\/\"}}]}<\/script>\n<!-- \/ Yoast SEO plugin. -->","yoast_head_json":{"title":"Azonnali \u00e1tutal\u00e1sok - Luxon Pay","robots":{"index":"index","follow":"follow","max-snippet":"max-snippet:-1","max-image-preview":"max-image-preview:large","max-video-preview":"max-video-preview:-1"},"canonical":"https:\/\/luxon.com\/hu\/instant-transfers\/","og_locale":"hu_HU","og_type":"article","og_title":"Azonnali \u00e1tutal\u00e1sok - Luxon Pay","og_description":"Utaljon \u00e1t p\u00e9nzt m\u00e1s Luxon Pay-felhaszn\u00e1l\u00f3nak b\u00e1rhol a vil\u00e1gon; valamint k\u00fcldj\u00f6n \u00e9s k\u00e9rjen k\u00fcl\u00f6nb\u00f6z\u0151 p\u00e9nznemeket kapcsolattart\u00f3it\u00f3l\/nak.","og_url":"https:\/\/luxon.com\/hu\/instant-transfers\/","og_site_name":"Luxon Pay","article_modified_time":"2023-10-05T15:08:16+00:00","og_image":[{"width":340,"height":558,"url":"https:\/\/luxon.com\/wp-content\/uploads\/Frame-7363.png","type":"image\/png"}],"twitter_card":"summary_large_image","twitter_misc":{"Becs\u00fclt olvas\u00e1si id\u0151":"1 perc"},"schema":{"@context":"https:\/\/schema.org","@graph":[{"@type":"WebPage","@id":"https:\/\/luxon.com\/hu\/instant-transfers\/","url":"https:\/\/luxon.com\/hu\/instant-transfers\/","name":"Azonnali \u00e1tutal\u00e1sok - Luxon Pay","isPartOf":{"@id":"https:\/\/luxon.com\/hu\/#website"},"primaryImageOfPage":{"@id":"https:\/\/luxon.com\/hu\/instant-transfers\/#primaryimage"},"image":{"@id":"https:\/\/luxon.com\/hu\/instant-transfers\/#primaryimage"},"thumbnailUrl":"https:\/\/luxon.com\/wp-content\/uploads\/Frame-7363.png","datePublished":"2022-11-29T12:17:01+00:00","dateModified":"2023-10-05T15:08:16+00:00","inLanguage":"hu","potentialAction":[{"@type":"ReadAction","target":["https:\/\/luxon.com\/hu\/instant-transfers\/"]}]},{"@type":"ImageObject","inLanguage":"hu","@id":"https:\/\/luxon.com\/hu\/instant-transfers\/#primaryimage","url":"https:\/\/luxon.com\/wp-content\/uploads\/Frame-7363.png","contentUrl":"https:\/\/luxon.com\/wp-content\/uploads\/Frame-7363.png","width":340,"height":558},{"@type":"WebSite","@id":"https:\/\/luxon.com\/hu\/#website","url":"https:\/\/luxon.com\/hu\/","name":"Luxon Pay","description":"Instant secure global payments","publisher":{"@id":"https:\/\/luxon.com\/hu\/#organization"},"potentialAction":[{"@type":"SearchAction","target":{"@type":"EntryPoint","urlTemplate":"https:\/\/luxon.com\/hu\/?s={search_term_string}"},"query-input":{"@type":"PropertyValueSpecification","valueRequired":true,"valueName":"search_term_string"}}],"inLanguage":"hu"},{"@type":"Organization","@id":"https:\/\/luxon.com\/hu\/#organization","name":"Luxon Pay","url":"https:\/\/luxon.com\/hu\/","logo":{"@type":"ImageObject","inLanguage":"hu","@id":"https:\/\/luxon.com\/hu\/#\/schema\/logo\/image\/","url":"https:\/\/luxon.com\/wp-content\/uploads\/WebsiteImage04.png","contentUrl":"https:\/\/luxon.com\/wp-content\/uploads\/WebsiteImage04.png","width":1200,"height":630,"caption":"Luxon Pay"},"image":{"@id":"https:\/\/luxon.com\/hu\/#\/schema\/logo\/image\/"}}]}},"_links":{"self":[{"href":"https:\/\/luxon.com\/hu\/wp-json\/wp\/v2\/pages\/24192","targetHints":{"allow":["GET"]}}],"collection":[{"href":"https:\/\/luxon.com\/hu\/wp-json\/wp\/v2\/pages"}],"about":[{"href":"https:\/\/luxon.com\/hu\/wp-json\/wp\/v2\/types\/page"}],"author":[{"embeddable":true,"href":"https:\/\/luxon.com\/hu\/wp-json\/wp\/v2\/users\/5"}],"replies":[{"embeddable":true,"href":"https:\/\/luxon.com\/hu\/wp-json\/wp\/v2\/comments?post=24192"}],"version-history":[{"count":4,"href":"https:\/\/luxon.com\/hu\/wp-json\/wp\/v2\/pages\/24192\/revisions"}],"predecessor-version":[{"id":24769,"href":"https:\/\/luxon.com\/hu\/wp-json\/wp\/v2\/pages\/24192\/revisions\/24769"}],"wp:featuredmedia":[{"embeddable":true,"href":"https:\/\/luxon.com\/hu\/wp-json\/wp\/v2\/media\/23944"}],"wp:attachment":[{"href":"https:\/\/luxon.com\/hu\/wp-json\/wp\/v2\/media?parent=24192"}],"curies":[{"name":"wp","href":"https:\/\/api.w.org\/{rel}","templated":true}]}}