{"id":24197,"date":"2022-10-04T14:12:28","date_gmt":"2022-10-04T14:12:28","guid":{"rendered":"https:\/\/luxon.com\/security\/"},"modified":"2024-10-22T14:10:44","modified_gmt":"2024-10-22T14:10:44","slug":"security","status":"publish","type":"page","link":"https:\/\/luxon.com\/hu\/security\/","title":{"rendered":"Komolyan vessz\u00fck p\u00e9nzeszk\u00f6zeinek v\u00e9delm\u00e9t"},"content":{"rendered":"<p>A p\u00e9nze biztos kezekben van. Szem\u00e9lyre szabhatja biztons\u00e1gi be\u00e1ll\u00edt\u00e1sait a be\u00e9p\u00edtett 2-l\u00e9p\u00e9ses enged\u00e9lyez\u00e9ssel. Minden adat titkos\u00edtva van, \u00e9s 24 \u00f3r\u00e1s \u00fcgyf\u00e9lszolg\u00e1lati csapatunk azonnal seg\u00edt \u00f6nnek.<\/p>\n","protected":false},"excerpt":{"rendered":"<p>A p\u00e9nze biztos kezekben van. Szem\u00e9lyre szabhatja biztons\u00e1gi be\u00e1ll\u00edt\u00e1sait a be\u00e9p\u00edtett 2-l\u00e9p\u00e9ses enged\u00e9lyez\u00e9ssel. Minden adat titkos\u00edtva van, \u00e9s 24 \u00f3r\u00e1s \u00fcgyf\u00e9lszolg\u00e1lati csapatunk azonnal seg\u00edt \u00f6nnek.<\/p>\n","protected":false},"author":3,"featured_media":23946,"parent":0,"menu_order":0,"comment_status":"closed","ping_status":"closed","template":"templates\/block-template.php","meta":{"_acf_changed":false,"footnotes":""},"class_list":["post-24197","page","type-page","status-publish","has-post-thumbnail","hentry"],"acf":[],"yoast_head":"<!-- This site is optimized with the Yoast SEO plugin v27.4 - https:\/\/yoast.com\/product\/yoast-seo-wordpress\/ -->\n<title>Komolyan vessz\u00fck p\u00e9nzeszk\u00f6zeinek v\u00e9delm\u00e9t - Luxon Pay<\/title>\n<meta name=\"robots\" content=\"index, follow, max-snippet:-1, max-image-preview:large, max-video-preview:-1\" \/>\n<link rel=\"canonical\" href=\"https:\/\/luxon.com\/hu\/security\/\" \/>\n<meta property=\"og:locale\" content=\"hu_HU\" \/>\n<meta property=\"og:type\" content=\"article\" \/>\n<meta property=\"og:title\" content=\"Komolyan vessz\u00fck p\u00e9nzeszk\u00f6zeinek v\u00e9delm\u00e9t - Luxon Pay\" \/>\n<meta property=\"og:description\" content=\"A p\u00e9nze biztos kezekben van. Szem\u00e9lyre szabhatja biztons\u00e1gi be\u00e1ll\u00edt\u00e1sait a be\u00e9p\u00edtett 2-l\u00e9p\u00e9ses enged\u00e9lyez\u00e9ssel. Minden adat titkos\u00edtva van, \u00e9s 24 \u00f3r\u00e1s \u00fcgyf\u00e9lszolg\u00e1lati csapatunk azonnal seg\u00edt \u00f6nnek.\" \/>\n<meta property=\"og:url\" content=\"https:\/\/luxon.com\/hu\/security\/\" \/>\n<meta property=\"og:site_name\" content=\"Luxon Pay\" \/>\n<meta property=\"article:modified_time\" content=\"2024-10-22T14:10:44+00:00\" \/>\n<meta property=\"og:image\" content=\"https:\/\/luxon.com\/wp-content\/uploads\/Security-1.png\" \/>\n\t<meta property=\"og:image:width\" content=\"370\" \/>\n\t<meta property=\"og:image:height\" content=\"466\" \/>\n\t<meta property=\"og:image:type\" content=\"image\/png\" \/>\n<meta name=\"twitter:card\" content=\"summary_large_image\" \/>\n<meta name=\"twitter:label1\" content=\"Becs\u00fclt olvas\u00e1si id\u0151\" \/>\n\t<meta name=\"twitter:data1\" content=\"1 perc\" \/>\n<script type=\"application\/ld+json\" class=\"yoast-schema-graph\">{\"@context\":\"https:\\\/\\\/schema.org\",\"@graph\":[{\"@type\":\"WebPage\",\"@id\":\"https:\\\/\\\/luxon.com\\\/hu\\\/security\\\/\",\"url\":\"https:\\\/\\\/luxon.com\\\/hu\\\/security\\\/\",\"name\":\"Komolyan vessz\u00fck p\u00e9nzeszk\u00f6zeinek v\u00e9delm\u00e9t - Luxon Pay\",\"isPartOf\":{\"@id\":\"https:\\\/\\\/luxon.com\\\/hu\\\/#website\"},\"primaryImageOfPage\":{\"@id\":\"https:\\\/\\\/luxon.com\\\/hu\\\/security\\\/#primaryimage\"},\"image\":{\"@id\":\"https:\\\/\\\/luxon.com\\\/hu\\\/security\\\/#primaryimage\"},\"thumbnailUrl\":\"https:\\\/\\\/luxon.com\\\/wp-content\\\/uploads\\\/Security-1.png\",\"datePublished\":\"2022-10-04T14:12:28+00:00\",\"dateModified\":\"2024-10-22T14:10:44+00:00\",\"inLanguage\":\"hu\",\"potentialAction\":[{\"@type\":\"ReadAction\",\"target\":[\"https:\\\/\\\/luxon.com\\\/hu\\\/security\\\/\"]}]},{\"@type\":\"ImageObject\",\"inLanguage\":\"hu\",\"@id\":\"https:\\\/\\\/luxon.com\\\/hu\\\/security\\\/#primaryimage\",\"url\":\"https:\\\/\\\/luxon.com\\\/wp-content\\\/uploads\\\/Security-1.png\",\"contentUrl\":\"https:\\\/\\\/luxon.com\\\/wp-content\\\/uploads\\\/Security-1.png\",\"width\":370,\"height\":466},{\"@type\":\"WebSite\",\"@id\":\"https:\\\/\\\/luxon.com\\\/hu\\\/#website\",\"url\":\"https:\\\/\\\/luxon.com\\\/hu\\\/\",\"name\":\"Luxon Pay\",\"description\":\"Instant secure global payments\",\"publisher\":{\"@id\":\"https:\\\/\\\/luxon.com\\\/hu\\\/#organization\"},\"potentialAction\":[{\"@type\":\"SearchAction\",\"target\":{\"@type\":\"EntryPoint\",\"urlTemplate\":\"https:\\\/\\\/luxon.com\\\/hu\\\/?s={search_term_string}\"},\"query-input\":{\"@type\":\"PropertyValueSpecification\",\"valueRequired\":true,\"valueName\":\"search_term_string\"}}],\"inLanguage\":\"hu\"},{\"@type\":\"Organization\",\"@id\":\"https:\\\/\\\/luxon.com\\\/hu\\\/#organization\",\"name\":\"Luxon Pay\",\"url\":\"https:\\\/\\\/luxon.com\\\/hu\\\/\",\"logo\":{\"@type\":\"ImageObject\",\"inLanguage\":\"hu\",\"@id\":\"https:\\\/\\\/luxon.com\\\/hu\\\/#\\\/schema\\\/logo\\\/image\\\/\",\"url\":\"https:\\\/\\\/luxon.com\\\/wp-content\\\/uploads\\\/WebsiteImage04.png\",\"contentUrl\":\"https:\\\/\\\/luxon.com\\\/wp-content\\\/uploads\\\/WebsiteImage04.png\",\"width\":1200,\"height\":630,\"caption\":\"Luxon Pay\"},\"image\":{\"@id\":\"https:\\\/\\\/luxon.com\\\/hu\\\/#\\\/schema\\\/logo\\\/image\\\/\"}}]}<\/script>\n<!-- \/ Yoast SEO plugin. -->","yoast_head_json":{"title":"Komolyan vessz\u00fck p\u00e9nzeszk\u00f6zeinek v\u00e9delm\u00e9t - Luxon Pay","robots":{"index":"index","follow":"follow","max-snippet":"max-snippet:-1","max-image-preview":"max-image-preview:large","max-video-preview":"max-video-preview:-1"},"canonical":"https:\/\/luxon.com\/hu\/security\/","og_locale":"hu_HU","og_type":"article","og_title":"Komolyan vessz\u00fck p\u00e9nzeszk\u00f6zeinek v\u00e9delm\u00e9t - Luxon Pay","og_description":"A p\u00e9nze biztos kezekben van. Szem\u00e9lyre szabhatja biztons\u00e1gi be\u00e1ll\u00edt\u00e1sait a be\u00e9p\u00edtett 2-l\u00e9p\u00e9ses enged\u00e9lyez\u00e9ssel. Minden adat titkos\u00edtva van, \u00e9s 24 \u00f3r\u00e1s \u00fcgyf\u00e9lszolg\u00e1lati csapatunk azonnal seg\u00edt \u00f6nnek.","og_url":"https:\/\/luxon.com\/hu\/security\/","og_site_name":"Luxon Pay","article_modified_time":"2024-10-22T14:10:44+00:00","og_image":[{"width":370,"height":466,"url":"https:\/\/luxon.com\/wp-content\/uploads\/Security-1.png","type":"image\/png"}],"twitter_card":"summary_large_image","twitter_misc":{"Becs\u00fclt olvas\u00e1si id\u0151":"1 perc"},"schema":{"@context":"https:\/\/schema.org","@graph":[{"@type":"WebPage","@id":"https:\/\/luxon.com\/hu\/security\/","url":"https:\/\/luxon.com\/hu\/security\/","name":"Komolyan vessz\u00fck p\u00e9nzeszk\u00f6zeinek v\u00e9delm\u00e9t - Luxon Pay","isPartOf":{"@id":"https:\/\/luxon.com\/hu\/#website"},"primaryImageOfPage":{"@id":"https:\/\/luxon.com\/hu\/security\/#primaryimage"},"image":{"@id":"https:\/\/luxon.com\/hu\/security\/#primaryimage"},"thumbnailUrl":"https:\/\/luxon.com\/wp-content\/uploads\/Security-1.png","datePublished":"2022-10-04T14:12:28+00:00","dateModified":"2024-10-22T14:10:44+00:00","inLanguage":"hu","potentialAction":[{"@type":"ReadAction","target":["https:\/\/luxon.com\/hu\/security\/"]}]},{"@type":"ImageObject","inLanguage":"hu","@id":"https:\/\/luxon.com\/hu\/security\/#primaryimage","url":"https:\/\/luxon.com\/wp-content\/uploads\/Security-1.png","contentUrl":"https:\/\/luxon.com\/wp-content\/uploads\/Security-1.png","width":370,"height":466},{"@type":"WebSite","@id":"https:\/\/luxon.com\/hu\/#website","url":"https:\/\/luxon.com\/hu\/","name":"Luxon Pay","description":"Instant secure global payments","publisher":{"@id":"https:\/\/luxon.com\/hu\/#organization"},"potentialAction":[{"@type":"SearchAction","target":{"@type":"EntryPoint","urlTemplate":"https:\/\/luxon.com\/hu\/?s={search_term_string}"},"query-input":{"@type":"PropertyValueSpecification","valueRequired":true,"valueName":"search_term_string"}}],"inLanguage":"hu"},{"@type":"Organization","@id":"https:\/\/luxon.com\/hu\/#organization","name":"Luxon Pay","url":"https:\/\/luxon.com\/hu\/","logo":{"@type":"ImageObject","inLanguage":"hu","@id":"https:\/\/luxon.com\/hu\/#\/schema\/logo\/image\/","url":"https:\/\/luxon.com\/wp-content\/uploads\/WebsiteImage04.png","contentUrl":"https:\/\/luxon.com\/wp-content\/uploads\/WebsiteImage04.png","width":1200,"height":630,"caption":"Luxon Pay"},"image":{"@id":"https:\/\/luxon.com\/hu\/#\/schema\/logo\/image\/"}}]}},"_links":{"self":[{"href":"https:\/\/luxon.com\/hu\/wp-json\/wp\/v2\/pages\/24197","targetHints":{"allow":["GET"]}}],"collection":[{"href":"https:\/\/luxon.com\/hu\/wp-json\/wp\/v2\/pages"}],"about":[{"href":"https:\/\/luxon.com\/hu\/wp-json\/wp\/v2\/types\/page"}],"author":[{"embeddable":true,"href":"https:\/\/luxon.com\/hu\/wp-json\/wp\/v2\/users\/3"}],"replies":[{"embeddable":true,"href":"https:\/\/luxon.com\/hu\/wp-json\/wp\/v2\/comments?post=24197"}],"version-history":[{"count":7,"href":"https:\/\/luxon.com\/hu\/wp-json\/wp\/v2\/pages\/24197\/revisions"}],"predecessor-version":[{"id":27481,"href":"https:\/\/luxon.com\/hu\/wp-json\/wp\/v2\/pages\/24197\/revisions\/27481"}],"wp:featuredmedia":[{"embeddable":true,"href":"https:\/\/luxon.com\/hu\/wp-json\/wp\/v2\/media\/23946"}],"wp:attachment":[{"href":"https:\/\/luxon.com\/hu\/wp-json\/wp\/v2\/media?parent=24197"}],"curies":[{"name":"wp","href":"https:\/\/api.w.org\/{rel}","templated":true}]}}