{"id":25769,"date":"2022-08-30T07:59:42","date_gmt":"2022-08-30T07:59:42","guid":{"rendered":"https:\/\/luxon.com\/cards\/"},"modified":"2025-12-16T12:57:54","modified_gmt":"2025-12-16T12:57:54","slug":"cards","status":"publish","type":"page","link":"https:\/\/luxon.com\/hu\/cards\/","title":{"rendered":"K\u00f6lts\u00f6n Luxon Pay Mastercard k\u00e1rty\u00e1j\u00e1val"},"content":{"rendered":"<p>L\u00e1sson vil\u00e1got \u00e9s jusson el messzebbre az \u00faj Luxon Pay Mastercard k\u00e1rty\u00e1j\u00e1val. Fizessen online \u00e9s \u00e9rint\u00e9smentesen, \u00e9s vegyen ki k\u00e9szp\u00e9nzt ingyenesen bankaut\u00f3mat\u00e1b\u00f3l otthon vagy k\u00fclf\u00f6ld\u00f6n.<\/p>\n","protected":false},"excerpt":{"rendered":"<p>L\u00e1sson vil\u00e1got \u00e9s jusson el messzebbre az \u00faj Luxon Pay Mastercard k\u00e1rty\u00e1j\u00e1val. Fizessen online \u00e9s \u00e9rint\u00e9smentesen, \u00e9s vegyen ki k\u00e9szp\u00e9nzt ingyenesen bankaut\u00f3mat\u00e1b\u00f3l otthon vagy k\u00fclf\u00f6ld\u00f6n.<\/p>\n","protected":false},"author":2,"featured_media":23859,"parent":0,"menu_order":0,"comment_status":"closed","ping_status":"closed","template":"templates\/block-template.php","meta":{"_acf_changed":false,"footnotes":""},"class_list":["post-25769","page","type-page","status-publish","has-post-thumbnail","hentry"],"acf":[],"yoast_head":"<!-- This site is optimized with the Yoast SEO plugin v27.4 - https:\/\/yoast.com\/product\/yoast-seo-wordpress\/ -->\n<title>K\u00f6lts\u00f6n Luxon Pay Mastercard k\u00e1rty\u00e1j\u00e1val - Luxon Pay<\/title>\n<meta name=\"robots\" content=\"index, follow, max-snippet:-1, max-image-preview:large, max-video-preview:-1\" \/>\n<link rel=\"canonical\" href=\"https:\/\/luxon.com\/hu\/cards\/\" \/>\n<meta property=\"og:locale\" content=\"hu_HU\" \/>\n<meta property=\"og:type\" content=\"article\" \/>\n<meta property=\"og:title\" content=\"K\u00f6lts\u00f6n Luxon Pay Mastercard k\u00e1rty\u00e1j\u00e1val - Luxon Pay\" \/>\n<meta property=\"og:description\" content=\"L\u00e1sson vil\u00e1got \u00e9s jusson el messzebbre az \u00faj Luxon Pay Mastercard k\u00e1rty\u00e1j\u00e1val. Fizessen online \u00e9s \u00e9rint\u00e9smentesen, \u00e9s vegyen ki k\u00e9szp\u00e9nzt ingyenesen bankaut\u00f3mat\u00e1b\u00f3l otthon vagy k\u00fclf\u00f6ld\u00f6n.\" \/>\n<meta property=\"og:url\" content=\"https:\/\/luxon.com\/hu\/cards\/\" \/>\n<meta property=\"og:site_name\" content=\"Luxon Pay\" \/>\n<meta property=\"article:modified_time\" content=\"2025-12-16T12:57:54+00:00\" \/>\n<meta property=\"og:image\" content=\"https:\/\/luxon.com\/wp-content\/uploads\/Hero-Image@3x.png\" \/>\n\t<meta property=\"og:image:width\" content=\"1652\" \/>\n\t<meta property=\"og:image:height\" content=\"1727\" \/>\n\t<meta property=\"og:image:type\" content=\"image\/png\" \/>\n<meta name=\"twitter:card\" content=\"summary_large_image\" \/>\n<meta name=\"twitter:label1\" content=\"Becs\u00fclt olvas\u00e1si id\u0151\" \/>\n\t<meta name=\"twitter:data1\" content=\"1 perc\" \/>\n<script type=\"application\/ld+json\" class=\"yoast-schema-graph\">{\"@context\":\"https:\\\/\\\/schema.org\",\"@graph\":[{\"@type\":\"WebPage\",\"@id\":\"https:\\\/\\\/luxon.com\\\/hu\\\/cards\\\/\",\"url\":\"https:\\\/\\\/luxon.com\\\/hu\\\/cards\\\/\",\"name\":\"K\u00f6lts\u00f6n Luxon Pay Mastercard k\u00e1rty\u00e1j\u00e1val - Luxon Pay\",\"isPartOf\":{\"@id\":\"https:\\\/\\\/luxon.com\\\/hu\\\/#website\"},\"primaryImageOfPage\":{\"@id\":\"https:\\\/\\\/luxon.com\\\/hu\\\/cards\\\/#primaryimage\"},\"image\":{\"@id\":\"https:\\\/\\\/luxon.com\\\/hu\\\/cards\\\/#primaryimage\"},\"thumbnailUrl\":\"https:\\\/\\\/luxon.com\\\/wp-content\\\/uploads\\\/Hero-Image@3x.png\",\"datePublished\":\"2022-08-30T07:59:42+00:00\",\"dateModified\":\"2025-12-16T12:57:54+00:00\",\"inLanguage\":\"hu\",\"potentialAction\":[{\"@type\":\"ReadAction\",\"target\":[\"https:\\\/\\\/luxon.com\\\/hu\\\/cards\\\/\"]}]},{\"@type\":\"ImageObject\",\"inLanguage\":\"hu\",\"@id\":\"https:\\\/\\\/luxon.com\\\/hu\\\/cards\\\/#primaryimage\",\"url\":\"https:\\\/\\\/luxon.com\\\/wp-content\\\/uploads\\\/Hero-Image@3x.png\",\"contentUrl\":\"https:\\\/\\\/luxon.com\\\/wp-content\\\/uploads\\\/Hero-Image@3x.png\",\"width\":1652,\"height\":1727},{\"@type\":\"WebSite\",\"@id\":\"https:\\\/\\\/luxon.com\\\/hu\\\/#website\",\"url\":\"https:\\\/\\\/luxon.com\\\/hu\\\/\",\"name\":\"Luxon Pay\",\"description\":\"Instant secure global payments\",\"publisher\":{\"@id\":\"https:\\\/\\\/luxon.com\\\/hu\\\/#organization\"},\"potentialAction\":[{\"@type\":\"SearchAction\",\"target\":{\"@type\":\"EntryPoint\",\"urlTemplate\":\"https:\\\/\\\/luxon.com\\\/hu\\\/?s={search_term_string}\"},\"query-input\":{\"@type\":\"PropertyValueSpecification\",\"valueRequired\":true,\"valueName\":\"search_term_string\"}}],\"inLanguage\":\"hu\"},{\"@type\":\"Organization\",\"@id\":\"https:\\\/\\\/luxon.com\\\/hu\\\/#organization\",\"name\":\"Luxon Pay\",\"url\":\"https:\\\/\\\/luxon.com\\\/hu\\\/\",\"logo\":{\"@type\":\"ImageObject\",\"inLanguage\":\"hu\",\"@id\":\"https:\\\/\\\/luxon.com\\\/hu\\\/#\\\/schema\\\/logo\\\/image\\\/\",\"url\":\"https:\\\/\\\/luxon.com\\\/wp-content\\\/uploads\\\/WebsiteImage04.png\",\"contentUrl\":\"https:\\\/\\\/luxon.com\\\/wp-content\\\/uploads\\\/WebsiteImage04.png\",\"width\":1200,\"height\":630,\"caption\":\"Luxon Pay\"},\"image\":{\"@id\":\"https:\\\/\\\/luxon.com\\\/hu\\\/#\\\/schema\\\/logo\\\/image\\\/\"}}]}<\/script>\n<!-- \/ Yoast SEO plugin. -->","yoast_head_json":{"title":"K\u00f6lts\u00f6n Luxon Pay Mastercard k\u00e1rty\u00e1j\u00e1val - Luxon Pay","robots":{"index":"index","follow":"follow","max-snippet":"max-snippet:-1","max-image-preview":"max-image-preview:large","max-video-preview":"max-video-preview:-1"},"canonical":"https:\/\/luxon.com\/hu\/cards\/","og_locale":"hu_HU","og_type":"article","og_title":"K\u00f6lts\u00f6n Luxon Pay Mastercard k\u00e1rty\u00e1j\u00e1val - Luxon Pay","og_description":"L\u00e1sson vil\u00e1got \u00e9s jusson el messzebbre az \u00faj Luxon Pay Mastercard k\u00e1rty\u00e1j\u00e1val. Fizessen online \u00e9s \u00e9rint\u00e9smentesen, \u00e9s vegyen ki k\u00e9szp\u00e9nzt ingyenesen bankaut\u00f3mat\u00e1b\u00f3l otthon vagy k\u00fclf\u00f6ld\u00f6n.","og_url":"https:\/\/luxon.com\/hu\/cards\/","og_site_name":"Luxon Pay","article_modified_time":"2025-12-16T12:57:54+00:00","og_image":[{"width":1652,"height":1727,"url":"https:\/\/luxon.com\/wp-content\/uploads\/Hero-Image@3x.png","type":"image\/png"}],"twitter_card":"summary_large_image","twitter_misc":{"Becs\u00fclt olvas\u00e1si id\u0151":"1 perc"},"schema":{"@context":"https:\/\/schema.org","@graph":[{"@type":"WebPage","@id":"https:\/\/luxon.com\/hu\/cards\/","url":"https:\/\/luxon.com\/hu\/cards\/","name":"K\u00f6lts\u00f6n Luxon Pay Mastercard k\u00e1rty\u00e1j\u00e1val - Luxon Pay","isPartOf":{"@id":"https:\/\/luxon.com\/hu\/#website"},"primaryImageOfPage":{"@id":"https:\/\/luxon.com\/hu\/cards\/#primaryimage"},"image":{"@id":"https:\/\/luxon.com\/hu\/cards\/#primaryimage"},"thumbnailUrl":"https:\/\/luxon.com\/wp-content\/uploads\/Hero-Image@3x.png","datePublished":"2022-08-30T07:59:42+00:00","dateModified":"2025-12-16T12:57:54+00:00","inLanguage":"hu","potentialAction":[{"@type":"ReadAction","target":["https:\/\/luxon.com\/hu\/cards\/"]}]},{"@type":"ImageObject","inLanguage":"hu","@id":"https:\/\/luxon.com\/hu\/cards\/#primaryimage","url":"https:\/\/luxon.com\/wp-content\/uploads\/Hero-Image@3x.png","contentUrl":"https:\/\/luxon.com\/wp-content\/uploads\/Hero-Image@3x.png","width":1652,"height":1727},{"@type":"WebSite","@id":"https:\/\/luxon.com\/hu\/#website","url":"https:\/\/luxon.com\/hu\/","name":"Luxon Pay","description":"Instant secure global payments","publisher":{"@id":"https:\/\/luxon.com\/hu\/#organization"},"potentialAction":[{"@type":"SearchAction","target":{"@type":"EntryPoint","urlTemplate":"https:\/\/luxon.com\/hu\/?s={search_term_string}"},"query-input":{"@type":"PropertyValueSpecification","valueRequired":true,"valueName":"search_term_string"}}],"inLanguage":"hu"},{"@type":"Organization","@id":"https:\/\/luxon.com\/hu\/#organization","name":"Luxon Pay","url":"https:\/\/luxon.com\/hu\/","logo":{"@type":"ImageObject","inLanguage":"hu","@id":"https:\/\/luxon.com\/hu\/#\/schema\/logo\/image\/","url":"https:\/\/luxon.com\/wp-content\/uploads\/WebsiteImage04.png","contentUrl":"https:\/\/luxon.com\/wp-content\/uploads\/WebsiteImage04.png","width":1200,"height":630,"caption":"Luxon Pay"},"image":{"@id":"https:\/\/luxon.com\/hu\/#\/schema\/logo\/image\/"}}]}},"_links":{"self":[{"href":"https:\/\/luxon.com\/hu\/wp-json\/wp\/v2\/pages\/25769","targetHints":{"allow":["GET"]}}],"collection":[{"href":"https:\/\/luxon.com\/hu\/wp-json\/wp\/v2\/pages"}],"about":[{"href":"https:\/\/luxon.com\/hu\/wp-json\/wp\/v2\/types\/page"}],"author":[{"embeddable":true,"href":"https:\/\/luxon.com\/hu\/wp-json\/wp\/v2\/users\/2"}],"replies":[{"embeddable":true,"href":"https:\/\/luxon.com\/hu\/wp-json\/wp\/v2\/comments?post=25769"}],"version-history":[{"count":11,"href":"https:\/\/luxon.com\/hu\/wp-json\/wp\/v2\/pages\/25769\/revisions"}],"predecessor-version":[{"id":33111,"href":"https:\/\/luxon.com\/hu\/wp-json\/wp\/v2\/pages\/25769\/revisions\/33111"}],"wp:featuredmedia":[{"embeddable":true,"href":"https:\/\/luxon.com\/hu\/wp-json\/wp\/v2\/media\/23859"}],"wp:attachment":[{"href":"https:\/\/luxon.com\/hu\/wp-json\/wp\/v2\/media?parent=25769"}],"curies":[{"name":"wp","href":"https:\/\/api.w.org\/{rel}","templated":true}]}}