{"id":25937,"date":"2023-09-18T11:33:46","date_gmt":"2023-09-18T11:33:46","guid":{"rendered":"https:\/\/luxon.com\/business\/"},"modified":"2025-01-30T22:12:32","modified_gmt":"2025-01-30T22:12:32","slug":"business-24","status":"publish","type":"page","link":"https:\/\/luxon.com\/hu\/business-24\/","title":{"rendered":"Biztons\u00e1gos online fizet\u00e9s a v\u00e1llalkoz\u00e1sa sz\u00e1m\u00e1ra"},"content":{"rendered":"<p>A Luxon Pay fejlett fizet\u00e9si megold\u00e1sokat k\u00edn\u00e1l minden \u00fczleti ig\u00e9ny\u00e9nek kiel\u00e9g\u00edt\u00e9s\u00e9re. N\u00f6vekedjen t\u00f6bb piacra, szerezzen \u00faj \u00fcgyfeleket \u00e9s k\u00edn\u00e1ljon tov\u00e1bbi fizet\u00e9si m\u00f3dokat v\u00e9gpontok k\u00f6z\u00f6tti platformunkkal.<\/p>\n","protected":false},"excerpt":{"rendered":"<p>A Luxon Pay fejlett fizet\u00e9si megold\u00e1sokat k\u00edn\u00e1l minden \u00fczleti ig\u00e9ny\u00e9nek kiel\u00e9g\u00edt\u00e9s\u00e9re. N\u00f6vekedjen t\u00f6bb piacra, szerezzen \u00faj \u00fcgyfeleket \u00e9s k\u00edn\u00e1ljon tov\u00e1bbi fizet\u00e9si m\u00f3dokat v\u00e9gpontok k\u00f6z\u00f6tti platformunkkal.<\/p>\n","protected":false},"author":2,"featured_media":24517,"parent":0,"menu_order":0,"comment_status":"closed","ping_status":"closed","template":"templates\/block-template.php","meta":{"_acf_changed":false,"footnotes":""},"class_list":["post-25937","page","type-page","status-publish","has-post-thumbnail","hentry"],"acf":[],"yoast_head":"<!-- This site is optimized with the Yoast SEO plugin v27.4 - https:\/\/yoast.com\/product\/yoast-seo-wordpress\/ -->\n<title>Biztons\u00e1gos online fizet\u00e9s a v\u00e1llalkoz\u00e1sa sz\u00e1m\u00e1ra - Luxon Pay<\/title>\n<meta name=\"robots\" content=\"index, follow, max-snippet:-1, max-image-preview:large, max-video-preview:-1\" \/>\n<link rel=\"canonical\" href=\"https:\/\/luxon.com\/hu\/business-24\/\" \/>\n<meta property=\"og:locale\" content=\"hu_HU\" \/>\n<meta property=\"og:type\" content=\"article\" \/>\n<meta property=\"og:title\" content=\"Biztons\u00e1gos online fizet\u00e9s a v\u00e1llalkoz\u00e1sa sz\u00e1m\u00e1ra - Luxon Pay\" \/>\n<meta property=\"og:description\" content=\"A Luxon Pay fejlett fizet\u00e9si megold\u00e1sokat k\u00edn\u00e1l minden \u00fczleti ig\u00e9ny\u00e9nek kiel\u00e9g\u00edt\u00e9s\u00e9re. N\u00f6vekedjen t\u00f6bb piacra, szerezzen \u00faj \u00fcgyfeleket \u00e9s k\u00edn\u00e1ljon tov\u00e1bbi fizet\u00e9si m\u00f3dokat v\u00e9gpontok k\u00f6z\u00f6tti platformunkkal.\" \/>\n<meta property=\"og:url\" content=\"https:\/\/luxon.com\/hu\/business-24\/\" \/>\n<meta property=\"og:site_name\" content=\"Luxon Pay\" \/>\n<meta property=\"article:modified_time\" content=\"2025-01-30T22:12:32+00:00\" \/>\n<meta property=\"og:image\" content=\"https:\/\/luxon.com\/wp-content\/uploads\/Frame-7055-3.png\" \/>\n\t<meta property=\"og:image:width\" content=\"425\" \/>\n\t<meta property=\"og:image:height\" content=\"860\" \/>\n\t<meta property=\"og:image:type\" content=\"image\/png\" \/>\n<meta name=\"twitter:card\" content=\"summary_large_image\" \/>\n<meta name=\"twitter:label1\" content=\"Becs\u00fclt olvas\u00e1si id\u0151\" \/>\n\t<meta name=\"twitter:data1\" content=\"1 perc\" \/>\n<script type=\"application\/ld+json\" class=\"yoast-schema-graph\">{\"@context\":\"https:\\\/\\\/schema.org\",\"@graph\":[{\"@type\":\"WebPage\",\"@id\":\"https:\\\/\\\/luxon.com\\\/hu\\\/business-24\\\/\",\"url\":\"https:\\\/\\\/luxon.com\\\/hu\\\/business-24\\\/\",\"name\":\"Biztons\u00e1gos online fizet\u00e9s a v\u00e1llalkoz\u00e1sa sz\u00e1m\u00e1ra - Luxon Pay\",\"isPartOf\":{\"@id\":\"https:\\\/\\\/luxon.com\\\/hu\\\/#website\"},\"primaryImageOfPage\":{\"@id\":\"https:\\\/\\\/luxon.com\\\/hu\\\/business-24\\\/#primaryimage\"},\"image\":{\"@id\":\"https:\\\/\\\/luxon.com\\\/hu\\\/business-24\\\/#primaryimage\"},\"thumbnailUrl\":\"https:\\\/\\\/luxon.com\\\/wp-content\\\/uploads\\\/Frame-7055-3.png\",\"datePublished\":\"2023-09-18T11:33:46+00:00\",\"dateModified\":\"2025-01-30T22:12:32+00:00\",\"inLanguage\":\"hu\",\"potentialAction\":[{\"@type\":\"ReadAction\",\"target\":[\"https:\\\/\\\/luxon.com\\\/hu\\\/business-24\\\/\"]}]},{\"@type\":\"ImageObject\",\"inLanguage\":\"hu\",\"@id\":\"https:\\\/\\\/luxon.com\\\/hu\\\/business-24\\\/#primaryimage\",\"url\":\"https:\\\/\\\/luxon.com\\\/wp-content\\\/uploads\\\/Frame-7055-3.png\",\"contentUrl\":\"https:\\\/\\\/luxon.com\\\/wp-content\\\/uploads\\\/Frame-7055-3.png\",\"width\":425,\"height\":860},{\"@type\":\"WebSite\",\"@id\":\"https:\\\/\\\/luxon.com\\\/hu\\\/#website\",\"url\":\"https:\\\/\\\/luxon.com\\\/hu\\\/\",\"name\":\"Luxon Pay\",\"description\":\"Instant secure global payments\",\"publisher\":{\"@id\":\"https:\\\/\\\/luxon.com\\\/hu\\\/#organization\"},\"potentialAction\":[{\"@type\":\"SearchAction\",\"target\":{\"@type\":\"EntryPoint\",\"urlTemplate\":\"https:\\\/\\\/luxon.com\\\/hu\\\/?s={search_term_string}\"},\"query-input\":{\"@type\":\"PropertyValueSpecification\",\"valueRequired\":true,\"valueName\":\"search_term_string\"}}],\"inLanguage\":\"hu\"},{\"@type\":\"Organization\",\"@id\":\"https:\\\/\\\/luxon.com\\\/hu\\\/#organization\",\"name\":\"Luxon Pay\",\"url\":\"https:\\\/\\\/luxon.com\\\/hu\\\/\",\"logo\":{\"@type\":\"ImageObject\",\"inLanguage\":\"hu\",\"@id\":\"https:\\\/\\\/luxon.com\\\/hu\\\/#\\\/schema\\\/logo\\\/image\\\/\",\"url\":\"https:\\\/\\\/luxon.com\\\/wp-content\\\/uploads\\\/WebsiteImage04.png\",\"contentUrl\":\"https:\\\/\\\/luxon.com\\\/wp-content\\\/uploads\\\/WebsiteImage04.png\",\"width\":1200,\"height\":630,\"caption\":\"Luxon Pay\"},\"image\":{\"@id\":\"https:\\\/\\\/luxon.com\\\/hu\\\/#\\\/schema\\\/logo\\\/image\\\/\"}}]}<\/script>\n<!-- \/ Yoast SEO plugin. -->","yoast_head_json":{"title":"Biztons\u00e1gos online fizet\u00e9s a v\u00e1llalkoz\u00e1sa sz\u00e1m\u00e1ra - Luxon Pay","robots":{"index":"index","follow":"follow","max-snippet":"max-snippet:-1","max-image-preview":"max-image-preview:large","max-video-preview":"max-video-preview:-1"},"canonical":"https:\/\/luxon.com\/hu\/business-24\/","og_locale":"hu_HU","og_type":"article","og_title":"Biztons\u00e1gos online fizet\u00e9s a v\u00e1llalkoz\u00e1sa sz\u00e1m\u00e1ra - Luxon Pay","og_description":"A Luxon Pay fejlett fizet\u00e9si megold\u00e1sokat k\u00edn\u00e1l minden \u00fczleti ig\u00e9ny\u00e9nek kiel\u00e9g\u00edt\u00e9s\u00e9re. N\u00f6vekedjen t\u00f6bb piacra, szerezzen \u00faj \u00fcgyfeleket \u00e9s k\u00edn\u00e1ljon tov\u00e1bbi fizet\u00e9si m\u00f3dokat v\u00e9gpontok k\u00f6z\u00f6tti platformunkkal.","og_url":"https:\/\/luxon.com\/hu\/business-24\/","og_site_name":"Luxon Pay","article_modified_time":"2025-01-30T22:12:32+00:00","og_image":[{"width":425,"height":860,"url":"https:\/\/luxon.com\/wp-content\/uploads\/Frame-7055-3.png","type":"image\/png"}],"twitter_card":"summary_large_image","twitter_misc":{"Becs\u00fclt olvas\u00e1si id\u0151":"1 perc"},"schema":{"@context":"https:\/\/schema.org","@graph":[{"@type":"WebPage","@id":"https:\/\/luxon.com\/hu\/business-24\/","url":"https:\/\/luxon.com\/hu\/business-24\/","name":"Biztons\u00e1gos online fizet\u00e9s a v\u00e1llalkoz\u00e1sa sz\u00e1m\u00e1ra - Luxon Pay","isPartOf":{"@id":"https:\/\/luxon.com\/hu\/#website"},"primaryImageOfPage":{"@id":"https:\/\/luxon.com\/hu\/business-24\/#primaryimage"},"image":{"@id":"https:\/\/luxon.com\/hu\/business-24\/#primaryimage"},"thumbnailUrl":"https:\/\/luxon.com\/wp-content\/uploads\/Frame-7055-3.png","datePublished":"2023-09-18T11:33:46+00:00","dateModified":"2025-01-30T22:12:32+00:00","inLanguage":"hu","potentialAction":[{"@type":"ReadAction","target":["https:\/\/luxon.com\/hu\/business-24\/"]}]},{"@type":"ImageObject","inLanguage":"hu","@id":"https:\/\/luxon.com\/hu\/business-24\/#primaryimage","url":"https:\/\/luxon.com\/wp-content\/uploads\/Frame-7055-3.png","contentUrl":"https:\/\/luxon.com\/wp-content\/uploads\/Frame-7055-3.png","width":425,"height":860},{"@type":"WebSite","@id":"https:\/\/luxon.com\/hu\/#website","url":"https:\/\/luxon.com\/hu\/","name":"Luxon Pay","description":"Instant secure global payments","publisher":{"@id":"https:\/\/luxon.com\/hu\/#organization"},"potentialAction":[{"@type":"SearchAction","target":{"@type":"EntryPoint","urlTemplate":"https:\/\/luxon.com\/hu\/?s={search_term_string}"},"query-input":{"@type":"PropertyValueSpecification","valueRequired":true,"valueName":"search_term_string"}}],"inLanguage":"hu"},{"@type":"Organization","@id":"https:\/\/luxon.com\/hu\/#organization","name":"Luxon Pay","url":"https:\/\/luxon.com\/hu\/","logo":{"@type":"ImageObject","inLanguage":"hu","@id":"https:\/\/luxon.com\/hu\/#\/schema\/logo\/image\/","url":"https:\/\/luxon.com\/wp-content\/uploads\/WebsiteImage04.png","contentUrl":"https:\/\/luxon.com\/wp-content\/uploads\/WebsiteImage04.png","width":1200,"height":630,"caption":"Luxon Pay"},"image":{"@id":"https:\/\/luxon.com\/hu\/#\/schema\/logo\/image\/"}}]}},"_links":{"self":[{"href":"https:\/\/luxon.com\/hu\/wp-json\/wp\/v2\/pages\/25937","targetHints":{"allow":["GET"]}}],"collection":[{"href":"https:\/\/luxon.com\/hu\/wp-json\/wp\/v2\/pages"}],"about":[{"href":"https:\/\/luxon.com\/hu\/wp-json\/wp\/v2\/types\/page"}],"author":[{"embeddable":true,"href":"https:\/\/luxon.com\/hu\/wp-json\/wp\/v2\/users\/2"}],"replies":[{"embeddable":true,"href":"https:\/\/luxon.com\/hu\/wp-json\/wp\/v2\/comments?post=25937"}],"version-history":[{"count":3,"href":"https:\/\/luxon.com\/hu\/wp-json\/wp\/v2\/pages\/25937\/revisions"}],"predecessor-version":[{"id":28535,"href":"https:\/\/luxon.com\/hu\/wp-json\/wp\/v2\/pages\/25937\/revisions\/28535"}],"wp:featuredmedia":[{"embeddable":true,"href":"https:\/\/luxon.com\/hu\/wp-json\/wp\/v2\/media\/24517"}],"wp:attachment":[{"href":"https:\/\/luxon.com\/hu\/wp-json\/wp\/v2\/media?parent=25937"}],"curies":[{"name":"wp","href":"https:\/\/api.w.org\/{rel}","templated":true}]}}