{"id":27165,"date":"2024-09-12T13:39:00","date_gmt":"2024-09-12T13:39:00","guid":{"rendered":"https:\/\/luxon.com\/financial-freedom-with-regular-bank-transfer-iban\/"},"modified":"2024-10-04T10:43:40","modified_gmt":"2024-10-04T10:43:40","slug":"financial-freedom-with-regular-bank-transfer-iban","status":"publish","type":"page","link":"https:\/\/luxon.com\/hu\/financial-freedom-with-regular-bank-transfer-iban\/","title":{"rendered":"P\u00e9nz\u00fcgyi szabads\u00e1g rendszeres banki \u00e1tutal\u00e1ssal \/ IBAN-nal"},"content":{"rendered":"<p style=\"font-weight: 400;\">B\u00e1rmely banksz\u00e1ml\u00e1r\u00f3l k\u00f6zvetlen\u00fcl a Luxon Pay sz\u00e1ml\u00e1j\u00e1ra fogadhat p\u00e9nzt Luxon Pay szem\u00e9lyes fi\u00f3kja \/ IBAN adatainak megoszt\u00e1s\u00e1val. Az adatok megtekint\u00e9s\u00e9hez kattintson a Befizet\u00e9s &gt; Rendszeres banki \u00e1tutal\u00e1s lehet\u0151s\u00e9gre<\/p>\n<p style=\"font-weight: 400;\">\n","protected":false},"excerpt":{"rendered":"<p>B\u00e1rmely banksz\u00e1ml\u00e1r\u00f3l k\u00f6zvetlen\u00fcl a Luxon Pay sz\u00e1ml\u00e1j\u00e1ra fogadhat p\u00e9nzt Luxon Pay szem\u00e9lyes fi\u00f3kja \/ IBAN adatainak megoszt\u00e1s\u00e1val. Az adatok megtekint\u00e9s\u00e9hez kattintson a Befizet\u00e9s &gt; Rendszeres banki \u00e1tutal\u00e1s lehet\u0151s\u00e9gre<\/p>\n","protected":false},"author":5,"featured_media":27136,"parent":0,"menu_order":0,"comment_status":"closed","ping_status":"closed","template":"templates\/block-template.php","meta":{"_acf_changed":false,"footnotes":""},"class_list":["post-27165","page","type-page","status-publish","has-post-thumbnail","hentry"],"acf":[],"yoast_head":"<!-- This site is optimized with the Yoast SEO plugin v27.4 - https:\/\/yoast.com\/product\/yoast-seo-wordpress\/ -->\n<title>P\u00e9nz\u00fcgyi szabads\u00e1g rendszeres banki \u00e1tutal\u00e1ssal \/ IBAN-nal - Luxon Pay<\/title>\n<meta name=\"robots\" content=\"index, follow, max-snippet:-1, max-image-preview:large, max-video-preview:-1\" \/>\n<link rel=\"canonical\" href=\"https:\/\/luxon.com\/hu\/financial-freedom-with-regular-bank-transfer-iban\/\" \/>\n<meta property=\"og:locale\" content=\"hu_HU\" \/>\n<meta property=\"og:type\" content=\"article\" \/>\n<meta property=\"og:title\" content=\"P\u00e9nz\u00fcgyi szabads\u00e1g rendszeres banki \u00e1tutal\u00e1ssal \/ IBAN-nal - Luxon Pay\" \/>\n<meta property=\"og:description\" content=\"B\u00e1rmely banksz\u00e1ml\u00e1r\u00f3l k\u00f6zvetlen\u00fcl a Luxon Pay sz\u00e1ml\u00e1j\u00e1ra fogadhat p\u00e9nzt Luxon Pay szem\u00e9lyes fi\u00f3kja \/ IBAN adatainak megoszt\u00e1s\u00e1val. Az adatok megtekint\u00e9s\u00e9hez kattintson a Befizet\u00e9s &gt; Rendszeres banki \u00e1tutal\u00e1s lehet\u0151s\u00e9gre\" \/>\n<meta property=\"og:url\" content=\"https:\/\/luxon.com\/hu\/financial-freedom-with-regular-bank-transfer-iban\/\" \/>\n<meta property=\"og:site_name\" content=\"Luxon Pay\" \/>\n<meta property=\"article:modified_time\" content=\"2024-10-04T10:43:40+00:00\" \/>\n<meta property=\"og:image\" content=\"https:\/\/luxon.com\/wp-content\/uploads\/IBAN-Banner-Image-2.png\" \/>\n\t<meta property=\"og:image:width\" content=\"1263\" \/>\n\t<meta property=\"og:image:height\" content=\"1203\" \/>\n\t<meta property=\"og:image:type\" content=\"image\/png\" \/>\n<meta name=\"twitter:card\" content=\"summary_large_image\" \/>\n<meta name=\"twitter:label1\" content=\"Becs\u00fclt olvas\u00e1si id\u0151\" \/>\n\t<meta name=\"twitter:data1\" content=\"1 perc\" \/>\n<script type=\"application\/ld+json\" class=\"yoast-schema-graph\">{\"@context\":\"https:\\\/\\\/schema.org\",\"@graph\":[{\"@type\":\"WebPage\",\"@id\":\"https:\\\/\\\/luxon.com\\\/hu\\\/financial-freedom-with-regular-bank-transfer-iban\\\/\",\"url\":\"https:\\\/\\\/luxon.com\\\/hu\\\/financial-freedom-with-regular-bank-transfer-iban\\\/\",\"name\":\"P\u00e9nz\u00fcgyi szabads\u00e1g rendszeres banki \u00e1tutal\u00e1ssal \\\/ IBAN-nal - Luxon Pay\",\"isPartOf\":{\"@id\":\"https:\\\/\\\/luxon.com\\\/hu\\\/#website\"},\"primaryImageOfPage\":{\"@id\":\"https:\\\/\\\/luxon.com\\\/hu\\\/financial-freedom-with-regular-bank-transfer-iban\\\/#primaryimage\"},\"image\":{\"@id\":\"https:\\\/\\\/luxon.com\\\/hu\\\/financial-freedom-with-regular-bank-transfer-iban\\\/#primaryimage\"},\"thumbnailUrl\":\"https:\\\/\\\/luxon.com\\\/wp-content\\\/uploads\\\/IBAN-Banner-Image-2.png\",\"datePublished\":\"2024-09-12T13:39:00+00:00\",\"dateModified\":\"2024-10-04T10:43:40+00:00\",\"inLanguage\":\"hu\",\"potentialAction\":[{\"@type\":\"ReadAction\",\"target\":[\"https:\\\/\\\/luxon.com\\\/hu\\\/financial-freedom-with-regular-bank-transfer-iban\\\/\"]}]},{\"@type\":\"ImageObject\",\"inLanguage\":\"hu\",\"@id\":\"https:\\\/\\\/luxon.com\\\/hu\\\/financial-freedom-with-regular-bank-transfer-iban\\\/#primaryimage\",\"url\":\"https:\\\/\\\/luxon.com\\\/wp-content\\\/uploads\\\/IBAN-Banner-Image-2.png\",\"contentUrl\":\"https:\\\/\\\/luxon.com\\\/wp-content\\\/uploads\\\/IBAN-Banner-Image-2.png\",\"width\":1263,\"height\":1203},{\"@type\":\"WebSite\",\"@id\":\"https:\\\/\\\/luxon.com\\\/hu\\\/#website\",\"url\":\"https:\\\/\\\/luxon.com\\\/hu\\\/\",\"name\":\"Luxon Pay\",\"description\":\"Instant secure global payments\",\"publisher\":{\"@id\":\"https:\\\/\\\/luxon.com\\\/hu\\\/#organization\"},\"potentialAction\":[{\"@type\":\"SearchAction\",\"target\":{\"@type\":\"EntryPoint\",\"urlTemplate\":\"https:\\\/\\\/luxon.com\\\/hu\\\/?s={search_term_string}\"},\"query-input\":{\"@type\":\"PropertyValueSpecification\",\"valueRequired\":true,\"valueName\":\"search_term_string\"}}],\"inLanguage\":\"hu\"},{\"@type\":\"Organization\",\"@id\":\"https:\\\/\\\/luxon.com\\\/hu\\\/#organization\",\"name\":\"Luxon Pay\",\"url\":\"https:\\\/\\\/luxon.com\\\/hu\\\/\",\"logo\":{\"@type\":\"ImageObject\",\"inLanguage\":\"hu\",\"@id\":\"https:\\\/\\\/luxon.com\\\/hu\\\/#\\\/schema\\\/logo\\\/image\\\/\",\"url\":\"https:\\\/\\\/luxon.com\\\/wp-content\\\/uploads\\\/WebsiteImage04.png\",\"contentUrl\":\"https:\\\/\\\/luxon.com\\\/wp-content\\\/uploads\\\/WebsiteImage04.png\",\"width\":1200,\"height\":630,\"caption\":\"Luxon Pay\"},\"image\":{\"@id\":\"https:\\\/\\\/luxon.com\\\/hu\\\/#\\\/schema\\\/logo\\\/image\\\/\"}}]}<\/script>\n<!-- \/ Yoast SEO plugin. -->","yoast_head_json":{"title":"P\u00e9nz\u00fcgyi szabads\u00e1g rendszeres banki \u00e1tutal\u00e1ssal \/ IBAN-nal - Luxon Pay","robots":{"index":"index","follow":"follow","max-snippet":"max-snippet:-1","max-image-preview":"max-image-preview:large","max-video-preview":"max-video-preview:-1"},"canonical":"https:\/\/luxon.com\/hu\/financial-freedom-with-regular-bank-transfer-iban\/","og_locale":"hu_HU","og_type":"article","og_title":"P\u00e9nz\u00fcgyi szabads\u00e1g rendszeres banki \u00e1tutal\u00e1ssal \/ IBAN-nal - Luxon Pay","og_description":"B\u00e1rmely banksz\u00e1ml\u00e1r\u00f3l k\u00f6zvetlen\u00fcl a Luxon Pay sz\u00e1ml\u00e1j\u00e1ra fogadhat p\u00e9nzt Luxon Pay szem\u00e9lyes fi\u00f3kja \/ IBAN adatainak megoszt\u00e1s\u00e1val. Az adatok megtekint\u00e9s\u00e9hez kattintson a Befizet\u00e9s &gt; Rendszeres banki \u00e1tutal\u00e1s lehet\u0151s\u00e9gre","og_url":"https:\/\/luxon.com\/hu\/financial-freedom-with-regular-bank-transfer-iban\/","og_site_name":"Luxon Pay","article_modified_time":"2024-10-04T10:43:40+00:00","og_image":[{"width":1263,"height":1203,"url":"https:\/\/luxon.com\/wp-content\/uploads\/IBAN-Banner-Image-2.png","type":"image\/png"}],"twitter_card":"summary_large_image","twitter_misc":{"Becs\u00fclt olvas\u00e1si id\u0151":"1 perc"},"schema":{"@context":"https:\/\/schema.org","@graph":[{"@type":"WebPage","@id":"https:\/\/luxon.com\/hu\/financial-freedom-with-regular-bank-transfer-iban\/","url":"https:\/\/luxon.com\/hu\/financial-freedom-with-regular-bank-transfer-iban\/","name":"P\u00e9nz\u00fcgyi szabads\u00e1g rendszeres banki \u00e1tutal\u00e1ssal \/ IBAN-nal - Luxon Pay","isPartOf":{"@id":"https:\/\/luxon.com\/hu\/#website"},"primaryImageOfPage":{"@id":"https:\/\/luxon.com\/hu\/financial-freedom-with-regular-bank-transfer-iban\/#primaryimage"},"image":{"@id":"https:\/\/luxon.com\/hu\/financial-freedom-with-regular-bank-transfer-iban\/#primaryimage"},"thumbnailUrl":"https:\/\/luxon.com\/wp-content\/uploads\/IBAN-Banner-Image-2.png","datePublished":"2024-09-12T13:39:00+00:00","dateModified":"2024-10-04T10:43:40+00:00","inLanguage":"hu","potentialAction":[{"@type":"ReadAction","target":["https:\/\/luxon.com\/hu\/financial-freedom-with-regular-bank-transfer-iban\/"]}]},{"@type":"ImageObject","inLanguage":"hu","@id":"https:\/\/luxon.com\/hu\/financial-freedom-with-regular-bank-transfer-iban\/#primaryimage","url":"https:\/\/luxon.com\/wp-content\/uploads\/IBAN-Banner-Image-2.png","contentUrl":"https:\/\/luxon.com\/wp-content\/uploads\/IBAN-Banner-Image-2.png","width":1263,"height":1203},{"@type":"WebSite","@id":"https:\/\/luxon.com\/hu\/#website","url":"https:\/\/luxon.com\/hu\/","name":"Luxon Pay","description":"Instant secure global payments","publisher":{"@id":"https:\/\/luxon.com\/hu\/#organization"},"potentialAction":[{"@type":"SearchAction","target":{"@type":"EntryPoint","urlTemplate":"https:\/\/luxon.com\/hu\/?s={search_term_string}"},"query-input":{"@type":"PropertyValueSpecification","valueRequired":true,"valueName":"search_term_string"}}],"inLanguage":"hu"},{"@type":"Organization","@id":"https:\/\/luxon.com\/hu\/#organization","name":"Luxon Pay","url":"https:\/\/luxon.com\/hu\/","logo":{"@type":"ImageObject","inLanguage":"hu","@id":"https:\/\/luxon.com\/hu\/#\/schema\/logo\/image\/","url":"https:\/\/luxon.com\/wp-content\/uploads\/WebsiteImage04.png","contentUrl":"https:\/\/luxon.com\/wp-content\/uploads\/WebsiteImage04.png","width":1200,"height":630,"caption":"Luxon Pay"},"image":{"@id":"https:\/\/luxon.com\/hu\/#\/schema\/logo\/image\/"}}]}},"_links":{"self":[{"href":"https:\/\/luxon.com\/hu\/wp-json\/wp\/v2\/pages\/27165","targetHints":{"allow":["GET"]}}],"collection":[{"href":"https:\/\/luxon.com\/hu\/wp-json\/wp\/v2\/pages"}],"about":[{"href":"https:\/\/luxon.com\/hu\/wp-json\/wp\/v2\/types\/page"}],"author":[{"embeddable":true,"href":"https:\/\/luxon.com\/hu\/wp-json\/wp\/v2\/users\/5"}],"replies":[{"embeddable":true,"href":"https:\/\/luxon.com\/hu\/wp-json\/wp\/v2\/comments?post=27165"}],"version-history":[{"count":2,"href":"https:\/\/luxon.com\/hu\/wp-json\/wp\/v2\/pages\/27165\/revisions"}],"predecessor-version":[{"id":27172,"href":"https:\/\/luxon.com\/hu\/wp-json\/wp\/v2\/pages\/27165\/revisions\/27172"}],"wp:featuredmedia":[{"embeddable":true,"href":"https:\/\/luxon.com\/hu\/wp-json\/wp\/v2\/media\/27136"}],"wp:attachment":[{"href":"https:\/\/luxon.com\/hu\/wp-json\/wp\/v2\/media?parent=27165"}],"curies":[{"name":"wp","href":"https:\/\/api.w.org\/{rel}","templated":true}]}}