{"id":27563,"date":"2024-11-29T09:43:57","date_gmt":"2024-11-29T09:43:57","guid":{"rendered":"https:\/\/luxon.com\/free-luxon-pay-mastercard-in-december\/"},"modified":"2025-06-02T09:35:19","modified_gmt":"2025-06-02T09:35:19","slug":"free-luxon-pay-mastercard-in-december","status":"publish","type":"page","link":"https:\/\/luxon.com\/hu\/free-luxon-pay-mastercard-in-december\/","title":{"rendered":"Ingyenes Luxon Pay Mastercard"},"content":{"rendered":"<p data-start=\"3425\" data-end=\"3526\">Id\u00e9n j\u00faniusban m\u00e9g egyszer\u0171bb\u00e9 tessz\u00fck a k\u00f6lt\u00e9st: <strong data-start=\"3475\" data-end=\"3508\">ingyenes Luxon Pay Mastercard<\/strong> k\u00e1rty\u00e1t k\u00edn\u00e1lunk!<\/p>\n<p data-start=\"3528\" data-end=\"3632\">Korl\u00e1tozott ideig d\u00edjmentesen ig\u00e9nyelhet fizikai k\u00e1rty\u00e1t \u2013 egyszer\u0171 megold\u00e1s vil\u00e1gszerte val\u00f3 k\u00f6lt\u00e9shez.<\/p>\n<p data-start=\"3634\" data-end=\"3712\">Ne maradjon le \u2013 az aj\u00e1nlat csak korl\u00e1tozott ideig el\u00e9rhet\u0151. Ig\u00e9nyelje m\u00e9g ma!<\/p>\n<p data-start=\"3714\" data-end=\"3773\">L\u00e1togasson el az alkalmaz\u00e1s \u201eK\u00e1rtya\u201d r\u00e9sz\u00e9be a rendel\u00e9shez.<\/p>\n<p data-start=\"3775\" data-end=\"3790\"><strong data-start=\"3775\" data-end=\"3790\">Felt\u00e9telek:<\/strong><\/p>\n<ul data-start=\"3791\" data-end=\"4169\">\n<li data-start=\"3791\" data-end=\"3852\">\n<p data-start=\"3793\" data-end=\"3852\">A k\u00e1rtya rendel\u00e9s\u00e9hez teljesen ellen\u0151rz\u00f6tt fi\u00f3k sz\u00fcks\u00e9ges<\/p>\n<\/li>\n<li data-start=\"3853\" data-end=\"3929\">\n<p data-start=\"3855\" data-end=\"3929\">Csak az Egyes\u00fclt Kir\u00e1lys\u00e1gban \u00e9s az EU-ban \u00e9l\u0151 felhaszn\u00e1l\u00f3k ig\u00e9nyelhetik<\/p>\n<\/li>\n<li data-start=\"3930\" data-end=\"4022\">\n<p data-start=\"3932\" data-end=\"4022\">A k\u00e1rty\u00e1k \u00e1ltal\u00e1ban 5\u201310 munkanapon bel\u00fcl ker\u00fclnek kisz\u00e1ll\u00edt\u00e1sra a fi\u00f3khoz tartoz\u00f3 c\u00edmre<\/p>\n<\/li>\n<li data-start=\"4023\" data-end=\"4070\">\n<p data-start=\"4025\" data-end=\"4070\">Az akci\u00f3 2025. j\u00fanius 1\u201330. k\u00f6z\u00f6tt \u00e9rv\u00e9nyes<\/p>\n<\/li>\n<li data-start=\"4071\" data-end=\"4169\">\n<p data-start=\"4073\" data-end=\"4169\">Felhaszn\u00e1l\u00f3nk\u00e9nt csak egy k\u00e1rtya ig\u00e9nyelhet\u0151 \u2013 ha m\u00e1r rendelkezik k\u00e1rty\u00e1val, nem ig\u00e9nyelhet \u00fajat<\/p>\n<\/li>\n<\/ul>\n","protected":false},"excerpt":{"rendered":"<p>Id\u00e9n j\u00faniusban m\u00e9g egyszer\u0171bb\u00e9 tessz\u00fck a k\u00f6lt\u00e9st: ingyenes Luxon Pay Mastercard k\u00e1rty\u00e1t k\u00edn\u00e1lunk! Korl\u00e1tozott ideig d\u00edjmentesen ig\u00e9nyelhet fizikai k\u00e1rty\u00e1t \u2013 egyszer\u0171 megold\u00e1s vil\u00e1gszerte val\u00f3 k\u00f6lt\u00e9shez. Ne maradjon le \u2013 az aj\u00e1nlat csak korl\u00e1tozott ideig el\u00e9rhet\u0151. Ig\u00e9nyelje m\u00e9g ma! L\u00e1togasson el az alkalmaz\u00e1s \u201eK\u00e1rtya\u201d r\u00e9sz\u00e9be a rendel\u00e9shez. Felt\u00e9telek: A k\u00e1rtya rendel\u00e9s\u00e9hez teljesen ellen\u0151rz\u00f6tt fi\u00f3k sz\u00fcks\u00e9ges Csak<a class=\"excerpt-read-more\" href=\"https:\/\/luxon.com\/hu\/free-luxon-pay-mastercard-in-december\/\" title=\"ReadIngyenes Luxon Pay Mastercard\">&#8230; Read more &raquo;<\/a><\/p>\n","protected":false},"author":5,"featured_media":26421,"parent":0,"menu_order":0,"comment_status":"closed","ping_status":"closed","template":"templates\/block-template.php","meta":{"_acf_changed":false,"footnotes":""},"class_list":["post-27563","page","type-page","status-publish","has-post-thumbnail","hentry"],"acf":[],"yoast_head":"<!-- This site is optimized with the Yoast SEO plugin v27.1.1 - https:\/\/yoast.com\/product\/yoast-seo-wordpress\/ -->\n<title>Ingyenes Luxon Pay Mastercard - Luxon Pay<\/title>\n<meta name=\"robots\" content=\"index, follow, max-snippet:-1, max-image-preview:large, max-video-preview:-1\" \/>\n<link rel=\"canonical\" href=\"https:\/\/luxon.com\/hu\/free-luxon-pay-mastercard-in-december\/\" \/>\n<meta property=\"og:locale\" content=\"hu_HU\" \/>\n<meta property=\"og:type\" content=\"article\" \/>\n<meta property=\"og:title\" content=\"Ingyenes Luxon Pay Mastercard - Luxon Pay\" \/>\n<meta property=\"og:description\" content=\"Id\u00e9n j\u00faniusban m\u00e9g egyszer\u0171bb\u00e9 tessz\u00fck a k\u00f6lt\u00e9st: ingyenes Luxon Pay Mastercard k\u00e1rty\u00e1t k\u00edn\u00e1lunk! Korl\u00e1tozott ideig d\u00edjmentesen ig\u00e9nyelhet fizikai k\u00e1rty\u00e1t \u2013 egyszer\u0171 megold\u00e1s vil\u00e1gszerte val\u00f3 k\u00f6lt\u00e9shez. Ne maradjon le \u2013 az aj\u00e1nlat csak korl\u00e1tozott ideig el\u00e9rhet\u0151. Ig\u00e9nyelje m\u00e9g ma! L\u00e1togasson el az alkalmaz\u00e1s \u201eK\u00e1rtya\u201d r\u00e9sz\u00e9be a rendel\u00e9shez. Felt\u00e9telek: A k\u00e1rtya rendel\u00e9s\u00e9hez teljesen ellen\u0151rz\u00f6tt fi\u00f3k sz\u00fcks\u00e9ges Csak... Read more &raquo;\" \/>\n<meta property=\"og:url\" content=\"https:\/\/luxon.com\/hu\/free-luxon-pay-mastercard-in-december\/\" \/>\n<meta property=\"og:site_name\" content=\"Luxon Pay\" \/>\n<meta property=\"article:modified_time\" content=\"2025-06-02T09:35:19+00:00\" \/>\n<meta property=\"og:image\" content=\"https:\/\/luxon.com\/wp-content\/uploads\/Hero-Image@3x-3.png\" \/>\n\t<meta property=\"og:image:width\" content=\"1652\" \/>\n\t<meta property=\"og:image:height\" content=\"1727\" \/>\n\t<meta property=\"og:image:type\" content=\"image\/png\" \/>\n<meta name=\"twitter:card\" content=\"summary_large_image\" \/>\n<meta name=\"twitter:label1\" content=\"Becs\u00fclt olvas\u00e1si id\u0151\" \/>\n\t<meta name=\"twitter:data1\" content=\"1 perc\" \/>\n<script type=\"application\/ld+json\" class=\"yoast-schema-graph\">{\"@context\":\"https:\/\/schema.org\",\"@graph\":[{\"@type\":\"WebPage\",\"@id\":\"https:\/\/luxon.com\/hu\/free-luxon-pay-mastercard-in-december\/\",\"url\":\"https:\/\/luxon.com\/hu\/free-luxon-pay-mastercard-in-december\/\",\"name\":\"Ingyenes Luxon Pay Mastercard - Luxon Pay\",\"isPartOf\":{\"@id\":\"https:\/\/luxon.com\/hu\/#website\"},\"primaryImageOfPage\":{\"@id\":\"https:\/\/luxon.com\/hu\/free-luxon-pay-mastercard-in-december\/#primaryimage\"},\"image\":{\"@id\":\"https:\/\/luxon.com\/hu\/free-luxon-pay-mastercard-in-december\/#primaryimage\"},\"thumbnailUrl\":\"https:\/\/luxon.com\/wp-content\/uploads\/Hero-Image@3x-3.png\",\"datePublished\":\"2024-11-29T09:43:57+00:00\",\"dateModified\":\"2025-06-02T09:35:19+00:00\",\"inLanguage\":\"hu\",\"potentialAction\":[{\"@type\":\"ReadAction\",\"target\":[\"https:\/\/luxon.com\/hu\/free-luxon-pay-mastercard-in-december\/\"]}]},{\"@type\":\"ImageObject\",\"inLanguage\":\"hu\",\"@id\":\"https:\/\/luxon.com\/hu\/free-luxon-pay-mastercard-in-december\/#primaryimage\",\"url\":\"https:\/\/luxon.com\/wp-content\/uploads\/Hero-Image@3x-3.png\",\"contentUrl\":\"https:\/\/luxon.com\/wp-content\/uploads\/Hero-Image@3x-3.png\",\"width\":1652,\"height\":1727},{\"@type\":\"WebSite\",\"@id\":\"https:\/\/luxon.com\/hu\/#website\",\"url\":\"https:\/\/luxon.com\/hu\/\",\"name\":\"Luxon Pay\",\"description\":\"Instant secure global payments\",\"publisher\":{\"@id\":\"https:\/\/luxon.com\/hu\/#organization\"},\"potentialAction\":[{\"@type\":\"SearchAction\",\"target\":{\"@type\":\"EntryPoint\",\"urlTemplate\":\"https:\/\/luxon.com\/hu\/?s={search_term_string}\"},\"query-input\":{\"@type\":\"PropertyValueSpecification\",\"valueRequired\":true,\"valueName\":\"search_term_string\"}}],\"inLanguage\":\"hu\"},{\"@type\":\"Organization\",\"@id\":\"https:\/\/luxon.com\/hu\/#organization\",\"name\":\"Luxon Pay\",\"url\":\"https:\/\/luxon.com\/hu\/\",\"logo\":{\"@type\":\"ImageObject\",\"inLanguage\":\"hu\",\"@id\":\"https:\/\/luxon.com\/hu\/#\/schema\/logo\/image\/\",\"url\":\"https:\/\/luxon.com\/wp-content\/uploads\/WebsiteImage04.png\",\"contentUrl\":\"https:\/\/luxon.com\/wp-content\/uploads\/WebsiteImage04.png\",\"width\":1200,\"height\":630,\"caption\":\"Luxon Pay\"},\"image\":{\"@id\":\"https:\/\/luxon.com\/hu\/#\/schema\/logo\/image\/\"}}]}<\/script>\n<!-- \/ Yoast SEO plugin. -->","yoast_head_json":{"title":"Ingyenes Luxon Pay Mastercard - Luxon Pay","robots":{"index":"index","follow":"follow","max-snippet":"max-snippet:-1","max-image-preview":"max-image-preview:large","max-video-preview":"max-video-preview:-1"},"canonical":"https:\/\/luxon.com\/hu\/free-luxon-pay-mastercard-in-december\/","og_locale":"hu_HU","og_type":"article","og_title":"Ingyenes Luxon Pay Mastercard - Luxon Pay","og_description":"Id\u00e9n j\u00faniusban m\u00e9g egyszer\u0171bb\u00e9 tessz\u00fck a k\u00f6lt\u00e9st: ingyenes Luxon Pay Mastercard k\u00e1rty\u00e1t k\u00edn\u00e1lunk! Korl\u00e1tozott ideig d\u00edjmentesen ig\u00e9nyelhet fizikai k\u00e1rty\u00e1t \u2013 egyszer\u0171 megold\u00e1s vil\u00e1gszerte val\u00f3 k\u00f6lt\u00e9shez. Ne maradjon le \u2013 az aj\u00e1nlat csak korl\u00e1tozott ideig el\u00e9rhet\u0151. Ig\u00e9nyelje m\u00e9g ma! L\u00e1togasson el az alkalmaz\u00e1s \u201eK\u00e1rtya\u201d r\u00e9sz\u00e9be a rendel\u00e9shez. Felt\u00e9telek: A k\u00e1rtya rendel\u00e9s\u00e9hez teljesen ellen\u0151rz\u00f6tt fi\u00f3k sz\u00fcks\u00e9ges Csak... Read more &raquo;","og_url":"https:\/\/luxon.com\/hu\/free-luxon-pay-mastercard-in-december\/","og_site_name":"Luxon Pay","article_modified_time":"2025-06-02T09:35:19+00:00","og_image":[{"width":1652,"height":1727,"url":"https:\/\/luxon.com\/wp-content\/uploads\/Hero-Image@3x-3.png","type":"image\/png"}],"twitter_card":"summary_large_image","twitter_misc":{"Becs\u00fclt olvas\u00e1si id\u0151":"1 perc"},"schema":{"@context":"https:\/\/schema.org","@graph":[{"@type":"WebPage","@id":"https:\/\/luxon.com\/hu\/free-luxon-pay-mastercard-in-december\/","url":"https:\/\/luxon.com\/hu\/free-luxon-pay-mastercard-in-december\/","name":"Ingyenes Luxon Pay Mastercard - Luxon Pay","isPartOf":{"@id":"https:\/\/luxon.com\/hu\/#website"},"primaryImageOfPage":{"@id":"https:\/\/luxon.com\/hu\/free-luxon-pay-mastercard-in-december\/#primaryimage"},"image":{"@id":"https:\/\/luxon.com\/hu\/free-luxon-pay-mastercard-in-december\/#primaryimage"},"thumbnailUrl":"https:\/\/luxon.com\/wp-content\/uploads\/Hero-Image@3x-3.png","datePublished":"2024-11-29T09:43:57+00:00","dateModified":"2025-06-02T09:35:19+00:00","inLanguage":"hu","potentialAction":[{"@type":"ReadAction","target":["https:\/\/luxon.com\/hu\/free-luxon-pay-mastercard-in-december\/"]}]},{"@type":"ImageObject","inLanguage":"hu","@id":"https:\/\/luxon.com\/hu\/free-luxon-pay-mastercard-in-december\/#primaryimage","url":"https:\/\/luxon.com\/wp-content\/uploads\/Hero-Image@3x-3.png","contentUrl":"https:\/\/luxon.com\/wp-content\/uploads\/Hero-Image@3x-3.png","width":1652,"height":1727},{"@type":"WebSite","@id":"https:\/\/luxon.com\/hu\/#website","url":"https:\/\/luxon.com\/hu\/","name":"Luxon Pay","description":"Instant secure global payments","publisher":{"@id":"https:\/\/luxon.com\/hu\/#organization"},"potentialAction":[{"@type":"SearchAction","target":{"@type":"EntryPoint","urlTemplate":"https:\/\/luxon.com\/hu\/?s={search_term_string}"},"query-input":{"@type":"PropertyValueSpecification","valueRequired":true,"valueName":"search_term_string"}}],"inLanguage":"hu"},{"@type":"Organization","@id":"https:\/\/luxon.com\/hu\/#organization","name":"Luxon Pay","url":"https:\/\/luxon.com\/hu\/","logo":{"@type":"ImageObject","inLanguage":"hu","@id":"https:\/\/luxon.com\/hu\/#\/schema\/logo\/image\/","url":"https:\/\/luxon.com\/wp-content\/uploads\/WebsiteImage04.png","contentUrl":"https:\/\/luxon.com\/wp-content\/uploads\/WebsiteImage04.png","width":1200,"height":630,"caption":"Luxon Pay"},"image":{"@id":"https:\/\/luxon.com\/hu\/#\/schema\/logo\/image\/"}}]}},"_links":{"self":[{"href":"https:\/\/luxon.com\/hu\/wp-json\/wp\/v2\/pages\/27563","targetHints":{"allow":["GET"]}}],"collection":[{"href":"https:\/\/luxon.com\/hu\/wp-json\/wp\/v2\/pages"}],"about":[{"href":"https:\/\/luxon.com\/hu\/wp-json\/wp\/v2\/types\/page"}],"author":[{"embeddable":true,"href":"https:\/\/luxon.com\/hu\/wp-json\/wp\/v2\/users\/5"}],"replies":[{"embeddable":true,"href":"https:\/\/luxon.com\/hu\/wp-json\/wp\/v2\/comments?post=27563"}],"version-history":[{"count":5,"href":"https:\/\/luxon.com\/hu\/wp-json\/wp\/v2\/pages\/27563\/revisions"}],"predecessor-version":[{"id":29918,"href":"https:\/\/luxon.com\/hu\/wp-json\/wp\/v2\/pages\/27563\/revisions\/29918"}],"wp:featuredmedia":[{"embeddable":true,"href":"https:\/\/luxon.com\/hu\/wp-json\/wp\/v2\/media\/26421"}],"wp:attachment":[{"href":"https:\/\/luxon.com\/hu\/wp-json\/wp\/v2\/media?parent=27563"}],"curies":[{"name":"wp","href":"https:\/\/api.w.org\/{rel}","templated":true}]}}