{"id":30211,"date":"2025-05-22T14:37:46","date_gmt":"2025-05-22T14:37:46","guid":{"rendered":"https:\/\/luxon.com\/win-a-free-10000-wsop-main-event-seat-in-our-exclusive-giveaway\/"},"modified":"2025-06-16T16:37:40","modified_gmt":"2025-06-16T16:37:40","slug":"win-a-free-10000-wsop-main-event-seat-in-our-exclusive-giveaway","status":"publish","type":"page","link":"https:\/\/luxon.com\/hu\/win-a-free-10000-wsop-main-event-seat-in-our-exclusive-giveaway\/","title":{"rendered":"Nyerj egy ingyenes 10 000 doll\u00e1ros WSOP f\u0151esem\u00e9nyre sz\u00f3l\u00f3 helyet exkluz\u00edv nyerem\u00e9nyj\u00e1t\u00e9kunkon"},"content":{"rendered":"<ul>\n<li>\u00a0\u2060K\u00f6vesd a Luxon Pay-t az X oldalon<\/li>\n<li style=\"font-weight: 400;\">\u2060 \u2060Oszd meg a bejegyz\u00e9st az X oldalon<\/li>\n<li style=\"font-weight: 400;\">\u2060 \u2060V\u00e1s\u00e1rolj nevez\u00e9si d\u00edjat b\u00e1rmelyik WSOP esem\u00e9nyre a Luxon Pay-jel j\u00fanius 30. el\u0151tt<\/li>\n<\/ul>\n<p style=\"font-weight: 400;\">\u00c1ltal\u00e1nos Szerz\u0151d\u00e9si Felt\u00e9telek<\/p>\n<p style=\"font-weight: 400;\">1.\u2060 \u2060A felhaszn\u00e1l\u00f3knak jegyet kell v\u00e1s\u00e1rolniuk a WSOP+ alkalmaz\u00e1son kereszt\u00fcl, \u00e9s fizetni\u00fck kell a Luxon Pay-jel ahhoz, hogy jogosultak legyenek a prom\u00f3ci\u00f3ra.<\/p>\n<p style=\"font-weight: 400;\">2.\u2060 \u2060A felhaszn\u00e1l\u00f3knak k\u00f6vetni\u00fck kellett a Luxon Pay-t az X oldalon, \u00e9s meg kellett osztaniuk a vonatkoz\u00f3 bejegyz\u00e9st ahhoz, hogy jogosultak legyenek.<\/p>\n<p style=\"font-weight: 400;\">3.\u2060 \u2060A nevez\u00e9si hat\u00e1rid\u0151 j\u00fanius 30-\u00e1n 23:59 CET. 2025<\/p>\n<p style=\"font-weight: 400;\">4.\u2060 \u2060A gy\u0151ztest 2025. j\u00falius 1-j\u00e9n hirdetik ki.<\/p>\n<p style=\"font-weight: 400;\">5.\u2060 \u2060A 10 000 doll\u00e1ros WSOP f\u0151versenyre sz\u00f3l\u00f3 hely felhaszn\u00e1lhat\u00f3 a 2025-\u00f6s vagy 2026-os WSOP f\u0151versenyre.<\/p>\n","protected":false},"excerpt":{"rendered":"<p>\u00a0\u2060K\u00f6vesd a Luxon Pay-t az X oldalon \u2060 \u2060Oszd meg a bejegyz\u00e9st az X oldalon \u2060 \u2060V\u00e1s\u00e1rolj nevez\u00e9si d\u00edjat b\u00e1rmelyik WSOP esem\u00e9nyre a Luxon Pay-jel j\u00fanius 30. el\u0151tt \u00c1ltal\u00e1nos Szerz\u0151d\u00e9si Felt\u00e9telek 1.\u2060 \u2060A felhaszn\u00e1l\u00f3knak jegyet kell v\u00e1s\u00e1rolniuk a WSOP+ alkalmaz\u00e1son kereszt\u00fcl, \u00e9s fizetni\u00fck kell a Luxon Pay-jel ahhoz, hogy jogosultak legyenek a prom\u00f3ci\u00f3ra. 2.\u2060 \u2060A<a class=\"excerpt-read-more\" href=\"https:\/\/luxon.com\/hu\/win-a-free-10000-wsop-main-event-seat-in-our-exclusive-giveaway\/\" title=\"ReadNyerj egy ingyenes 10 000 doll\u00e1ros WSOP f\u0151esem\u00e9nyre sz\u00f3l\u00f3 helyet exkluz\u00edv nyerem\u00e9nyj\u00e1t\u00e9kunkon\">&#8230; Read more &raquo;<\/a><\/p>\n","protected":false},"author":5,"featured_media":29577,"parent":0,"menu_order":0,"comment_status":"closed","ping_status":"closed","template":"templates\/block-template.php","meta":{"_acf_changed":false,"footnotes":""},"class_list":["post-30211","page","type-page","status-publish","has-post-thumbnail","hentry"],"acf":[],"yoast_head":"<!-- This site is optimized with the Yoast SEO plugin v27.1.1 - https:\/\/yoast.com\/product\/yoast-seo-wordpress\/ -->\n<title>Nyerj egy ingyenes 10 000 doll\u00e1ros WSOP f\u0151esem\u00e9nyre sz\u00f3l\u00f3 helyet exkluz\u00edv nyerem\u00e9nyj\u00e1t\u00e9kunkon - Luxon Pay<\/title>\n<meta name=\"robots\" content=\"index, follow, max-snippet:-1, max-image-preview:large, max-video-preview:-1\" \/>\n<link rel=\"canonical\" href=\"https:\/\/luxon.com\/hu\/win-a-free-10000-wsop-main-event-seat-in-our-exclusive-giveaway\/\" \/>\n<meta property=\"og:locale\" content=\"hu_HU\" \/>\n<meta property=\"og:type\" content=\"article\" \/>\n<meta property=\"og:title\" content=\"Nyerj egy ingyenes 10 000 doll\u00e1ros WSOP f\u0151esem\u00e9nyre sz\u00f3l\u00f3 helyet exkluz\u00edv nyerem\u00e9nyj\u00e1t\u00e9kunkon - Luxon Pay\" \/>\n<meta property=\"og:description\" content=\"\u00a0\u2060K\u00f6vesd a Luxon Pay-t az X oldalon \u2060 \u2060Oszd meg a bejegyz\u00e9st az X oldalon \u2060 \u2060V\u00e1s\u00e1rolj nevez\u00e9si d\u00edjat b\u00e1rmelyik WSOP esem\u00e9nyre a Luxon Pay-jel j\u00fanius 30. el\u0151tt \u00c1ltal\u00e1nos Szerz\u0151d\u00e9si Felt\u00e9telek 1.\u2060 \u2060A felhaszn\u00e1l\u00f3knak jegyet kell v\u00e1s\u00e1rolniuk a WSOP+ alkalmaz\u00e1son kereszt\u00fcl, \u00e9s fizetni\u00fck kell a Luxon Pay-jel ahhoz, hogy jogosultak legyenek a prom\u00f3ci\u00f3ra. 2.\u2060 \u2060A... Read more &raquo;\" \/>\n<meta property=\"og:url\" content=\"https:\/\/luxon.com\/hu\/win-a-free-10000-wsop-main-event-seat-in-our-exclusive-giveaway\/\" \/>\n<meta property=\"og:site_name\" content=\"Luxon Pay\" \/>\n<meta property=\"article:modified_time\" content=\"2025-06-16T16:37:40+00:00\" \/>\n<meta property=\"og:image\" content=\"https:\/\/luxon.com\/wp-content\/uploads\/Luxon-website-banner-image.png\" \/>\n\t<meta property=\"og:image:width\" content=\"404\" \/>\n\t<meta property=\"og:image:height\" content=\"640\" \/>\n\t<meta property=\"og:image:type\" content=\"image\/png\" \/>\n<meta name=\"twitter:card\" content=\"summary_large_image\" \/>\n<meta name=\"twitter:label1\" content=\"Becs\u00fclt olvas\u00e1si id\u0151\" \/>\n\t<meta name=\"twitter:data1\" content=\"1 perc\" \/>\n<script type=\"application\/ld+json\" class=\"yoast-schema-graph\">{\"@context\":\"https:\/\/schema.org\",\"@graph\":[{\"@type\":\"WebPage\",\"@id\":\"https:\/\/luxon.com\/hu\/win-a-free-10000-wsop-main-event-seat-in-our-exclusive-giveaway\/\",\"url\":\"https:\/\/luxon.com\/hu\/win-a-free-10000-wsop-main-event-seat-in-our-exclusive-giveaway\/\",\"name\":\"Nyerj egy ingyenes 10 000 doll\u00e1ros WSOP f\u0151esem\u00e9nyre sz\u00f3l\u00f3 helyet exkluz\u00edv nyerem\u00e9nyj\u00e1t\u00e9kunkon - Luxon Pay\",\"isPartOf\":{\"@id\":\"https:\/\/luxon.com\/hu\/#website\"},\"primaryImageOfPage\":{\"@id\":\"https:\/\/luxon.com\/hu\/win-a-free-10000-wsop-main-event-seat-in-our-exclusive-giveaway\/#primaryimage\"},\"image\":{\"@id\":\"https:\/\/luxon.com\/hu\/win-a-free-10000-wsop-main-event-seat-in-our-exclusive-giveaway\/#primaryimage\"},\"thumbnailUrl\":\"https:\/\/luxon.com\/wp-content\/uploads\/Luxon-website-banner-image.png\",\"datePublished\":\"2025-05-22T14:37:46+00:00\",\"dateModified\":\"2025-06-16T16:37:40+00:00\",\"inLanguage\":\"hu\",\"potentialAction\":[{\"@type\":\"ReadAction\",\"target\":[\"https:\/\/luxon.com\/hu\/win-a-free-10000-wsop-main-event-seat-in-our-exclusive-giveaway\/\"]}]},{\"@type\":\"ImageObject\",\"inLanguage\":\"hu\",\"@id\":\"https:\/\/luxon.com\/hu\/win-a-free-10000-wsop-main-event-seat-in-our-exclusive-giveaway\/#primaryimage\",\"url\":\"https:\/\/luxon.com\/wp-content\/uploads\/Luxon-website-banner-image.png\",\"contentUrl\":\"https:\/\/luxon.com\/wp-content\/uploads\/Luxon-website-banner-image.png\",\"width\":404,\"height\":640},{\"@type\":\"WebSite\",\"@id\":\"https:\/\/luxon.com\/hu\/#website\",\"url\":\"https:\/\/luxon.com\/hu\/\",\"name\":\"Luxon Pay\",\"description\":\"Instant secure global payments\",\"publisher\":{\"@id\":\"https:\/\/luxon.com\/hu\/#organization\"},\"potentialAction\":[{\"@type\":\"SearchAction\",\"target\":{\"@type\":\"EntryPoint\",\"urlTemplate\":\"https:\/\/luxon.com\/hu\/?s={search_term_string}\"},\"query-input\":{\"@type\":\"PropertyValueSpecification\",\"valueRequired\":true,\"valueName\":\"search_term_string\"}}],\"inLanguage\":\"hu\"},{\"@type\":\"Organization\",\"@id\":\"https:\/\/luxon.com\/hu\/#organization\",\"name\":\"Luxon Pay\",\"url\":\"https:\/\/luxon.com\/hu\/\",\"logo\":{\"@type\":\"ImageObject\",\"inLanguage\":\"hu\",\"@id\":\"https:\/\/luxon.com\/hu\/#\/schema\/logo\/image\/\",\"url\":\"https:\/\/luxon.com\/wp-content\/uploads\/WebsiteImage04.png\",\"contentUrl\":\"https:\/\/luxon.com\/wp-content\/uploads\/WebsiteImage04.png\",\"width\":1200,\"height\":630,\"caption\":\"Luxon Pay\"},\"image\":{\"@id\":\"https:\/\/luxon.com\/hu\/#\/schema\/logo\/image\/\"}}]}<\/script>\n<!-- \/ Yoast SEO plugin. -->","yoast_head_json":{"title":"Nyerj egy ingyenes 10 000 doll\u00e1ros WSOP f\u0151esem\u00e9nyre sz\u00f3l\u00f3 helyet exkluz\u00edv nyerem\u00e9nyj\u00e1t\u00e9kunkon - Luxon Pay","robots":{"index":"index","follow":"follow","max-snippet":"max-snippet:-1","max-image-preview":"max-image-preview:large","max-video-preview":"max-video-preview:-1"},"canonical":"https:\/\/luxon.com\/hu\/win-a-free-10000-wsop-main-event-seat-in-our-exclusive-giveaway\/","og_locale":"hu_HU","og_type":"article","og_title":"Nyerj egy ingyenes 10 000 doll\u00e1ros WSOP f\u0151esem\u00e9nyre sz\u00f3l\u00f3 helyet exkluz\u00edv nyerem\u00e9nyj\u00e1t\u00e9kunkon - Luxon Pay","og_description":"\u00a0\u2060K\u00f6vesd a Luxon Pay-t az X oldalon \u2060 \u2060Oszd meg a bejegyz\u00e9st az X oldalon \u2060 \u2060V\u00e1s\u00e1rolj nevez\u00e9si d\u00edjat b\u00e1rmelyik WSOP esem\u00e9nyre a Luxon Pay-jel j\u00fanius 30. el\u0151tt \u00c1ltal\u00e1nos Szerz\u0151d\u00e9si Felt\u00e9telek 1.\u2060 \u2060A felhaszn\u00e1l\u00f3knak jegyet kell v\u00e1s\u00e1rolniuk a WSOP+ alkalmaz\u00e1son kereszt\u00fcl, \u00e9s fizetni\u00fck kell a Luxon Pay-jel ahhoz, hogy jogosultak legyenek a prom\u00f3ci\u00f3ra. 2.\u2060 \u2060A... Read more &raquo;","og_url":"https:\/\/luxon.com\/hu\/win-a-free-10000-wsop-main-event-seat-in-our-exclusive-giveaway\/","og_site_name":"Luxon Pay","article_modified_time":"2025-06-16T16:37:40+00:00","og_image":[{"width":404,"height":640,"url":"https:\/\/luxon.com\/wp-content\/uploads\/Luxon-website-banner-image.png","type":"image\/png"}],"twitter_card":"summary_large_image","twitter_misc":{"Becs\u00fclt olvas\u00e1si id\u0151":"1 perc"},"schema":{"@context":"https:\/\/schema.org","@graph":[{"@type":"WebPage","@id":"https:\/\/luxon.com\/hu\/win-a-free-10000-wsop-main-event-seat-in-our-exclusive-giveaway\/","url":"https:\/\/luxon.com\/hu\/win-a-free-10000-wsop-main-event-seat-in-our-exclusive-giveaway\/","name":"Nyerj egy ingyenes 10 000 doll\u00e1ros WSOP f\u0151esem\u00e9nyre sz\u00f3l\u00f3 helyet exkluz\u00edv nyerem\u00e9nyj\u00e1t\u00e9kunkon - Luxon Pay","isPartOf":{"@id":"https:\/\/luxon.com\/hu\/#website"},"primaryImageOfPage":{"@id":"https:\/\/luxon.com\/hu\/win-a-free-10000-wsop-main-event-seat-in-our-exclusive-giveaway\/#primaryimage"},"image":{"@id":"https:\/\/luxon.com\/hu\/win-a-free-10000-wsop-main-event-seat-in-our-exclusive-giveaway\/#primaryimage"},"thumbnailUrl":"https:\/\/luxon.com\/wp-content\/uploads\/Luxon-website-banner-image.png","datePublished":"2025-05-22T14:37:46+00:00","dateModified":"2025-06-16T16:37:40+00:00","inLanguage":"hu","potentialAction":[{"@type":"ReadAction","target":["https:\/\/luxon.com\/hu\/win-a-free-10000-wsop-main-event-seat-in-our-exclusive-giveaway\/"]}]},{"@type":"ImageObject","inLanguage":"hu","@id":"https:\/\/luxon.com\/hu\/win-a-free-10000-wsop-main-event-seat-in-our-exclusive-giveaway\/#primaryimage","url":"https:\/\/luxon.com\/wp-content\/uploads\/Luxon-website-banner-image.png","contentUrl":"https:\/\/luxon.com\/wp-content\/uploads\/Luxon-website-banner-image.png","width":404,"height":640},{"@type":"WebSite","@id":"https:\/\/luxon.com\/hu\/#website","url":"https:\/\/luxon.com\/hu\/","name":"Luxon Pay","description":"Instant secure global payments","publisher":{"@id":"https:\/\/luxon.com\/hu\/#organization"},"potentialAction":[{"@type":"SearchAction","target":{"@type":"EntryPoint","urlTemplate":"https:\/\/luxon.com\/hu\/?s={search_term_string}"},"query-input":{"@type":"PropertyValueSpecification","valueRequired":true,"valueName":"search_term_string"}}],"inLanguage":"hu"},{"@type":"Organization","@id":"https:\/\/luxon.com\/hu\/#organization","name":"Luxon Pay","url":"https:\/\/luxon.com\/hu\/","logo":{"@type":"ImageObject","inLanguage":"hu","@id":"https:\/\/luxon.com\/hu\/#\/schema\/logo\/image\/","url":"https:\/\/luxon.com\/wp-content\/uploads\/WebsiteImage04.png","contentUrl":"https:\/\/luxon.com\/wp-content\/uploads\/WebsiteImage04.png","width":1200,"height":630,"caption":"Luxon Pay"},"image":{"@id":"https:\/\/luxon.com\/hu\/#\/schema\/logo\/image\/"}}]}},"_links":{"self":[{"href":"https:\/\/luxon.com\/hu\/wp-json\/wp\/v2\/pages\/30211","targetHints":{"allow":["GET"]}}],"collection":[{"href":"https:\/\/luxon.com\/hu\/wp-json\/wp\/v2\/pages"}],"about":[{"href":"https:\/\/luxon.com\/hu\/wp-json\/wp\/v2\/types\/page"}],"author":[{"embeddable":true,"href":"https:\/\/luxon.com\/hu\/wp-json\/wp\/v2\/users\/5"}],"replies":[{"embeddable":true,"href":"https:\/\/luxon.com\/hu\/wp-json\/wp\/v2\/comments?post=30211"}],"version-history":[{"count":4,"href":"https:\/\/luxon.com\/hu\/wp-json\/wp\/v2\/pages\/30211\/revisions"}],"predecessor-version":[{"id":30215,"href":"https:\/\/luxon.com\/hu\/wp-json\/wp\/v2\/pages\/30211\/revisions\/30215"}],"wp:featuredmedia":[{"embeddable":true,"href":"https:\/\/luxon.com\/hu\/wp-json\/wp\/v2\/media\/29577"}],"wp:attachment":[{"href":"https:\/\/luxon.com\/hu\/wp-json\/wp\/v2\/media?parent=30211"}],"curies":[{"name":"wp","href":"https:\/\/api.w.org\/{rel}","templated":true}]}}