{"id":30505,"date":"2025-01-16T10:31:45","date_gmt":"2025-01-16T10:31:45","guid":{"rendered":"https:\/\/luxon.com\/business\/"},"modified":"2026-03-26T10:46:23","modified_gmt":"2026-03-26T10:46:23","slug":"business","status":"publish","type":"page","link":"https:\/\/luxon.com\/hu\/business\/","title":{"rendered":"Z\u00f6kken\u0151mentes glob\u00e1lis \u00fczleti banki szolg\u00e1ltat\u00e1sok\/bankol\u00e1s"},"content":{"rendered":"<p style=\"font-weight: 400;\">V\u00e1llalkoz\u00e1si sz\u00e1ml\u00e1inkkal egyszer\u0171s\u00edtheti a fizet\u00e9seket, kiterjesztheti el\u00e9rhet\u0151s\u00e9g\u00e9t egy t\u00f6bb p\u00e9nznem\u0171 sz\u00e1ml\u00e1val \u2013 mindezt egyetlen z\u00f6kken\u0151mentes platformr\u00f3l.<\/p>\n","protected":false},"excerpt":{"rendered":"<p>V\u00e1llalkoz\u00e1si sz\u00e1ml\u00e1inkkal egyszer\u0171s\u00edtheti a fizet\u00e9seket, kiterjesztheti el\u00e9rhet\u0151s\u00e9g\u00e9t egy t\u00f6bb p\u00e9nznem\u0171 sz\u00e1ml\u00e1val \u2013 mindezt egyetlen z\u00f6kken\u0151mentes platformr\u00f3l.<\/p>\n","protected":false},"author":2,"featured_media":27884,"parent":0,"menu_order":0,"comment_status":"closed","ping_status":"closed","template":"templates\/block-template.php","meta":{"_acf_changed":false,"footnotes":""},"class_list":["post-30505","page","type-page","status-publish","has-post-thumbnail","hentry"],"acf":[],"yoast_head":"<!-- This site is optimized with the Yoast SEO plugin v27.1.1 - https:\/\/yoast.com\/product\/yoast-seo-wordpress\/ -->\n<title>Z\u00f6kken\u0151mentes glob\u00e1lis \u00fczleti banki szolg\u00e1ltat\u00e1sok\/bankol\u00e1s - Luxon Pay<\/title>\n<meta name=\"robots\" content=\"index, follow, max-snippet:-1, max-image-preview:large, max-video-preview:-1\" \/>\n<link rel=\"canonical\" href=\"https:\/\/luxon.com\/hu\/business\/\" \/>\n<meta property=\"og:locale\" content=\"hu_HU\" \/>\n<meta property=\"og:type\" content=\"article\" \/>\n<meta property=\"og:title\" content=\"Z\u00f6kken\u0151mentes glob\u00e1lis \u00fczleti banki szolg\u00e1ltat\u00e1sok\/bankol\u00e1s - Luxon Pay\" \/>\n<meta property=\"og:description\" content=\"V\u00e1llalkoz\u00e1si sz\u00e1ml\u00e1inkkal egyszer\u0171s\u00edtheti a fizet\u00e9seket, kiterjesztheti el\u00e9rhet\u0151s\u00e9g\u00e9t egy t\u00f6bb p\u00e9nznem\u0171 sz\u00e1ml\u00e1val \u2013 mindezt egyetlen z\u00f6kken\u0151mentes platformr\u00f3l.\" \/>\n<meta property=\"og:url\" content=\"https:\/\/luxon.com\/hu\/business\/\" \/>\n<meta property=\"og:site_name\" content=\"Luxon Pay\" \/>\n<meta property=\"article:modified_time\" content=\"2026-03-26T10:46:23+00:00\" \/>\n<meta property=\"og:image\" content=\"https:\/\/luxon.com\/wp-content\/uploads\/remove-shadow.png\" \/>\n\t<meta property=\"og:image:width\" content=\"734\" \/>\n\t<meta property=\"og:image:height\" content=\"666\" \/>\n\t<meta property=\"og:image:type\" content=\"image\/png\" \/>\n<meta name=\"twitter:card\" content=\"summary_large_image\" \/>\n<meta name=\"twitter:label1\" content=\"Becs\u00fclt olvas\u00e1si id\u0151\" \/>\n\t<meta name=\"twitter:data1\" content=\"1 perc\" \/>\n<script type=\"application\/ld+json\" class=\"yoast-schema-graph\">{\"@context\":\"https:\/\/schema.org\",\"@graph\":[{\"@type\":\"WebPage\",\"@id\":\"https:\/\/luxon.com\/hu\/business\/\",\"url\":\"https:\/\/luxon.com\/hu\/business\/\",\"name\":\"Z\u00f6kken\u0151mentes glob\u00e1lis \u00fczleti banki szolg\u00e1ltat\u00e1sok\/bankol\u00e1s - Luxon Pay\",\"isPartOf\":{\"@id\":\"https:\/\/luxon.com\/hu\/#website\"},\"primaryImageOfPage\":{\"@id\":\"https:\/\/luxon.com\/hu\/business\/#primaryimage\"},\"image\":{\"@id\":\"https:\/\/luxon.com\/hu\/business\/#primaryimage\"},\"thumbnailUrl\":\"https:\/\/luxon.com\/wp-content\/uploads\/remove-shadow.png\",\"datePublished\":\"2025-01-16T10:31:45+00:00\",\"dateModified\":\"2026-03-26T10:46:23+00:00\",\"inLanguage\":\"hu\",\"potentialAction\":[{\"@type\":\"ReadAction\",\"target\":[\"https:\/\/luxon.com\/hu\/business\/\"]}]},{\"@type\":\"ImageObject\",\"inLanguage\":\"hu\",\"@id\":\"https:\/\/luxon.com\/hu\/business\/#primaryimage\",\"url\":\"https:\/\/luxon.com\/wp-content\/uploads\/remove-shadow.png\",\"contentUrl\":\"https:\/\/luxon.com\/wp-content\/uploads\/remove-shadow.png\",\"width\":734,\"height\":666},{\"@type\":\"WebSite\",\"@id\":\"https:\/\/luxon.com\/hu\/#website\",\"url\":\"https:\/\/luxon.com\/hu\/\",\"name\":\"Luxon Pay\",\"description\":\"Instant secure global payments\",\"publisher\":{\"@id\":\"https:\/\/luxon.com\/hu\/#organization\"},\"potentialAction\":[{\"@type\":\"SearchAction\",\"target\":{\"@type\":\"EntryPoint\",\"urlTemplate\":\"https:\/\/luxon.com\/hu\/?s={search_term_string}\"},\"query-input\":{\"@type\":\"PropertyValueSpecification\",\"valueRequired\":true,\"valueName\":\"search_term_string\"}}],\"inLanguage\":\"hu\"},{\"@type\":\"Organization\",\"@id\":\"https:\/\/luxon.com\/hu\/#organization\",\"name\":\"Luxon Pay\",\"url\":\"https:\/\/luxon.com\/hu\/\",\"logo\":{\"@type\":\"ImageObject\",\"inLanguage\":\"hu\",\"@id\":\"https:\/\/luxon.com\/hu\/#\/schema\/logo\/image\/\",\"url\":\"https:\/\/luxon.com\/wp-content\/uploads\/WebsiteImage04.png\",\"contentUrl\":\"https:\/\/luxon.com\/wp-content\/uploads\/WebsiteImage04.png\",\"width\":1200,\"height\":630,\"caption\":\"Luxon Pay\"},\"image\":{\"@id\":\"https:\/\/luxon.com\/hu\/#\/schema\/logo\/image\/\"}}]}<\/script>\n<!-- \/ Yoast SEO plugin. -->","yoast_head_json":{"title":"Z\u00f6kken\u0151mentes glob\u00e1lis \u00fczleti banki szolg\u00e1ltat\u00e1sok\/bankol\u00e1s - Luxon Pay","robots":{"index":"index","follow":"follow","max-snippet":"max-snippet:-1","max-image-preview":"max-image-preview:large","max-video-preview":"max-video-preview:-1"},"canonical":"https:\/\/luxon.com\/hu\/business\/","og_locale":"hu_HU","og_type":"article","og_title":"Z\u00f6kken\u0151mentes glob\u00e1lis \u00fczleti banki szolg\u00e1ltat\u00e1sok\/bankol\u00e1s - Luxon Pay","og_description":"V\u00e1llalkoz\u00e1si sz\u00e1ml\u00e1inkkal egyszer\u0171s\u00edtheti a fizet\u00e9seket, kiterjesztheti el\u00e9rhet\u0151s\u00e9g\u00e9t egy t\u00f6bb p\u00e9nznem\u0171 sz\u00e1ml\u00e1val \u2013 mindezt egyetlen z\u00f6kken\u0151mentes platformr\u00f3l.","og_url":"https:\/\/luxon.com\/hu\/business\/","og_site_name":"Luxon Pay","article_modified_time":"2026-03-26T10:46:23+00:00","og_image":[{"width":734,"height":666,"url":"https:\/\/luxon.com\/wp-content\/uploads\/remove-shadow.png","type":"image\/png"}],"twitter_card":"summary_large_image","twitter_misc":{"Becs\u00fclt olvas\u00e1si id\u0151":"1 perc"},"schema":{"@context":"https:\/\/schema.org","@graph":[{"@type":"WebPage","@id":"https:\/\/luxon.com\/hu\/business\/","url":"https:\/\/luxon.com\/hu\/business\/","name":"Z\u00f6kken\u0151mentes glob\u00e1lis \u00fczleti banki szolg\u00e1ltat\u00e1sok\/bankol\u00e1s - Luxon Pay","isPartOf":{"@id":"https:\/\/luxon.com\/hu\/#website"},"primaryImageOfPage":{"@id":"https:\/\/luxon.com\/hu\/business\/#primaryimage"},"image":{"@id":"https:\/\/luxon.com\/hu\/business\/#primaryimage"},"thumbnailUrl":"https:\/\/luxon.com\/wp-content\/uploads\/remove-shadow.png","datePublished":"2025-01-16T10:31:45+00:00","dateModified":"2026-03-26T10:46:23+00:00","inLanguage":"hu","potentialAction":[{"@type":"ReadAction","target":["https:\/\/luxon.com\/hu\/business\/"]}]},{"@type":"ImageObject","inLanguage":"hu","@id":"https:\/\/luxon.com\/hu\/business\/#primaryimage","url":"https:\/\/luxon.com\/wp-content\/uploads\/remove-shadow.png","contentUrl":"https:\/\/luxon.com\/wp-content\/uploads\/remove-shadow.png","width":734,"height":666},{"@type":"WebSite","@id":"https:\/\/luxon.com\/hu\/#website","url":"https:\/\/luxon.com\/hu\/","name":"Luxon Pay","description":"Instant secure global payments","publisher":{"@id":"https:\/\/luxon.com\/hu\/#organization"},"potentialAction":[{"@type":"SearchAction","target":{"@type":"EntryPoint","urlTemplate":"https:\/\/luxon.com\/hu\/?s={search_term_string}"},"query-input":{"@type":"PropertyValueSpecification","valueRequired":true,"valueName":"search_term_string"}}],"inLanguage":"hu"},{"@type":"Organization","@id":"https:\/\/luxon.com\/hu\/#organization","name":"Luxon Pay","url":"https:\/\/luxon.com\/hu\/","logo":{"@type":"ImageObject","inLanguage":"hu","@id":"https:\/\/luxon.com\/hu\/#\/schema\/logo\/image\/","url":"https:\/\/luxon.com\/wp-content\/uploads\/WebsiteImage04.png","contentUrl":"https:\/\/luxon.com\/wp-content\/uploads\/WebsiteImage04.png","width":1200,"height":630,"caption":"Luxon Pay"},"image":{"@id":"https:\/\/luxon.com\/hu\/#\/schema\/logo\/image\/"}}]}},"_links":{"self":[{"href":"https:\/\/luxon.com\/hu\/wp-json\/wp\/v2\/pages\/30505","targetHints":{"allow":["GET"]}}],"collection":[{"href":"https:\/\/luxon.com\/hu\/wp-json\/wp\/v2\/pages"}],"about":[{"href":"https:\/\/luxon.com\/hu\/wp-json\/wp\/v2\/types\/page"}],"author":[{"embeddable":true,"href":"https:\/\/luxon.com\/hu\/wp-json\/wp\/v2\/users\/2"}],"replies":[{"embeddable":true,"href":"https:\/\/luxon.com\/hu\/wp-json\/wp\/v2\/comments?post=30505"}],"version-history":[{"count":4,"href":"https:\/\/luxon.com\/hu\/wp-json\/wp\/v2\/pages\/30505\/revisions"}],"predecessor-version":[{"id":34527,"href":"https:\/\/luxon.com\/hu\/wp-json\/wp\/v2\/pages\/30505\/revisions\/34527"}],"wp:featuredmedia":[{"embeddable":true,"href":"https:\/\/luxon.com\/hu\/wp-json\/wp\/v2\/media\/27884"}],"wp:attachment":[{"href":"https:\/\/luxon.com\/hu\/wp-json\/wp\/v2\/media?parent=30505"}],"curies":[{"name":"wp","href":"https:\/\/api.w.org\/{rel}","templated":true}]}}