{"id":31772,"date":"2025-09-10T14:43:45","date_gmt":"2025-09-10T14:43:45","guid":{"rendered":"https:\/\/luxon.com\/?page_id=31772"},"modified":"2026-02-10T15:56:33","modified_gmt":"2026-02-10T15:56:33","slug":"1-cashback-during-wcoop","status":"publish","type":"page","link":"https:\/\/luxon.com\/hu\/1-cashback-during-wcoop\/","title":{"rendered":"1% cashback during WCOOP"},"content":{"rendered":"<p>Deposit with Luxon Pay to PokerStars and get extra back<\/p>\n<p class=\"p\">The World Championship of Online Poker is here on PokerStars \u2014 and Luxon Pay is giving you a reason to return. Deposit with Luxon Pay during WCOOP and receive <strong>1% cashback<\/strong>\u00a0on your deposits.<\/p>\n<p class=\"p\">Huge prize pools, nonstop action, and extra value back in your Luxon Pay account \u2014 that\u2019s a win.<\/p>\n<p class=\"p\"><strong>Ends 1 October 2025.<\/strong><\/p>\n","protected":false},"excerpt":{"rendered":"<p>Deposit with Luxon Pay to PokerStars and get extra back The World Championship of Online Poker is here on PokerStars \u2014 and Luxon Pay is giving you a reason to return. Deposit with Luxon Pay during WCOOP and receive 1% cashback\u00a0on your deposits. Huge prize pools, nonstop action, and extra value back in your Luxon<a class=\"excerpt-read-more\" href=\"https:\/\/luxon.com\/hu\/1-cashback-during-wcoop\/\" title=\"Read1% cashback during WCOOP\">&#8230; Read more &raquo;<\/a><\/p>\n","protected":false},"author":5,"featured_media":27935,"parent":0,"menu_order":0,"comment_status":"closed","ping_status":"closed","template":"templates\/block-template.php","meta":{"_acf_changed":false,"footnotes":""},"class_list":["post-31772","page","type-page","status-publish","has-post-thumbnail","hentry"],"acf":[],"yoast_head":"<!-- This site is optimized with the Yoast SEO plugin v27.4 - https:\/\/yoast.com\/product\/yoast-seo-wordpress\/ -->\n<title>1% cashback during WCOOP - Luxon Pay<\/title>\n<meta name=\"robots\" content=\"index, follow, max-snippet:-1, max-image-preview:large, max-video-preview:-1\" \/>\n<link rel=\"canonical\" href=\"https:\/\/luxon.com\/hu\/1-cashback-during-wcoop\/\" \/>\n<meta property=\"og:locale\" content=\"hu_HU\" \/>\n<meta property=\"og:type\" content=\"article\" \/>\n<meta property=\"og:title\" content=\"1% cashback during WCOOP - Luxon Pay\" \/>\n<meta property=\"og:description\" content=\"Deposit with Luxon Pay to PokerStars and get extra back The World Championship of Online Poker is here on PokerStars \u2014 and Luxon Pay is giving you a reason to return. Deposit with Luxon Pay during WCOOP and receive 1% cashback\u00a0on your deposits. Huge prize pools, nonstop action, and extra value back in your Luxon... Read more &raquo;\" \/>\n<meta property=\"og:url\" content=\"https:\/\/luxon.com\/hu\/1-cashback-during-wcoop\/\" \/>\n<meta property=\"og:site_name\" content=\"Luxon Pay\" \/>\n<meta property=\"article:modified_time\" content=\"2026-02-10T15:56:33+00:00\" \/>\n<meta property=\"og:image\" content=\"https:\/\/luxon.com\/wp-content\/uploads\/Group-48095818-1.png\" \/>\n\t<meta property=\"og:image:width\" content=\"636\" \/>\n\t<meta property=\"og:image:height\" content=\"521\" \/>\n\t<meta property=\"og:image:type\" content=\"image\/png\" \/>\n<meta name=\"twitter:card\" content=\"summary_large_image\" \/>\n<meta name=\"twitter:label1\" content=\"Becs\u00fclt olvas\u00e1si id\u0151\" \/>\n\t<meta name=\"twitter:data1\" content=\"1 perc\" \/>\n<script type=\"application\/ld+json\" class=\"yoast-schema-graph\">{\"@context\":\"https:\\\/\\\/schema.org\",\"@graph\":[{\"@type\":\"WebPage\",\"@id\":\"https:\\\/\\\/luxon.com\\\/hu\\\/1-cashback-during-wcoop\\\/\",\"url\":\"https:\\\/\\\/luxon.com\\\/hu\\\/1-cashback-during-wcoop\\\/\",\"name\":\"1% cashback during WCOOP - Luxon Pay\",\"isPartOf\":{\"@id\":\"https:\\\/\\\/luxon.com\\\/hu\\\/#website\"},\"primaryImageOfPage\":{\"@id\":\"https:\\\/\\\/luxon.com\\\/hu\\\/1-cashback-during-wcoop\\\/#primaryimage\"},\"image\":{\"@id\":\"https:\\\/\\\/luxon.com\\\/hu\\\/1-cashback-during-wcoop\\\/#primaryimage\"},\"thumbnailUrl\":\"https:\\\/\\\/luxon.com\\\/wp-content\\\/uploads\\\/Group-48095818-1.png\",\"datePublished\":\"2025-09-10T14:43:45+00:00\",\"dateModified\":\"2026-02-10T15:56:33+00:00\",\"inLanguage\":\"hu\",\"potentialAction\":[{\"@type\":\"ReadAction\",\"target\":[\"https:\\\/\\\/luxon.com\\\/hu\\\/1-cashback-during-wcoop\\\/\"]}]},{\"@type\":\"ImageObject\",\"inLanguage\":\"hu\",\"@id\":\"https:\\\/\\\/luxon.com\\\/hu\\\/1-cashback-during-wcoop\\\/#primaryimage\",\"url\":\"https:\\\/\\\/luxon.com\\\/wp-content\\\/uploads\\\/Group-48095818-1.png\",\"contentUrl\":\"https:\\\/\\\/luxon.com\\\/wp-content\\\/uploads\\\/Group-48095818-1.png\",\"width\":636,\"height\":521},{\"@type\":\"WebSite\",\"@id\":\"https:\\\/\\\/luxon.com\\\/hu\\\/#website\",\"url\":\"https:\\\/\\\/luxon.com\\\/hu\\\/\",\"name\":\"Luxon Pay\",\"description\":\"Instant secure global payments\",\"publisher\":{\"@id\":\"https:\\\/\\\/luxon.com\\\/hu\\\/#organization\"},\"potentialAction\":[{\"@type\":\"SearchAction\",\"target\":{\"@type\":\"EntryPoint\",\"urlTemplate\":\"https:\\\/\\\/luxon.com\\\/hu\\\/?s={search_term_string}\"},\"query-input\":{\"@type\":\"PropertyValueSpecification\",\"valueRequired\":true,\"valueName\":\"search_term_string\"}}],\"inLanguage\":\"hu\"},{\"@type\":\"Organization\",\"@id\":\"https:\\\/\\\/luxon.com\\\/hu\\\/#organization\",\"name\":\"Luxon Pay\",\"url\":\"https:\\\/\\\/luxon.com\\\/hu\\\/\",\"logo\":{\"@type\":\"ImageObject\",\"inLanguage\":\"hu\",\"@id\":\"https:\\\/\\\/luxon.com\\\/hu\\\/#\\\/schema\\\/logo\\\/image\\\/\",\"url\":\"https:\\\/\\\/luxon.com\\\/wp-content\\\/uploads\\\/WebsiteImage04.png\",\"contentUrl\":\"https:\\\/\\\/luxon.com\\\/wp-content\\\/uploads\\\/WebsiteImage04.png\",\"width\":1200,\"height\":630,\"caption\":\"Luxon Pay\"},\"image\":{\"@id\":\"https:\\\/\\\/luxon.com\\\/hu\\\/#\\\/schema\\\/logo\\\/image\\\/\"}}]}<\/script>\n<!-- \/ Yoast SEO plugin. -->","yoast_head_json":{"title":"1% cashback during WCOOP - Luxon Pay","robots":{"index":"index","follow":"follow","max-snippet":"max-snippet:-1","max-image-preview":"max-image-preview:large","max-video-preview":"max-video-preview:-1"},"canonical":"https:\/\/luxon.com\/hu\/1-cashback-during-wcoop\/","og_locale":"hu_HU","og_type":"article","og_title":"1% cashback during WCOOP - Luxon Pay","og_description":"Deposit with Luxon Pay to PokerStars and get extra back The World Championship of Online Poker is here on PokerStars \u2014 and Luxon Pay is giving you a reason to return. Deposit with Luxon Pay during WCOOP and receive 1% cashback\u00a0on your deposits. Huge prize pools, nonstop action, and extra value back in your Luxon... Read more &raquo;","og_url":"https:\/\/luxon.com\/hu\/1-cashback-during-wcoop\/","og_site_name":"Luxon Pay","article_modified_time":"2026-02-10T15:56:33+00:00","og_image":[{"width":636,"height":521,"url":"https:\/\/luxon.com\/wp-content\/uploads\/Group-48095818-1.png","type":"image\/png"}],"twitter_card":"summary_large_image","twitter_misc":{"Becs\u00fclt olvas\u00e1si id\u0151":"1 perc"},"schema":{"@context":"https:\/\/schema.org","@graph":[{"@type":"WebPage","@id":"https:\/\/luxon.com\/hu\/1-cashback-during-wcoop\/","url":"https:\/\/luxon.com\/hu\/1-cashback-during-wcoop\/","name":"1% cashback during WCOOP - Luxon Pay","isPartOf":{"@id":"https:\/\/luxon.com\/hu\/#website"},"primaryImageOfPage":{"@id":"https:\/\/luxon.com\/hu\/1-cashback-during-wcoop\/#primaryimage"},"image":{"@id":"https:\/\/luxon.com\/hu\/1-cashback-during-wcoop\/#primaryimage"},"thumbnailUrl":"https:\/\/luxon.com\/wp-content\/uploads\/Group-48095818-1.png","datePublished":"2025-09-10T14:43:45+00:00","dateModified":"2026-02-10T15:56:33+00:00","inLanguage":"hu","potentialAction":[{"@type":"ReadAction","target":["https:\/\/luxon.com\/hu\/1-cashback-during-wcoop\/"]}]},{"@type":"ImageObject","inLanguage":"hu","@id":"https:\/\/luxon.com\/hu\/1-cashback-during-wcoop\/#primaryimage","url":"https:\/\/luxon.com\/wp-content\/uploads\/Group-48095818-1.png","contentUrl":"https:\/\/luxon.com\/wp-content\/uploads\/Group-48095818-1.png","width":636,"height":521},{"@type":"WebSite","@id":"https:\/\/luxon.com\/hu\/#website","url":"https:\/\/luxon.com\/hu\/","name":"Luxon Pay","description":"Instant secure global payments","publisher":{"@id":"https:\/\/luxon.com\/hu\/#organization"},"potentialAction":[{"@type":"SearchAction","target":{"@type":"EntryPoint","urlTemplate":"https:\/\/luxon.com\/hu\/?s={search_term_string}"},"query-input":{"@type":"PropertyValueSpecification","valueRequired":true,"valueName":"search_term_string"}}],"inLanguage":"hu"},{"@type":"Organization","@id":"https:\/\/luxon.com\/hu\/#organization","name":"Luxon Pay","url":"https:\/\/luxon.com\/hu\/","logo":{"@type":"ImageObject","inLanguage":"hu","@id":"https:\/\/luxon.com\/hu\/#\/schema\/logo\/image\/","url":"https:\/\/luxon.com\/wp-content\/uploads\/WebsiteImage04.png","contentUrl":"https:\/\/luxon.com\/wp-content\/uploads\/WebsiteImage04.png","width":1200,"height":630,"caption":"Luxon Pay"},"image":{"@id":"https:\/\/luxon.com\/hu\/#\/schema\/logo\/image\/"}}]}},"_links":{"self":[{"href":"https:\/\/luxon.com\/hu\/wp-json\/wp\/v2\/pages\/31772","targetHints":{"allow":["GET"]}}],"collection":[{"href":"https:\/\/luxon.com\/hu\/wp-json\/wp\/v2\/pages"}],"about":[{"href":"https:\/\/luxon.com\/hu\/wp-json\/wp\/v2\/types\/page"}],"author":[{"embeddable":true,"href":"https:\/\/luxon.com\/hu\/wp-json\/wp\/v2\/users\/5"}],"replies":[{"embeddable":true,"href":"https:\/\/luxon.com\/hu\/wp-json\/wp\/v2\/comments?post=31772"}],"version-history":[{"count":2,"href":"https:\/\/luxon.com\/hu\/wp-json\/wp\/v2\/pages\/31772\/revisions"}],"predecessor-version":[{"id":33376,"href":"https:\/\/luxon.com\/hu\/wp-json\/wp\/v2\/pages\/31772\/revisions\/33376"}],"wp:featuredmedia":[{"embeddable":true,"href":"https:\/\/luxon.com\/hu\/wp-json\/wp\/v2\/media\/27935"}],"wp:attachment":[{"href":"https:\/\/luxon.com\/hu\/wp-json\/wp\/v2\/media?parent=31772"}],"curies":[{"name":"wp","href":"https:\/\/api.w.org\/{rel}","templated":true}]}}