{"id":33384,"date":"2025-08-20T08:36:39","date_gmt":"2025-08-20T08:36:39","guid":{"rendered":"https:\/\/luxon.com\/luxon-pay-stone-cold-bubble-protection\/"},"modified":"2026-02-16T05:46:28","modified_gmt":"2026-02-16T05:46:28","slug":"luxon-pay-stone-cold-bubble-protection","status":"publish","type":"page","link":"https:\/\/luxon.com\/hu\/luxon-pay-stone-cold-bubble-protection\/","title":{"rendered":"Luxon Pay \u2013 K\u0151kem\u00e9ny bubor\u00e9kv\u00e9delem"},"content":{"rendered":"<p data-start=\"180\" data-end=\"509\"><img loading=\"lazy\" decoding=\"async\" class=\"alignnone wp-image-31328\" src=\"https:\/\/luxon.com\/wp-content\/uploads\/LuxonBubbleProtectionBanner2-300x169.png\" alt=\"\" width=\"719\" height=\"405\" srcset=\"https:\/\/luxon.com\/wp-content\/uploads\/LuxonBubbleProtectionBanner2-300x169.png 300w, https:\/\/luxon.com\/wp-content\/uploads\/LuxonBubbleProtectionBanner2-1024x576.png 1024w, https:\/\/luxon.com\/wp-content\/uploads\/LuxonBubbleProtectionBanner2-768x432.png 768w, https:\/\/luxon.com\/wp-content\/uploads\/LuxonBubbleProtectionBanner2-1536x864.png 1536w, https:\/\/luxon.com\/wp-content\/uploads\/LuxonBubbleProtectionBanner2.png 1920w\" sizes=\"auto, (max-width: 719px) 100vw, 719px\" \/><\/p>\n<p>Senki sem szereti, ha egy versenyeb bubor\u00e9kos lesz \u2013 amikor k\u00f6zel ker\u00fcl a p\u00e9nzhez, majd \u00fcres k\u00e9zzel t\u00e1vozik. Ez\u00e9rt \u00e1ll m\u00f6g\u00f6tted a Luxon Pay. Hideg Bubor\u00e9k V\u00e9delm\u00fcnkkel, ha te vagy az a szerencs\u00e9tlen j\u00e1t\u00e9kos, aki a Luxon Pay-jel t\u00f6rt\u00e9n\u0151 befizet\u00e9s ut\u00e1n a bubor\u00e9kn\u00e1l kiugrik, a teljes nevez\u00e9si d\u00edjat visszat\u00e9r\u00edtj\u00fck a Luxon sz\u00e1ml\u00e1dra.<\/p>\n<p>J\u00e1tssz magabiztosan, tudv\u00e1n, hogy m\u00e9g a bubor\u00e9k sem fog megt\u00f6rni.<\/p>\n<p>\u00c1ltal\u00e1nos Szerz\u0151d\u00e9si Felt\u00e9telek:<br \/>\n1.\u2060 \u2060Jogosults\u00e1g:<br \/>\n\u2022\u2060 \u2060A j\u00e1t\u00e9kosoknak a Luxon Pay alkalmaz\u00e1son kereszt\u00fcl kell feldolgozniuk a verseny nevez\u00e9si d\u00edj\u00e1t ahhoz, hogy jogosultak legyenek a bubor\u00e9kv\u00e9delemre.<br \/>\n\u2022\u2060 \u2060A bubor\u00e9kv\u00e9delem ig\u00e9nyl\u00e9s\u00e9hez a j\u00e1t\u00e9kosnak legal\u00e1bb egyszer be kellett neveznie a versenyre a Luxon Pay haszn\u00e1lat\u00e1val.<br \/>\n\u2022\u2060 \u2060A bubor\u00e9kv\u00e9delem csak a meghirdetett, meghat\u00e1rozott versenyekre vonatkozik. 2.\u2060 \u2060A bubor\u00e9kv\u00e9delem meghat\u00e1roz\u00e1sa:<br \/>\n\u2022\u2060 \u2060A bubor\u00e9kv\u00e9delem garant\u00e1lja a nevez\u00e9si d\u00edj visszat\u00e9r\u00edt\u00e9s\u00e9t, ha a j\u00e1t\u00e9kos a &#8222;bubor\u00e9k&#8221; poz\u00edci\u00f3ban v\u00e9gez (az els\u0151 helyen a fizet\u0151s helyek kiv\u00e9tel\u00e9vel), felt\u00e9ve, hogy az utols\u00f3 fizet\u0151s poz\u00edci\u00f3ban nem t\u00f6rt\u00e9nt \u00fczlet vagy megoszt\u00e1s.<br \/>\n\u2022\u2060 \u2060A visszat\u00e9r\u00edt\u00e9s \u00f6sszege megegyezik a verseny nevez\u00e9si d\u00edj\u00e1val, a tov\u00e1bbi d\u00edjak vagy k\u00f6lts\u00e9gek n\u00e9lk\u00fcl.<br \/>\n3.\u2060 \u2060A bubor\u00e9kv\u00e9delem ig\u00e9nyl\u00e9se:<br \/>\n\u2022\u2060 \u2060A bubor\u00e9kv\u00e9delem automatikusan alkalmaz\u00e1sra ker\u00fcl, amikor a j\u00e1t\u00e9kosok a Luxon Pay alkalmaz\u00e1son kereszt\u00fcl feldolgozz\u00e1k a verseny nevez\u00e9si d\u00edj\u00e1t.<br \/>\n\u2022\u2060 \u2060A bubor\u00e9kj\u00e1t\u00e9kos meghat\u00e1roz\u00e1s\u00e1t a Luxon Pay a kaszin\u00f3val vagy a versenyigazgat\u00f3val konzult\u00e1lva er\u0151s\u00edti meg, kiz\u00e1r\u00f3lag a hivatalos kaszin\u00f3verseny-rendszer \u00e9s a bubor\u00e9kpoz\u00edci\u00f3ban kiesett j\u00e1t\u00e9kos nev\u00e9re t\u00e1maszkodva.<br \/>\n\u2022\u2060 \u2060A visszat\u00e9r\u00edt\u00e9seket a verseny eredm\u00e9nyeinek ellen\u0151rz\u00e9s\u00e9t k\u00f6vet\u0151 72 munka\u00f3r\u00e1n bel\u00fcl feldolgozzuk.<br \/>\n4.\u2060 \u2060Korl\u00e1toz\u00e1sok \u00e9s kiz\u00e1r\u00e1sok:<br \/>\n\u2022\u2060 \u2060A bubor\u00e9kv\u00e9delem nem \u00e1truh\u00e1zhat\u00f3 \u00e9s nem v\u00e1lthat\u00f3 k\u00e9szp\u00e9nzre.<br \/>\n\u2022\u2060 \u2060A bubor\u00e9kpoz\u00edci\u00f3val kapcsolatos vita eset\u00e9n a Luxon Pay d\u00f6nt\u00e9se v\u00e9gleges. *<br \/>\n\u2022\u2060 \u2060A bubor\u00e9kv\u00e9delem nem terjed ki az \u00fajranevez\u00e9sekre vagy a kieg\u00e9sz\u00edt\u0151kre.<br \/>\n5.\u2060 \u2060\u00c1ltal\u00e1nos felt\u00e9telek:<br \/>\n\u2022\u2060 \u2060A Luxon Pay fenntartja a jogot, hogy b\u00e1rmikor m\u00f3dos\u00edtsa vagy megsz\u00fcntesse az aj\u00e1nlatot.<br \/>\n\u2022\u2060 \u2060B\u00e1rmilyen csal\u00e1rd tev\u00e9kenys\u00e9g vagy vissza\u00e9l\u00e9s az aj\u00e1nlatb\u00f3l val\u00f3 kiz\u00e1r\u00e1st vonja maga ut\u00e1n.<br \/>\n\u2022\u2060 \u2060Az aj\u00e1nlatban val\u00f3 r\u00e9szv\u00e9tellel a j\u00e1t\u00e9kosok beleegyeznek, hogy betartj\u00e1k ezeket a felt\u00e9teleket.<\/p>\n<p>*Ez azt jelenti, hogy ha b\u00e1rmilyen n\u00e9zetelt\u00e9r\u00e9s vagy vita mer\u00fcl fel azzal kapcsolatban, hogy egy j\u00e1t\u00e9kos val\u00f3ban a &#8222;bubor\u00e9k&#8221;-e (p\u00e9ld\u00e1ul a nem egy\u00e9rtelm\u0171 verseny\u00e1ll\u00e1sok vagy az \u00fczletekkel\/splitekkel kapcsolatos vit\u00e1k miatt), a Luxon Pay mondja ki a v\u00e9gs\u0151 sz\u00f3t az \u00fcgyben.<\/p>\n","protected":false},"excerpt":{"rendered":"<p>Senki sem szereti, ha egy versenyeb bubor\u00e9kos lesz \u2013 amikor k\u00f6zel ker\u00fcl a p\u00e9nzhez, majd \u00fcres k\u00e9zzel t\u00e1vozik. Ez\u00e9rt \u00e1ll m\u00f6g\u00f6tted a Luxon Pay. Hideg Bubor\u00e9k V\u00e9delm\u00fcnkkel, ha te vagy az a szerencs\u00e9tlen j\u00e1t\u00e9kos, aki a Luxon Pay-jel t\u00f6rt\u00e9n\u0151 befizet\u00e9s ut\u00e1n a bubor\u00e9kn\u00e1l kiugrik, a teljes nevez\u00e9si d\u00edjat visszat\u00e9r\u00edtj\u00fck a Luxon sz\u00e1ml\u00e1dra. J\u00e1tssz magabiztosan, tudv\u00e1n,<a class=\"excerpt-read-more\" href=\"https:\/\/luxon.com\/hu\/luxon-pay-stone-cold-bubble-protection\/\" title=\"ReadLuxon Pay \u2013 K\u0151kem\u00e9ny bubor\u00e9kv\u00e9delem\">&#8230; Read more &raquo;<\/a><\/p>\n","protected":false},"author":9,"featured_media":31314,"parent":0,"menu_order":0,"comment_status":"closed","ping_status":"closed","template":"template-full-width.php","meta":{"_acf_changed":false,"footnotes":""},"class_list":["post-33384","page","type-page","status-publish","has-post-thumbnail","hentry"],"acf":[],"yoast_head":"<!-- This site is optimized with the Yoast SEO plugin v27.1.1 - https:\/\/yoast.com\/product\/yoast-seo-wordpress\/ -->\n<title>Luxon Pay \u2013 K\u0151kem\u00e9ny bubor\u00e9kv\u00e9delem - Luxon Pay<\/title>\n<meta name=\"robots\" content=\"index, follow, max-snippet:-1, max-image-preview:large, max-video-preview:-1\" \/>\n<link rel=\"canonical\" href=\"https:\/\/luxon.com\/hu\/luxon-pay-stone-cold-bubble-protection\/\" \/>\n<meta property=\"og:locale\" content=\"hu_HU\" \/>\n<meta property=\"og:type\" content=\"article\" \/>\n<meta property=\"og:title\" content=\"Luxon Pay \u2013 K\u0151kem\u00e9ny bubor\u00e9kv\u00e9delem - Luxon Pay\" \/>\n<meta property=\"og:description\" content=\"Senki sem szereti, ha egy versenyeb bubor\u00e9kos lesz \u2013 amikor k\u00f6zel ker\u00fcl a p\u00e9nzhez, majd \u00fcres k\u00e9zzel t\u00e1vozik. Ez\u00e9rt \u00e1ll m\u00f6g\u00f6tted a Luxon Pay. Hideg Bubor\u00e9k V\u00e9delm\u00fcnkkel, ha te vagy az a szerencs\u00e9tlen j\u00e1t\u00e9kos, aki a Luxon Pay-jel t\u00f6rt\u00e9n\u0151 befizet\u00e9s ut\u00e1n a bubor\u00e9kn\u00e1l kiugrik, a teljes nevez\u00e9si d\u00edjat visszat\u00e9r\u00edtj\u00fck a Luxon sz\u00e1ml\u00e1dra. J\u00e1tssz magabiztosan, tudv\u00e1n,... Read more &raquo;\" \/>\n<meta property=\"og:url\" content=\"https:\/\/luxon.com\/hu\/luxon-pay-stone-cold-bubble-protection\/\" \/>\n<meta property=\"og:site_name\" content=\"Luxon Pay\" \/>\n<meta property=\"article:modified_time\" content=\"2026-02-16T05:46:28+00:00\" \/>\n<meta property=\"og:image\" content=\"https:\/\/luxon.com\/wp-content\/uploads\/LuxonBubbleProtectionBanner.jpeg\" \/>\n\t<meta property=\"og:image:width\" content=\"1920\" \/>\n\t<meta property=\"og:image:height\" content=\"1080\" \/>\n\t<meta property=\"og:image:type\" content=\"image\/jpeg\" \/>\n<meta name=\"twitter:card\" content=\"summary_large_image\" \/>\n<meta name=\"twitter:label1\" content=\"Becs\u00fclt olvas\u00e1si id\u0151\" \/>\n\t<meta name=\"twitter:data1\" content=\"2 perc\" \/>\n<script type=\"application\/ld+json\" class=\"yoast-schema-graph\">{\"@context\":\"https:\/\/schema.org\",\"@graph\":[{\"@type\":\"WebPage\",\"@id\":\"https:\/\/luxon.com\/hu\/luxon-pay-stone-cold-bubble-protection\/\",\"url\":\"https:\/\/luxon.com\/hu\/luxon-pay-stone-cold-bubble-protection\/\",\"name\":\"Luxon Pay \u2013 K\u0151kem\u00e9ny bubor\u00e9kv\u00e9delem - Luxon Pay\",\"isPartOf\":{\"@id\":\"https:\/\/luxon.com\/hu\/#website\"},\"primaryImageOfPage\":{\"@id\":\"https:\/\/luxon.com\/hu\/luxon-pay-stone-cold-bubble-protection\/#primaryimage\"},\"image\":{\"@id\":\"https:\/\/luxon.com\/hu\/luxon-pay-stone-cold-bubble-protection\/#primaryimage\"},\"thumbnailUrl\":\"https:\/\/luxon.com\/wp-content\/uploads\/LuxonBubbleProtectionBanner.jpeg\",\"datePublished\":\"2025-08-20T08:36:39+00:00\",\"dateModified\":\"2026-02-16T05:46:28+00:00\",\"inLanguage\":\"hu\",\"potentialAction\":[{\"@type\":\"ReadAction\",\"target\":[\"https:\/\/luxon.com\/hu\/luxon-pay-stone-cold-bubble-protection\/\"]}]},{\"@type\":\"ImageObject\",\"inLanguage\":\"hu\",\"@id\":\"https:\/\/luxon.com\/hu\/luxon-pay-stone-cold-bubble-protection\/#primaryimage\",\"url\":\"https:\/\/luxon.com\/wp-content\/uploads\/LuxonBubbleProtectionBanner.jpeg\",\"contentUrl\":\"https:\/\/luxon.com\/wp-content\/uploads\/LuxonBubbleProtectionBanner.jpeg\",\"width\":1920,\"height\":1080},{\"@type\":\"WebSite\",\"@id\":\"https:\/\/luxon.com\/hu\/#website\",\"url\":\"https:\/\/luxon.com\/hu\/\",\"name\":\"Luxon Pay\",\"description\":\"Instant secure global payments\",\"publisher\":{\"@id\":\"https:\/\/luxon.com\/hu\/#organization\"},\"potentialAction\":[{\"@type\":\"SearchAction\",\"target\":{\"@type\":\"EntryPoint\",\"urlTemplate\":\"https:\/\/luxon.com\/hu\/?s={search_term_string}\"},\"query-input\":{\"@type\":\"PropertyValueSpecification\",\"valueRequired\":true,\"valueName\":\"search_term_string\"}}],\"inLanguage\":\"hu\"},{\"@type\":\"Organization\",\"@id\":\"https:\/\/luxon.com\/hu\/#organization\",\"name\":\"Luxon Pay\",\"url\":\"https:\/\/luxon.com\/hu\/\",\"logo\":{\"@type\":\"ImageObject\",\"inLanguage\":\"hu\",\"@id\":\"https:\/\/luxon.com\/hu\/#\/schema\/logo\/image\/\",\"url\":\"https:\/\/luxon.com\/wp-content\/uploads\/WebsiteImage04.png\",\"contentUrl\":\"https:\/\/luxon.com\/wp-content\/uploads\/WebsiteImage04.png\",\"width\":1200,\"height\":630,\"caption\":\"Luxon Pay\"},\"image\":{\"@id\":\"https:\/\/luxon.com\/hu\/#\/schema\/logo\/image\/\"}}]}<\/script>\n<!-- \/ Yoast SEO plugin. -->","yoast_head_json":{"title":"Luxon Pay \u2013 K\u0151kem\u00e9ny bubor\u00e9kv\u00e9delem - Luxon Pay","robots":{"index":"index","follow":"follow","max-snippet":"max-snippet:-1","max-image-preview":"max-image-preview:large","max-video-preview":"max-video-preview:-1"},"canonical":"https:\/\/luxon.com\/hu\/luxon-pay-stone-cold-bubble-protection\/","og_locale":"hu_HU","og_type":"article","og_title":"Luxon Pay \u2013 K\u0151kem\u00e9ny bubor\u00e9kv\u00e9delem - Luxon Pay","og_description":"Senki sem szereti, ha egy versenyeb bubor\u00e9kos lesz \u2013 amikor k\u00f6zel ker\u00fcl a p\u00e9nzhez, majd \u00fcres k\u00e9zzel t\u00e1vozik. Ez\u00e9rt \u00e1ll m\u00f6g\u00f6tted a Luxon Pay. Hideg Bubor\u00e9k V\u00e9delm\u00fcnkkel, ha te vagy az a szerencs\u00e9tlen j\u00e1t\u00e9kos, aki a Luxon Pay-jel t\u00f6rt\u00e9n\u0151 befizet\u00e9s ut\u00e1n a bubor\u00e9kn\u00e1l kiugrik, a teljes nevez\u00e9si d\u00edjat visszat\u00e9r\u00edtj\u00fck a Luxon sz\u00e1ml\u00e1dra. J\u00e1tssz magabiztosan, tudv\u00e1n,... Read more &raquo;","og_url":"https:\/\/luxon.com\/hu\/luxon-pay-stone-cold-bubble-protection\/","og_site_name":"Luxon Pay","article_modified_time":"2026-02-16T05:46:28+00:00","og_image":[{"width":1920,"height":1080,"url":"https:\/\/luxon.com\/wp-content\/uploads\/LuxonBubbleProtectionBanner.jpeg","type":"image\/jpeg"}],"twitter_card":"summary_large_image","twitter_misc":{"Becs\u00fclt olvas\u00e1si id\u0151":"2 perc"},"schema":{"@context":"https:\/\/schema.org","@graph":[{"@type":"WebPage","@id":"https:\/\/luxon.com\/hu\/luxon-pay-stone-cold-bubble-protection\/","url":"https:\/\/luxon.com\/hu\/luxon-pay-stone-cold-bubble-protection\/","name":"Luxon Pay \u2013 K\u0151kem\u00e9ny bubor\u00e9kv\u00e9delem - Luxon Pay","isPartOf":{"@id":"https:\/\/luxon.com\/hu\/#website"},"primaryImageOfPage":{"@id":"https:\/\/luxon.com\/hu\/luxon-pay-stone-cold-bubble-protection\/#primaryimage"},"image":{"@id":"https:\/\/luxon.com\/hu\/luxon-pay-stone-cold-bubble-protection\/#primaryimage"},"thumbnailUrl":"https:\/\/luxon.com\/wp-content\/uploads\/LuxonBubbleProtectionBanner.jpeg","datePublished":"2025-08-20T08:36:39+00:00","dateModified":"2026-02-16T05:46:28+00:00","inLanguage":"hu","potentialAction":[{"@type":"ReadAction","target":["https:\/\/luxon.com\/hu\/luxon-pay-stone-cold-bubble-protection\/"]}]},{"@type":"ImageObject","inLanguage":"hu","@id":"https:\/\/luxon.com\/hu\/luxon-pay-stone-cold-bubble-protection\/#primaryimage","url":"https:\/\/luxon.com\/wp-content\/uploads\/LuxonBubbleProtectionBanner.jpeg","contentUrl":"https:\/\/luxon.com\/wp-content\/uploads\/LuxonBubbleProtectionBanner.jpeg","width":1920,"height":1080},{"@type":"WebSite","@id":"https:\/\/luxon.com\/hu\/#website","url":"https:\/\/luxon.com\/hu\/","name":"Luxon Pay","description":"Instant secure global payments","publisher":{"@id":"https:\/\/luxon.com\/hu\/#organization"},"potentialAction":[{"@type":"SearchAction","target":{"@type":"EntryPoint","urlTemplate":"https:\/\/luxon.com\/hu\/?s={search_term_string}"},"query-input":{"@type":"PropertyValueSpecification","valueRequired":true,"valueName":"search_term_string"}}],"inLanguage":"hu"},{"@type":"Organization","@id":"https:\/\/luxon.com\/hu\/#organization","name":"Luxon Pay","url":"https:\/\/luxon.com\/hu\/","logo":{"@type":"ImageObject","inLanguage":"hu","@id":"https:\/\/luxon.com\/hu\/#\/schema\/logo\/image\/","url":"https:\/\/luxon.com\/wp-content\/uploads\/WebsiteImage04.png","contentUrl":"https:\/\/luxon.com\/wp-content\/uploads\/WebsiteImage04.png","width":1200,"height":630,"caption":"Luxon Pay"},"image":{"@id":"https:\/\/luxon.com\/hu\/#\/schema\/logo\/image\/"}}]}},"_links":{"self":[{"href":"https:\/\/luxon.com\/hu\/wp-json\/wp\/v2\/pages\/33384","targetHints":{"allow":["GET"]}}],"collection":[{"href":"https:\/\/luxon.com\/hu\/wp-json\/wp\/v2\/pages"}],"about":[{"href":"https:\/\/luxon.com\/hu\/wp-json\/wp\/v2\/types\/page"}],"author":[{"embeddable":true,"href":"https:\/\/luxon.com\/hu\/wp-json\/wp\/v2\/users\/9"}],"replies":[{"embeddable":true,"href":"https:\/\/luxon.com\/hu\/wp-json\/wp\/v2\/comments?post=33384"}],"version-history":[{"count":1,"href":"https:\/\/luxon.com\/hu\/wp-json\/wp\/v2\/pages\/33384\/revisions"}],"predecessor-version":[{"id":33414,"href":"https:\/\/luxon.com\/hu\/wp-json\/wp\/v2\/pages\/33384\/revisions\/33414"}],"wp:featuredmedia":[{"embeddable":true,"href":"https:\/\/luxon.com\/hu\/wp-json\/wp\/v2\/media\/31314"}],"wp:attachment":[{"href":"https:\/\/luxon.com\/hu\/wp-json\/wp\/v2\/media?parent=33384"}],"curies":[{"name":"wp","href":"https:\/\/api.w.org\/{rel}","templated":true}]}}