{"id":33458,"date":"2026-02-17T20:00:32","date_gmt":"2026-02-17T20:00:32","guid":{"rendered":"https:\/\/luxon.com\/?page_id=33458"},"modified":"2026-02-17T16:42:50","modified_gmt":"2026-02-17T16:42:50","slug":"a-luxon-pay-bevezeti-a-0-kifizetesi-dijat-az-ugyfelek-szamara","status":"publish","type":"page","link":"https:\/\/luxon.com\/hu\/a-luxon-pay-bevezeti-a-0-kifizetesi-dijat-az-ugyfelek-szamara\/","title":{"rendered":"A Luxon Pay bevezeti a 0 kifizet\u00e9si d\u00edjat az \u00fcgyfelek sz\u00e1m\u00e1ra"},"content":{"rendered":"<h3 style=\"text-align: center;\"><strong>Egy tiszt\u00e1bb, \u00e1tl\u00e1that\u00f3bb m\u00f3dja a p\u00e9nze hozz\u00e1f\u00e9r\u00e9s\u00e9nek.<\/strong><\/h3>\n<p>&nbsp;<\/p>\n<p>Azt mondt\u00e1k nek\u00fcnk, hogy a kifizet\u00e9si d\u00edjak frusztr\u00e1l\u00f3ak. Mi meghallgattuk.<\/p>\n<p>A Luxon Pay \u00fcgyfelei mostant\u00f3l nulla Luxon Pay kifizet\u00e9si d\u00edjjal vehetik fel a p\u00e9nz\u00fcket, \u00edgy egy\u00e9rtelm\u0171bb \u00e9s kisz\u00e1m\u00edthat\u00f3bb hozz\u00e1f\u00e9r\u00e9st biztos\u00edtanak a p\u00e9nz\u00fckh\u00f6z.<\/p>\n<p>Mert a te p\u00e9nzedr\u0151l van sz\u00f3 \u2013 nem a mi\u00e9nkr\u0151l. Ez a friss\u00edt\u00e9s t\u00fckr\u00f6zi a Luxon Pay elk\u00f6telezetts\u00e9g\u00e9t az \u00e1tl\u00e1that\u00f3s\u00e1g \u00e9s a bizalom ir\u00e1nt a mindennapi p\u00e9nzmozg\u00e1sok sor\u00e1n, egy\u00e9rtelm\u0171bb elv\u00e1r\u00e1sokat teremtve az \u00fcgyfelek sz\u00e1m\u00e1ra a p\u00e9nzfelv\u00e9telkor.<\/p>\n<p>A saj\u00e1t p\u00e9nzhez val\u00f3 hozz\u00e1f\u00e9r\u00e9s t\u00fal gyakran sz\u00fcks\u00e9gtelen bizonytalans\u00e1ggal j\u00e1r \u2013 nem egy\u00e9rtelm\u0171 d\u00edjakkal vagy v\u00e1ratlan levon\u00e1sokkal. Ez a v\u00e1ltoz\u00e1s elt\u00f6rli a Luxon Pay kifizet\u00e9si d\u00edjait, \u00e9s nagyobb \u00e1tl\u00e1that\u00f3s\u00e1got biztos\u00edt a p\u00e9nzfelv\u00e9telkor.<\/p>\n<p>Mozgassa a p\u00e9nz\u00e9t magabiztosan.<\/p>\n<p><img loading=\"lazy\" decoding=\"async\" class=\"alignnone size-full wp-image-33423\" src=\"https:\/\/luxon.com\/wp-content\/uploads\/Blog-Image_1600x900.png\" alt=\"\" width=\"1600\" height=\"900\" srcset=\"https:\/\/luxon.com\/wp-content\/uploads\/Blog-Image_1600x900.png 1600w, https:\/\/luxon.com\/wp-content\/uploads\/Blog-Image_1600x900-300x169.png 300w, https:\/\/luxon.com\/wp-content\/uploads\/Blog-Image_1600x900-1024x576.png 1024w, https:\/\/luxon.com\/wp-content\/uploads\/Blog-Image_1600x900-768x432.png 768w, https:\/\/luxon.com\/wp-content\/uploads\/Blog-Image_1600x900-1536x864.png 1536w\" sizes=\"auto, (max-width: 1600px) 100vw, 1600px\" \/><\/p>\n","protected":false},"excerpt":{"rendered":"<p>Egy tiszt\u00e1bb, \u00e1tl\u00e1that\u00f3bb m\u00f3dja a p\u00e9nze hozz\u00e1f\u00e9r\u00e9s\u00e9nek. &nbsp; Azt mondt\u00e1k nek\u00fcnk, hogy a kifizet\u00e9si d\u00edjak frusztr\u00e1l\u00f3ak. Mi meghallgattuk. A Luxon Pay \u00fcgyfelei mostant\u00f3l nulla Luxon Pay kifizet\u00e9si d\u00edjjal vehetik fel a p\u00e9nz\u00fcket, \u00edgy egy\u00e9rtelm\u0171bb \u00e9s kisz\u00e1m\u00edthat\u00f3bb hozz\u00e1f\u00e9r\u00e9st biztos\u00edtanak a p\u00e9nz\u00fckh\u00f6z. Mert a te p\u00e9nzedr\u0151l van sz\u00f3 \u2013 nem a mi\u00e9nkr\u0151l. Ez a friss\u00edt\u00e9s t\u00fckr\u00f6zi a<a class=\"excerpt-read-more\" href=\"https:\/\/luxon.com\/hu\/a-luxon-pay-bevezeti-a-0-kifizetesi-dijat-az-ugyfelek-szamara\/\" title=\"ReadA Luxon Pay bevezeti a 0 kifizet\u00e9si d\u00edjat az \u00fcgyfelek sz\u00e1m\u00e1ra\">&#8230; Read more &raquo;<\/a><\/p>\n","protected":false},"author":3,"featured_media":33423,"parent":0,"menu_order":0,"comment_status":"closed","ping_status":"closed","template":"templates\/terms-and-conditions.php","meta":{"_acf_changed":false,"footnotes":""},"class_list":["post-33458","page","type-page","status-publish","has-post-thumbnail","hentry"],"acf":[],"yoast_head":"<!-- This site is optimized with the Yoast SEO plugin v27.4 - https:\/\/yoast.com\/product\/yoast-seo-wordpress\/ -->\n<title>A Luxon Pay bevezeti a 0 kifizet\u00e9si d\u00edjat az \u00fcgyfelek sz\u00e1m\u00e1ra - Luxon Pay<\/title>\n<meta name=\"robots\" content=\"index, follow, max-snippet:-1, max-image-preview:large, max-video-preview:-1\" \/>\n<link rel=\"canonical\" href=\"https:\/\/luxon.com\/hu\/a-luxon-pay-bevezeti-a-0-kifizetesi-dijat-az-ugyfelek-szamara\/\" \/>\n<meta property=\"og:locale\" content=\"hu_HU\" \/>\n<meta property=\"og:type\" content=\"article\" \/>\n<meta property=\"og:title\" content=\"A Luxon Pay bevezeti a 0 kifizet\u00e9si d\u00edjat az \u00fcgyfelek sz\u00e1m\u00e1ra - Luxon Pay\" \/>\n<meta property=\"og:description\" content=\"Egy tiszt\u00e1bb, \u00e1tl\u00e1that\u00f3bb m\u00f3dja a p\u00e9nze hozz\u00e1f\u00e9r\u00e9s\u00e9nek. &nbsp; Azt mondt\u00e1k nek\u00fcnk, hogy a kifizet\u00e9si d\u00edjak frusztr\u00e1l\u00f3ak. Mi meghallgattuk. A Luxon Pay \u00fcgyfelei mostant\u00f3l nulla Luxon Pay kifizet\u00e9si d\u00edjjal vehetik fel a p\u00e9nz\u00fcket, \u00edgy egy\u00e9rtelm\u0171bb \u00e9s kisz\u00e1m\u00edthat\u00f3bb hozz\u00e1f\u00e9r\u00e9st biztos\u00edtanak a p\u00e9nz\u00fckh\u00f6z. Mert a te p\u00e9nzedr\u0151l van sz\u00f3 \u2013 nem a mi\u00e9nkr\u0151l. Ez a friss\u00edt\u00e9s t\u00fckr\u00f6zi a... Read more &raquo;\" \/>\n<meta property=\"og:url\" content=\"https:\/\/luxon.com\/hu\/a-luxon-pay-bevezeti-a-0-kifizetesi-dijat-az-ugyfelek-szamara\/\" \/>\n<meta property=\"og:site_name\" content=\"Luxon Pay\" \/>\n<meta property=\"og:image\" content=\"https:\/\/luxon.com\/wp-content\/uploads\/Blog-Image_1600x900.png\" \/>\n\t<meta property=\"og:image:width\" content=\"1600\" \/>\n\t<meta property=\"og:image:height\" content=\"900\" \/>\n\t<meta property=\"og:image:type\" content=\"image\/png\" \/>\n<meta name=\"twitter:card\" content=\"summary_large_image\" \/>\n<meta name=\"twitter:label1\" content=\"Becs\u00fclt olvas\u00e1si id\u0151\" \/>\n\t<meta name=\"twitter:data1\" content=\"1 perc\" \/>\n<script type=\"application\/ld+json\" class=\"yoast-schema-graph\">{\"@context\":\"https:\\\/\\\/schema.org\",\"@graph\":[{\"@type\":\"WebPage\",\"@id\":\"https:\\\/\\\/luxon.com\\\/hu\\\/a-luxon-pay-bevezeti-a-0-kifizetesi-dijat-az-ugyfelek-szamara\\\/\",\"url\":\"https:\\\/\\\/luxon.com\\\/hu\\\/a-luxon-pay-bevezeti-a-0-kifizetesi-dijat-az-ugyfelek-szamara\\\/\",\"name\":\"A Luxon Pay bevezeti a 0 kifizet\u00e9si d\u00edjat az \u00fcgyfelek sz\u00e1m\u00e1ra - Luxon Pay\",\"isPartOf\":{\"@id\":\"https:\\\/\\\/luxon.com\\\/hu\\\/#website\"},\"primaryImageOfPage\":{\"@id\":\"https:\\\/\\\/luxon.com\\\/hu\\\/a-luxon-pay-bevezeti-a-0-kifizetesi-dijat-az-ugyfelek-szamara\\\/#primaryimage\"},\"image\":{\"@id\":\"https:\\\/\\\/luxon.com\\\/hu\\\/a-luxon-pay-bevezeti-a-0-kifizetesi-dijat-az-ugyfelek-szamara\\\/#primaryimage\"},\"thumbnailUrl\":\"https:\\\/\\\/luxon.com\\\/wp-content\\\/uploads\\\/Blog-Image_1600x900.png\",\"datePublished\":\"2026-02-17T20:00:32+00:00\",\"inLanguage\":\"hu\",\"potentialAction\":[{\"@type\":\"ReadAction\",\"target\":[\"https:\\\/\\\/luxon.com\\\/hu\\\/a-luxon-pay-bevezeti-a-0-kifizetesi-dijat-az-ugyfelek-szamara\\\/\"]}]},{\"@type\":\"ImageObject\",\"inLanguage\":\"hu\",\"@id\":\"https:\\\/\\\/luxon.com\\\/hu\\\/a-luxon-pay-bevezeti-a-0-kifizetesi-dijat-az-ugyfelek-szamara\\\/#primaryimage\",\"url\":\"https:\\\/\\\/luxon.com\\\/wp-content\\\/uploads\\\/Blog-Image_1600x900.png\",\"contentUrl\":\"https:\\\/\\\/luxon.com\\\/wp-content\\\/uploads\\\/Blog-Image_1600x900.png\",\"width\":1600,\"height\":900},{\"@type\":\"WebSite\",\"@id\":\"https:\\\/\\\/luxon.com\\\/hu\\\/#website\",\"url\":\"https:\\\/\\\/luxon.com\\\/hu\\\/\",\"name\":\"Luxon Pay\",\"description\":\"Instant secure global payments\",\"publisher\":{\"@id\":\"https:\\\/\\\/luxon.com\\\/hu\\\/#organization\"},\"potentialAction\":[{\"@type\":\"SearchAction\",\"target\":{\"@type\":\"EntryPoint\",\"urlTemplate\":\"https:\\\/\\\/luxon.com\\\/hu\\\/?s={search_term_string}\"},\"query-input\":{\"@type\":\"PropertyValueSpecification\",\"valueRequired\":true,\"valueName\":\"search_term_string\"}}],\"inLanguage\":\"hu\"},{\"@type\":\"Organization\",\"@id\":\"https:\\\/\\\/luxon.com\\\/hu\\\/#organization\",\"name\":\"Luxon Pay\",\"url\":\"https:\\\/\\\/luxon.com\\\/hu\\\/\",\"logo\":{\"@type\":\"ImageObject\",\"inLanguage\":\"hu\",\"@id\":\"https:\\\/\\\/luxon.com\\\/hu\\\/#\\\/schema\\\/logo\\\/image\\\/\",\"url\":\"https:\\\/\\\/luxon.com\\\/wp-content\\\/uploads\\\/WebsiteImage04.png\",\"contentUrl\":\"https:\\\/\\\/luxon.com\\\/wp-content\\\/uploads\\\/WebsiteImage04.png\",\"width\":1200,\"height\":630,\"caption\":\"Luxon Pay\"},\"image\":{\"@id\":\"https:\\\/\\\/luxon.com\\\/hu\\\/#\\\/schema\\\/logo\\\/image\\\/\"}}]}<\/script>\n<!-- \/ Yoast SEO plugin. -->","yoast_head_json":{"title":"A Luxon Pay bevezeti a 0 kifizet\u00e9si d\u00edjat az \u00fcgyfelek sz\u00e1m\u00e1ra - Luxon Pay","robots":{"index":"index","follow":"follow","max-snippet":"max-snippet:-1","max-image-preview":"max-image-preview:large","max-video-preview":"max-video-preview:-1"},"canonical":"https:\/\/luxon.com\/hu\/a-luxon-pay-bevezeti-a-0-kifizetesi-dijat-az-ugyfelek-szamara\/","og_locale":"hu_HU","og_type":"article","og_title":"A Luxon Pay bevezeti a 0 kifizet\u00e9si d\u00edjat az \u00fcgyfelek sz\u00e1m\u00e1ra - Luxon Pay","og_description":"Egy tiszt\u00e1bb, \u00e1tl\u00e1that\u00f3bb m\u00f3dja a p\u00e9nze hozz\u00e1f\u00e9r\u00e9s\u00e9nek. &nbsp; Azt mondt\u00e1k nek\u00fcnk, hogy a kifizet\u00e9si d\u00edjak frusztr\u00e1l\u00f3ak. Mi meghallgattuk. A Luxon Pay \u00fcgyfelei mostant\u00f3l nulla Luxon Pay kifizet\u00e9si d\u00edjjal vehetik fel a p\u00e9nz\u00fcket, \u00edgy egy\u00e9rtelm\u0171bb \u00e9s kisz\u00e1m\u00edthat\u00f3bb hozz\u00e1f\u00e9r\u00e9st biztos\u00edtanak a p\u00e9nz\u00fckh\u00f6z. Mert a te p\u00e9nzedr\u0151l van sz\u00f3 \u2013 nem a mi\u00e9nkr\u0151l. Ez a friss\u00edt\u00e9s t\u00fckr\u00f6zi a... Read more &raquo;","og_url":"https:\/\/luxon.com\/hu\/a-luxon-pay-bevezeti-a-0-kifizetesi-dijat-az-ugyfelek-szamara\/","og_site_name":"Luxon Pay","og_image":[{"width":1600,"height":900,"url":"https:\/\/luxon.com\/wp-content\/uploads\/Blog-Image_1600x900.png","type":"image\/png"}],"twitter_card":"summary_large_image","twitter_misc":{"Becs\u00fclt olvas\u00e1si id\u0151":"1 perc"},"schema":{"@context":"https:\/\/schema.org","@graph":[{"@type":"WebPage","@id":"https:\/\/luxon.com\/hu\/a-luxon-pay-bevezeti-a-0-kifizetesi-dijat-az-ugyfelek-szamara\/","url":"https:\/\/luxon.com\/hu\/a-luxon-pay-bevezeti-a-0-kifizetesi-dijat-az-ugyfelek-szamara\/","name":"A Luxon Pay bevezeti a 0 kifizet\u00e9si d\u00edjat az \u00fcgyfelek sz\u00e1m\u00e1ra - Luxon Pay","isPartOf":{"@id":"https:\/\/luxon.com\/hu\/#website"},"primaryImageOfPage":{"@id":"https:\/\/luxon.com\/hu\/a-luxon-pay-bevezeti-a-0-kifizetesi-dijat-az-ugyfelek-szamara\/#primaryimage"},"image":{"@id":"https:\/\/luxon.com\/hu\/a-luxon-pay-bevezeti-a-0-kifizetesi-dijat-az-ugyfelek-szamara\/#primaryimage"},"thumbnailUrl":"https:\/\/luxon.com\/wp-content\/uploads\/Blog-Image_1600x900.png","datePublished":"2026-02-17T20:00:32+00:00","inLanguage":"hu","potentialAction":[{"@type":"ReadAction","target":["https:\/\/luxon.com\/hu\/a-luxon-pay-bevezeti-a-0-kifizetesi-dijat-az-ugyfelek-szamara\/"]}]},{"@type":"ImageObject","inLanguage":"hu","@id":"https:\/\/luxon.com\/hu\/a-luxon-pay-bevezeti-a-0-kifizetesi-dijat-az-ugyfelek-szamara\/#primaryimage","url":"https:\/\/luxon.com\/wp-content\/uploads\/Blog-Image_1600x900.png","contentUrl":"https:\/\/luxon.com\/wp-content\/uploads\/Blog-Image_1600x900.png","width":1600,"height":900},{"@type":"WebSite","@id":"https:\/\/luxon.com\/hu\/#website","url":"https:\/\/luxon.com\/hu\/","name":"Luxon Pay","description":"Instant secure global payments","publisher":{"@id":"https:\/\/luxon.com\/hu\/#organization"},"potentialAction":[{"@type":"SearchAction","target":{"@type":"EntryPoint","urlTemplate":"https:\/\/luxon.com\/hu\/?s={search_term_string}"},"query-input":{"@type":"PropertyValueSpecification","valueRequired":true,"valueName":"search_term_string"}}],"inLanguage":"hu"},{"@type":"Organization","@id":"https:\/\/luxon.com\/hu\/#organization","name":"Luxon Pay","url":"https:\/\/luxon.com\/hu\/","logo":{"@type":"ImageObject","inLanguage":"hu","@id":"https:\/\/luxon.com\/hu\/#\/schema\/logo\/image\/","url":"https:\/\/luxon.com\/wp-content\/uploads\/WebsiteImage04.png","contentUrl":"https:\/\/luxon.com\/wp-content\/uploads\/WebsiteImage04.png","width":1200,"height":630,"caption":"Luxon Pay"},"image":{"@id":"https:\/\/luxon.com\/hu\/#\/schema\/logo\/image\/"}}]}},"_links":{"self":[{"href":"https:\/\/luxon.com\/hu\/wp-json\/wp\/v2\/pages\/33458","targetHints":{"allow":["GET"]}}],"collection":[{"href":"https:\/\/luxon.com\/hu\/wp-json\/wp\/v2\/pages"}],"about":[{"href":"https:\/\/luxon.com\/hu\/wp-json\/wp\/v2\/types\/page"}],"author":[{"embeddable":true,"href":"https:\/\/luxon.com\/hu\/wp-json\/wp\/v2\/users\/3"}],"replies":[{"embeddable":true,"href":"https:\/\/luxon.com\/hu\/wp-json\/wp\/v2\/comments?post=33458"}],"version-history":[{"count":2,"href":"https:\/\/luxon.com\/hu\/wp-json\/wp\/v2\/pages\/33458\/revisions"}],"predecessor-version":[{"id":33483,"href":"https:\/\/luxon.com\/hu\/wp-json\/wp\/v2\/pages\/33458\/revisions\/33483"}],"wp:featuredmedia":[{"embeddable":true,"href":"https:\/\/luxon.com\/hu\/wp-json\/wp\/v2\/media\/33423"}],"wp:attachment":[{"href":"https:\/\/luxon.com\/hu\/wp-json\/wp\/v2\/media?parent=33458"}],"curies":[{"name":"wp","href":"https:\/\/api.w.org\/{rel}","templated":true}]}}