{"id":33712,"date":"2026-02-26T21:24:01","date_gmt":"2026-02-26T21:24:01","guid":{"rendered":"https:\/\/luxon.com\/receive-1-cashback-on-all-gg-poker-deposits\/"},"modified":"2026-03-09T08:14:59","modified_gmt":"2026-03-09T08:14:59","slug":"receive-1-cashback-on-all-gg-poker-deposits","status":"publish","type":"page","link":"https:\/\/luxon.com\/hu\/receive-1-cashback-on-all-gg-poker-deposits\/","title":{"rendered":"Kapj 1%-os p\u00e9nzvisszat\u00e9r\u00edt\u00e9st minden GG Poker befizet\u00e9sre \u00dcdv\u00f6zl\u00f6m"},"content":{"rendered":"<p><strong>1%-os p\u00e9nzvisszat\u00e9r\u00edt\u00e9s minden GG Poker online befizet\u00e9sre, ha a Luxon Pay-jel fizetsz.<\/strong><\/p>\n<p><strong>Hogyan m\u0171k\u00f6dik:<br \/>\n<\/strong>\u2022 Fizess be a GG Pokerre online a Luxon Pay-jel<br \/>\n\u2022 Kapj 1% p\u00e9nzvisszat\u00e9r\u00edt\u00e9st minden GG Poker befizet\u00e9sre<\/p>\n<p>Ha m\u00e1r j\u00e1tszol a WSOP Super Circuit-\u00f6n, ez egy egyszer\u0171 m\u00f3dja annak, hogy t\u00f6bbet hozz ki a j\u00e1t\u00e9kodb\u00f3l.<\/p>\n<p>Sok szerencs\u00e9t az asztalokn\u00e1l!<\/p>\n<p><strong>\u00c1ltal\u00e1nos Szerz\u0151d\u00e9si Felt\u00e9telek<\/strong><\/p>\n<ul>\n<li>Ez az aj\u00e1nlat a 2026. m\u00e1rcius 10. \u00e9s m\u00e1rcius 31. k\u00f6z\u00f6tt v\u00e9grehajtott GG Poker befizet\u00e9sekre vonatkozik.<\/li>\n<li>A p\u00e9nzvisszat\u00e9r\u00edt\u00e9s automatikusan j\u00f3v\u00e1\u00edr\u00e1sra ker\u00fcl a prom\u00f3ci\u00f3 lej\u00e1rta ut\u00e1n 7 munkanapon bel\u00fcl.<\/li>\n<li>Nincs fels\u0151 hat\u00e1r vagy maxim\u00e1lis p\u00e9nzvisszat\u00e9r\u00edt\u00e9si limit.<\/li>\n<li>Ez az akci\u00f3 n\u00e9vre sz\u00f3l\u00f3 \u00e9s nem \u00e1truh\u00e1zhat\u00f3.<\/li>\n<li>Kiz\u00e1r\u00f3lag online keresked\u0151k sz\u00e1m\u00e1ra \u00e9rv\u00e9nyes, \u00e9s nem vonatkozik az \u00e9l\u0151 esem\u00e9nyekhez kapcsol\u00f3d\u00f3 platformokra vagy befizet\u00e9sekre.<\/li>\n<li>A Luxon Pay \u00e1ltal\u00e1nos felt\u00e9telei \u00e9rv\u00e9nyesek.<\/li>\n<\/ul>\n","protected":false},"excerpt":{"rendered":"<p>1%-os p\u00e9nzvisszat\u00e9r\u00edt\u00e9s minden GG Poker online befizet\u00e9sre, ha a Luxon Pay-jel fizetsz. Hogyan m\u0171k\u00f6dik: \u2022 Fizess be a GG Pokerre online a Luxon Pay-jel \u2022 Kapj 1% p\u00e9nzvisszat\u00e9r\u00edt\u00e9st minden GG Poker befizet\u00e9sre Ha m\u00e1r j\u00e1tszol a WSOP Super Circuit-\u00f6n, ez egy egyszer\u0171 m\u00f3dja annak, hogy t\u00f6bbet hozz ki a j\u00e1t\u00e9kodb\u00f3l. Sok szerencs\u00e9t az asztalokn\u00e1l! \u00c1ltal\u00e1nos<a class=\"excerpt-read-more\" href=\"https:\/\/luxon.com\/hu\/receive-1-cashback-on-all-gg-poker-deposits\/\" title=\"ReadKapj 1%-os p\u00e9nzvisszat\u00e9r\u00edt\u00e9st minden GG Poker befizet\u00e9sre \u00dcdv\u00f6zl\u00f6m\">&#8230; Read more &raquo;<\/a><\/p>\n","protected":false},"author":5,"featured_media":33676,"parent":0,"menu_order":0,"comment_status":"closed","ping_status":"closed","template":"templates\/block-template.php","meta":{"_acf_changed":false,"footnotes":""},"class_list":["post-33712","page","type-page","status-publish","has-post-thumbnail","hentry"],"acf":[],"yoast_head":"<!-- This site is optimized with the Yoast SEO plugin v27.1.1 - https:\/\/yoast.com\/product\/yoast-seo-wordpress\/ -->\n<title>Kapj 1%-os p\u00e9nzvisszat\u00e9r\u00edt\u00e9st minden GG Poker befizet\u00e9sre \u00dcdv\u00f6zl\u00f6m - Luxon Pay<\/title>\n<meta name=\"robots\" content=\"index, follow, max-snippet:-1, max-image-preview:large, max-video-preview:-1\" \/>\n<link rel=\"canonical\" href=\"https:\/\/luxon.com\/hu\/receive-1-cashback-on-all-gg-poker-deposits\/\" \/>\n<meta property=\"og:locale\" content=\"hu_HU\" \/>\n<meta property=\"og:type\" content=\"article\" \/>\n<meta property=\"og:title\" content=\"Kapj 1%-os p\u00e9nzvisszat\u00e9r\u00edt\u00e9st minden GG Poker befizet\u00e9sre \u00dcdv\u00f6zl\u00f6m - Luxon Pay\" \/>\n<meta property=\"og:description\" content=\"1%-os p\u00e9nzvisszat\u00e9r\u00edt\u00e9s minden GG Poker online befizet\u00e9sre, ha a Luxon Pay-jel fizetsz. Hogyan m\u0171k\u00f6dik: \u2022 Fizess be a GG Pokerre online a Luxon Pay-jel \u2022 Kapj 1% p\u00e9nzvisszat\u00e9r\u00edt\u00e9st minden GG Poker befizet\u00e9sre Ha m\u00e1r j\u00e1tszol a WSOP Super Circuit-\u00f6n, ez egy egyszer\u0171 m\u00f3dja annak, hogy t\u00f6bbet hozz ki a j\u00e1t\u00e9kodb\u00f3l. Sok szerencs\u00e9t az asztalokn\u00e1l! \u00c1ltal\u00e1nos... Read more &raquo;\" \/>\n<meta property=\"og:url\" content=\"https:\/\/luxon.com\/hu\/receive-1-cashback-on-all-gg-poker-deposits\/\" \/>\n<meta property=\"og:site_name\" content=\"Luxon Pay\" \/>\n<meta property=\"article:modified_time\" content=\"2026-03-09T08:14:59+00:00\" \/>\n<meta property=\"og:image\" content=\"https:\/\/luxon.com\/wp-content\/uploads\/wsop-super-circuit-2026-featured-image-web-enhanced.webp\" \/>\n\t<meta property=\"og:image:width\" content=\"2048\" \/>\n\t<meta property=\"og:image:height\" content=\"1076\" \/>\n\t<meta property=\"og:image:type\" content=\"image\/webp\" \/>\n<meta name=\"twitter:card\" content=\"summary_large_image\" \/>\n<meta name=\"twitter:label1\" content=\"Becs\u00fclt olvas\u00e1si id\u0151\" \/>\n\t<meta name=\"twitter:data1\" content=\"1 perc\" \/>\n<script type=\"application\/ld+json\" class=\"yoast-schema-graph\">{\"@context\":\"https:\/\/schema.org\",\"@graph\":[{\"@type\":\"WebPage\",\"@id\":\"https:\/\/luxon.com\/hu\/receive-1-cashback-on-all-gg-poker-deposits\/\",\"url\":\"https:\/\/luxon.com\/hu\/receive-1-cashback-on-all-gg-poker-deposits\/\",\"name\":\"Kapj 1%-os p\u00e9nzvisszat\u00e9r\u00edt\u00e9st minden GG Poker befizet\u00e9sre \u00dcdv\u00f6zl\u00f6m - Luxon Pay\",\"isPartOf\":{\"@id\":\"https:\/\/luxon.com\/hu\/#website\"},\"primaryImageOfPage\":{\"@id\":\"https:\/\/luxon.com\/hu\/receive-1-cashback-on-all-gg-poker-deposits\/#primaryimage\"},\"image\":{\"@id\":\"https:\/\/luxon.com\/hu\/receive-1-cashback-on-all-gg-poker-deposits\/#primaryimage\"},\"thumbnailUrl\":\"https:\/\/luxon.com\/wp-content\/uploads\/wsop-super-circuit-2026-featured-image-web-enhanced.webp\",\"datePublished\":\"2026-02-26T21:24:01+00:00\",\"dateModified\":\"2026-03-09T08:14:59+00:00\",\"inLanguage\":\"hu\",\"potentialAction\":[{\"@type\":\"ReadAction\",\"target\":[\"https:\/\/luxon.com\/hu\/receive-1-cashback-on-all-gg-poker-deposits\/\"]}]},{\"@type\":\"ImageObject\",\"inLanguage\":\"hu\",\"@id\":\"https:\/\/luxon.com\/hu\/receive-1-cashback-on-all-gg-poker-deposits\/#primaryimage\",\"url\":\"https:\/\/luxon.com\/wp-content\/uploads\/wsop-super-circuit-2026-featured-image-web-enhanced.webp\",\"contentUrl\":\"https:\/\/luxon.com\/wp-content\/uploads\/wsop-super-circuit-2026-featured-image-web-enhanced.webp\",\"width\":2048,\"height\":1076},{\"@type\":\"WebSite\",\"@id\":\"https:\/\/luxon.com\/hu\/#website\",\"url\":\"https:\/\/luxon.com\/hu\/\",\"name\":\"Luxon Pay\",\"description\":\"Instant secure global payments\",\"publisher\":{\"@id\":\"https:\/\/luxon.com\/hu\/#organization\"},\"potentialAction\":[{\"@type\":\"SearchAction\",\"target\":{\"@type\":\"EntryPoint\",\"urlTemplate\":\"https:\/\/luxon.com\/hu\/?s={search_term_string}\"},\"query-input\":{\"@type\":\"PropertyValueSpecification\",\"valueRequired\":true,\"valueName\":\"search_term_string\"}}],\"inLanguage\":\"hu\"},{\"@type\":\"Organization\",\"@id\":\"https:\/\/luxon.com\/hu\/#organization\",\"name\":\"Luxon Pay\",\"url\":\"https:\/\/luxon.com\/hu\/\",\"logo\":{\"@type\":\"ImageObject\",\"inLanguage\":\"hu\",\"@id\":\"https:\/\/luxon.com\/hu\/#\/schema\/logo\/image\/\",\"url\":\"https:\/\/luxon.com\/wp-content\/uploads\/WebsiteImage04.png\",\"contentUrl\":\"https:\/\/luxon.com\/wp-content\/uploads\/WebsiteImage04.png\",\"width\":1200,\"height\":630,\"caption\":\"Luxon Pay\"},\"image\":{\"@id\":\"https:\/\/luxon.com\/hu\/#\/schema\/logo\/image\/\"}}]}<\/script>\n<!-- \/ Yoast SEO plugin. -->","yoast_head_json":{"title":"Kapj 1%-os p\u00e9nzvisszat\u00e9r\u00edt\u00e9st minden GG Poker befizet\u00e9sre \u00dcdv\u00f6zl\u00f6m - Luxon Pay","robots":{"index":"index","follow":"follow","max-snippet":"max-snippet:-1","max-image-preview":"max-image-preview:large","max-video-preview":"max-video-preview:-1"},"canonical":"https:\/\/luxon.com\/hu\/receive-1-cashback-on-all-gg-poker-deposits\/","og_locale":"hu_HU","og_type":"article","og_title":"Kapj 1%-os p\u00e9nzvisszat\u00e9r\u00edt\u00e9st minden GG Poker befizet\u00e9sre \u00dcdv\u00f6zl\u00f6m - Luxon Pay","og_description":"1%-os p\u00e9nzvisszat\u00e9r\u00edt\u00e9s minden GG Poker online befizet\u00e9sre, ha a Luxon Pay-jel fizetsz. Hogyan m\u0171k\u00f6dik: \u2022 Fizess be a GG Pokerre online a Luxon Pay-jel \u2022 Kapj 1% p\u00e9nzvisszat\u00e9r\u00edt\u00e9st minden GG Poker befizet\u00e9sre Ha m\u00e1r j\u00e1tszol a WSOP Super Circuit-\u00f6n, ez egy egyszer\u0171 m\u00f3dja annak, hogy t\u00f6bbet hozz ki a j\u00e1t\u00e9kodb\u00f3l. Sok szerencs\u00e9t az asztalokn\u00e1l! \u00c1ltal\u00e1nos... Read more &raquo;","og_url":"https:\/\/luxon.com\/hu\/receive-1-cashback-on-all-gg-poker-deposits\/","og_site_name":"Luxon Pay","article_modified_time":"2026-03-09T08:14:59+00:00","og_image":[{"width":2048,"height":1076,"url":"https:\/\/luxon.com\/wp-content\/uploads\/wsop-super-circuit-2026-featured-image-web-enhanced.webp","type":"image\/webp"}],"twitter_card":"summary_large_image","twitter_misc":{"Becs\u00fclt olvas\u00e1si id\u0151":"1 perc"},"schema":{"@context":"https:\/\/schema.org","@graph":[{"@type":"WebPage","@id":"https:\/\/luxon.com\/hu\/receive-1-cashback-on-all-gg-poker-deposits\/","url":"https:\/\/luxon.com\/hu\/receive-1-cashback-on-all-gg-poker-deposits\/","name":"Kapj 1%-os p\u00e9nzvisszat\u00e9r\u00edt\u00e9st minden GG Poker befizet\u00e9sre \u00dcdv\u00f6zl\u00f6m - Luxon Pay","isPartOf":{"@id":"https:\/\/luxon.com\/hu\/#website"},"primaryImageOfPage":{"@id":"https:\/\/luxon.com\/hu\/receive-1-cashback-on-all-gg-poker-deposits\/#primaryimage"},"image":{"@id":"https:\/\/luxon.com\/hu\/receive-1-cashback-on-all-gg-poker-deposits\/#primaryimage"},"thumbnailUrl":"https:\/\/luxon.com\/wp-content\/uploads\/wsop-super-circuit-2026-featured-image-web-enhanced.webp","datePublished":"2026-02-26T21:24:01+00:00","dateModified":"2026-03-09T08:14:59+00:00","inLanguage":"hu","potentialAction":[{"@type":"ReadAction","target":["https:\/\/luxon.com\/hu\/receive-1-cashback-on-all-gg-poker-deposits\/"]}]},{"@type":"ImageObject","inLanguage":"hu","@id":"https:\/\/luxon.com\/hu\/receive-1-cashback-on-all-gg-poker-deposits\/#primaryimage","url":"https:\/\/luxon.com\/wp-content\/uploads\/wsop-super-circuit-2026-featured-image-web-enhanced.webp","contentUrl":"https:\/\/luxon.com\/wp-content\/uploads\/wsop-super-circuit-2026-featured-image-web-enhanced.webp","width":2048,"height":1076},{"@type":"WebSite","@id":"https:\/\/luxon.com\/hu\/#website","url":"https:\/\/luxon.com\/hu\/","name":"Luxon Pay","description":"Instant secure global payments","publisher":{"@id":"https:\/\/luxon.com\/hu\/#organization"},"potentialAction":[{"@type":"SearchAction","target":{"@type":"EntryPoint","urlTemplate":"https:\/\/luxon.com\/hu\/?s={search_term_string}"},"query-input":{"@type":"PropertyValueSpecification","valueRequired":true,"valueName":"search_term_string"}}],"inLanguage":"hu"},{"@type":"Organization","@id":"https:\/\/luxon.com\/hu\/#organization","name":"Luxon Pay","url":"https:\/\/luxon.com\/hu\/","logo":{"@type":"ImageObject","inLanguage":"hu","@id":"https:\/\/luxon.com\/hu\/#\/schema\/logo\/image\/","url":"https:\/\/luxon.com\/wp-content\/uploads\/WebsiteImage04.png","contentUrl":"https:\/\/luxon.com\/wp-content\/uploads\/WebsiteImage04.png","width":1200,"height":630,"caption":"Luxon Pay"},"image":{"@id":"https:\/\/luxon.com\/hu\/#\/schema\/logo\/image\/"}}]}},"_links":{"self":[{"href":"https:\/\/luxon.com\/hu\/wp-json\/wp\/v2\/pages\/33712","targetHints":{"allow":["GET"]}}],"collection":[{"href":"https:\/\/luxon.com\/hu\/wp-json\/wp\/v2\/pages"}],"about":[{"href":"https:\/\/luxon.com\/hu\/wp-json\/wp\/v2\/types\/page"}],"author":[{"embeddable":true,"href":"https:\/\/luxon.com\/hu\/wp-json\/wp\/v2\/users\/5"}],"replies":[{"embeddable":true,"href":"https:\/\/luxon.com\/hu\/wp-json\/wp\/v2\/comments?post=33712"}],"version-history":[{"count":4,"href":"https:\/\/luxon.com\/hu\/wp-json\/wp\/v2\/pages\/33712\/revisions"}],"predecessor-version":[{"id":33960,"href":"https:\/\/luxon.com\/hu\/wp-json\/wp\/v2\/pages\/33712\/revisions\/33960"}],"wp:featuredmedia":[{"embeddable":true,"href":"https:\/\/luxon.com\/hu\/wp-json\/wp\/v2\/media\/33676"}],"wp:attachment":[{"href":"https:\/\/luxon.com\/hu\/wp-json\/wp\/v2\/media?parent=33712"}],"curies":[{"name":"wp","href":"https:\/\/api.w.org\/{rel}","templated":true}]}}