{"id":33802,"date":"2026-03-02T12:55:31","date_gmt":"2026-03-02T12:55:31","guid":{"rendered":"https:\/\/luxon.com\/?page_id=33802"},"modified":"2026-03-02T12:55:31","modified_gmt":"2026-03-02T12:55:31","slug":"an-exclusive-promo-for-using-luxon-pay-at-dublin-poker-festival","status":"publish","type":"page","link":"https:\/\/luxon.com\/hu\/an-exclusive-promo-for-using-luxon-pay-at-dublin-poker-festival\/","title":{"rendered":"An exclusive promo for using Luxon Pay at Dublin Poker Festival"},"content":{"rendered":"<p>Thank you for using Luxon Pay at Dublin Poker Festival.<\/p>\n<p><strong>Exclusive promo<\/strong><br \/>\nWe have an exclusive offer for you &#8211; Get 1% cashback on all online merchant deposits via Luxon Pay until 9th March!<\/p>\n<p>Simply deposit to start earning.<\/p>\n<p>See you at the next event!<\/p>\n<p>The Luxon Pay Team<\/p>\n<p><strong>Terms &amp; Conditions<\/strong><\/p>\n<ul>\n<li>This offer applies to all online merchant deposits made between 2nd &#8211; 9th March 2026.<\/li>\n<li>Cashback will be credited automatically within 7 business days after the promotion ends<\/li>\n<li>No cap or maximum cashback limit applies<\/li>\n<li>This promotion is nominative and non-transferable<\/li>\n<li>Valid for online merchants only and excludes Live Event-related platforms or deposits<\/li>\n<li>Luxon Pay general conditions apply<\/li>\n<\/ul>\n","protected":false},"excerpt":{"rendered":"<p>Thank you for using Luxon Pay at Dublin Poker Festival. Exclusive promo We have an exclusive offer for you &#8211; Get 1% cashback on all online merchant deposits via Luxon Pay until 9th March! Simply deposit to start earning. See you at the next event! The Luxon Pay Team Terms &amp; Conditions This offer applies<a class=\"excerpt-read-more\" href=\"https:\/\/luxon.com\/hu\/an-exclusive-promo-for-using-luxon-pay-at-dublin-poker-festival\/\" title=\"ReadAn exclusive promo for using Luxon Pay at Dublin Poker Festival\">&#8230; Read more &raquo;<\/a><\/p>\n","protected":false},"author":5,"featured_media":33803,"parent":0,"menu_order":0,"comment_status":"closed","ping_status":"closed","template":"templates\/block-template.php","meta":{"_acf_changed":false,"footnotes":""},"class_list":["post-33802","page","type-page","status-publish","has-post-thumbnail","hentry"],"acf":[],"yoast_head":"<!-- This site is optimized with the Yoast SEO plugin v27.4 - https:\/\/yoast.com\/product\/yoast-seo-wordpress\/ -->\n<title>An exclusive promo for using Luxon Pay at Dublin Poker Festival - Luxon Pay<\/title>\n<meta name=\"robots\" content=\"index, follow, max-snippet:-1, max-image-preview:large, max-video-preview:-1\" \/>\n<link rel=\"canonical\" href=\"https:\/\/luxon.com\/hu\/an-exclusive-promo-for-using-luxon-pay-at-dublin-poker-festival\/\" \/>\n<meta property=\"og:locale\" content=\"hu_HU\" \/>\n<meta property=\"og:type\" content=\"article\" \/>\n<meta property=\"og:title\" content=\"An exclusive promo for using Luxon Pay at Dublin Poker Festival - Luxon Pay\" \/>\n<meta property=\"og:description\" content=\"Thank you for using Luxon Pay at Dublin Poker Festival. Exclusive promo We have an exclusive offer for you &#8211; Get 1% cashback on all online merchant deposits via Luxon Pay until 9th March! Simply deposit to start earning. See you at the next event! The Luxon Pay Team Terms &amp; Conditions This offer applies... Read more &raquo;\" \/>\n<meta property=\"og:url\" content=\"https:\/\/luxon.com\/hu\/an-exclusive-promo-for-using-luxon-pay-at-dublin-poker-festival\/\" \/>\n<meta property=\"og:site_name\" content=\"Luxon Pay\" \/>\n<meta property=\"og:image\" content=\"https:\/\/luxon.com\/wp-content\/uploads\/Dublin-Poker-Festival_header.png\" \/>\n\t<meta property=\"og:image:width\" content=\"600\" \/>\n\t<meta property=\"og:image:height\" content=\"400\" \/>\n\t<meta property=\"og:image:type\" content=\"image\/png\" \/>\n<meta name=\"twitter:card\" content=\"summary_large_image\" \/>\n<meta name=\"twitter:label1\" content=\"Becs\u00fclt olvas\u00e1si id\u0151\" \/>\n\t<meta name=\"twitter:data1\" content=\"1 perc\" \/>\n<script type=\"application\/ld+json\" class=\"yoast-schema-graph\">{\"@context\":\"https:\\\/\\\/schema.org\",\"@graph\":[{\"@type\":\"WebPage\",\"@id\":\"https:\\\/\\\/luxon.com\\\/hu\\\/an-exclusive-promo-for-using-luxon-pay-at-dublin-poker-festival\\\/\",\"url\":\"https:\\\/\\\/luxon.com\\\/hu\\\/an-exclusive-promo-for-using-luxon-pay-at-dublin-poker-festival\\\/\",\"name\":\"An exclusive promo for using Luxon Pay at Dublin Poker Festival - Luxon Pay\",\"isPartOf\":{\"@id\":\"https:\\\/\\\/luxon.com\\\/hu\\\/#website\"},\"primaryImageOfPage\":{\"@id\":\"https:\\\/\\\/luxon.com\\\/hu\\\/an-exclusive-promo-for-using-luxon-pay-at-dublin-poker-festival\\\/#primaryimage\"},\"image\":{\"@id\":\"https:\\\/\\\/luxon.com\\\/hu\\\/an-exclusive-promo-for-using-luxon-pay-at-dublin-poker-festival\\\/#primaryimage\"},\"thumbnailUrl\":\"https:\\\/\\\/luxon.com\\\/wp-content\\\/uploads\\\/Dublin-Poker-Festival_header.png\",\"datePublished\":\"2026-03-02T12:55:31+00:00\",\"inLanguage\":\"hu\",\"potentialAction\":[{\"@type\":\"ReadAction\",\"target\":[\"https:\\\/\\\/luxon.com\\\/hu\\\/an-exclusive-promo-for-using-luxon-pay-at-dublin-poker-festival\\\/\"]}]},{\"@type\":\"ImageObject\",\"inLanguage\":\"hu\",\"@id\":\"https:\\\/\\\/luxon.com\\\/hu\\\/an-exclusive-promo-for-using-luxon-pay-at-dublin-poker-festival\\\/#primaryimage\",\"url\":\"https:\\\/\\\/luxon.com\\\/wp-content\\\/uploads\\\/Dublin-Poker-Festival_header.png\",\"contentUrl\":\"https:\\\/\\\/luxon.com\\\/wp-content\\\/uploads\\\/Dublin-Poker-Festival_header.png\",\"width\":600,\"height\":400},{\"@type\":\"WebSite\",\"@id\":\"https:\\\/\\\/luxon.com\\\/hu\\\/#website\",\"url\":\"https:\\\/\\\/luxon.com\\\/hu\\\/\",\"name\":\"Luxon Pay\",\"description\":\"Instant secure global payments\",\"publisher\":{\"@id\":\"https:\\\/\\\/luxon.com\\\/hu\\\/#organization\"},\"potentialAction\":[{\"@type\":\"SearchAction\",\"target\":{\"@type\":\"EntryPoint\",\"urlTemplate\":\"https:\\\/\\\/luxon.com\\\/hu\\\/?s={search_term_string}\"},\"query-input\":{\"@type\":\"PropertyValueSpecification\",\"valueRequired\":true,\"valueName\":\"search_term_string\"}}],\"inLanguage\":\"hu\"},{\"@type\":\"Organization\",\"@id\":\"https:\\\/\\\/luxon.com\\\/hu\\\/#organization\",\"name\":\"Luxon Pay\",\"url\":\"https:\\\/\\\/luxon.com\\\/hu\\\/\",\"logo\":{\"@type\":\"ImageObject\",\"inLanguage\":\"hu\",\"@id\":\"https:\\\/\\\/luxon.com\\\/hu\\\/#\\\/schema\\\/logo\\\/image\\\/\",\"url\":\"https:\\\/\\\/luxon.com\\\/wp-content\\\/uploads\\\/WebsiteImage04.png\",\"contentUrl\":\"https:\\\/\\\/luxon.com\\\/wp-content\\\/uploads\\\/WebsiteImage04.png\",\"width\":1200,\"height\":630,\"caption\":\"Luxon Pay\"},\"image\":{\"@id\":\"https:\\\/\\\/luxon.com\\\/hu\\\/#\\\/schema\\\/logo\\\/image\\\/\"}}]}<\/script>\n<!-- \/ Yoast SEO plugin. -->","yoast_head_json":{"title":"An exclusive promo for using Luxon Pay at Dublin Poker Festival - Luxon Pay","robots":{"index":"index","follow":"follow","max-snippet":"max-snippet:-1","max-image-preview":"max-image-preview:large","max-video-preview":"max-video-preview:-1"},"canonical":"https:\/\/luxon.com\/hu\/an-exclusive-promo-for-using-luxon-pay-at-dublin-poker-festival\/","og_locale":"hu_HU","og_type":"article","og_title":"An exclusive promo for using Luxon Pay at Dublin Poker Festival - Luxon Pay","og_description":"Thank you for using Luxon Pay at Dublin Poker Festival. Exclusive promo We have an exclusive offer for you &#8211; Get 1% cashback on all online merchant deposits via Luxon Pay until 9th March! Simply deposit to start earning. See you at the next event! The Luxon Pay Team Terms &amp; Conditions This offer applies... Read more &raquo;","og_url":"https:\/\/luxon.com\/hu\/an-exclusive-promo-for-using-luxon-pay-at-dublin-poker-festival\/","og_site_name":"Luxon Pay","og_image":[{"width":600,"height":400,"url":"https:\/\/luxon.com\/wp-content\/uploads\/Dublin-Poker-Festival_header.png","type":"image\/png"}],"twitter_card":"summary_large_image","twitter_misc":{"Becs\u00fclt olvas\u00e1si id\u0151":"1 perc"},"schema":{"@context":"https:\/\/schema.org","@graph":[{"@type":"WebPage","@id":"https:\/\/luxon.com\/hu\/an-exclusive-promo-for-using-luxon-pay-at-dublin-poker-festival\/","url":"https:\/\/luxon.com\/hu\/an-exclusive-promo-for-using-luxon-pay-at-dublin-poker-festival\/","name":"An exclusive promo for using Luxon Pay at Dublin Poker Festival - Luxon Pay","isPartOf":{"@id":"https:\/\/luxon.com\/hu\/#website"},"primaryImageOfPage":{"@id":"https:\/\/luxon.com\/hu\/an-exclusive-promo-for-using-luxon-pay-at-dublin-poker-festival\/#primaryimage"},"image":{"@id":"https:\/\/luxon.com\/hu\/an-exclusive-promo-for-using-luxon-pay-at-dublin-poker-festival\/#primaryimage"},"thumbnailUrl":"https:\/\/luxon.com\/wp-content\/uploads\/Dublin-Poker-Festival_header.png","datePublished":"2026-03-02T12:55:31+00:00","inLanguage":"hu","potentialAction":[{"@type":"ReadAction","target":["https:\/\/luxon.com\/hu\/an-exclusive-promo-for-using-luxon-pay-at-dublin-poker-festival\/"]}]},{"@type":"ImageObject","inLanguage":"hu","@id":"https:\/\/luxon.com\/hu\/an-exclusive-promo-for-using-luxon-pay-at-dublin-poker-festival\/#primaryimage","url":"https:\/\/luxon.com\/wp-content\/uploads\/Dublin-Poker-Festival_header.png","contentUrl":"https:\/\/luxon.com\/wp-content\/uploads\/Dublin-Poker-Festival_header.png","width":600,"height":400},{"@type":"WebSite","@id":"https:\/\/luxon.com\/hu\/#website","url":"https:\/\/luxon.com\/hu\/","name":"Luxon Pay","description":"Instant secure global payments","publisher":{"@id":"https:\/\/luxon.com\/hu\/#organization"},"potentialAction":[{"@type":"SearchAction","target":{"@type":"EntryPoint","urlTemplate":"https:\/\/luxon.com\/hu\/?s={search_term_string}"},"query-input":{"@type":"PropertyValueSpecification","valueRequired":true,"valueName":"search_term_string"}}],"inLanguage":"hu"},{"@type":"Organization","@id":"https:\/\/luxon.com\/hu\/#organization","name":"Luxon Pay","url":"https:\/\/luxon.com\/hu\/","logo":{"@type":"ImageObject","inLanguage":"hu","@id":"https:\/\/luxon.com\/hu\/#\/schema\/logo\/image\/","url":"https:\/\/luxon.com\/wp-content\/uploads\/WebsiteImage04.png","contentUrl":"https:\/\/luxon.com\/wp-content\/uploads\/WebsiteImage04.png","width":1200,"height":630,"caption":"Luxon Pay"},"image":{"@id":"https:\/\/luxon.com\/hu\/#\/schema\/logo\/image\/"}}]}},"_links":{"self":[{"href":"https:\/\/luxon.com\/hu\/wp-json\/wp\/v2\/pages\/33802","targetHints":{"allow":["GET"]}}],"collection":[{"href":"https:\/\/luxon.com\/hu\/wp-json\/wp\/v2\/pages"}],"about":[{"href":"https:\/\/luxon.com\/hu\/wp-json\/wp\/v2\/types\/page"}],"author":[{"embeddable":true,"href":"https:\/\/luxon.com\/hu\/wp-json\/wp\/v2\/users\/5"}],"replies":[{"embeddable":true,"href":"https:\/\/luxon.com\/hu\/wp-json\/wp\/v2\/comments?post=33802"}],"version-history":[{"count":1,"href":"https:\/\/luxon.com\/hu\/wp-json\/wp\/v2\/pages\/33802\/revisions"}],"predecessor-version":[{"id":33820,"href":"https:\/\/luxon.com\/hu\/wp-json\/wp\/v2\/pages\/33802\/revisions\/33820"}],"wp:featuredmedia":[{"embeddable":true,"href":"https:\/\/luxon.com\/hu\/wp-json\/wp\/v2\/media\/33803"}],"wp:attachment":[{"href":"https:\/\/luxon.com\/hu\/wp-json\/wp\/v2\/media?parent=33802"}],"curies":[{"name":"wp","href":"https:\/\/api.w.org\/{rel}","templated":true}]}}