{"id":33836,"date":"2026-03-02T12:33:47","date_gmt":"2026-03-02T12:33:47","guid":{"rendered":"https:\/\/luxon.com\/an-exclusive-promo-for-using-luxon-pay-at-ept-paris\/"},"modified":"2026-03-02T16:09:28","modified_gmt":"2026-03-02T16:09:28","slug":"an-exclusive-promo-for-using-luxon-pay-at-ept-paris","status":"publish","type":"page","link":"https:\/\/luxon.com\/hu\/an-exclusive-promo-for-using-luxon-pay-at-ept-paris\/","title":{"rendered":"Exkluz\u00edv prom\u00f3ci\u00f3 a Luxon Pay haszn\u00e1lat\u00e1hoz az EPT Parizs-on"},"content":{"rendered":"<p>K\u00f6sz\u00f6nj\u00fck, hogy a Luxon Pay-t haszn\u00e1lta az EPT Parizs-on.<\/p>\n<p><strong>Exkluz\u00edv prom\u00f3ci\u00f3<\/strong><br \/>\nExkluz\u00edv aj\u00e1nlatunk van \u00d6nnek &#8211; 1% p\u00e9nzvisszat\u00e9r\u00edt\u00e9st kap minden online keresked\u0151i befizet\u00e9s\u00e9re a Luxon Pay-jel m\u00e1rcius 9-ig!<\/p>\n<p>Egyszer\u0171en fizessen be, \u00e9s kezdjen el keresni.<\/p>\n<p>Viszl\u00e1t a k\u00f6vetkez\u0151 esem\u00e9nyen!<\/p>\n<p>A Luxon Pay csapata<\/p>\n<p><strong>\u00c1ltal\u00e1nos Szerz\u0151d\u00e9si Felt\u00e9telek<\/strong><\/p>\n<ul>\n<li>Ez az aj\u00e1nlat minden online keresked\u0151 \u00e1ltal 2026. m\u00e1rcius 2. \u00e9s 9. k\u00f6z\u00f6tt v\u00e9grehajtott befizet\u00e9sre vonatkozik<\/li>\n<li>A p\u00e9nzvisszat\u00e9r\u00edt\u00e9s automatikusan j\u00f3v\u00e1\u00edr\u00e1sra ker\u00fcl a prom\u00f3ci\u00f3 lej\u00e1rt\u00e1t k\u00f6vet\u0151 7 munkanapon bel\u00fcl<\/li>\n<li>Nincs fels\u0151 hat\u00e1r vagy maxim\u00e1lis p\u00e9nzvisszat\u00e9r\u00edt\u00e9si limit<\/li>\n<li>Ez az akci\u00f3 n\u00e9vre sz\u00f3l\u00f3 \u00e9s nem \u00e1truh\u00e1zhat\u00f3<\/li>\n<li>Kiz\u00e1r\u00f3lag online keresked\u0151k sz\u00e1m\u00e1ra \u00e9rv\u00e9nyes, \u00e9s nem vonatkozik az \u00e9l\u0151 esem\u00e9nyekhez kapcsol\u00f3d\u00f3 platformokra vagy befizet\u00e9sekre<\/li>\n<li>A Luxon Pay \u00e1ltal\u00e1nos felt\u00e9telei \u00e9rv\u00e9nyesek<\/li>\n<\/ul>\n","protected":false},"excerpt":{"rendered":"<p>K\u00f6sz\u00f6nj\u00fck, hogy a Luxon Pay-t haszn\u00e1lta az EPT Parizs-on. Exkluz\u00edv prom\u00f3ci\u00f3 Exkluz\u00edv aj\u00e1nlatunk van \u00d6nnek &#8211; 1% p\u00e9nzvisszat\u00e9r\u00edt\u00e9st kap minden online keresked\u0151i befizet\u00e9s\u00e9re a Luxon Pay-jel m\u00e1rcius 9-ig! Egyszer\u0171en fizessen be, \u00e9s kezdjen el keresni. Viszl\u00e1t a k\u00f6vetkez\u0151 esem\u00e9nyen! A Luxon Pay csapata \u00c1ltal\u00e1nos Szerz\u0151d\u00e9si Felt\u00e9telek Ez az aj\u00e1nlat minden online keresked\u0151 \u00e1ltal 2026. m\u00e1rcius<a class=\"excerpt-read-more\" href=\"https:\/\/luxon.com\/hu\/an-exclusive-promo-for-using-luxon-pay-at-ept-paris\/\" title=\"ReadExkluz\u00edv prom\u00f3ci\u00f3 a Luxon Pay haszn\u00e1lat\u00e1hoz az EPT Parizs-on\">&#8230; Read more &raquo;<\/a><\/p>\n","protected":false},"author":5,"featured_media":33788,"parent":0,"menu_order":0,"comment_status":"closed","ping_status":"closed","template":"templates\/block-template.php","meta":{"_acf_changed":false,"footnotes":""},"class_list":["post-33836","page","type-page","status-publish","has-post-thumbnail","hentry"],"acf":[],"yoast_head":"<!-- This site is optimized with the Yoast SEO plugin v27.1.1 - https:\/\/yoast.com\/product\/yoast-seo-wordpress\/ -->\n<title>Exkluz\u00edv prom\u00f3ci\u00f3 a Luxon Pay haszn\u00e1lat\u00e1hoz az EPT Parizs-on - Luxon Pay<\/title>\n<meta name=\"robots\" content=\"index, follow, max-snippet:-1, max-image-preview:large, max-video-preview:-1\" \/>\n<link rel=\"canonical\" href=\"https:\/\/luxon.com\/hu\/an-exclusive-promo-for-using-luxon-pay-at-ept-paris\/\" \/>\n<meta property=\"og:locale\" content=\"hu_HU\" \/>\n<meta property=\"og:type\" content=\"article\" \/>\n<meta property=\"og:title\" content=\"Exkluz\u00edv prom\u00f3ci\u00f3 a Luxon Pay haszn\u00e1lat\u00e1hoz az EPT Parizs-on - Luxon Pay\" \/>\n<meta property=\"og:description\" content=\"K\u00f6sz\u00f6nj\u00fck, hogy a Luxon Pay-t haszn\u00e1lta az EPT Parizs-on. Exkluz\u00edv prom\u00f3ci\u00f3 Exkluz\u00edv aj\u00e1nlatunk van \u00d6nnek &#8211; 1% p\u00e9nzvisszat\u00e9r\u00edt\u00e9st kap minden online keresked\u0151i befizet\u00e9s\u00e9re a Luxon Pay-jel m\u00e1rcius 9-ig! Egyszer\u0171en fizessen be, \u00e9s kezdjen el keresni. Viszl\u00e1t a k\u00f6vetkez\u0151 esem\u00e9nyen! A Luxon Pay csapata \u00c1ltal\u00e1nos Szerz\u0151d\u00e9si Felt\u00e9telek Ez az aj\u00e1nlat minden online keresked\u0151 \u00e1ltal 2026. m\u00e1rcius... Read more &raquo;\" \/>\n<meta property=\"og:url\" content=\"https:\/\/luxon.com\/hu\/an-exclusive-promo-for-using-luxon-pay-at-ept-paris\/\" \/>\n<meta property=\"og:site_name\" content=\"Luxon Pay\" \/>\n<meta property=\"article:modified_time\" content=\"2026-03-02T16:09:28+00:00\" \/>\n<meta property=\"og:image\" content=\"https:\/\/luxon.com\/wp-content\/uploads\/Post-Event-Email-Promo_header-1.png\" \/>\n\t<meta property=\"og:image:width\" content=\"600\" \/>\n\t<meta property=\"og:image:height\" content=\"400\" \/>\n\t<meta property=\"og:image:type\" content=\"image\/png\" \/>\n<meta name=\"twitter:card\" content=\"summary_large_image\" \/>\n<meta name=\"twitter:label1\" content=\"Becs\u00fclt olvas\u00e1si id\u0151\" \/>\n\t<meta name=\"twitter:data1\" content=\"1 perc\" \/>\n<script type=\"application\/ld+json\" class=\"yoast-schema-graph\">{\"@context\":\"https:\/\/schema.org\",\"@graph\":[{\"@type\":\"WebPage\",\"@id\":\"https:\/\/luxon.com\/hu\/an-exclusive-promo-for-using-luxon-pay-at-ept-paris\/\",\"url\":\"https:\/\/luxon.com\/hu\/an-exclusive-promo-for-using-luxon-pay-at-ept-paris\/\",\"name\":\"Exkluz\u00edv prom\u00f3ci\u00f3 a Luxon Pay haszn\u00e1lat\u00e1hoz az EPT Parizs-on - Luxon Pay\",\"isPartOf\":{\"@id\":\"https:\/\/luxon.com\/hu\/#website\"},\"primaryImageOfPage\":{\"@id\":\"https:\/\/luxon.com\/hu\/an-exclusive-promo-for-using-luxon-pay-at-ept-paris\/#primaryimage\"},\"image\":{\"@id\":\"https:\/\/luxon.com\/hu\/an-exclusive-promo-for-using-luxon-pay-at-ept-paris\/#primaryimage\"},\"thumbnailUrl\":\"https:\/\/luxon.com\/wp-content\/uploads\/Post-Event-Email-Promo_header-1.png\",\"datePublished\":\"2026-03-02T12:33:47+00:00\",\"dateModified\":\"2026-03-02T16:09:28+00:00\",\"inLanguage\":\"hu\",\"potentialAction\":[{\"@type\":\"ReadAction\",\"target\":[\"https:\/\/luxon.com\/hu\/an-exclusive-promo-for-using-luxon-pay-at-ept-paris\/\"]}]},{\"@type\":\"ImageObject\",\"inLanguage\":\"hu\",\"@id\":\"https:\/\/luxon.com\/hu\/an-exclusive-promo-for-using-luxon-pay-at-ept-paris\/#primaryimage\",\"url\":\"https:\/\/luxon.com\/wp-content\/uploads\/Post-Event-Email-Promo_header-1.png\",\"contentUrl\":\"https:\/\/luxon.com\/wp-content\/uploads\/Post-Event-Email-Promo_header-1.png\",\"width\":600,\"height\":400},{\"@type\":\"WebSite\",\"@id\":\"https:\/\/luxon.com\/hu\/#website\",\"url\":\"https:\/\/luxon.com\/hu\/\",\"name\":\"Luxon Pay\",\"description\":\"Instant secure global payments\",\"publisher\":{\"@id\":\"https:\/\/luxon.com\/hu\/#organization\"},\"potentialAction\":[{\"@type\":\"SearchAction\",\"target\":{\"@type\":\"EntryPoint\",\"urlTemplate\":\"https:\/\/luxon.com\/hu\/?s={search_term_string}\"},\"query-input\":{\"@type\":\"PropertyValueSpecification\",\"valueRequired\":true,\"valueName\":\"search_term_string\"}}],\"inLanguage\":\"hu\"},{\"@type\":\"Organization\",\"@id\":\"https:\/\/luxon.com\/hu\/#organization\",\"name\":\"Luxon Pay\",\"url\":\"https:\/\/luxon.com\/hu\/\",\"logo\":{\"@type\":\"ImageObject\",\"inLanguage\":\"hu\",\"@id\":\"https:\/\/luxon.com\/hu\/#\/schema\/logo\/image\/\",\"url\":\"https:\/\/luxon.com\/wp-content\/uploads\/WebsiteImage04.png\",\"contentUrl\":\"https:\/\/luxon.com\/wp-content\/uploads\/WebsiteImage04.png\",\"width\":1200,\"height\":630,\"caption\":\"Luxon Pay\"},\"image\":{\"@id\":\"https:\/\/luxon.com\/hu\/#\/schema\/logo\/image\/\"}}]}<\/script>\n<!-- \/ Yoast SEO plugin. -->","yoast_head_json":{"title":"Exkluz\u00edv prom\u00f3ci\u00f3 a Luxon Pay haszn\u00e1lat\u00e1hoz az EPT Parizs-on - Luxon Pay","robots":{"index":"index","follow":"follow","max-snippet":"max-snippet:-1","max-image-preview":"max-image-preview:large","max-video-preview":"max-video-preview:-1"},"canonical":"https:\/\/luxon.com\/hu\/an-exclusive-promo-for-using-luxon-pay-at-ept-paris\/","og_locale":"hu_HU","og_type":"article","og_title":"Exkluz\u00edv prom\u00f3ci\u00f3 a Luxon Pay haszn\u00e1lat\u00e1hoz az EPT Parizs-on - Luxon Pay","og_description":"K\u00f6sz\u00f6nj\u00fck, hogy a Luxon Pay-t haszn\u00e1lta az EPT Parizs-on. Exkluz\u00edv prom\u00f3ci\u00f3 Exkluz\u00edv aj\u00e1nlatunk van \u00d6nnek &#8211; 1% p\u00e9nzvisszat\u00e9r\u00edt\u00e9st kap minden online keresked\u0151i befizet\u00e9s\u00e9re a Luxon Pay-jel m\u00e1rcius 9-ig! Egyszer\u0171en fizessen be, \u00e9s kezdjen el keresni. Viszl\u00e1t a k\u00f6vetkez\u0151 esem\u00e9nyen! A Luxon Pay csapata \u00c1ltal\u00e1nos Szerz\u0151d\u00e9si Felt\u00e9telek Ez az aj\u00e1nlat minden online keresked\u0151 \u00e1ltal 2026. m\u00e1rcius... Read more &raquo;","og_url":"https:\/\/luxon.com\/hu\/an-exclusive-promo-for-using-luxon-pay-at-ept-paris\/","og_site_name":"Luxon Pay","article_modified_time":"2026-03-02T16:09:28+00:00","og_image":[{"width":600,"height":400,"url":"https:\/\/luxon.com\/wp-content\/uploads\/Post-Event-Email-Promo_header-1.png","type":"image\/png"}],"twitter_card":"summary_large_image","twitter_misc":{"Becs\u00fclt olvas\u00e1si id\u0151":"1 perc"},"schema":{"@context":"https:\/\/schema.org","@graph":[{"@type":"WebPage","@id":"https:\/\/luxon.com\/hu\/an-exclusive-promo-for-using-luxon-pay-at-ept-paris\/","url":"https:\/\/luxon.com\/hu\/an-exclusive-promo-for-using-luxon-pay-at-ept-paris\/","name":"Exkluz\u00edv prom\u00f3ci\u00f3 a Luxon Pay haszn\u00e1lat\u00e1hoz az EPT Parizs-on - Luxon Pay","isPartOf":{"@id":"https:\/\/luxon.com\/hu\/#website"},"primaryImageOfPage":{"@id":"https:\/\/luxon.com\/hu\/an-exclusive-promo-for-using-luxon-pay-at-ept-paris\/#primaryimage"},"image":{"@id":"https:\/\/luxon.com\/hu\/an-exclusive-promo-for-using-luxon-pay-at-ept-paris\/#primaryimage"},"thumbnailUrl":"https:\/\/luxon.com\/wp-content\/uploads\/Post-Event-Email-Promo_header-1.png","datePublished":"2026-03-02T12:33:47+00:00","dateModified":"2026-03-02T16:09:28+00:00","inLanguage":"hu","potentialAction":[{"@type":"ReadAction","target":["https:\/\/luxon.com\/hu\/an-exclusive-promo-for-using-luxon-pay-at-ept-paris\/"]}]},{"@type":"ImageObject","inLanguage":"hu","@id":"https:\/\/luxon.com\/hu\/an-exclusive-promo-for-using-luxon-pay-at-ept-paris\/#primaryimage","url":"https:\/\/luxon.com\/wp-content\/uploads\/Post-Event-Email-Promo_header-1.png","contentUrl":"https:\/\/luxon.com\/wp-content\/uploads\/Post-Event-Email-Promo_header-1.png","width":600,"height":400},{"@type":"WebSite","@id":"https:\/\/luxon.com\/hu\/#website","url":"https:\/\/luxon.com\/hu\/","name":"Luxon Pay","description":"Instant secure global payments","publisher":{"@id":"https:\/\/luxon.com\/hu\/#organization"},"potentialAction":[{"@type":"SearchAction","target":{"@type":"EntryPoint","urlTemplate":"https:\/\/luxon.com\/hu\/?s={search_term_string}"},"query-input":{"@type":"PropertyValueSpecification","valueRequired":true,"valueName":"search_term_string"}}],"inLanguage":"hu"},{"@type":"Organization","@id":"https:\/\/luxon.com\/hu\/#organization","name":"Luxon Pay","url":"https:\/\/luxon.com\/hu\/","logo":{"@type":"ImageObject","inLanguage":"hu","@id":"https:\/\/luxon.com\/hu\/#\/schema\/logo\/image\/","url":"https:\/\/luxon.com\/wp-content\/uploads\/WebsiteImage04.png","contentUrl":"https:\/\/luxon.com\/wp-content\/uploads\/WebsiteImage04.png","width":1200,"height":630,"caption":"Luxon Pay"},"image":{"@id":"https:\/\/luxon.com\/hu\/#\/schema\/logo\/image\/"}}]}},"_links":{"self":[{"href":"https:\/\/luxon.com\/hu\/wp-json\/wp\/v2\/pages\/33836","targetHints":{"allow":["GET"]}}],"collection":[{"href":"https:\/\/luxon.com\/hu\/wp-json\/wp\/v2\/pages"}],"about":[{"href":"https:\/\/luxon.com\/hu\/wp-json\/wp\/v2\/types\/page"}],"author":[{"embeddable":true,"href":"https:\/\/luxon.com\/hu\/wp-json\/wp\/v2\/users\/5"}],"replies":[{"embeddable":true,"href":"https:\/\/luxon.com\/hu\/wp-json\/wp\/v2\/comments?post=33836"}],"version-history":[{"count":1,"href":"https:\/\/luxon.com\/hu\/wp-json\/wp\/v2\/pages\/33836\/revisions"}],"predecessor-version":[{"id":33837,"href":"https:\/\/luxon.com\/hu\/wp-json\/wp\/v2\/pages\/33836\/revisions\/33837"}],"wp:featuredmedia":[{"embeddable":true,"href":"https:\/\/luxon.com\/hu\/wp-json\/wp\/v2\/media\/33788"}],"wp:attachment":[{"href":"https:\/\/luxon.com\/hu\/wp-json\/wp\/v2\/media?parent=33836"}],"curies":[{"name":"wp","href":"https:\/\/api.w.org\/{rel}","templated":true}]}}