{"id":33923,"date":"2026-03-03T21:47:10","date_gmt":"2026-03-03T21:47:10","guid":{"rendered":"https:\/\/luxon.com\/win-a-main-event-seat-at-irish-open\/"},"modified":"2026-03-05T08:14:34","modified_gmt":"2026-03-05T08:14:34","slug":"win-a-main-event-seat-at-irish-open","status":"publish","type":"page","link":"https:\/\/luxon.com\/hu\/win-a-main-event-seat-at-irish-open\/","title":{"rendered":"Nyerj egy f\u0151esem\u00e9nyre sz\u00f3l\u00f3 helyet az Irish Openen! \ud83c\udf9f\ufe0f"},"content":{"rendered":"<p>Hozd ki a legt\u00f6bbet az Irish Open nevez\u00e9si d\u00edjadb\u00f3l!<\/p>\n<p>Minden Luxon Pay-jel befizetett nevez\u00e9s = 1 tombolajegy, amellyel megnyerheted a 4 db 1150 eur\u00f3s Irish Open f\u0151esem\u00e9nyre sz\u00f3l\u00f3 hely egyik\u00e9t. Es\u00e9lyed van ingyenesen j\u00e1tszani a f\u0151esem\u00e9nyen!<\/p>\n<p><strong>\u00cdgy m\u0171k\u00f6dik:<\/strong><br \/>\n\u2022 Nevezz be b\u00e1rmelyik Irish Open esem\u00e9nyre Luxon Pay-jel<br \/>\n\u2022 Szerezz 1 tombolajegyet nevez\u00e9si d\u00edjank\u00e9nt<br \/>\n\u2022 Ak\u00e1r 4 f\u0151esem\u00e9nyre sz\u00f3l\u00f3 hely v\u00e1r a megnyer\u00e9sre<\/p>\n<p><strong>\u00c1ltal\u00e1nos Szerz\u0151d\u00e9si Felt\u00e9telek<\/strong><\/p>\n<ul>\n<li>A prom\u00f3ci\u00f3 azon j\u00e1t\u00e9kosok sz\u00e1m\u00e1ra \u00e9rv\u00e9nyes, akik \u00e1prilis 3-ig Luxon Pay-jel v\u00e1s\u00e1rolnak nevez\u00e9si d\u00edjat b\u00e1rmely Irish Open versenyre.<\/li>\n<li>M\u00e1rcius 29.-\u00e9n \/ \u00e1prilis 1.-j\u00e9n \/ \u00e1prilis 2.-\u00e1n \/ \u00e1prilis 3.-\u00e1n 4 tombolah\u00faz\u00e1st tartanak &#8211; az ezen d\u00e1tum el\u0151tti \u00f6sszes nevez\u00e9si d\u00edj r\u00e9szt vesz a tombolasorsol\u00e1son.<\/li>\n<li>Minden jogosult nevez\u00e9si d\u00edj egy tombolar\u00e9szletnek sz\u00e1m\u00edt.<\/li>\n<li>Minden tombol\u00e1n egy 1150 eur\u00f3s Irish Open f\u0151versenyjegyet sorsolunk ki a megadott els\u0151 napi indul\u00e1sra.<\/li>\n<li>Ha a nyertes a f\u0151verseny 2. napj\u00e1ra jut an\u00e9lk\u00fcl, hogy felhaszn\u00e1ln\u00e1 a nyerem\u00e9nyt, a nyerem\u00e9nynek megfelel\u0151 \u00f6sszeget j\u00f3v\u00e1\u00edrjuk a Luxon Pay sz\u00e1ml\u00e1j\u00e1ra.<\/li>\n<\/ul>\n","protected":false},"excerpt":{"rendered":"<p>Hozd ki a legt\u00f6bbet az Irish Open nevez\u00e9si d\u00edjadb\u00f3l! Minden Luxon Pay-jel befizetett nevez\u00e9s = 1 tombolajegy, amellyel megnyerheted a 4 db 1150 eur\u00f3s Irish Open f\u0151esem\u00e9nyre sz\u00f3l\u00f3 hely egyik\u00e9t. Es\u00e9lyed van ingyenesen j\u00e1tszani a f\u0151esem\u00e9nyen! \u00cdgy m\u0171k\u00f6dik: \u2022 Nevezz be b\u00e1rmelyik Irish Open esem\u00e9nyre Luxon Pay-jel \u2022 Szerezz 1 tombolajegyet nevez\u00e9si d\u00edjank\u00e9nt \u2022 Ak\u00e1r<a class=\"excerpt-read-more\" href=\"https:\/\/luxon.com\/hu\/win-a-main-event-seat-at-irish-open\/\" title=\"ReadNyerj egy f\u0151esem\u00e9nyre sz\u00f3l\u00f3 helyet az Irish Openen! \ud83c\udf9f\ufe0f\">&#8230; Read more &raquo;<\/a><\/p>\n","protected":false},"author":5,"featured_media":34090,"parent":0,"menu_order":0,"comment_status":"closed","ping_status":"closed","template":"templates\/block-template.php","meta":{"_acf_changed":false,"footnotes":""},"class_list":["post-33923","page","type-page","status-publish","has-post-thumbnail","hentry"],"acf":[],"yoast_head":"<!-- This site is optimized with the Yoast SEO plugin v27.1.1 - https:\/\/yoast.com\/product\/yoast-seo-wordpress\/ -->\n<title>Nyerj egy f\u0151esem\u00e9nyre sz\u00f3l\u00f3 helyet az Irish Openen! \ud83c\udf9f\ufe0f - Luxon Pay<\/title>\n<meta name=\"robots\" content=\"index, follow, max-snippet:-1, max-image-preview:large, max-video-preview:-1\" \/>\n<link rel=\"canonical\" href=\"https:\/\/luxon.com\/hu\/win-a-main-event-seat-at-irish-open\/\" \/>\n<meta property=\"og:locale\" content=\"hu_HU\" \/>\n<meta property=\"og:type\" content=\"article\" \/>\n<meta property=\"og:title\" content=\"Nyerj egy f\u0151esem\u00e9nyre sz\u00f3l\u00f3 helyet az Irish Openen! \ud83c\udf9f\ufe0f - Luxon Pay\" \/>\n<meta property=\"og:description\" content=\"Hozd ki a legt\u00f6bbet az Irish Open nevez\u00e9si d\u00edjadb\u00f3l! Minden Luxon Pay-jel befizetett nevez\u00e9s = 1 tombolajegy, amellyel megnyerheted a 4 db 1150 eur\u00f3s Irish Open f\u0151esem\u00e9nyre sz\u00f3l\u00f3 hely egyik\u00e9t. Es\u00e9lyed van ingyenesen j\u00e1tszani a f\u0151esem\u00e9nyen! \u00cdgy m\u0171k\u00f6dik: \u2022 Nevezz be b\u00e1rmelyik Irish Open esem\u00e9nyre Luxon Pay-jel \u2022 Szerezz 1 tombolajegyet nevez\u00e9si d\u00edjank\u00e9nt \u2022 Ak\u00e1r... Read more &raquo;\" \/>\n<meta property=\"og:url\" content=\"https:\/\/luxon.com\/hu\/win-a-main-event-seat-at-irish-open\/\" \/>\n<meta property=\"og:site_name\" content=\"Luxon Pay\" \/>\n<meta property=\"article:modified_time\" content=\"2026-03-05T08:14:34+00:00\" \/>\n<meta property=\"og:image\" content=\"https:\/\/luxon.com\/wp-content\/uploads\/Live-Event-Announcement-Promo_header.png\" \/>\n\t<meta property=\"og:image:width\" content=\"600\" \/>\n\t<meta property=\"og:image:height\" content=\"400\" \/>\n\t<meta property=\"og:image:type\" content=\"image\/png\" \/>\n<meta name=\"twitter:card\" content=\"summary_large_image\" \/>\n<meta name=\"twitter:label1\" content=\"Becs\u00fclt olvas\u00e1si id\u0151\" \/>\n\t<meta name=\"twitter:data1\" content=\"1 perc\" \/>\n<script type=\"application\/ld+json\" class=\"yoast-schema-graph\">{\"@context\":\"https:\/\/schema.org\",\"@graph\":[{\"@type\":\"WebPage\",\"@id\":\"https:\/\/luxon.com\/hu\/win-a-main-event-seat-at-irish-open\/\",\"url\":\"https:\/\/luxon.com\/hu\/win-a-main-event-seat-at-irish-open\/\",\"name\":\"Nyerj egy f\u0151esem\u00e9nyre sz\u00f3l\u00f3 helyet az Irish Openen! \ud83c\udf9f\ufe0f - Luxon Pay\",\"isPartOf\":{\"@id\":\"https:\/\/luxon.com\/hu\/#website\"},\"primaryImageOfPage\":{\"@id\":\"https:\/\/luxon.com\/hu\/win-a-main-event-seat-at-irish-open\/#primaryimage\"},\"image\":{\"@id\":\"https:\/\/luxon.com\/hu\/win-a-main-event-seat-at-irish-open\/#primaryimage\"},\"thumbnailUrl\":\"https:\/\/luxon.com\/wp-content\/uploads\/Irish-Open_Banner_2-1.png\",\"datePublished\":\"2026-03-03T21:47:10+00:00\",\"dateModified\":\"2026-03-05T08:14:34+00:00\",\"inLanguage\":\"hu\",\"potentialAction\":[{\"@type\":\"ReadAction\",\"target\":[\"https:\/\/luxon.com\/hu\/win-a-main-event-seat-at-irish-open\/\"]}]},{\"@type\":\"ImageObject\",\"inLanguage\":\"hu\",\"@id\":\"https:\/\/luxon.com\/hu\/win-a-main-event-seat-at-irish-open\/#primaryimage\",\"url\":\"https:\/\/luxon.com\/wp-content\/uploads\/Irish-Open_Banner_2-1.png\",\"contentUrl\":\"https:\/\/luxon.com\/wp-content\/uploads\/Irish-Open_Banner_2-1.png\",\"width\":700,\"height\":527},{\"@type\":\"WebSite\",\"@id\":\"https:\/\/luxon.com\/hu\/#website\",\"url\":\"https:\/\/luxon.com\/hu\/\",\"name\":\"Luxon Pay\",\"description\":\"Instant secure global payments\",\"publisher\":{\"@id\":\"https:\/\/luxon.com\/hu\/#organization\"},\"potentialAction\":[{\"@type\":\"SearchAction\",\"target\":{\"@type\":\"EntryPoint\",\"urlTemplate\":\"https:\/\/luxon.com\/hu\/?s={search_term_string}\"},\"query-input\":{\"@type\":\"PropertyValueSpecification\",\"valueRequired\":true,\"valueName\":\"search_term_string\"}}],\"inLanguage\":\"hu\"},{\"@type\":\"Organization\",\"@id\":\"https:\/\/luxon.com\/hu\/#organization\",\"name\":\"Luxon Pay\",\"url\":\"https:\/\/luxon.com\/hu\/\",\"logo\":{\"@type\":\"ImageObject\",\"inLanguage\":\"hu\",\"@id\":\"https:\/\/luxon.com\/hu\/#\/schema\/logo\/image\/\",\"url\":\"https:\/\/luxon.com\/wp-content\/uploads\/WebsiteImage04.png\",\"contentUrl\":\"https:\/\/luxon.com\/wp-content\/uploads\/WebsiteImage04.png\",\"width\":1200,\"height\":630,\"caption\":\"Luxon Pay\"},\"image\":{\"@id\":\"https:\/\/luxon.com\/hu\/#\/schema\/logo\/image\/\"}}]}<\/script>\n<!-- \/ Yoast SEO plugin. -->","yoast_head_json":{"title":"Nyerj egy f\u0151esem\u00e9nyre sz\u00f3l\u00f3 helyet az Irish Openen! \ud83c\udf9f\ufe0f - Luxon Pay","robots":{"index":"index","follow":"follow","max-snippet":"max-snippet:-1","max-image-preview":"max-image-preview:large","max-video-preview":"max-video-preview:-1"},"canonical":"https:\/\/luxon.com\/hu\/win-a-main-event-seat-at-irish-open\/","og_locale":"hu_HU","og_type":"article","og_title":"Nyerj egy f\u0151esem\u00e9nyre sz\u00f3l\u00f3 helyet az Irish Openen! \ud83c\udf9f\ufe0f - Luxon Pay","og_description":"Hozd ki a legt\u00f6bbet az Irish Open nevez\u00e9si d\u00edjadb\u00f3l! Minden Luxon Pay-jel befizetett nevez\u00e9s = 1 tombolajegy, amellyel megnyerheted a 4 db 1150 eur\u00f3s Irish Open f\u0151esem\u00e9nyre sz\u00f3l\u00f3 hely egyik\u00e9t. Es\u00e9lyed van ingyenesen j\u00e1tszani a f\u0151esem\u00e9nyen! \u00cdgy m\u0171k\u00f6dik: \u2022 Nevezz be b\u00e1rmelyik Irish Open esem\u00e9nyre Luxon Pay-jel \u2022 Szerezz 1 tombolajegyet nevez\u00e9si d\u00edjank\u00e9nt \u2022 Ak\u00e1r... Read more &raquo;","og_url":"https:\/\/luxon.com\/hu\/win-a-main-event-seat-at-irish-open\/","og_site_name":"Luxon Pay","article_modified_time":"2026-03-05T08:14:34+00:00","og_image":[{"width":600,"height":400,"url":"https:\/\/luxon.com\/wp-content\/uploads\/Live-Event-Announcement-Promo_header.png","type":"image\/png"}],"twitter_card":"summary_large_image","twitter_misc":{"Becs\u00fclt olvas\u00e1si id\u0151":"1 perc"},"schema":{"@context":"https:\/\/schema.org","@graph":[{"@type":"WebPage","@id":"https:\/\/luxon.com\/hu\/win-a-main-event-seat-at-irish-open\/","url":"https:\/\/luxon.com\/hu\/win-a-main-event-seat-at-irish-open\/","name":"Nyerj egy f\u0151esem\u00e9nyre sz\u00f3l\u00f3 helyet az Irish Openen! \ud83c\udf9f\ufe0f - Luxon Pay","isPartOf":{"@id":"https:\/\/luxon.com\/hu\/#website"},"primaryImageOfPage":{"@id":"https:\/\/luxon.com\/hu\/win-a-main-event-seat-at-irish-open\/#primaryimage"},"image":{"@id":"https:\/\/luxon.com\/hu\/win-a-main-event-seat-at-irish-open\/#primaryimage"},"thumbnailUrl":"https:\/\/luxon.com\/wp-content\/uploads\/Irish-Open_Banner_2-1.png","datePublished":"2026-03-03T21:47:10+00:00","dateModified":"2026-03-05T08:14:34+00:00","inLanguage":"hu","potentialAction":[{"@type":"ReadAction","target":["https:\/\/luxon.com\/hu\/win-a-main-event-seat-at-irish-open\/"]}]},{"@type":"ImageObject","inLanguage":"hu","@id":"https:\/\/luxon.com\/hu\/win-a-main-event-seat-at-irish-open\/#primaryimage","url":"https:\/\/luxon.com\/wp-content\/uploads\/Irish-Open_Banner_2-1.png","contentUrl":"https:\/\/luxon.com\/wp-content\/uploads\/Irish-Open_Banner_2-1.png","width":700,"height":527},{"@type":"WebSite","@id":"https:\/\/luxon.com\/hu\/#website","url":"https:\/\/luxon.com\/hu\/","name":"Luxon Pay","description":"Instant secure global payments","publisher":{"@id":"https:\/\/luxon.com\/hu\/#organization"},"potentialAction":[{"@type":"SearchAction","target":{"@type":"EntryPoint","urlTemplate":"https:\/\/luxon.com\/hu\/?s={search_term_string}"},"query-input":{"@type":"PropertyValueSpecification","valueRequired":true,"valueName":"search_term_string"}}],"inLanguage":"hu"},{"@type":"Organization","@id":"https:\/\/luxon.com\/hu\/#organization","name":"Luxon Pay","url":"https:\/\/luxon.com\/hu\/","logo":{"@type":"ImageObject","inLanguage":"hu","@id":"https:\/\/luxon.com\/hu\/#\/schema\/logo\/image\/","url":"https:\/\/luxon.com\/wp-content\/uploads\/WebsiteImage04.png","contentUrl":"https:\/\/luxon.com\/wp-content\/uploads\/WebsiteImage04.png","width":1200,"height":630,"caption":"Luxon Pay"},"image":{"@id":"https:\/\/luxon.com\/hu\/#\/schema\/logo\/image\/"}}]}},"_links":{"self":[{"href":"https:\/\/luxon.com\/hu\/wp-json\/wp\/v2\/pages\/33923","targetHints":{"allow":["GET"]}}],"collection":[{"href":"https:\/\/luxon.com\/hu\/wp-json\/wp\/v2\/pages"}],"about":[{"href":"https:\/\/luxon.com\/hu\/wp-json\/wp\/v2\/types\/page"}],"author":[{"embeddable":true,"href":"https:\/\/luxon.com\/hu\/wp-json\/wp\/v2\/users\/5"}],"replies":[{"embeddable":true,"href":"https:\/\/luxon.com\/hu\/wp-json\/wp\/v2\/comments?post=33923"}],"version-history":[{"count":1,"href":"https:\/\/luxon.com\/hu\/wp-json\/wp\/v2\/pages\/33923\/revisions"}],"predecessor-version":[{"id":33924,"href":"https:\/\/luxon.com\/hu\/wp-json\/wp\/v2\/pages\/33923\/revisions\/33924"}],"wp:featuredmedia":[{"embeddable":true,"href":"https:\/\/luxon.com\/hu\/wp-json\/wp\/v2\/media\/34090"}],"wp:attachment":[{"href":"https:\/\/luxon.com\/hu\/wp-json\/wp\/v2\/media?parent=33923"}],"curies":[{"name":"wp","href":"https:\/\/api.w.org\/{rel}","templated":true}]}}