{"id":34342,"date":"2026-03-23T12:15:37","date_gmt":"2026-03-23T12:15:37","guid":{"rendered":"https:\/\/luxon.com\/?page_id=34342"},"modified":"2026-03-23T12:16:21","modified_gmt":"2026-03-23T12:16:21","slug":"luxon-pay-expands-fee-free-deposit-options","status":"publish","type":"page","link":"https:\/\/luxon.com\/hu\/luxon-pay-expands-fee-free-deposit-options\/","title":{"rendered":"Luxon Pay expands fee-free deposit options"},"content":{"rendered":"<h3 style=\"text-align: center;\"><strong>Customers can now choose from more fee-free ways to fund their Luxon Pay account, with the same smooth in-app experience.<\/strong><\/h3>\n<p>&nbsp;<\/p>\n<p>Luxon Pay today announced an expansion of its fee-free funding options for customers in Ireland, giving customers more ways to add money without paying Luxon Pay fees on eligible methods.<\/p>\n<p>The update is focused on flexibility and value: customers can choose the option that suits them best, fund their account quickly, and keep more of their money when using eligible fee-free methods.<\/p>\n<p>Customers can access the updated options by logging into the Luxon Pay app and selecting their preferred funding method. Luxon Pay continues to provide clear visibility of fees during the funding process.<\/p>\n<p>Move money, confidently.<\/p>\n<p><img loading=\"lazy\" decoding=\"async\" class=\"alignnone wp-image-34360 size-full\" src=\"https:\/\/luxon.com\/wp-content\/uploads\/Email-header-image_IRE_2.png\" alt=\"\" width=\"1600\" height=\"900\" srcset=\"https:\/\/luxon.com\/wp-content\/uploads\/Email-header-image_IRE_2.png 1600w, https:\/\/luxon.com\/wp-content\/uploads\/Email-header-image_IRE_2-300x169.png 300w, https:\/\/luxon.com\/wp-content\/uploads\/Email-header-image_IRE_2-1024x576.png 1024w, https:\/\/luxon.com\/wp-content\/uploads\/Email-header-image_IRE_2-768x432.png 768w, https:\/\/luxon.com\/wp-content\/uploads\/Email-header-image_IRE_2-1536x864.png 1536w\" sizes=\"auto, (max-width: 1600px) 100vw, 1600px\" \/><\/p>\n","protected":false},"excerpt":{"rendered":"<p>Customers can now choose from more fee-free ways to fund their Luxon Pay account, with the same smooth in-app experience. &nbsp; Luxon Pay today announced an expansion of its fee-free funding options for customers in Ireland, giving customers more ways to add money without paying Luxon Pay fees on eligible methods. The update is focused<a class=\"excerpt-read-more\" href=\"https:\/\/luxon.com\/hu\/luxon-pay-expands-fee-free-deposit-options\/\" title=\"ReadLuxon Pay expands fee-free deposit options\">&#8230; Read more &raquo;<\/a><\/p>\n","protected":false},"author":9,"featured_media":0,"parent":0,"menu_order":0,"comment_status":"closed","ping_status":"closed","template":"templates\/generic-text.php","meta":{"_acf_changed":false,"footnotes":""},"class_list":["post-34342","page","type-page","status-publish","hentry"],"acf":[],"yoast_head":"<!-- This site is optimized with the Yoast SEO plugin v27.4 - https:\/\/yoast.com\/product\/yoast-seo-wordpress\/ -->\n<title>Luxon Pay expands fee-free deposit options - Luxon Pay<\/title>\n<meta name=\"robots\" content=\"index, follow, max-snippet:-1, max-image-preview:large, max-video-preview:-1\" \/>\n<link rel=\"canonical\" href=\"https:\/\/luxon.com\/hu\/luxon-pay-expands-fee-free-deposit-options\/\" \/>\n<meta property=\"og:locale\" content=\"hu_HU\" \/>\n<meta property=\"og:type\" content=\"article\" \/>\n<meta property=\"og:title\" content=\"Luxon Pay expands fee-free deposit options - Luxon Pay\" \/>\n<meta property=\"og:description\" content=\"Customers can now choose from more fee-free ways to fund their Luxon Pay account, with the same smooth in-app experience. &nbsp; Luxon Pay today announced an expansion of its fee-free funding options for customers in Ireland, giving customers more ways to add money without paying Luxon Pay fees on eligible methods. The update is focused... Read more &raquo;\" \/>\n<meta property=\"og:url\" content=\"https:\/\/luxon.com\/hu\/luxon-pay-expands-fee-free-deposit-options\/\" \/>\n<meta property=\"og:site_name\" content=\"Luxon Pay\" \/>\n<meta property=\"article:modified_time\" content=\"2026-03-23T12:16:21+00:00\" \/>\n<meta property=\"og:image\" content=\"https:\/\/luxon.com\/wp-content\/uploads\/Email-header-image_IRE_2.png\" \/>\n\t<meta property=\"og:image:width\" content=\"1600\" \/>\n\t<meta property=\"og:image:height\" content=\"900\" \/>\n\t<meta property=\"og:image:type\" content=\"image\/png\" \/>\n<meta name=\"twitter:card\" content=\"summary_large_image\" \/>\n<meta name=\"twitter:label1\" content=\"Becs\u00fclt olvas\u00e1si id\u0151\" \/>\n\t<meta name=\"twitter:data1\" content=\"1 perc\" \/>\n<script type=\"application\/ld+json\" class=\"yoast-schema-graph\">{\"@context\":\"https:\\\/\\\/schema.org\",\"@graph\":[{\"@type\":\"WebPage\",\"@id\":\"https:\\\/\\\/luxon.com\\\/hu\\\/luxon-pay-expands-fee-free-deposit-options\\\/\",\"url\":\"https:\\\/\\\/luxon.com\\\/hu\\\/luxon-pay-expands-fee-free-deposit-options\\\/\",\"name\":\"Luxon Pay expands fee-free deposit options - Luxon Pay\",\"isPartOf\":{\"@id\":\"https:\\\/\\\/luxon.com\\\/hu\\\/#website\"},\"primaryImageOfPage\":{\"@id\":\"https:\\\/\\\/luxon.com\\\/hu\\\/luxon-pay-expands-fee-free-deposit-options\\\/#primaryimage\"},\"image\":{\"@id\":\"https:\\\/\\\/luxon.com\\\/hu\\\/luxon-pay-expands-fee-free-deposit-options\\\/#primaryimage\"},\"thumbnailUrl\":\"https:\\\/\\\/luxon.com\\\/wp-content\\\/uploads\\\/Email-header-image_IRE_2.png\",\"datePublished\":\"2026-03-23T12:15:37+00:00\",\"dateModified\":\"2026-03-23T12:16:21+00:00\",\"inLanguage\":\"hu\",\"potentialAction\":[{\"@type\":\"ReadAction\",\"target\":[\"https:\\\/\\\/luxon.com\\\/hu\\\/luxon-pay-expands-fee-free-deposit-options\\\/\"]}]},{\"@type\":\"ImageObject\",\"inLanguage\":\"hu\",\"@id\":\"https:\\\/\\\/luxon.com\\\/hu\\\/luxon-pay-expands-fee-free-deposit-options\\\/#primaryimage\",\"url\":\"https:\\\/\\\/luxon.com\\\/wp-content\\\/uploads\\\/Email-header-image_IRE_2.png\",\"contentUrl\":\"https:\\\/\\\/luxon.com\\\/wp-content\\\/uploads\\\/Email-header-image_IRE_2.png\"},{\"@type\":\"WebSite\",\"@id\":\"https:\\\/\\\/luxon.com\\\/hu\\\/#website\",\"url\":\"https:\\\/\\\/luxon.com\\\/hu\\\/\",\"name\":\"Luxon Pay\",\"description\":\"Instant secure global payments\",\"publisher\":{\"@id\":\"https:\\\/\\\/luxon.com\\\/hu\\\/#organization\"},\"potentialAction\":[{\"@type\":\"SearchAction\",\"target\":{\"@type\":\"EntryPoint\",\"urlTemplate\":\"https:\\\/\\\/luxon.com\\\/hu\\\/?s={search_term_string}\"},\"query-input\":{\"@type\":\"PropertyValueSpecification\",\"valueRequired\":true,\"valueName\":\"search_term_string\"}}],\"inLanguage\":\"hu\"},{\"@type\":\"Organization\",\"@id\":\"https:\\\/\\\/luxon.com\\\/hu\\\/#organization\",\"name\":\"Luxon Pay\",\"url\":\"https:\\\/\\\/luxon.com\\\/hu\\\/\",\"logo\":{\"@type\":\"ImageObject\",\"inLanguage\":\"hu\",\"@id\":\"https:\\\/\\\/luxon.com\\\/hu\\\/#\\\/schema\\\/logo\\\/image\\\/\",\"url\":\"https:\\\/\\\/luxon.com\\\/wp-content\\\/uploads\\\/WebsiteImage04.png\",\"contentUrl\":\"https:\\\/\\\/luxon.com\\\/wp-content\\\/uploads\\\/WebsiteImage04.png\",\"width\":1200,\"height\":630,\"caption\":\"Luxon Pay\"},\"image\":{\"@id\":\"https:\\\/\\\/luxon.com\\\/hu\\\/#\\\/schema\\\/logo\\\/image\\\/\"}}]}<\/script>\n<!-- \/ Yoast SEO plugin. -->","yoast_head_json":{"title":"Luxon Pay expands fee-free deposit options - Luxon Pay","robots":{"index":"index","follow":"follow","max-snippet":"max-snippet:-1","max-image-preview":"max-image-preview:large","max-video-preview":"max-video-preview:-1"},"canonical":"https:\/\/luxon.com\/hu\/luxon-pay-expands-fee-free-deposit-options\/","og_locale":"hu_HU","og_type":"article","og_title":"Luxon Pay expands fee-free deposit options - Luxon Pay","og_description":"Customers can now choose from more fee-free ways to fund their Luxon Pay account, with the same smooth in-app experience. &nbsp; Luxon Pay today announced an expansion of its fee-free funding options for customers in Ireland, giving customers more ways to add money without paying Luxon Pay fees on eligible methods. The update is focused... Read more &raquo;","og_url":"https:\/\/luxon.com\/hu\/luxon-pay-expands-fee-free-deposit-options\/","og_site_name":"Luxon Pay","article_modified_time":"2026-03-23T12:16:21+00:00","og_image":[{"width":1600,"height":900,"url":"https:\/\/luxon.com\/wp-content\/uploads\/Email-header-image_IRE_2.png","type":"image\/png"}],"twitter_card":"summary_large_image","twitter_misc":{"Becs\u00fclt olvas\u00e1si id\u0151":"1 perc"},"schema":{"@context":"https:\/\/schema.org","@graph":[{"@type":"WebPage","@id":"https:\/\/luxon.com\/hu\/luxon-pay-expands-fee-free-deposit-options\/","url":"https:\/\/luxon.com\/hu\/luxon-pay-expands-fee-free-deposit-options\/","name":"Luxon Pay expands fee-free deposit options - Luxon Pay","isPartOf":{"@id":"https:\/\/luxon.com\/hu\/#website"},"primaryImageOfPage":{"@id":"https:\/\/luxon.com\/hu\/luxon-pay-expands-fee-free-deposit-options\/#primaryimage"},"image":{"@id":"https:\/\/luxon.com\/hu\/luxon-pay-expands-fee-free-deposit-options\/#primaryimage"},"thumbnailUrl":"https:\/\/luxon.com\/wp-content\/uploads\/Email-header-image_IRE_2.png","datePublished":"2026-03-23T12:15:37+00:00","dateModified":"2026-03-23T12:16:21+00:00","inLanguage":"hu","potentialAction":[{"@type":"ReadAction","target":["https:\/\/luxon.com\/hu\/luxon-pay-expands-fee-free-deposit-options\/"]}]},{"@type":"ImageObject","inLanguage":"hu","@id":"https:\/\/luxon.com\/hu\/luxon-pay-expands-fee-free-deposit-options\/#primaryimage","url":"https:\/\/luxon.com\/wp-content\/uploads\/Email-header-image_IRE_2.png","contentUrl":"https:\/\/luxon.com\/wp-content\/uploads\/Email-header-image_IRE_2.png"},{"@type":"WebSite","@id":"https:\/\/luxon.com\/hu\/#website","url":"https:\/\/luxon.com\/hu\/","name":"Luxon Pay","description":"Instant secure global payments","publisher":{"@id":"https:\/\/luxon.com\/hu\/#organization"},"potentialAction":[{"@type":"SearchAction","target":{"@type":"EntryPoint","urlTemplate":"https:\/\/luxon.com\/hu\/?s={search_term_string}"},"query-input":{"@type":"PropertyValueSpecification","valueRequired":true,"valueName":"search_term_string"}}],"inLanguage":"hu"},{"@type":"Organization","@id":"https:\/\/luxon.com\/hu\/#organization","name":"Luxon Pay","url":"https:\/\/luxon.com\/hu\/","logo":{"@type":"ImageObject","inLanguage":"hu","@id":"https:\/\/luxon.com\/hu\/#\/schema\/logo\/image\/","url":"https:\/\/luxon.com\/wp-content\/uploads\/WebsiteImage04.png","contentUrl":"https:\/\/luxon.com\/wp-content\/uploads\/WebsiteImage04.png","width":1200,"height":630,"caption":"Luxon Pay"},"image":{"@id":"https:\/\/luxon.com\/hu\/#\/schema\/logo\/image\/"}}]}},"_links":{"self":[{"href":"https:\/\/luxon.com\/hu\/wp-json\/wp\/v2\/pages\/34342","targetHints":{"allow":["GET"]}}],"collection":[{"href":"https:\/\/luxon.com\/hu\/wp-json\/wp\/v2\/pages"}],"about":[{"href":"https:\/\/luxon.com\/hu\/wp-json\/wp\/v2\/types\/page"}],"author":[{"embeddable":true,"href":"https:\/\/luxon.com\/hu\/wp-json\/wp\/v2\/users\/9"}],"replies":[{"embeddable":true,"href":"https:\/\/luxon.com\/hu\/wp-json\/wp\/v2\/comments?post=34342"}],"version-history":[{"count":3,"href":"https:\/\/luxon.com\/hu\/wp-json\/wp\/v2\/pages\/34342\/revisions"}],"predecessor-version":[{"id":34380,"href":"https:\/\/luxon.com\/hu\/wp-json\/wp\/v2\/pages\/34342\/revisions\/34380"}],"wp:attachment":[{"href":"https:\/\/luxon.com\/hu\/wp-json\/wp\/v2\/media?parent=34342"}],"curies":[{"name":"wp","href":"https:\/\/api.w.org\/{rel}","templated":true}]}}