{"id":35755,"date":"2026-05-12T20:55:03","date_gmt":"2026-05-12T20:55:03","guid":{"rendered":"https:\/\/luxon.com\/win-a-10k-wsop-seat\/"},"modified":"2026-05-13T18:17:40","modified_gmt":"2026-05-13T18:17:40","slug":"win-a-10k-wsop-seat","status":"publish","type":"page","link":"https:\/\/luxon.com\/hu\/win-a-10k-wsop-seat\/","title":{"rendered":"Nyerj egy 10 000 doll\u00e1ros WSOP f\u0151verseny helyet!"},"content":{"rendered":"<p><span data-sheets-root=\"1\">Hozd ki a legt\u00f6bbet a WSOP Vegas nevez\u00e9si d\u00edjadb\u00f3l!<\/span><\/p>\n<p>Minden Luxon Pay-jel befizetett nevez\u00e9s = 1 tombolajegy egy 10 000 doll\u00e1ros WSOP f\u0151verseny hely megnyer\u00e9s\u00e9hez. \u00cdgy es\u00e9lyed van ingyenesen j\u00e1tszani a f\u0151versenyen!<\/p>\n<p><strong>\u00cdgy m\u0171k\u00f6dik:<\/strong><br \/>\n\u2022 Nevezz be b\u00e1rmelyik WSOP Vegas versenyre, \u00e9s fizess ki a Luxon Pay-jel a WSOP Live alkalmaz\u00e1sban<br \/>\n\u2022 Szerezz 1 tombolajegyet nevez\u00e9senk\u00e9nt<br \/>\n\u2022 1 x 10 000 doll\u00e1ros WSOP f\u0151verseny hely nyerhet\u0151<\/p>\n<p><strong>\u00c1ltal\u00e1nos Szerz\u0151d\u00e9si Felt\u00e9telek<\/strong><\/p>\n<ul>\n<li>Az akci\u00f3 azon j\u00e1t\u00e9kosok sz\u00e1m\u00e1ra \u00e9rv\u00e9nyes, akik j\u00fanius 29-ig fizetnek ki a Luxon Pay-jel b\u00e1rmely WSOP Vegas versenyre a WSOP Live alkalmaz\u00e1son kereszt\u00fcl.<\/li>\n<li>J\u00fanius 30-\u00e1n h\u00fazunk egy tombol\u00e1t &#8211; az adott d\u00e1tum el\u0151tti \u00f6sszes nevez\u00e9s r\u00e9szese lesz a tombol\u00e1nak.<\/li>\n<li>Minden jogosult nevez\u00e9s egy tombolajegynek sz\u00e1m\u00edt, f\u00fcggetlen\u00fcl a nevez\u00e9si d\u00edj \u00e9rt\u00e9k\u00e9t\u0151l.<\/li>\n<li>Amennyiben egy nyertes nem tud r\u00e9szt venni a 2026-os WSOP f\u0151versenyen, akkor egyen\u00e9rt\u00e9k\u0171 nyerem\u00e9nyt t\u00e1rgyalunk meg.<\/li>\n<\/ul>\n","protected":false},"excerpt":{"rendered":"<p>Hozd ki a legt\u00f6bbet a WSOP Vegas nevez\u00e9si d\u00edjadb\u00f3l! Minden Luxon Pay-jel befizetett nevez\u00e9s = 1 tombolajegy egy 10 000 doll\u00e1ros WSOP f\u0151verseny hely megnyer\u00e9s\u00e9hez. \u00cdgy es\u00e9lyed van ingyenesen j\u00e1tszani a f\u0151versenyen! \u00cdgy m\u0171k\u00f6dik: \u2022 Nevezz be b\u00e1rmelyik WSOP Vegas versenyre, \u00e9s fizess ki a Luxon Pay-jel a WSOP Live alkalmaz\u00e1sban \u2022 Szerezz 1 tombolajegyet<a class=\"excerpt-read-more\" href=\"https:\/\/luxon.com\/hu\/win-a-10k-wsop-seat\/\" title=\"ReadNyerj egy 10 000 doll\u00e1ros WSOP f\u0151verseny helyet!\">&#8230; Read more &raquo;<\/a><\/p>\n","protected":false},"author":5,"featured_media":35728,"parent":0,"menu_order":0,"comment_status":"closed","ping_status":"closed","template":"templates\/block-template.php","meta":{"_acf_changed":false,"footnotes":""},"class_list":["post-35755","page","type-page","status-publish","has-post-thumbnail","hentry"],"acf":[],"yoast_head":"<!-- This site is optimized with the Yoast SEO plugin v27.6 - https:\/\/yoast.com\/product\/yoast-seo-wordpress\/ -->\n<title>Nyerj egy 10 000 doll\u00e1ros WSOP f\u0151verseny helyet! - Luxon Pay<\/title>\n<meta name=\"robots\" content=\"index, follow, max-snippet:-1, max-image-preview:large, max-video-preview:-1\" \/>\n<link rel=\"canonical\" href=\"https:\/\/luxon.com\/hu\/win-a-10k-wsop-seat\/\" \/>\n<meta property=\"og:locale\" content=\"hu_HU\" \/>\n<meta property=\"og:type\" content=\"article\" \/>\n<meta property=\"og:title\" content=\"Nyerj egy 10 000 doll\u00e1ros WSOP f\u0151verseny helyet! - Luxon Pay\" \/>\n<meta property=\"og:description\" content=\"Hozd ki a legt\u00f6bbet a WSOP Vegas nevez\u00e9si d\u00edjadb\u00f3l! Minden Luxon Pay-jel befizetett nevez\u00e9s = 1 tombolajegy egy 10 000 doll\u00e1ros WSOP f\u0151verseny hely megnyer\u00e9s\u00e9hez. \u00cdgy es\u00e9lyed van ingyenesen j\u00e1tszani a f\u0151versenyen! \u00cdgy m\u0171k\u00f6dik: \u2022 Nevezz be b\u00e1rmelyik WSOP Vegas versenyre, \u00e9s fizess ki a Luxon Pay-jel a WSOP Live alkalmaz\u00e1sban \u2022 Szerezz 1 tombolajegyet... Read more &raquo;\" \/>\n<meta property=\"og:url\" content=\"https:\/\/luxon.com\/hu\/win-a-10k-wsop-seat\/\" \/>\n<meta property=\"og:site_name\" content=\"Luxon Pay\" \/>\n<meta property=\"article:modified_time\" content=\"2026-05-13T18:17:40+00:00\" \/>\n<meta property=\"og:image\" content=\"https:\/\/luxon.com\/wp-content\/uploads\/EmailBanner_1200x800_1.png\" \/>\n\t<meta property=\"og:image:width\" content=\"600\" \/>\n\t<meta property=\"og:image:height\" content=\"400\" \/>\n\t<meta property=\"og:image:type\" content=\"image\/png\" \/>\n<meta name=\"twitter:card\" content=\"summary_large_image\" \/>\n<meta name=\"twitter:label1\" content=\"Becs\u00fclt olvas\u00e1si id\u0151\" \/>\n\t<meta name=\"twitter:data1\" content=\"1 perc\" \/>\n<script type=\"application\/ld+json\" class=\"yoast-schema-graph\">{\"@context\":\"https:\\\/\\\/schema.org\",\"@graph\":[{\"@type\":\"WebPage\",\"@id\":\"https:\\\/\\\/luxon.com\\\/hu\\\/win-a-10k-wsop-seat\\\/\",\"url\":\"https:\\\/\\\/luxon.com\\\/hu\\\/win-a-10k-wsop-seat\\\/\",\"name\":\"Nyerj egy 10 000 doll\u00e1ros WSOP f\u0151verseny helyet! - Luxon Pay\",\"isPartOf\":{\"@id\":\"https:\\\/\\\/luxon.com\\\/hu\\\/#website\"},\"primaryImageOfPage\":{\"@id\":\"https:\\\/\\\/luxon.com\\\/hu\\\/win-a-10k-wsop-seat\\\/#primaryimage\"},\"image\":{\"@id\":\"https:\\\/\\\/luxon.com\\\/hu\\\/win-a-10k-wsop-seat\\\/#primaryimage\"},\"thumbnailUrl\":\"https:\\\/\\\/luxon.com\\\/wp-content\\\/uploads\\\/EmailBanner_1200x800_1.png\",\"datePublished\":\"2026-05-12T20:55:03+00:00\",\"dateModified\":\"2026-05-13T18:17:40+00:00\",\"inLanguage\":\"hu\",\"potentialAction\":[{\"@type\":\"ReadAction\",\"target\":[\"https:\\\/\\\/luxon.com\\\/hu\\\/win-a-10k-wsop-seat\\\/\"]}]},{\"@type\":\"ImageObject\",\"inLanguage\":\"hu\",\"@id\":\"https:\\\/\\\/luxon.com\\\/hu\\\/win-a-10k-wsop-seat\\\/#primaryimage\",\"url\":\"https:\\\/\\\/luxon.com\\\/wp-content\\\/uploads\\\/EmailBanner_1200x800_1.png\",\"contentUrl\":\"https:\\\/\\\/luxon.com\\\/wp-content\\\/uploads\\\/EmailBanner_1200x800_1.png\",\"width\":600,\"height\":400},{\"@type\":\"WebSite\",\"@id\":\"https:\\\/\\\/luxon.com\\\/hu\\\/#website\",\"url\":\"https:\\\/\\\/luxon.com\\\/hu\\\/\",\"name\":\"Luxon Pay\",\"description\":\"Instant secure global payments\",\"publisher\":{\"@id\":\"https:\\\/\\\/luxon.com\\\/hu\\\/#organization\"},\"potentialAction\":[{\"@type\":\"SearchAction\",\"target\":{\"@type\":\"EntryPoint\",\"urlTemplate\":\"https:\\\/\\\/luxon.com\\\/hu\\\/?s={search_term_string}\"},\"query-input\":{\"@type\":\"PropertyValueSpecification\",\"valueRequired\":true,\"valueName\":\"search_term_string\"}}],\"inLanguage\":\"hu\"},{\"@type\":\"Organization\",\"@id\":\"https:\\\/\\\/luxon.com\\\/hu\\\/#organization\",\"name\":\"Luxon Pay\",\"url\":\"https:\\\/\\\/luxon.com\\\/hu\\\/\",\"logo\":{\"@type\":\"ImageObject\",\"inLanguage\":\"hu\",\"@id\":\"https:\\\/\\\/luxon.com\\\/hu\\\/#\\\/schema\\\/logo\\\/image\\\/\",\"url\":\"https:\\\/\\\/luxon.com\\\/wp-content\\\/uploads\\\/WebsiteImage04.png\",\"contentUrl\":\"https:\\\/\\\/luxon.com\\\/wp-content\\\/uploads\\\/WebsiteImage04.png\",\"width\":1200,\"height\":630,\"caption\":\"Luxon Pay\"},\"image\":{\"@id\":\"https:\\\/\\\/luxon.com\\\/hu\\\/#\\\/schema\\\/logo\\\/image\\\/\"}}]}<\/script>\n<!-- \/ Yoast SEO plugin. -->","yoast_head_json":{"title":"Nyerj egy 10 000 doll\u00e1ros WSOP f\u0151verseny helyet! - Luxon Pay","robots":{"index":"index","follow":"follow","max-snippet":"max-snippet:-1","max-image-preview":"max-image-preview:large","max-video-preview":"max-video-preview:-1"},"canonical":"https:\/\/luxon.com\/hu\/win-a-10k-wsop-seat\/","og_locale":"hu_HU","og_type":"article","og_title":"Nyerj egy 10 000 doll\u00e1ros WSOP f\u0151verseny helyet! - Luxon Pay","og_description":"Hozd ki a legt\u00f6bbet a WSOP Vegas nevez\u00e9si d\u00edjadb\u00f3l! Minden Luxon Pay-jel befizetett nevez\u00e9s = 1 tombolajegy egy 10 000 doll\u00e1ros WSOP f\u0151verseny hely megnyer\u00e9s\u00e9hez. \u00cdgy es\u00e9lyed van ingyenesen j\u00e1tszani a f\u0151versenyen! \u00cdgy m\u0171k\u00f6dik: \u2022 Nevezz be b\u00e1rmelyik WSOP Vegas versenyre, \u00e9s fizess ki a Luxon Pay-jel a WSOP Live alkalmaz\u00e1sban \u2022 Szerezz 1 tombolajegyet... Read more &raquo;","og_url":"https:\/\/luxon.com\/hu\/win-a-10k-wsop-seat\/","og_site_name":"Luxon Pay","article_modified_time":"2026-05-13T18:17:40+00:00","og_image":[{"width":600,"height":400,"url":"https:\/\/luxon.com\/wp-content\/uploads\/EmailBanner_1200x800_1.png","type":"image\/png"}],"twitter_card":"summary_large_image","twitter_misc":{"Becs\u00fclt olvas\u00e1si id\u0151":"1 perc"},"schema":{"@context":"https:\/\/schema.org","@graph":[{"@type":"WebPage","@id":"https:\/\/luxon.com\/hu\/win-a-10k-wsop-seat\/","url":"https:\/\/luxon.com\/hu\/win-a-10k-wsop-seat\/","name":"Nyerj egy 10 000 doll\u00e1ros WSOP f\u0151verseny helyet! - Luxon Pay","isPartOf":{"@id":"https:\/\/luxon.com\/hu\/#website"},"primaryImageOfPage":{"@id":"https:\/\/luxon.com\/hu\/win-a-10k-wsop-seat\/#primaryimage"},"image":{"@id":"https:\/\/luxon.com\/hu\/win-a-10k-wsop-seat\/#primaryimage"},"thumbnailUrl":"https:\/\/luxon.com\/wp-content\/uploads\/EmailBanner_1200x800_1.png","datePublished":"2026-05-12T20:55:03+00:00","dateModified":"2026-05-13T18:17:40+00:00","inLanguage":"hu","potentialAction":[{"@type":"ReadAction","target":["https:\/\/luxon.com\/hu\/win-a-10k-wsop-seat\/"]}]},{"@type":"ImageObject","inLanguage":"hu","@id":"https:\/\/luxon.com\/hu\/win-a-10k-wsop-seat\/#primaryimage","url":"https:\/\/luxon.com\/wp-content\/uploads\/EmailBanner_1200x800_1.png","contentUrl":"https:\/\/luxon.com\/wp-content\/uploads\/EmailBanner_1200x800_1.png","width":600,"height":400},{"@type":"WebSite","@id":"https:\/\/luxon.com\/hu\/#website","url":"https:\/\/luxon.com\/hu\/","name":"Luxon Pay","description":"Instant secure global payments","publisher":{"@id":"https:\/\/luxon.com\/hu\/#organization"},"potentialAction":[{"@type":"SearchAction","target":{"@type":"EntryPoint","urlTemplate":"https:\/\/luxon.com\/hu\/?s={search_term_string}"},"query-input":{"@type":"PropertyValueSpecification","valueRequired":true,"valueName":"search_term_string"}}],"inLanguage":"hu"},{"@type":"Organization","@id":"https:\/\/luxon.com\/hu\/#organization","name":"Luxon Pay","url":"https:\/\/luxon.com\/hu\/","logo":{"@type":"ImageObject","inLanguage":"hu","@id":"https:\/\/luxon.com\/hu\/#\/schema\/logo\/image\/","url":"https:\/\/luxon.com\/wp-content\/uploads\/WebsiteImage04.png","contentUrl":"https:\/\/luxon.com\/wp-content\/uploads\/WebsiteImage04.png","width":1200,"height":630,"caption":"Luxon Pay"},"image":{"@id":"https:\/\/luxon.com\/hu\/#\/schema\/logo\/image\/"}}]}},"_links":{"self":[{"href":"https:\/\/luxon.com\/hu\/wp-json\/wp\/v2\/pages\/35755","targetHints":{"allow":["GET"]}}],"collection":[{"href":"https:\/\/luxon.com\/hu\/wp-json\/wp\/v2\/pages"}],"about":[{"href":"https:\/\/luxon.com\/hu\/wp-json\/wp\/v2\/types\/page"}],"author":[{"embeddable":true,"href":"https:\/\/luxon.com\/hu\/wp-json\/wp\/v2\/users\/5"}],"replies":[{"embeddable":true,"href":"https:\/\/luxon.com\/hu\/wp-json\/wp\/v2\/comments?post=35755"}],"version-history":[{"count":4,"href":"https:\/\/luxon.com\/hu\/wp-json\/wp\/v2\/pages\/35755\/revisions"}],"predecessor-version":[{"id":35809,"href":"https:\/\/luxon.com\/hu\/wp-json\/wp\/v2\/pages\/35755\/revisions\/35809"}],"wp:featuredmedia":[{"embeddable":true,"href":"https:\/\/luxon.com\/hu\/wp-json\/wp\/v2\/media\/35728"}],"wp:attachment":[{"href":"https:\/\/luxon.com\/hu\/wp-json\/wp\/v2\/media?parent=35755"}],"curies":[{"name":"wp","href":"https:\/\/api.w.org\/{rel}","templated":true}]}}