{"id":33460,"date":"2026-02-17T20:00:32","date_gmt":"2026-02-17T20:00:32","guid":{"rendered":"https:\/\/luxon.com\/?page_id=33460"},"modified":"2026-02-17T16:43:01","modified_gmt":"2026-02-17T16:43:01","slug":"luxon-pay-introduce-zero-commissioni-di-prelievo-per-i-clienti","status":"publish","type":"page","link":"https:\/\/luxon.com\/it\/luxon-pay-introduce-zero-commissioni-di-prelievo-per-i-clienti\/","title":{"rendered":"Luxon Pay introduce zero commissioni di prelievo per i clienti"},"content":{"rendered":"<h3 style=\"text-align: center;\"><strong>Un modo pi\u00f9 chiaro e trasparente per accedere al tuo denaro.<\/strong><\/h3>\n<p>&nbsp;<\/p>\n<p>Ci hai detto che le commissioni di prelievo erano frustranti. Ti abbiamo ascoltato.<\/p>\n<p>I clienti Luxon Pay ora possono prelevare fondi senza commissioni di prelievo Luxon Pay, con un accesso pi\u00f9 chiaro e prevedibile al proprio denaro.<br \/>\nPerch\u00e9 \u00e8 il tuo denaro \u2013 non il nostro. Questo aggiornamento riflette l\u2019impegno di Luxon Pay per trasparenza e sicurezza nei movimenti di denaro quotidiani, offrendo ai clienti aspettative pi\u00f9 chiare quando prelevano i propri fondi.<\/p>\n<p>Troppo spesso accedere al proprio denaro comporta un\u2019incertezza inutile \u2014 addebiti poco chiari o trattenute inattese. Questo cambiamento elimina le commissioni di prelievo Luxon Pay e offre maggiore chiarezza quando si prelevano fondi.<\/p>\n<p>Trasferisci denaro. In sicurezza.<\/p>\n<p><img loading=\"lazy\" decoding=\"async\" class=\"alignnone size-full wp-image-33424\" src=\"https:\/\/luxon.com\/wp-content\/uploads\/Blog-Image_1600x900.png\" alt=\"\" width=\"1600\" height=\"900\" srcset=\"https:\/\/luxon.com\/wp-content\/uploads\/Blog-Image_1600x900.png 1600w, https:\/\/luxon.com\/wp-content\/uploads\/Blog-Image_1600x900-300x169.png 300w, https:\/\/luxon.com\/wp-content\/uploads\/Blog-Image_1600x900-1024x576.png 1024w, https:\/\/luxon.com\/wp-content\/uploads\/Blog-Image_1600x900-768x432.png 768w, https:\/\/luxon.com\/wp-content\/uploads\/Blog-Image_1600x900-1536x864.png 1536w\" sizes=\"auto, (max-width: 1600px) 100vw, 1600px\" \/><\/p>\n","protected":false},"excerpt":{"rendered":"<p>Un modo pi\u00f9 chiaro e trasparente per accedere al tuo denaro. &nbsp; Ci hai detto che le commissioni di prelievo erano frustranti. Ti abbiamo ascoltato. I clienti Luxon Pay ora possono prelevare fondi senza commissioni di prelievo Luxon Pay, con un accesso pi\u00f9 chiaro e prevedibile al proprio denaro. Perch\u00e9 \u00e8 il tuo denaro \u2013<a class=\"excerpt-read-more\" href=\"https:\/\/luxon.com\/it\/luxon-pay-introduce-zero-commissioni-di-prelievo-per-i-clienti\/\" title=\"ReadLuxon Pay introduce zero commissioni di prelievo per i clienti\">&#8230; Read more &raquo;<\/a><\/p>\n","protected":false},"author":3,"featured_media":33424,"parent":0,"menu_order":0,"comment_status":"closed","ping_status":"closed","template":"templates\/terms-and-conditions.php","meta":{"_acf_changed":false,"footnotes":""},"class_list":["post-33460","page","type-page","status-publish","has-post-thumbnail","hentry"],"acf":[],"yoast_head":"<!-- This site is optimized with the Yoast SEO plugin v27.4 - https:\/\/yoast.com\/product\/yoast-seo-wordpress\/ -->\n<title>Luxon Pay introduce zero commissioni di prelievo per i clienti - Luxon Pay<\/title>\n<meta name=\"robots\" content=\"index, follow, max-snippet:-1, max-image-preview:large, max-video-preview:-1\" \/>\n<link rel=\"canonical\" href=\"https:\/\/luxon.com\/it\/luxon-pay-introduce-zero-commissioni-di-prelievo-per-i-clienti\/\" \/>\n<meta property=\"og:locale\" content=\"it_IT\" \/>\n<meta property=\"og:type\" content=\"article\" \/>\n<meta property=\"og:title\" content=\"Luxon Pay introduce zero commissioni di prelievo per i clienti - Luxon Pay\" \/>\n<meta property=\"og:description\" content=\"Un modo pi\u00f9 chiaro e trasparente per accedere al tuo denaro. &nbsp; Ci hai detto che le commissioni di prelievo erano frustranti. Ti abbiamo ascoltato. I clienti Luxon Pay ora possono prelevare fondi senza commissioni di prelievo Luxon Pay, con un accesso pi\u00f9 chiaro e prevedibile al proprio denaro. Perch\u00e9 \u00e8 il tuo denaro \u2013... Read more &raquo;\" \/>\n<meta property=\"og:url\" content=\"https:\/\/luxon.com\/it\/luxon-pay-introduce-zero-commissioni-di-prelievo-per-i-clienti\/\" \/>\n<meta property=\"og:site_name\" content=\"Luxon Pay\" \/>\n<meta property=\"og:image\" content=\"https:\/\/luxon.com\/wp-content\/uploads\/Blog-Image_1600x900.png\" \/>\n\t<meta property=\"og:image:width\" content=\"1600\" \/>\n\t<meta property=\"og:image:height\" content=\"900\" \/>\n\t<meta property=\"og:image:type\" content=\"image\/png\" \/>\n<meta name=\"twitter:card\" content=\"summary_large_image\" \/>\n<meta name=\"twitter:label1\" content=\"Tempo di lettura stimato\" \/>\n\t<meta name=\"twitter:data1\" content=\"1 minuto\" \/>\n<script type=\"application\/ld+json\" class=\"yoast-schema-graph\">{\"@context\":\"https:\\\/\\\/schema.org\",\"@graph\":[{\"@type\":\"WebPage\",\"@id\":\"https:\\\/\\\/luxon.com\\\/it\\\/luxon-pay-introduce-zero-commissioni-di-prelievo-per-i-clienti\\\/\",\"url\":\"https:\\\/\\\/luxon.com\\\/it\\\/luxon-pay-introduce-zero-commissioni-di-prelievo-per-i-clienti\\\/\",\"name\":\"Luxon Pay introduce zero commissioni di prelievo per i clienti - Luxon Pay\",\"isPartOf\":{\"@id\":\"https:\\\/\\\/luxon.com\\\/it\\\/#website\"},\"primaryImageOfPage\":{\"@id\":\"https:\\\/\\\/luxon.com\\\/it\\\/luxon-pay-introduce-zero-commissioni-di-prelievo-per-i-clienti\\\/#primaryimage\"},\"image\":{\"@id\":\"https:\\\/\\\/luxon.com\\\/it\\\/luxon-pay-introduce-zero-commissioni-di-prelievo-per-i-clienti\\\/#primaryimage\"},\"thumbnailUrl\":\"https:\\\/\\\/luxon.com\\\/wp-content\\\/uploads\\\/Blog-Image_1600x900.png\",\"datePublished\":\"2026-02-17T20:00:32+00:00\",\"inLanguage\":\"it-IT\",\"potentialAction\":[{\"@type\":\"ReadAction\",\"target\":[\"https:\\\/\\\/luxon.com\\\/it\\\/luxon-pay-introduce-zero-commissioni-di-prelievo-per-i-clienti\\\/\"]}]},{\"@type\":\"ImageObject\",\"inLanguage\":\"it-IT\",\"@id\":\"https:\\\/\\\/luxon.com\\\/it\\\/luxon-pay-introduce-zero-commissioni-di-prelievo-per-i-clienti\\\/#primaryimage\",\"url\":\"https:\\\/\\\/luxon.com\\\/wp-content\\\/uploads\\\/Blog-Image_1600x900.png\",\"contentUrl\":\"https:\\\/\\\/luxon.com\\\/wp-content\\\/uploads\\\/Blog-Image_1600x900.png\",\"width\":1600,\"height\":900},{\"@type\":\"WebSite\",\"@id\":\"https:\\\/\\\/luxon.com\\\/it\\\/#website\",\"url\":\"https:\\\/\\\/luxon.com\\\/it\\\/\",\"name\":\"Luxon Pay\",\"description\":\"Instant secure global payments\",\"publisher\":{\"@id\":\"https:\\\/\\\/luxon.com\\\/it\\\/#organization\"},\"potentialAction\":[{\"@type\":\"SearchAction\",\"target\":{\"@type\":\"EntryPoint\",\"urlTemplate\":\"https:\\\/\\\/luxon.com\\\/it\\\/?s={search_term_string}\"},\"query-input\":{\"@type\":\"PropertyValueSpecification\",\"valueRequired\":true,\"valueName\":\"search_term_string\"}}],\"inLanguage\":\"it-IT\"},{\"@type\":\"Organization\",\"@id\":\"https:\\\/\\\/luxon.com\\\/it\\\/#organization\",\"name\":\"Luxon Pay\",\"url\":\"https:\\\/\\\/luxon.com\\\/it\\\/\",\"logo\":{\"@type\":\"ImageObject\",\"inLanguage\":\"it-IT\",\"@id\":\"https:\\\/\\\/luxon.com\\\/it\\\/#\\\/schema\\\/logo\\\/image\\\/\",\"url\":\"https:\\\/\\\/luxon.com\\\/wp-content\\\/uploads\\\/WebsiteImage04.png\",\"contentUrl\":\"https:\\\/\\\/luxon.com\\\/wp-content\\\/uploads\\\/WebsiteImage04.png\",\"width\":1200,\"height\":630,\"caption\":\"Luxon Pay\"},\"image\":{\"@id\":\"https:\\\/\\\/luxon.com\\\/it\\\/#\\\/schema\\\/logo\\\/image\\\/\"}}]}<\/script>\n<!-- \/ Yoast SEO plugin. -->","yoast_head_json":{"title":"Luxon Pay introduce zero commissioni di prelievo per i clienti - Luxon Pay","robots":{"index":"index","follow":"follow","max-snippet":"max-snippet:-1","max-image-preview":"max-image-preview:large","max-video-preview":"max-video-preview:-1"},"canonical":"https:\/\/luxon.com\/it\/luxon-pay-introduce-zero-commissioni-di-prelievo-per-i-clienti\/","og_locale":"it_IT","og_type":"article","og_title":"Luxon Pay introduce zero commissioni di prelievo per i clienti - Luxon Pay","og_description":"Un modo pi\u00f9 chiaro e trasparente per accedere al tuo denaro. &nbsp; Ci hai detto che le commissioni di prelievo erano frustranti. Ti abbiamo ascoltato. I clienti Luxon Pay ora possono prelevare fondi senza commissioni di prelievo Luxon Pay, con un accesso pi\u00f9 chiaro e prevedibile al proprio denaro. Perch\u00e9 \u00e8 il tuo denaro \u2013... Read more &raquo;","og_url":"https:\/\/luxon.com\/it\/luxon-pay-introduce-zero-commissioni-di-prelievo-per-i-clienti\/","og_site_name":"Luxon Pay","og_image":[{"width":1600,"height":900,"url":"https:\/\/luxon.com\/wp-content\/uploads\/Blog-Image_1600x900.png","type":"image\/png"}],"twitter_card":"summary_large_image","twitter_misc":{"Tempo di lettura stimato":"1 minuto"},"schema":{"@context":"https:\/\/schema.org","@graph":[{"@type":"WebPage","@id":"https:\/\/luxon.com\/it\/luxon-pay-introduce-zero-commissioni-di-prelievo-per-i-clienti\/","url":"https:\/\/luxon.com\/it\/luxon-pay-introduce-zero-commissioni-di-prelievo-per-i-clienti\/","name":"Luxon Pay introduce zero commissioni di prelievo per i clienti - Luxon Pay","isPartOf":{"@id":"https:\/\/luxon.com\/it\/#website"},"primaryImageOfPage":{"@id":"https:\/\/luxon.com\/it\/luxon-pay-introduce-zero-commissioni-di-prelievo-per-i-clienti\/#primaryimage"},"image":{"@id":"https:\/\/luxon.com\/it\/luxon-pay-introduce-zero-commissioni-di-prelievo-per-i-clienti\/#primaryimage"},"thumbnailUrl":"https:\/\/luxon.com\/wp-content\/uploads\/Blog-Image_1600x900.png","datePublished":"2026-02-17T20:00:32+00:00","inLanguage":"it-IT","potentialAction":[{"@type":"ReadAction","target":["https:\/\/luxon.com\/it\/luxon-pay-introduce-zero-commissioni-di-prelievo-per-i-clienti\/"]}]},{"@type":"ImageObject","inLanguage":"it-IT","@id":"https:\/\/luxon.com\/it\/luxon-pay-introduce-zero-commissioni-di-prelievo-per-i-clienti\/#primaryimage","url":"https:\/\/luxon.com\/wp-content\/uploads\/Blog-Image_1600x900.png","contentUrl":"https:\/\/luxon.com\/wp-content\/uploads\/Blog-Image_1600x900.png","width":1600,"height":900},{"@type":"WebSite","@id":"https:\/\/luxon.com\/it\/#website","url":"https:\/\/luxon.com\/it\/","name":"Luxon Pay","description":"Instant secure global payments","publisher":{"@id":"https:\/\/luxon.com\/it\/#organization"},"potentialAction":[{"@type":"SearchAction","target":{"@type":"EntryPoint","urlTemplate":"https:\/\/luxon.com\/it\/?s={search_term_string}"},"query-input":{"@type":"PropertyValueSpecification","valueRequired":true,"valueName":"search_term_string"}}],"inLanguage":"it-IT"},{"@type":"Organization","@id":"https:\/\/luxon.com\/it\/#organization","name":"Luxon Pay","url":"https:\/\/luxon.com\/it\/","logo":{"@type":"ImageObject","inLanguage":"it-IT","@id":"https:\/\/luxon.com\/it\/#\/schema\/logo\/image\/","url":"https:\/\/luxon.com\/wp-content\/uploads\/WebsiteImage04.png","contentUrl":"https:\/\/luxon.com\/wp-content\/uploads\/WebsiteImage04.png","width":1200,"height":630,"caption":"Luxon Pay"},"image":{"@id":"https:\/\/luxon.com\/it\/#\/schema\/logo\/image\/"}}]}},"_links":{"self":[{"href":"https:\/\/luxon.com\/it\/wp-json\/wp\/v2\/pages\/33460","targetHints":{"allow":["GET"]}}],"collection":[{"href":"https:\/\/luxon.com\/it\/wp-json\/wp\/v2\/pages"}],"about":[{"href":"https:\/\/luxon.com\/it\/wp-json\/wp\/v2\/types\/page"}],"author":[{"embeddable":true,"href":"https:\/\/luxon.com\/it\/wp-json\/wp\/v2\/users\/3"}],"replies":[{"embeddable":true,"href":"https:\/\/luxon.com\/it\/wp-json\/wp\/v2\/comments?post=33460"}],"version-history":[{"count":2,"href":"https:\/\/luxon.com\/it\/wp-json\/wp\/v2\/pages\/33460\/revisions"}],"predecessor-version":[{"id":33484,"href":"https:\/\/luxon.com\/it\/wp-json\/wp\/v2\/pages\/33460\/revisions\/33484"}],"wp:featuredmedia":[{"embeddable":true,"href":"https:\/\/luxon.com\/it\/wp-json\/wp\/v2\/media\/33424"}],"wp:attachment":[{"href":"https:\/\/luxon.com\/it\/wp-json\/wp\/v2\/media?parent=33460"}],"curies":[{"name":"wp","href":"https:\/\/api.w.org\/{rel}","templated":true}]}}