{"id":33748,"date":"2026-02-26T21:24:01","date_gmt":"2026-02-26T21:24:01","guid":{"rendered":"https:\/\/luxon.com\/receive-1-cashback-on-all-gg-poker-deposits\/"},"modified":"2026-03-09T08:15:24","modified_gmt":"2026-03-09T08:15:24","slug":"receive-1-cashback-on-all-gg-poker-deposits","status":"publish","type":"page","link":"https:\/\/luxon.com\/it\/receive-1-cashback-on-all-gg-poker-deposits\/","title":{"rendered":"Ricevi l&#8217;1% di cashback su tutti i depositi su GG Poker"},"content":{"rendered":"<p><strong>1% di cashback su tutti i depositi online su GG Poker utilizzando Luxon Pay.<\/strong><\/p>\n<p><strong>Come funziona:<\/strong><br \/>\n\u2022 Deposita su GG Poker online utilizzando Luxon Pay<br \/>\n\u2022 Ricevi l&#8217;1% di cashback su tutti i depositi GG Poker<\/p>\n<p>Se stai gi\u00e0 giocando al WSOP Super Circuit, questo \u00e8 un modo semplice per ottenere di pi\u00f9 dal tuo gioco.<\/p>\n<p>Buona fortuna ai tavoli!<\/p>\n<p><strong>Termini e condizioni<\/strong><\/p>\n<ul>\n<li>Questa offerta \u00e8 valida per i depositi su GG Poker effettuati tra il 10 e il 31 marzo 2026<\/li>\n<li>Il cashback verr\u00e0 accreditato automaticamente entro 7 giorni lavorativi dalla fine della promozione<\/li>\n<li>Non si applica alcun limite massimo di cashback<\/li>\n<li>Questa promozione \u00e8 nominativa e non trasferibile<\/li>\n<li>Valida solo per i commercianti online ed esclude piattaforme o depositi relativi a eventi live<\/li>\n<li>Si applicano le condizioni generali di Luxon Pay<\/li>\n<\/ul>\n","protected":false},"excerpt":{"rendered":"<p>1% di cashback su tutti i depositi online su GG Poker utilizzando Luxon Pay. Come funziona: \u2022 Deposita su GG Poker online utilizzando Luxon Pay \u2022 Ricevi l&#8217;1% di cashback su tutti i depositi GG Poker Se stai gi\u00e0 giocando al WSOP Super Circuit, questo \u00e8 un modo semplice per ottenere di pi\u00f9 dal tuo<a class=\"excerpt-read-more\" href=\"https:\/\/luxon.com\/it\/receive-1-cashback-on-all-gg-poker-deposits\/\" title=\"ReadRicevi l&#8217;1% di cashback su tutti i depositi su GG Poker\">&#8230; Read more &raquo;<\/a><\/p>\n","protected":false},"author":5,"featured_media":33677,"parent":0,"menu_order":0,"comment_status":"closed","ping_status":"closed","template":"templates\/block-template.php","meta":{"_acf_changed":false,"footnotes":""},"class_list":["post-33748","page","type-page","status-publish","has-post-thumbnail","hentry"],"acf":[],"yoast_head":"<!-- This site is optimized with the Yoast SEO plugin v27.1.1 - https:\/\/yoast.com\/product\/yoast-seo-wordpress\/ -->\n<title>Ricevi l&#039;1% di cashback su tutti i depositi su GG Poker - Luxon Pay<\/title>\n<meta name=\"robots\" content=\"index, follow, max-snippet:-1, max-image-preview:large, max-video-preview:-1\" \/>\n<link rel=\"canonical\" href=\"https:\/\/luxon.com\/it\/receive-1-cashback-on-all-gg-poker-deposits\/\" \/>\n<meta property=\"og:locale\" content=\"it_IT\" \/>\n<meta property=\"og:type\" content=\"article\" \/>\n<meta property=\"og:title\" content=\"Ricevi l&#039;1% di cashback su tutti i depositi su GG Poker - Luxon Pay\" \/>\n<meta property=\"og:description\" content=\"1% di cashback su tutti i depositi online su GG Poker utilizzando Luxon Pay. Come funziona: \u2022 Deposita su GG Poker online utilizzando Luxon Pay \u2022 Ricevi l&#8217;1% di cashback su tutti i depositi GG Poker Se stai gi\u00e0 giocando al WSOP Super Circuit, questo \u00e8 un modo semplice per ottenere di pi\u00f9 dal tuo... Read more &raquo;\" \/>\n<meta property=\"og:url\" content=\"https:\/\/luxon.com\/it\/receive-1-cashback-on-all-gg-poker-deposits\/\" \/>\n<meta property=\"og:site_name\" content=\"Luxon Pay\" \/>\n<meta property=\"article:modified_time\" content=\"2026-03-09T08:15:24+00:00\" \/>\n<meta property=\"og:image\" content=\"https:\/\/luxon.com\/wp-content\/uploads\/wsop-super-circuit-2026-featured-image-web-enhanced.webp\" \/>\n\t<meta property=\"og:image:width\" content=\"2048\" \/>\n\t<meta property=\"og:image:height\" content=\"1076\" \/>\n\t<meta property=\"og:image:type\" content=\"image\/webp\" \/>\n<meta name=\"twitter:card\" content=\"summary_large_image\" \/>\n<meta name=\"twitter:label1\" content=\"Tempo di lettura stimato\" \/>\n\t<meta name=\"twitter:data1\" content=\"1 minuto\" \/>\n<script type=\"application\/ld+json\" class=\"yoast-schema-graph\">{\"@context\":\"https:\/\/schema.org\",\"@graph\":[{\"@type\":\"WebPage\",\"@id\":\"https:\/\/luxon.com\/it\/receive-1-cashback-on-all-gg-poker-deposits\/\",\"url\":\"https:\/\/luxon.com\/it\/receive-1-cashback-on-all-gg-poker-deposits\/\",\"name\":\"Ricevi l'1% di cashback su tutti i depositi su GG Poker - Luxon Pay\",\"isPartOf\":{\"@id\":\"https:\/\/luxon.com\/it\/#website\"},\"primaryImageOfPage\":{\"@id\":\"https:\/\/luxon.com\/it\/receive-1-cashback-on-all-gg-poker-deposits\/#primaryimage\"},\"image\":{\"@id\":\"https:\/\/luxon.com\/it\/receive-1-cashback-on-all-gg-poker-deposits\/#primaryimage\"},\"thumbnailUrl\":\"https:\/\/luxon.com\/wp-content\/uploads\/wsop-super-circuit-2026-featured-image-web-enhanced.webp\",\"datePublished\":\"2026-02-26T21:24:01+00:00\",\"dateModified\":\"2026-03-09T08:15:24+00:00\",\"inLanguage\":\"it-IT\",\"potentialAction\":[{\"@type\":\"ReadAction\",\"target\":[\"https:\/\/luxon.com\/it\/receive-1-cashback-on-all-gg-poker-deposits\/\"]}]},{\"@type\":\"ImageObject\",\"inLanguage\":\"it-IT\",\"@id\":\"https:\/\/luxon.com\/it\/receive-1-cashback-on-all-gg-poker-deposits\/#primaryimage\",\"url\":\"https:\/\/luxon.com\/wp-content\/uploads\/wsop-super-circuit-2026-featured-image-web-enhanced.webp\",\"contentUrl\":\"https:\/\/luxon.com\/wp-content\/uploads\/wsop-super-circuit-2026-featured-image-web-enhanced.webp\",\"width\":2048,\"height\":1076},{\"@type\":\"WebSite\",\"@id\":\"https:\/\/luxon.com\/it\/#website\",\"url\":\"https:\/\/luxon.com\/it\/\",\"name\":\"Luxon Pay\",\"description\":\"Instant secure global payments\",\"publisher\":{\"@id\":\"https:\/\/luxon.com\/it\/#organization\"},\"potentialAction\":[{\"@type\":\"SearchAction\",\"target\":{\"@type\":\"EntryPoint\",\"urlTemplate\":\"https:\/\/luxon.com\/it\/?s={search_term_string}\"},\"query-input\":{\"@type\":\"PropertyValueSpecification\",\"valueRequired\":true,\"valueName\":\"search_term_string\"}}],\"inLanguage\":\"it-IT\"},{\"@type\":\"Organization\",\"@id\":\"https:\/\/luxon.com\/it\/#organization\",\"name\":\"Luxon Pay\",\"url\":\"https:\/\/luxon.com\/it\/\",\"logo\":{\"@type\":\"ImageObject\",\"inLanguage\":\"it-IT\",\"@id\":\"https:\/\/luxon.com\/it\/#\/schema\/logo\/image\/\",\"url\":\"https:\/\/luxon.com\/wp-content\/uploads\/WebsiteImage04.png\",\"contentUrl\":\"https:\/\/luxon.com\/wp-content\/uploads\/WebsiteImage04.png\",\"width\":1200,\"height\":630,\"caption\":\"Luxon Pay\"},\"image\":{\"@id\":\"https:\/\/luxon.com\/it\/#\/schema\/logo\/image\/\"}}]}<\/script>\n<!-- \/ Yoast SEO plugin. -->","yoast_head_json":{"title":"Ricevi l'1% di cashback su tutti i depositi su GG Poker - Luxon Pay","robots":{"index":"index","follow":"follow","max-snippet":"max-snippet:-1","max-image-preview":"max-image-preview:large","max-video-preview":"max-video-preview:-1"},"canonical":"https:\/\/luxon.com\/it\/receive-1-cashback-on-all-gg-poker-deposits\/","og_locale":"it_IT","og_type":"article","og_title":"Ricevi l'1% di cashback su tutti i depositi su GG Poker - Luxon Pay","og_description":"1% di cashback su tutti i depositi online su GG Poker utilizzando Luxon Pay. Come funziona: \u2022 Deposita su GG Poker online utilizzando Luxon Pay \u2022 Ricevi l&#8217;1% di cashback su tutti i depositi GG Poker Se stai gi\u00e0 giocando al WSOP Super Circuit, questo \u00e8 un modo semplice per ottenere di pi\u00f9 dal tuo... Read more &raquo;","og_url":"https:\/\/luxon.com\/it\/receive-1-cashback-on-all-gg-poker-deposits\/","og_site_name":"Luxon Pay","article_modified_time":"2026-03-09T08:15:24+00:00","og_image":[{"width":2048,"height":1076,"url":"https:\/\/luxon.com\/wp-content\/uploads\/wsop-super-circuit-2026-featured-image-web-enhanced.webp","type":"image\/webp"}],"twitter_card":"summary_large_image","twitter_misc":{"Tempo di lettura stimato":"1 minuto"},"schema":{"@context":"https:\/\/schema.org","@graph":[{"@type":"WebPage","@id":"https:\/\/luxon.com\/it\/receive-1-cashback-on-all-gg-poker-deposits\/","url":"https:\/\/luxon.com\/it\/receive-1-cashback-on-all-gg-poker-deposits\/","name":"Ricevi l'1% di cashback su tutti i depositi su GG Poker - Luxon Pay","isPartOf":{"@id":"https:\/\/luxon.com\/it\/#website"},"primaryImageOfPage":{"@id":"https:\/\/luxon.com\/it\/receive-1-cashback-on-all-gg-poker-deposits\/#primaryimage"},"image":{"@id":"https:\/\/luxon.com\/it\/receive-1-cashback-on-all-gg-poker-deposits\/#primaryimage"},"thumbnailUrl":"https:\/\/luxon.com\/wp-content\/uploads\/wsop-super-circuit-2026-featured-image-web-enhanced.webp","datePublished":"2026-02-26T21:24:01+00:00","dateModified":"2026-03-09T08:15:24+00:00","inLanguage":"it-IT","potentialAction":[{"@type":"ReadAction","target":["https:\/\/luxon.com\/it\/receive-1-cashback-on-all-gg-poker-deposits\/"]}]},{"@type":"ImageObject","inLanguage":"it-IT","@id":"https:\/\/luxon.com\/it\/receive-1-cashback-on-all-gg-poker-deposits\/#primaryimage","url":"https:\/\/luxon.com\/wp-content\/uploads\/wsop-super-circuit-2026-featured-image-web-enhanced.webp","contentUrl":"https:\/\/luxon.com\/wp-content\/uploads\/wsop-super-circuit-2026-featured-image-web-enhanced.webp","width":2048,"height":1076},{"@type":"WebSite","@id":"https:\/\/luxon.com\/it\/#website","url":"https:\/\/luxon.com\/it\/","name":"Luxon Pay","description":"Instant secure global payments","publisher":{"@id":"https:\/\/luxon.com\/it\/#organization"},"potentialAction":[{"@type":"SearchAction","target":{"@type":"EntryPoint","urlTemplate":"https:\/\/luxon.com\/it\/?s={search_term_string}"},"query-input":{"@type":"PropertyValueSpecification","valueRequired":true,"valueName":"search_term_string"}}],"inLanguage":"it-IT"},{"@type":"Organization","@id":"https:\/\/luxon.com\/it\/#organization","name":"Luxon Pay","url":"https:\/\/luxon.com\/it\/","logo":{"@type":"ImageObject","inLanguage":"it-IT","@id":"https:\/\/luxon.com\/it\/#\/schema\/logo\/image\/","url":"https:\/\/luxon.com\/wp-content\/uploads\/WebsiteImage04.png","contentUrl":"https:\/\/luxon.com\/wp-content\/uploads\/WebsiteImage04.png","width":1200,"height":630,"caption":"Luxon Pay"},"image":{"@id":"https:\/\/luxon.com\/it\/#\/schema\/logo\/image\/"}}]}},"_links":{"self":[{"href":"https:\/\/luxon.com\/it\/wp-json\/wp\/v2\/pages\/33748","targetHints":{"allow":["GET"]}}],"collection":[{"href":"https:\/\/luxon.com\/it\/wp-json\/wp\/v2\/pages"}],"about":[{"href":"https:\/\/luxon.com\/it\/wp-json\/wp\/v2\/types\/page"}],"author":[{"embeddable":true,"href":"https:\/\/luxon.com\/it\/wp-json\/wp\/v2\/users\/5"}],"replies":[{"embeddable":true,"href":"https:\/\/luxon.com\/it\/wp-json\/wp\/v2\/comments?post=33748"}],"version-history":[{"count":3,"href":"https:\/\/luxon.com\/it\/wp-json\/wp\/v2\/pages\/33748\/revisions"}],"predecessor-version":[{"id":33749,"href":"https:\/\/luxon.com\/it\/wp-json\/wp\/v2\/pages\/33748\/revisions\/33749"}],"wp:featuredmedia":[{"embeddable":true,"href":"https:\/\/luxon.com\/it\/wp-json\/wp\/v2\/media\/33677"}],"wp:attachment":[{"href":"https:\/\/luxon.com\/it\/wp-json\/wp\/v2\/media?parent=33748"}],"curies":[{"name":"wp","href":"https:\/\/api.w.org\/{rel}","templated":true}]}}