{"id":22204,"date":"2022-11-29T12:17:01","date_gmt":"2022-11-29T12:17:01","guid":{"rendered":"https:\/\/luxon.com\/instant-transfers\/"},"modified":"2023-06-14T15:02:25","modified_gmt":"2023-06-14T15:02:25","slug":"instant-transfers","status":"publish","type":"page","link":"https:\/\/luxon.com\/lt\/instant-transfers\/","title":{"rendered":"Momentiniai pavedimai"},"content":{"rendered":"<p><span style=\"font-weight: 400;\">Si\u0173skite pinigus kitam Luxon Pay vartotojui bet kurioje <\/span>pasaulio vietoje<span style=\"font-weight: 400;\">; si\u0173skite ir gaukite \u012fvairias valiutas i\u0161 savo kontakt\u0173.<\/span><\/p>\n","protected":false},"excerpt":{"rendered":"<p>Si\u0173skite pinigus kitam Luxon Pay vartotojui bet kurioje pasaulio vietoje; si\u0173skite ir gaukite \u012fvairias valiutas i\u0161 savo kontakt\u0173.<\/p>\n","protected":false},"author":5,"featured_media":21748,"parent":0,"menu_order":0,"comment_status":"closed","ping_status":"closed","template":"templates\/block-template.php","meta":{"_acf_changed":false,"footnotes":""},"class_list":["post-22204","page","type-page","status-publish","has-post-thumbnail","hentry"],"acf":[],"yoast_head":"<!-- This site is optimized with the Yoast SEO plugin v27.4 - https:\/\/yoast.com\/product\/yoast-seo-wordpress\/ -->\n<title>Momentiniai pavedimai - Luxon Pay<\/title>\n<meta name=\"robots\" content=\"index, follow, max-snippet:-1, max-image-preview:large, max-video-preview:-1\" \/>\n<link rel=\"canonical\" href=\"https:\/\/luxon.com\/lt\/instant-transfers\/\" \/>\n<meta property=\"og:locale\" content=\"lt_LT\" \/>\n<meta property=\"og:type\" content=\"article\" \/>\n<meta property=\"og:title\" content=\"Momentiniai pavedimai - Luxon Pay\" \/>\n<meta property=\"og:description\" content=\"Si\u0173skite pinigus kitam Luxon Pay vartotojui bet kurioje pasaulio vietoje; si\u0173skite ir gaukite \u012fvairias valiutas i\u0161 savo kontakt\u0173.\" \/>\n<meta property=\"og:url\" content=\"https:\/\/luxon.com\/lt\/instant-transfers\/\" \/>\n<meta property=\"og:site_name\" content=\"Luxon Pay\" \/>\n<meta property=\"article:modified_time\" content=\"2023-06-14T15:02:25+00:00\" \/>\n<meta property=\"og:image\" content=\"https:\/\/luxon.com\/wp-content\/uploads\/Frame-7363.png\" \/>\n\t<meta property=\"og:image:width\" content=\"340\" \/>\n\t<meta property=\"og:image:height\" content=\"558\" \/>\n\t<meta property=\"og:image:type\" content=\"image\/png\" \/>\n<meta name=\"twitter:card\" content=\"summary_large_image\" \/>\n<meta name=\"twitter:label1\" content=\"Est. reading time\" \/>\n\t<meta name=\"twitter:data1\" content=\"1 minut\u0117\" \/>\n<script type=\"application\/ld+json\" class=\"yoast-schema-graph\">{\"@context\":\"https:\\\/\\\/schema.org\",\"@graph\":[{\"@type\":\"WebPage\",\"@id\":\"https:\\\/\\\/luxon.com\\\/lt\\\/instant-transfers\\\/\",\"url\":\"https:\\\/\\\/luxon.com\\\/lt\\\/instant-transfers\\\/\",\"name\":\"Momentiniai pavedimai - Luxon Pay\",\"isPartOf\":{\"@id\":\"https:\\\/\\\/luxon.com\\\/lt\\\/#website\"},\"primaryImageOfPage\":{\"@id\":\"https:\\\/\\\/luxon.com\\\/lt\\\/instant-transfers\\\/#primaryimage\"},\"image\":{\"@id\":\"https:\\\/\\\/luxon.com\\\/lt\\\/instant-transfers\\\/#primaryimage\"},\"thumbnailUrl\":\"https:\\\/\\\/luxon.com\\\/wp-content\\\/uploads\\\/Frame-7363.png\",\"datePublished\":\"2022-11-29T12:17:01+00:00\",\"dateModified\":\"2023-06-14T15:02:25+00:00\",\"inLanguage\":\"lt-LT\",\"potentialAction\":[{\"@type\":\"ReadAction\",\"target\":[\"https:\\\/\\\/luxon.com\\\/lt\\\/instant-transfers\\\/\"]}]},{\"@type\":\"ImageObject\",\"inLanguage\":\"lt-LT\",\"@id\":\"https:\\\/\\\/luxon.com\\\/lt\\\/instant-transfers\\\/#primaryimage\",\"url\":\"https:\\\/\\\/luxon.com\\\/wp-content\\\/uploads\\\/Frame-7363.png\",\"contentUrl\":\"https:\\\/\\\/luxon.com\\\/wp-content\\\/uploads\\\/Frame-7363.png\",\"width\":340,\"height\":558},{\"@type\":\"WebSite\",\"@id\":\"https:\\\/\\\/luxon.com\\\/lt\\\/#website\",\"url\":\"https:\\\/\\\/luxon.com\\\/lt\\\/\",\"name\":\"Luxon Pay\",\"description\":\"Instant secure global payments\",\"publisher\":{\"@id\":\"https:\\\/\\\/luxon.com\\\/lt\\\/#organization\"},\"potentialAction\":[{\"@type\":\"SearchAction\",\"target\":{\"@type\":\"EntryPoint\",\"urlTemplate\":\"https:\\\/\\\/luxon.com\\\/lt\\\/?s={search_term_string}\"},\"query-input\":{\"@type\":\"PropertyValueSpecification\",\"valueRequired\":true,\"valueName\":\"search_term_string\"}}],\"inLanguage\":\"lt-LT\"},{\"@type\":\"Organization\",\"@id\":\"https:\\\/\\\/luxon.com\\\/lt\\\/#organization\",\"name\":\"Luxon Pay\",\"url\":\"https:\\\/\\\/luxon.com\\\/lt\\\/\",\"logo\":{\"@type\":\"ImageObject\",\"inLanguage\":\"lt-LT\",\"@id\":\"https:\\\/\\\/luxon.com\\\/lt\\\/#\\\/schema\\\/logo\\\/image\\\/\",\"url\":\"https:\\\/\\\/luxon.com\\\/wp-content\\\/uploads\\\/WebsiteImage04.png\",\"contentUrl\":\"https:\\\/\\\/luxon.com\\\/wp-content\\\/uploads\\\/WebsiteImage04.png\",\"width\":1200,\"height\":630,\"caption\":\"Luxon Pay\"},\"image\":{\"@id\":\"https:\\\/\\\/luxon.com\\\/lt\\\/#\\\/schema\\\/logo\\\/image\\\/\"}}]}<\/script>\n<!-- \/ Yoast SEO plugin. -->","yoast_head_json":{"title":"Momentiniai pavedimai - Luxon Pay","robots":{"index":"index","follow":"follow","max-snippet":"max-snippet:-1","max-image-preview":"max-image-preview:large","max-video-preview":"max-video-preview:-1"},"canonical":"https:\/\/luxon.com\/lt\/instant-transfers\/","og_locale":"lt_LT","og_type":"article","og_title":"Momentiniai pavedimai - Luxon Pay","og_description":"Si\u0173skite pinigus kitam Luxon Pay vartotojui bet kurioje pasaulio vietoje; si\u0173skite ir gaukite \u012fvairias valiutas i\u0161 savo kontakt\u0173.","og_url":"https:\/\/luxon.com\/lt\/instant-transfers\/","og_site_name":"Luxon Pay","article_modified_time":"2023-06-14T15:02:25+00:00","og_image":[{"width":340,"height":558,"url":"https:\/\/luxon.com\/wp-content\/uploads\/Frame-7363.png","type":"image\/png"}],"twitter_card":"summary_large_image","twitter_misc":{"Est. reading time":"1 minut\u0117"},"schema":{"@context":"https:\/\/schema.org","@graph":[{"@type":"WebPage","@id":"https:\/\/luxon.com\/lt\/instant-transfers\/","url":"https:\/\/luxon.com\/lt\/instant-transfers\/","name":"Momentiniai pavedimai - Luxon Pay","isPartOf":{"@id":"https:\/\/luxon.com\/lt\/#website"},"primaryImageOfPage":{"@id":"https:\/\/luxon.com\/lt\/instant-transfers\/#primaryimage"},"image":{"@id":"https:\/\/luxon.com\/lt\/instant-transfers\/#primaryimage"},"thumbnailUrl":"https:\/\/luxon.com\/wp-content\/uploads\/Frame-7363.png","datePublished":"2022-11-29T12:17:01+00:00","dateModified":"2023-06-14T15:02:25+00:00","inLanguage":"lt-LT","potentialAction":[{"@type":"ReadAction","target":["https:\/\/luxon.com\/lt\/instant-transfers\/"]}]},{"@type":"ImageObject","inLanguage":"lt-LT","@id":"https:\/\/luxon.com\/lt\/instant-transfers\/#primaryimage","url":"https:\/\/luxon.com\/wp-content\/uploads\/Frame-7363.png","contentUrl":"https:\/\/luxon.com\/wp-content\/uploads\/Frame-7363.png","width":340,"height":558},{"@type":"WebSite","@id":"https:\/\/luxon.com\/lt\/#website","url":"https:\/\/luxon.com\/lt\/","name":"Luxon Pay","description":"Instant secure global payments","publisher":{"@id":"https:\/\/luxon.com\/lt\/#organization"},"potentialAction":[{"@type":"SearchAction","target":{"@type":"EntryPoint","urlTemplate":"https:\/\/luxon.com\/lt\/?s={search_term_string}"},"query-input":{"@type":"PropertyValueSpecification","valueRequired":true,"valueName":"search_term_string"}}],"inLanguage":"lt-LT"},{"@type":"Organization","@id":"https:\/\/luxon.com\/lt\/#organization","name":"Luxon Pay","url":"https:\/\/luxon.com\/lt\/","logo":{"@type":"ImageObject","inLanguage":"lt-LT","@id":"https:\/\/luxon.com\/lt\/#\/schema\/logo\/image\/","url":"https:\/\/luxon.com\/wp-content\/uploads\/WebsiteImage04.png","contentUrl":"https:\/\/luxon.com\/wp-content\/uploads\/WebsiteImage04.png","width":1200,"height":630,"caption":"Luxon Pay"},"image":{"@id":"https:\/\/luxon.com\/lt\/#\/schema\/logo\/image\/"}}]}},"_links":{"self":[{"href":"https:\/\/luxon.com\/lt\/wp-json\/wp\/v2\/pages\/22204","targetHints":{"allow":["GET"]}}],"collection":[{"href":"https:\/\/luxon.com\/lt\/wp-json\/wp\/v2\/pages"}],"about":[{"href":"https:\/\/luxon.com\/lt\/wp-json\/wp\/v2\/types\/page"}],"author":[{"embeddable":true,"href":"https:\/\/luxon.com\/lt\/wp-json\/wp\/v2\/users\/5"}],"replies":[{"embeddable":true,"href":"https:\/\/luxon.com\/lt\/wp-json\/wp\/v2\/comments?post=22204"}],"version-history":[{"count":6,"href":"https:\/\/luxon.com\/lt\/wp-json\/wp\/v2\/pages\/22204\/revisions"}],"predecessor-version":[{"id":23292,"href":"https:\/\/luxon.com\/lt\/wp-json\/wp\/v2\/pages\/22204\/revisions\/23292"}],"wp:featuredmedia":[{"embeddable":true,"href":"https:\/\/luxon.com\/lt\/wp-json\/wp\/v2\/media\/21748"}],"wp:attachment":[{"href":"https:\/\/luxon.com\/lt\/wp-json\/wp\/v2\/media?parent=22204"}],"curies":[{"name":"wp","href":"https:\/\/api.w.org\/{rel}","templated":true}]}}