{"id":22235,"date":"2022-10-04T14:12:28","date_gmt":"2022-10-04T14:12:28","guid":{"rendered":"https:\/\/luxon.com\/security\/"},"modified":"2024-10-22T19:12:26","modified_gmt":"2024-10-22T19:12:26","slug":"security","status":"publish","type":"page","link":"https:\/\/luxon.com\/lt\/security\/","title":{"rendered":"J\u016bs\u0173 l\u0117\u0161\u0173 saugumas-m\u016bs\u0173 prioritetas"},"content":{"rendered":"<p><span style=\"font-weight: 400;\">M\u016bs\u0173 prioritetas \u2013 u\u017etikrinti, kad j\u016bs\u0173 l\u0117\u0161os b\u016bt\u0173 saugios. J\u016bs\u0173 pinigai saugomi patikimoje vietoje, o vidiniai 2 veiksni\u0173 autentifikacijos metodai leid\u017eia pritaikyti saugumo nustatymus pagal j\u016bs\u0173 poreikius. <\/span>Visi duomenys yra u\u017e\u0161ifruoti, o m\u016bs\u0173 klient\u0173 aptarnavimo komanda gal\u0117s jums pad\u0117ti bet kuriuo metu.<b><br \/>\n<\/b><\/p>\n","protected":false},"excerpt":{"rendered":"<p>M\u016bs\u0173 prioritetas \u2013 u\u017etikrinti, kad j\u016bs\u0173 l\u0117\u0161os b\u016bt\u0173 saugios. J\u016bs\u0173 pinigai saugomi patikimoje vietoje, o vidiniai 2 veiksni\u0173 autentifikacijos metodai leid\u017eia pritaikyti saugumo nustatymus pagal j\u016bs\u0173 poreikius. Visi duomenys yra u\u017e\u0161ifruoti, o m\u016bs\u0173 klient\u0173 aptarnavimo komanda gal\u0117s jums pad\u0117ti bet kuriuo metu.<\/p>\n","protected":false},"author":3,"featured_media":21750,"parent":0,"menu_order":0,"comment_status":"closed","ping_status":"closed","template":"templates\/block-template.php","meta":{"_acf_changed":false,"footnotes":""},"class_list":["post-22235","page","type-page","status-publish","has-post-thumbnail","hentry"],"acf":[],"yoast_head":"<!-- This site is optimized with the Yoast SEO plugin v27.1.1 - https:\/\/yoast.com\/product\/yoast-seo-wordpress\/ -->\n<title>J\u016bs\u0173 l\u0117\u0161\u0173 saugumas-m\u016bs\u0173 prioritetas - Luxon Pay<\/title>\n<meta name=\"robots\" content=\"index, follow, max-snippet:-1, max-image-preview:large, max-video-preview:-1\" \/>\n<link rel=\"canonical\" href=\"https:\/\/luxon.com\/lt\/security\/\" \/>\n<meta property=\"og:locale\" content=\"lt_LT\" \/>\n<meta property=\"og:type\" content=\"article\" \/>\n<meta property=\"og:title\" content=\"J\u016bs\u0173 l\u0117\u0161\u0173 saugumas-m\u016bs\u0173 prioritetas - Luxon Pay\" \/>\n<meta property=\"og:description\" content=\"M\u016bs\u0173 prioritetas \u2013 u\u017etikrinti, kad j\u016bs\u0173 l\u0117\u0161os b\u016bt\u0173 saugios. J\u016bs\u0173 pinigai saugomi patikimoje vietoje, o vidiniai 2 veiksni\u0173 autentifikacijos metodai leid\u017eia pritaikyti saugumo nustatymus pagal j\u016bs\u0173 poreikius. Visi duomenys yra u\u017e\u0161ifruoti, o m\u016bs\u0173 klient\u0173 aptarnavimo komanda gal\u0117s jums pad\u0117ti bet kuriuo metu.\" \/>\n<meta property=\"og:url\" content=\"https:\/\/luxon.com\/lt\/security\/\" \/>\n<meta property=\"og:site_name\" content=\"Luxon Pay\" \/>\n<meta property=\"article:modified_time\" content=\"2024-10-22T19:12:26+00:00\" \/>\n<meta property=\"og:image\" content=\"https:\/\/luxon.com\/wp-content\/uploads\/Security-1.png\" \/>\n\t<meta property=\"og:image:width\" content=\"370\" \/>\n\t<meta property=\"og:image:height\" content=\"466\" \/>\n\t<meta property=\"og:image:type\" content=\"image\/png\" \/>\n<meta name=\"twitter:card\" content=\"summary_large_image\" \/>\n<meta name=\"twitter:label1\" content=\"Est. reading time\" \/>\n\t<meta name=\"twitter:data1\" content=\"1 minut\u0117\" \/>\n<script type=\"application\/ld+json\" class=\"yoast-schema-graph\">{\"@context\":\"https:\/\/schema.org\",\"@graph\":[{\"@type\":\"WebPage\",\"@id\":\"https:\/\/luxon.com\/lt\/security\/\",\"url\":\"https:\/\/luxon.com\/lt\/security\/\",\"name\":\"J\u016bs\u0173 l\u0117\u0161\u0173 saugumas-m\u016bs\u0173 prioritetas - Luxon Pay\",\"isPartOf\":{\"@id\":\"https:\/\/luxon.com\/lt\/#website\"},\"primaryImageOfPage\":{\"@id\":\"https:\/\/luxon.com\/lt\/security\/#primaryimage\"},\"image\":{\"@id\":\"https:\/\/luxon.com\/lt\/security\/#primaryimage\"},\"thumbnailUrl\":\"https:\/\/luxon.com\/wp-content\/uploads\/Security-1.png\",\"datePublished\":\"2022-10-04T14:12:28+00:00\",\"dateModified\":\"2024-10-22T19:12:26+00:00\",\"inLanguage\":\"lt-LT\",\"potentialAction\":[{\"@type\":\"ReadAction\",\"target\":[\"https:\/\/luxon.com\/lt\/security\/\"]}]},{\"@type\":\"ImageObject\",\"inLanguage\":\"lt-LT\",\"@id\":\"https:\/\/luxon.com\/lt\/security\/#primaryimage\",\"url\":\"https:\/\/luxon.com\/wp-content\/uploads\/Security-1.png\",\"contentUrl\":\"https:\/\/luxon.com\/wp-content\/uploads\/Security-1.png\",\"width\":370,\"height\":466},{\"@type\":\"WebSite\",\"@id\":\"https:\/\/luxon.com\/lt\/#website\",\"url\":\"https:\/\/luxon.com\/lt\/\",\"name\":\"Luxon Pay\",\"description\":\"Instant secure global payments\",\"publisher\":{\"@id\":\"https:\/\/luxon.com\/lt\/#organization\"},\"potentialAction\":[{\"@type\":\"SearchAction\",\"target\":{\"@type\":\"EntryPoint\",\"urlTemplate\":\"https:\/\/luxon.com\/lt\/?s={search_term_string}\"},\"query-input\":{\"@type\":\"PropertyValueSpecification\",\"valueRequired\":true,\"valueName\":\"search_term_string\"}}],\"inLanguage\":\"lt-LT\"},{\"@type\":\"Organization\",\"@id\":\"https:\/\/luxon.com\/lt\/#organization\",\"name\":\"Luxon Pay\",\"url\":\"https:\/\/luxon.com\/lt\/\",\"logo\":{\"@type\":\"ImageObject\",\"inLanguage\":\"lt-LT\",\"@id\":\"https:\/\/luxon.com\/lt\/#\/schema\/logo\/image\/\",\"url\":\"https:\/\/luxon.com\/wp-content\/uploads\/WebsiteImage04.png\",\"contentUrl\":\"https:\/\/luxon.com\/wp-content\/uploads\/WebsiteImage04.png\",\"width\":1200,\"height\":630,\"caption\":\"Luxon Pay\"},\"image\":{\"@id\":\"https:\/\/luxon.com\/lt\/#\/schema\/logo\/image\/\"}}]}<\/script>\n<!-- \/ Yoast SEO plugin. -->","yoast_head_json":{"title":"J\u016bs\u0173 l\u0117\u0161\u0173 saugumas-m\u016bs\u0173 prioritetas - Luxon Pay","robots":{"index":"index","follow":"follow","max-snippet":"max-snippet:-1","max-image-preview":"max-image-preview:large","max-video-preview":"max-video-preview:-1"},"canonical":"https:\/\/luxon.com\/lt\/security\/","og_locale":"lt_LT","og_type":"article","og_title":"J\u016bs\u0173 l\u0117\u0161\u0173 saugumas-m\u016bs\u0173 prioritetas - Luxon Pay","og_description":"M\u016bs\u0173 prioritetas \u2013 u\u017etikrinti, kad j\u016bs\u0173 l\u0117\u0161os b\u016bt\u0173 saugios. J\u016bs\u0173 pinigai saugomi patikimoje vietoje, o vidiniai 2 veiksni\u0173 autentifikacijos metodai leid\u017eia pritaikyti saugumo nustatymus pagal j\u016bs\u0173 poreikius. Visi duomenys yra u\u017e\u0161ifruoti, o m\u016bs\u0173 klient\u0173 aptarnavimo komanda gal\u0117s jums pad\u0117ti bet kuriuo metu.","og_url":"https:\/\/luxon.com\/lt\/security\/","og_site_name":"Luxon Pay","article_modified_time":"2024-10-22T19:12:26+00:00","og_image":[{"width":370,"height":466,"url":"https:\/\/luxon.com\/wp-content\/uploads\/Security-1.png","type":"image\/png"}],"twitter_card":"summary_large_image","twitter_misc":{"Est. reading time":"1 minut\u0117"},"schema":{"@context":"https:\/\/schema.org","@graph":[{"@type":"WebPage","@id":"https:\/\/luxon.com\/lt\/security\/","url":"https:\/\/luxon.com\/lt\/security\/","name":"J\u016bs\u0173 l\u0117\u0161\u0173 saugumas-m\u016bs\u0173 prioritetas - Luxon Pay","isPartOf":{"@id":"https:\/\/luxon.com\/lt\/#website"},"primaryImageOfPage":{"@id":"https:\/\/luxon.com\/lt\/security\/#primaryimage"},"image":{"@id":"https:\/\/luxon.com\/lt\/security\/#primaryimage"},"thumbnailUrl":"https:\/\/luxon.com\/wp-content\/uploads\/Security-1.png","datePublished":"2022-10-04T14:12:28+00:00","dateModified":"2024-10-22T19:12:26+00:00","inLanguage":"lt-LT","potentialAction":[{"@type":"ReadAction","target":["https:\/\/luxon.com\/lt\/security\/"]}]},{"@type":"ImageObject","inLanguage":"lt-LT","@id":"https:\/\/luxon.com\/lt\/security\/#primaryimage","url":"https:\/\/luxon.com\/wp-content\/uploads\/Security-1.png","contentUrl":"https:\/\/luxon.com\/wp-content\/uploads\/Security-1.png","width":370,"height":466},{"@type":"WebSite","@id":"https:\/\/luxon.com\/lt\/#website","url":"https:\/\/luxon.com\/lt\/","name":"Luxon Pay","description":"Instant secure global payments","publisher":{"@id":"https:\/\/luxon.com\/lt\/#organization"},"potentialAction":[{"@type":"SearchAction","target":{"@type":"EntryPoint","urlTemplate":"https:\/\/luxon.com\/lt\/?s={search_term_string}"},"query-input":{"@type":"PropertyValueSpecification","valueRequired":true,"valueName":"search_term_string"}}],"inLanguage":"lt-LT"},{"@type":"Organization","@id":"https:\/\/luxon.com\/lt\/#organization","name":"Luxon Pay","url":"https:\/\/luxon.com\/lt\/","logo":{"@type":"ImageObject","inLanguage":"lt-LT","@id":"https:\/\/luxon.com\/lt\/#\/schema\/logo\/image\/","url":"https:\/\/luxon.com\/wp-content\/uploads\/WebsiteImage04.png","contentUrl":"https:\/\/luxon.com\/wp-content\/uploads\/WebsiteImage04.png","width":1200,"height":630,"caption":"Luxon Pay"},"image":{"@id":"https:\/\/luxon.com\/lt\/#\/schema\/logo\/image\/"}}]}},"_links":{"self":[{"href":"https:\/\/luxon.com\/lt\/wp-json\/wp\/v2\/pages\/22235","targetHints":{"allow":["GET"]}}],"collection":[{"href":"https:\/\/luxon.com\/lt\/wp-json\/wp\/v2\/pages"}],"about":[{"href":"https:\/\/luxon.com\/lt\/wp-json\/wp\/v2\/types\/page"}],"author":[{"embeddable":true,"href":"https:\/\/luxon.com\/lt\/wp-json\/wp\/v2\/users\/3"}],"replies":[{"embeddable":true,"href":"https:\/\/luxon.com\/lt\/wp-json\/wp\/v2\/comments?post=22235"}],"version-history":[{"count":9,"href":"https:\/\/luxon.com\/lt\/wp-json\/wp\/v2\/pages\/22235\/revisions"}],"predecessor-version":[{"id":27459,"href":"https:\/\/luxon.com\/lt\/wp-json\/wp\/v2\/pages\/22235\/revisions\/27459"}],"wp:featuredmedia":[{"embeddable":true,"href":"https:\/\/luxon.com\/lt\/wp-json\/wp\/v2\/media\/21750"}],"wp:attachment":[{"href":"https:\/\/luxon.com\/lt\/wp-json\/wp\/v2\/media?parent=22235"}],"curies":[{"name":"wp","href":"https:\/\/api.w.org\/{rel}","templated":true}]}}