{"id":25783,"date":"2022-08-30T07:59:42","date_gmt":"2022-08-30T07:59:42","guid":{"rendered":"https:\/\/luxon.com\/cards\/"},"modified":"2025-12-16T13:41:18","modified_gmt":"2025-12-16T13:41:18","slug":"cards","status":"publish","type":"page","link":"https:\/\/luxon.com\/lt\/cards\/","title":{"rendered":"Atsiskaitykite su savo Luxon Pay Mastercard kortele"},"content":{"rendered":"<p><span style=\"font-weight: 400;\">J\u016bs\u0173 pinigai gali b\u016bti lengvai prieinami visame pasaulyje su Luxon Pay Mastercard. Atlikite mok\u0117jimus internetu ir naudokit\u0117s bekontak\u010diu mok\u0117jimu, taip pat galite i\u0161imti pinigus i\u0161 bankomato nemokamai, savo \u0161alyje ar u\u017e jos rib\u0173.<\/span><\/p>\n","protected":false},"excerpt":{"rendered":"<p>J\u016bs\u0173 pinigai gali b\u016bti lengvai prieinami visame pasaulyje su Luxon Pay Mastercard. Atlikite mok\u0117jimus internetu ir naudokit\u0117s bekontak\u010diu mok\u0117jimu, taip pat galite i\u0161imti pinigus i\u0161 bankomato nemokamai, savo \u0161alyje ar u\u017e jos rib\u0173.<\/p>\n","protected":false},"author":2,"featured_media":21616,"parent":0,"menu_order":0,"comment_status":"closed","ping_status":"closed","template":"templates\/block-template.php","meta":{"_acf_changed":false,"footnotes":""},"class_list":["post-25783","page","type-page","status-publish","has-post-thumbnail","hentry"],"acf":[],"yoast_head":"<!-- This site is optimized with the Yoast SEO plugin v27.4 - https:\/\/yoast.com\/product\/yoast-seo-wordpress\/ -->\n<title>Atsiskaitykite su savo Luxon Pay Mastercard kortele - Luxon Pay<\/title>\n<meta name=\"robots\" content=\"index, follow, max-snippet:-1, max-image-preview:large, max-video-preview:-1\" \/>\n<link rel=\"canonical\" href=\"https:\/\/luxon.com\/lt\/cards\/\" \/>\n<meta property=\"og:locale\" content=\"lt_LT\" \/>\n<meta property=\"og:type\" content=\"article\" \/>\n<meta property=\"og:title\" content=\"Atsiskaitykite su savo Luxon Pay Mastercard kortele - Luxon Pay\" \/>\n<meta property=\"og:description\" content=\"J\u016bs\u0173 pinigai gali b\u016bti lengvai prieinami visame pasaulyje su Luxon Pay Mastercard. Atlikite mok\u0117jimus internetu ir naudokit\u0117s bekontak\u010diu mok\u0117jimu, taip pat galite i\u0161imti pinigus i\u0161 bankomato nemokamai, savo \u0161alyje ar u\u017e jos rib\u0173.\" \/>\n<meta property=\"og:url\" content=\"https:\/\/luxon.com\/lt\/cards\/\" \/>\n<meta property=\"og:site_name\" content=\"Luxon Pay\" \/>\n<meta property=\"article:modified_time\" content=\"2025-12-16T13:41:18+00:00\" \/>\n<meta property=\"og:image\" content=\"https:\/\/luxon.com\/wp-content\/uploads\/Hero-Image@3x.png\" \/>\n\t<meta property=\"og:image:width\" content=\"1652\" \/>\n\t<meta property=\"og:image:height\" content=\"1727\" \/>\n\t<meta property=\"og:image:type\" content=\"image\/png\" \/>\n<meta name=\"twitter:card\" content=\"summary_large_image\" \/>\n<meta name=\"twitter:label1\" content=\"Est. reading time\" \/>\n\t<meta name=\"twitter:data1\" content=\"1 minut\u0117\" \/>\n<script type=\"application\/ld+json\" class=\"yoast-schema-graph\">{\"@context\":\"https:\\\/\\\/schema.org\",\"@graph\":[{\"@type\":\"WebPage\",\"@id\":\"https:\\\/\\\/luxon.com\\\/lt\\\/cards\\\/\",\"url\":\"https:\\\/\\\/luxon.com\\\/lt\\\/cards\\\/\",\"name\":\"Atsiskaitykite su savo Luxon Pay Mastercard kortele - Luxon Pay\",\"isPartOf\":{\"@id\":\"https:\\\/\\\/luxon.com\\\/lt\\\/#website\"},\"primaryImageOfPage\":{\"@id\":\"https:\\\/\\\/luxon.com\\\/lt\\\/cards\\\/#primaryimage\"},\"image\":{\"@id\":\"https:\\\/\\\/luxon.com\\\/lt\\\/cards\\\/#primaryimage\"},\"thumbnailUrl\":\"https:\\\/\\\/luxon.com\\\/wp-content\\\/uploads\\\/Hero-Image@3x.png\",\"datePublished\":\"2022-08-30T07:59:42+00:00\",\"dateModified\":\"2025-12-16T13:41:18+00:00\",\"inLanguage\":\"lt-LT\",\"potentialAction\":[{\"@type\":\"ReadAction\",\"target\":[\"https:\\\/\\\/luxon.com\\\/lt\\\/cards\\\/\"]}]},{\"@type\":\"ImageObject\",\"inLanguage\":\"lt-LT\",\"@id\":\"https:\\\/\\\/luxon.com\\\/lt\\\/cards\\\/#primaryimage\",\"url\":\"https:\\\/\\\/luxon.com\\\/wp-content\\\/uploads\\\/Hero-Image@3x.png\",\"contentUrl\":\"https:\\\/\\\/luxon.com\\\/wp-content\\\/uploads\\\/Hero-Image@3x.png\",\"width\":1652,\"height\":1727},{\"@type\":\"WebSite\",\"@id\":\"https:\\\/\\\/luxon.com\\\/lt\\\/#website\",\"url\":\"https:\\\/\\\/luxon.com\\\/lt\\\/\",\"name\":\"Luxon Pay\",\"description\":\"Instant secure global payments\",\"publisher\":{\"@id\":\"https:\\\/\\\/luxon.com\\\/lt\\\/#organization\"},\"potentialAction\":[{\"@type\":\"SearchAction\",\"target\":{\"@type\":\"EntryPoint\",\"urlTemplate\":\"https:\\\/\\\/luxon.com\\\/lt\\\/?s={search_term_string}\"},\"query-input\":{\"@type\":\"PropertyValueSpecification\",\"valueRequired\":true,\"valueName\":\"search_term_string\"}}],\"inLanguage\":\"lt-LT\"},{\"@type\":\"Organization\",\"@id\":\"https:\\\/\\\/luxon.com\\\/lt\\\/#organization\",\"name\":\"Luxon Pay\",\"url\":\"https:\\\/\\\/luxon.com\\\/lt\\\/\",\"logo\":{\"@type\":\"ImageObject\",\"inLanguage\":\"lt-LT\",\"@id\":\"https:\\\/\\\/luxon.com\\\/lt\\\/#\\\/schema\\\/logo\\\/image\\\/\",\"url\":\"https:\\\/\\\/luxon.com\\\/wp-content\\\/uploads\\\/WebsiteImage04.png\",\"contentUrl\":\"https:\\\/\\\/luxon.com\\\/wp-content\\\/uploads\\\/WebsiteImage04.png\",\"width\":1200,\"height\":630,\"caption\":\"Luxon Pay\"},\"image\":{\"@id\":\"https:\\\/\\\/luxon.com\\\/lt\\\/#\\\/schema\\\/logo\\\/image\\\/\"}}]}<\/script>\n<!-- \/ Yoast SEO plugin. -->","yoast_head_json":{"title":"Atsiskaitykite su savo Luxon Pay Mastercard kortele - Luxon Pay","robots":{"index":"index","follow":"follow","max-snippet":"max-snippet:-1","max-image-preview":"max-image-preview:large","max-video-preview":"max-video-preview:-1"},"canonical":"https:\/\/luxon.com\/lt\/cards\/","og_locale":"lt_LT","og_type":"article","og_title":"Atsiskaitykite su savo Luxon Pay Mastercard kortele - Luxon Pay","og_description":"J\u016bs\u0173 pinigai gali b\u016bti lengvai prieinami visame pasaulyje su Luxon Pay Mastercard. Atlikite mok\u0117jimus internetu ir naudokit\u0117s bekontak\u010diu mok\u0117jimu, taip pat galite i\u0161imti pinigus i\u0161 bankomato nemokamai, savo \u0161alyje ar u\u017e jos rib\u0173.","og_url":"https:\/\/luxon.com\/lt\/cards\/","og_site_name":"Luxon Pay","article_modified_time":"2025-12-16T13:41:18+00:00","og_image":[{"width":1652,"height":1727,"url":"https:\/\/luxon.com\/wp-content\/uploads\/Hero-Image@3x.png","type":"image\/png"}],"twitter_card":"summary_large_image","twitter_misc":{"Est. reading time":"1 minut\u0117"},"schema":{"@context":"https:\/\/schema.org","@graph":[{"@type":"WebPage","@id":"https:\/\/luxon.com\/lt\/cards\/","url":"https:\/\/luxon.com\/lt\/cards\/","name":"Atsiskaitykite su savo Luxon Pay Mastercard kortele - Luxon Pay","isPartOf":{"@id":"https:\/\/luxon.com\/lt\/#website"},"primaryImageOfPage":{"@id":"https:\/\/luxon.com\/lt\/cards\/#primaryimage"},"image":{"@id":"https:\/\/luxon.com\/lt\/cards\/#primaryimage"},"thumbnailUrl":"https:\/\/luxon.com\/wp-content\/uploads\/Hero-Image@3x.png","datePublished":"2022-08-30T07:59:42+00:00","dateModified":"2025-12-16T13:41:18+00:00","inLanguage":"lt-LT","potentialAction":[{"@type":"ReadAction","target":["https:\/\/luxon.com\/lt\/cards\/"]}]},{"@type":"ImageObject","inLanguage":"lt-LT","@id":"https:\/\/luxon.com\/lt\/cards\/#primaryimage","url":"https:\/\/luxon.com\/wp-content\/uploads\/Hero-Image@3x.png","contentUrl":"https:\/\/luxon.com\/wp-content\/uploads\/Hero-Image@3x.png","width":1652,"height":1727},{"@type":"WebSite","@id":"https:\/\/luxon.com\/lt\/#website","url":"https:\/\/luxon.com\/lt\/","name":"Luxon Pay","description":"Instant secure global payments","publisher":{"@id":"https:\/\/luxon.com\/lt\/#organization"},"potentialAction":[{"@type":"SearchAction","target":{"@type":"EntryPoint","urlTemplate":"https:\/\/luxon.com\/lt\/?s={search_term_string}"},"query-input":{"@type":"PropertyValueSpecification","valueRequired":true,"valueName":"search_term_string"}}],"inLanguage":"lt-LT"},{"@type":"Organization","@id":"https:\/\/luxon.com\/lt\/#organization","name":"Luxon Pay","url":"https:\/\/luxon.com\/lt\/","logo":{"@type":"ImageObject","inLanguage":"lt-LT","@id":"https:\/\/luxon.com\/lt\/#\/schema\/logo\/image\/","url":"https:\/\/luxon.com\/wp-content\/uploads\/WebsiteImage04.png","contentUrl":"https:\/\/luxon.com\/wp-content\/uploads\/WebsiteImage04.png","width":1200,"height":630,"caption":"Luxon Pay"},"image":{"@id":"https:\/\/luxon.com\/lt\/#\/schema\/logo\/image\/"}}]}},"_links":{"self":[{"href":"https:\/\/luxon.com\/lt\/wp-json\/wp\/v2\/pages\/25783","targetHints":{"allow":["GET"]}}],"collection":[{"href":"https:\/\/luxon.com\/lt\/wp-json\/wp\/v2\/pages"}],"about":[{"href":"https:\/\/luxon.com\/lt\/wp-json\/wp\/v2\/types\/page"}],"author":[{"embeddable":true,"href":"https:\/\/luxon.com\/lt\/wp-json\/wp\/v2\/users\/2"}],"replies":[{"embeddable":true,"href":"https:\/\/luxon.com\/lt\/wp-json\/wp\/v2\/comments?post=25783"}],"version-history":[{"count":11,"href":"https:\/\/luxon.com\/lt\/wp-json\/wp\/v2\/pages\/25783\/revisions"}],"predecessor-version":[{"id":33138,"href":"https:\/\/luxon.com\/lt\/wp-json\/wp\/v2\/pages\/25783\/revisions\/33138"}],"wp:featuredmedia":[{"embeddable":true,"href":"https:\/\/luxon.com\/lt\/wp-json\/wp\/v2\/media\/21616"}],"wp:attachment":[{"href":"https:\/\/luxon.com\/lt\/wp-json\/wp\/v2\/media?parent=25783"}],"curies":[{"name":"wp","href":"https:\/\/api.w.org\/{rel}","templated":true}]}}