{"id":26952,"date":"2024-09-12T13:39:00","date_gmt":"2024-09-12T13:39:00","guid":{"rendered":"https:\/\/luxon.com\/financial-freedom-with-regular-bank-transfer-iban\/"},"modified":"2024-09-25T09:27:27","modified_gmt":"2024-09-25T09:27:27","slug":"financial-freedom-with-regular-bank-transfer-iban","status":"publish","type":"page","link":"https:\/\/luxon.com\/lt\/financial-freedom-with-regular-bank-transfer-iban\/","title":{"rendered":"Finansin\u0117 laisv\u0117 su reguliariu banko pavedimu \/ IBAN"},"content":{"rendered":"<p style=\"font-weight: 400;\">Gaukite pinigus tiesiai \u012f savo \u201eLuxon Pay\u201c paskyr\u0105 i\u0161 bet kurios banko s\u0105skaitos, pasidalij\u0119 savo asmenin\u0117s \u201eLuxon Pay\u201c paskyros \/ IBAN duomenimis. Spustel\u0117kite \u201e\u012ene\u0161ti\u201c &gt; \u201eReguliarus banko pavedimas\u201c, kad gautum\u0117te informacij\u0105.<\/p>\n","protected":false},"excerpt":{"rendered":"<p>Gaukite pinigus tiesiai \u012f savo \u201eLuxon Pay\u201c paskyr\u0105 i\u0161 bet kurios banko s\u0105skaitos, pasidalij\u0119 savo asmenin\u0117s \u201eLuxon Pay\u201c paskyros \/ IBAN duomenimis. Spustel\u0117kite \u201e\u012ene\u0161ti\u201c &gt; \u201eReguliarus banko pavedimas\u201c, kad gautum\u0117te informacij\u0105.<\/p>\n","protected":false},"author":5,"featured_media":27139,"parent":0,"menu_order":0,"comment_status":"closed","ping_status":"closed","template":"templates\/block-template.php","meta":{"_acf_changed":false,"footnotes":""},"class_list":["post-26952","page","type-page","status-publish","has-post-thumbnail","hentry"],"acf":[],"yoast_head":"<!-- This site is optimized with the Yoast SEO plugin v27.4 - https:\/\/yoast.com\/product\/yoast-seo-wordpress\/ -->\n<title>Finansin\u0117 laisv\u0117 su reguliariu banko pavedimu \/ IBAN - Luxon Pay<\/title>\n<meta name=\"robots\" content=\"index, follow, max-snippet:-1, max-image-preview:large, max-video-preview:-1\" \/>\n<link rel=\"canonical\" href=\"https:\/\/luxon.com\/lt\/financial-freedom-with-regular-bank-transfer-iban\/\" \/>\n<meta property=\"og:locale\" content=\"lt_LT\" \/>\n<meta property=\"og:type\" content=\"article\" \/>\n<meta property=\"og:title\" content=\"Finansin\u0117 laisv\u0117 su reguliariu banko pavedimu \/ IBAN - Luxon Pay\" \/>\n<meta property=\"og:description\" content=\"Gaukite pinigus tiesiai \u012f savo \u201eLuxon Pay\u201c paskyr\u0105 i\u0161 bet kurios banko s\u0105skaitos, pasidalij\u0119 savo asmenin\u0117s \u201eLuxon Pay\u201c paskyros \/ IBAN duomenimis. Spustel\u0117kite \u201e\u012ene\u0161ti\u201c &gt; \u201eReguliarus banko pavedimas\u201c, kad gautum\u0117te informacij\u0105.\" \/>\n<meta property=\"og:url\" content=\"https:\/\/luxon.com\/lt\/financial-freedom-with-regular-bank-transfer-iban\/\" \/>\n<meta property=\"og:site_name\" content=\"Luxon Pay\" \/>\n<meta property=\"article:modified_time\" content=\"2024-09-25T09:27:27+00:00\" \/>\n<meta property=\"og:image\" content=\"https:\/\/luxon.com\/wp-content\/uploads\/Hero-Image@3x-2-1.png\" \/>\n\t<meta property=\"og:image:width\" content=\"930\" \/>\n\t<meta property=\"og:image:height\" content=\"1026\" \/>\n\t<meta property=\"og:image:type\" content=\"image\/png\" \/>\n<meta name=\"twitter:card\" content=\"summary_large_image\" \/>\n<meta name=\"twitter:label1\" content=\"Est. reading time\" \/>\n\t<meta name=\"twitter:data1\" content=\"1 minut\u0117\" \/>\n<script type=\"application\/ld+json\" class=\"yoast-schema-graph\">{\"@context\":\"https:\\\/\\\/schema.org\",\"@graph\":[{\"@type\":\"WebPage\",\"@id\":\"https:\\\/\\\/luxon.com\\\/lt\\\/financial-freedom-with-regular-bank-transfer-iban\\\/\",\"url\":\"https:\\\/\\\/luxon.com\\\/lt\\\/financial-freedom-with-regular-bank-transfer-iban\\\/\",\"name\":\"Finansin\u0117 laisv\u0117 su reguliariu banko pavedimu \\\/ IBAN - Luxon Pay\",\"isPartOf\":{\"@id\":\"https:\\\/\\\/luxon.com\\\/lt\\\/#website\"},\"primaryImageOfPage\":{\"@id\":\"https:\\\/\\\/luxon.com\\\/lt\\\/financial-freedom-with-regular-bank-transfer-iban\\\/#primaryimage\"},\"image\":{\"@id\":\"https:\\\/\\\/luxon.com\\\/lt\\\/financial-freedom-with-regular-bank-transfer-iban\\\/#primaryimage\"},\"thumbnailUrl\":\"https:\\\/\\\/luxon.com\\\/wp-content\\\/uploads\\\/IBAN-Banner-Image-2.png\",\"datePublished\":\"2024-09-12T13:39:00+00:00\",\"dateModified\":\"2024-09-25T09:27:27+00:00\",\"inLanguage\":\"lt-LT\",\"potentialAction\":[{\"@type\":\"ReadAction\",\"target\":[\"https:\\\/\\\/luxon.com\\\/lt\\\/financial-freedom-with-regular-bank-transfer-iban\\\/\"]}]},{\"@type\":\"ImageObject\",\"inLanguage\":\"lt-LT\",\"@id\":\"https:\\\/\\\/luxon.com\\\/lt\\\/financial-freedom-with-regular-bank-transfer-iban\\\/#primaryimage\",\"url\":\"https:\\\/\\\/luxon.com\\\/wp-content\\\/uploads\\\/IBAN-Banner-Image-2.png\",\"contentUrl\":\"https:\\\/\\\/luxon.com\\\/wp-content\\\/uploads\\\/IBAN-Banner-Image-2.png\",\"width\":1263,\"height\":1203},{\"@type\":\"WebSite\",\"@id\":\"https:\\\/\\\/luxon.com\\\/lt\\\/#website\",\"url\":\"https:\\\/\\\/luxon.com\\\/lt\\\/\",\"name\":\"Luxon Pay\",\"description\":\"Instant secure global payments\",\"publisher\":{\"@id\":\"https:\\\/\\\/luxon.com\\\/lt\\\/#organization\"},\"potentialAction\":[{\"@type\":\"SearchAction\",\"target\":{\"@type\":\"EntryPoint\",\"urlTemplate\":\"https:\\\/\\\/luxon.com\\\/lt\\\/?s={search_term_string}\"},\"query-input\":{\"@type\":\"PropertyValueSpecification\",\"valueRequired\":true,\"valueName\":\"search_term_string\"}}],\"inLanguage\":\"lt-LT\"},{\"@type\":\"Organization\",\"@id\":\"https:\\\/\\\/luxon.com\\\/lt\\\/#organization\",\"name\":\"Luxon Pay\",\"url\":\"https:\\\/\\\/luxon.com\\\/lt\\\/\",\"logo\":{\"@type\":\"ImageObject\",\"inLanguage\":\"lt-LT\",\"@id\":\"https:\\\/\\\/luxon.com\\\/lt\\\/#\\\/schema\\\/logo\\\/image\\\/\",\"url\":\"https:\\\/\\\/luxon.com\\\/wp-content\\\/uploads\\\/WebsiteImage04.png\",\"contentUrl\":\"https:\\\/\\\/luxon.com\\\/wp-content\\\/uploads\\\/WebsiteImage04.png\",\"width\":1200,\"height\":630,\"caption\":\"Luxon Pay\"},\"image\":{\"@id\":\"https:\\\/\\\/luxon.com\\\/lt\\\/#\\\/schema\\\/logo\\\/image\\\/\"}}]}<\/script>\n<!-- \/ Yoast SEO plugin. -->","yoast_head_json":{"title":"Finansin\u0117 laisv\u0117 su reguliariu banko pavedimu \/ IBAN - Luxon Pay","robots":{"index":"index","follow":"follow","max-snippet":"max-snippet:-1","max-image-preview":"max-image-preview:large","max-video-preview":"max-video-preview:-1"},"canonical":"https:\/\/luxon.com\/lt\/financial-freedom-with-regular-bank-transfer-iban\/","og_locale":"lt_LT","og_type":"article","og_title":"Finansin\u0117 laisv\u0117 su reguliariu banko pavedimu \/ IBAN - Luxon Pay","og_description":"Gaukite pinigus tiesiai \u012f savo \u201eLuxon Pay\u201c paskyr\u0105 i\u0161 bet kurios banko s\u0105skaitos, pasidalij\u0119 savo asmenin\u0117s \u201eLuxon Pay\u201c paskyros \/ IBAN duomenimis. Spustel\u0117kite \u201e\u012ene\u0161ti\u201c &gt; \u201eReguliarus banko pavedimas\u201c, kad gautum\u0117te informacij\u0105.","og_url":"https:\/\/luxon.com\/lt\/financial-freedom-with-regular-bank-transfer-iban\/","og_site_name":"Luxon Pay","article_modified_time":"2024-09-25T09:27:27+00:00","og_image":[{"width":930,"height":1026,"url":"https:\/\/luxon.com\/wp-content\/uploads\/Hero-Image@3x-2-1.png","type":"image\/png"}],"twitter_card":"summary_large_image","twitter_misc":{"Est. reading time":"1 minut\u0117"},"schema":{"@context":"https:\/\/schema.org","@graph":[{"@type":"WebPage","@id":"https:\/\/luxon.com\/lt\/financial-freedom-with-regular-bank-transfer-iban\/","url":"https:\/\/luxon.com\/lt\/financial-freedom-with-regular-bank-transfer-iban\/","name":"Finansin\u0117 laisv\u0117 su reguliariu banko pavedimu \/ IBAN - Luxon Pay","isPartOf":{"@id":"https:\/\/luxon.com\/lt\/#website"},"primaryImageOfPage":{"@id":"https:\/\/luxon.com\/lt\/financial-freedom-with-regular-bank-transfer-iban\/#primaryimage"},"image":{"@id":"https:\/\/luxon.com\/lt\/financial-freedom-with-regular-bank-transfer-iban\/#primaryimage"},"thumbnailUrl":"https:\/\/luxon.com\/wp-content\/uploads\/IBAN-Banner-Image-2.png","datePublished":"2024-09-12T13:39:00+00:00","dateModified":"2024-09-25T09:27:27+00:00","inLanguage":"lt-LT","potentialAction":[{"@type":"ReadAction","target":["https:\/\/luxon.com\/lt\/financial-freedom-with-regular-bank-transfer-iban\/"]}]},{"@type":"ImageObject","inLanguage":"lt-LT","@id":"https:\/\/luxon.com\/lt\/financial-freedom-with-regular-bank-transfer-iban\/#primaryimage","url":"https:\/\/luxon.com\/wp-content\/uploads\/IBAN-Banner-Image-2.png","contentUrl":"https:\/\/luxon.com\/wp-content\/uploads\/IBAN-Banner-Image-2.png","width":1263,"height":1203},{"@type":"WebSite","@id":"https:\/\/luxon.com\/lt\/#website","url":"https:\/\/luxon.com\/lt\/","name":"Luxon Pay","description":"Instant secure global payments","publisher":{"@id":"https:\/\/luxon.com\/lt\/#organization"},"potentialAction":[{"@type":"SearchAction","target":{"@type":"EntryPoint","urlTemplate":"https:\/\/luxon.com\/lt\/?s={search_term_string}"},"query-input":{"@type":"PropertyValueSpecification","valueRequired":true,"valueName":"search_term_string"}}],"inLanguage":"lt-LT"},{"@type":"Organization","@id":"https:\/\/luxon.com\/lt\/#organization","name":"Luxon Pay","url":"https:\/\/luxon.com\/lt\/","logo":{"@type":"ImageObject","inLanguage":"lt-LT","@id":"https:\/\/luxon.com\/lt\/#\/schema\/logo\/image\/","url":"https:\/\/luxon.com\/wp-content\/uploads\/WebsiteImage04.png","contentUrl":"https:\/\/luxon.com\/wp-content\/uploads\/WebsiteImage04.png","width":1200,"height":630,"caption":"Luxon Pay"},"image":{"@id":"https:\/\/luxon.com\/lt\/#\/schema\/logo\/image\/"}}]}},"_links":{"self":[{"href":"https:\/\/luxon.com\/lt\/wp-json\/wp\/v2\/pages\/26952","targetHints":{"allow":["GET"]}}],"collection":[{"href":"https:\/\/luxon.com\/lt\/wp-json\/wp\/v2\/pages"}],"about":[{"href":"https:\/\/luxon.com\/lt\/wp-json\/wp\/v2\/types\/page"}],"author":[{"embeddable":true,"href":"https:\/\/luxon.com\/lt\/wp-json\/wp\/v2\/users\/5"}],"replies":[{"embeddable":true,"href":"https:\/\/luxon.com\/lt\/wp-json\/wp\/v2\/comments?post=26952"}],"version-history":[{"count":2,"href":"https:\/\/luxon.com\/lt\/wp-json\/wp\/v2\/pages\/26952\/revisions"}],"predecessor-version":[{"id":26954,"href":"https:\/\/luxon.com\/lt\/wp-json\/wp\/v2\/pages\/26952\/revisions\/26954"}],"wp:featuredmedia":[{"embeddable":true,"href":"https:\/\/luxon.com\/lt\/wp-json\/wp\/v2\/media\/27139"}],"wp:attachment":[{"href":"https:\/\/luxon.com\/lt\/wp-json\/wp\/v2\/media?parent=26952"}],"curies":[{"name":"wp","href":"https:\/\/api.w.org\/{rel}","templated":true}]}}