{"id":27566,"date":"2024-11-29T09:43:57","date_gmt":"2024-11-29T09:43:57","guid":{"rendered":"https:\/\/luxon.com\/free-luxon-pay-mastercard-in-december\/"},"modified":"2025-06-02T09:36:46","modified_gmt":"2025-06-02T09:36:46","slug":"free-luxon-pay-mastercard-in-december","status":"publish","type":"page","link":"https:\/\/luxon.com\/lt\/free-luxon-pay-mastercard-in-december\/","title":{"rendered":"Nemokama Luxon Pay Mastercard"},"content":{"rendered":"<p data-start=\"429\" data-end=\"534\">\u0160\u012f bir\u017eel\u012f naudotis savo l\u0117\u0161omis dar niekada nebuvo taip paprasta \u2013 su <strong data-start=\"500\" data-end=\"533\">nemokama Luxon Pay Mastercard<\/strong>!<\/p>\n<p data-start=\"536\" data-end=\"627\">Ribot\u0105 laik\u0105 gaukite nemokam\u0105 fizin\u0119 kortel\u0119 \u2013 patogus b\u016bdas atsiskaityti visame pasaulyje.<\/p>\n<p data-start=\"629\" data-end=\"704\">Nepraleiskite \u2013 pasi\u016blymas galioja tik ribot\u0105 laik\u0105. U\u017esisakykite \u0161iandien!<\/p>\n<p data-start=\"706\" data-end=\"774\">Nor\u0117dami u\u017esisakyti kortel\u0119, eikite \u012f program\u0117l\u0117s \u201eKortel\u0117s\u201c skyri\u0173.<\/p>\n<p data-start=\"776\" data-end=\"801\"><strong data-start=\"776\" data-end=\"801\">Taisykl\u0117s ir s\u0105lygos:<\/strong><\/p>\n<ul data-start=\"802\" data-end=\"1158\">\n<li data-start=\"802\" data-end=\"873\">\n<p data-start=\"804\" data-end=\"873\">Kortel\u0119 gali u\u017esisakyti tik pilnai patvirtintos paskyros naudotojai<\/p>\n<\/li>\n<li data-start=\"874\" data-end=\"919\">\n<p data-start=\"876\" data-end=\"919\">Kortel\u0117s galimos tik JK ir ES naudotojams<\/p>\n<\/li>\n<li data-start=\"920\" data-end=\"1003\">\n<p data-start=\"922\" data-end=\"1003\">Kortel\u0117s paprastai pristatomos \u012f paskyroje nurodyt\u0105 adres\u0105 per 5\u201310 darbo dien\u0173<\/p>\n<\/li>\n<li data-start=\"1004\" data-end=\"1062\">\n<p data-start=\"1006\" data-end=\"1062\">Pasi\u016blymas galioja nuo 2025 m. bir\u017eelio 1 d. iki 30 d.<\/p>\n<\/li>\n<li data-start=\"1063\" data-end=\"1158\">\n<p data-start=\"1065\" data-end=\"1158\">Vienam naudotojui galima tik viena kortel\u0117. Jei jau turite kortel\u0119, negalite u\u017esisakyti kitos<\/p>\n<\/li>\n<\/ul>\n","protected":false},"excerpt":{"rendered":"<p>\u0160\u012f bir\u017eel\u012f naudotis savo l\u0117\u0161omis dar niekada nebuvo taip paprasta \u2013 su nemokama Luxon Pay Mastercard! Ribot\u0105 laik\u0105 gaukite nemokam\u0105 fizin\u0119 kortel\u0119 \u2013 patogus b\u016bdas atsiskaityti visame pasaulyje. Nepraleiskite \u2013 pasi\u016blymas galioja tik ribot\u0105 laik\u0105. U\u017esisakykite \u0161iandien! Nor\u0117dami u\u017esisakyti kortel\u0119, eikite \u012f program\u0117l\u0117s \u201eKortel\u0117s\u201c skyri\u0173. Taisykl\u0117s ir s\u0105lygos: Kortel\u0119 gali u\u017esisakyti tik pilnai patvirtintos paskyros<a class=\"excerpt-read-more\" href=\"https:\/\/luxon.com\/lt\/free-luxon-pay-mastercard-in-december\/\" title=\"ReadNemokama Luxon Pay Mastercard\">&#8230; Read more &raquo;<\/a><\/p>\n","protected":false},"author":5,"featured_media":26424,"parent":0,"menu_order":0,"comment_status":"closed","ping_status":"closed","template":"templates\/block-template.php","meta":{"_acf_changed":false,"footnotes":""},"class_list":["post-27566","page","type-page","status-publish","has-post-thumbnail","hentry"],"acf":[],"yoast_head":"<!-- This site is optimized with the Yoast SEO plugin v27.1.1 - https:\/\/yoast.com\/product\/yoast-seo-wordpress\/ -->\n<title>Nemokama Luxon Pay Mastercard - Luxon Pay<\/title>\n<meta name=\"robots\" content=\"index, follow, max-snippet:-1, max-image-preview:large, max-video-preview:-1\" \/>\n<link rel=\"canonical\" href=\"https:\/\/luxon.com\/lt\/free-luxon-pay-mastercard-in-december\/\" \/>\n<meta property=\"og:locale\" content=\"lt_LT\" \/>\n<meta property=\"og:type\" content=\"article\" \/>\n<meta property=\"og:title\" content=\"Nemokama Luxon Pay Mastercard - Luxon Pay\" \/>\n<meta property=\"og:description\" content=\"\u0160\u012f bir\u017eel\u012f naudotis savo l\u0117\u0161omis dar niekada nebuvo taip paprasta \u2013 su nemokama Luxon Pay Mastercard! Ribot\u0105 laik\u0105 gaukite nemokam\u0105 fizin\u0119 kortel\u0119 \u2013 patogus b\u016bdas atsiskaityti visame pasaulyje. Nepraleiskite \u2013 pasi\u016blymas galioja tik ribot\u0105 laik\u0105. U\u017esisakykite \u0161iandien! Nor\u0117dami u\u017esisakyti kortel\u0119, eikite \u012f program\u0117l\u0117s \u201eKortel\u0117s\u201c skyri\u0173. Taisykl\u0117s ir s\u0105lygos: Kortel\u0119 gali u\u017esisakyti tik pilnai patvirtintos paskyros... Read more &raquo;\" \/>\n<meta property=\"og:url\" content=\"https:\/\/luxon.com\/lt\/free-luxon-pay-mastercard-in-december\/\" \/>\n<meta property=\"og:site_name\" content=\"Luxon Pay\" \/>\n<meta property=\"article:modified_time\" content=\"2025-06-02T09:36:46+00:00\" \/>\n<meta property=\"og:image\" content=\"https:\/\/luxon.com\/wp-content\/uploads\/Hero-Image@3x-3.png\" \/>\n\t<meta property=\"og:image:width\" content=\"1652\" \/>\n\t<meta property=\"og:image:height\" content=\"1727\" \/>\n\t<meta property=\"og:image:type\" content=\"image\/png\" \/>\n<meta name=\"twitter:card\" content=\"summary_large_image\" \/>\n<meta name=\"twitter:label1\" content=\"Est. reading time\" \/>\n\t<meta name=\"twitter:data1\" content=\"1 minut\u0117\" \/>\n<script type=\"application\/ld+json\" class=\"yoast-schema-graph\">{\"@context\":\"https:\/\/schema.org\",\"@graph\":[{\"@type\":\"WebPage\",\"@id\":\"https:\/\/luxon.com\/lt\/free-luxon-pay-mastercard-in-december\/\",\"url\":\"https:\/\/luxon.com\/lt\/free-luxon-pay-mastercard-in-december\/\",\"name\":\"Nemokama Luxon Pay Mastercard - Luxon Pay\",\"isPartOf\":{\"@id\":\"https:\/\/luxon.com\/lt\/#website\"},\"primaryImageOfPage\":{\"@id\":\"https:\/\/luxon.com\/lt\/free-luxon-pay-mastercard-in-december\/#primaryimage\"},\"image\":{\"@id\":\"https:\/\/luxon.com\/lt\/free-luxon-pay-mastercard-in-december\/#primaryimage\"},\"thumbnailUrl\":\"https:\/\/luxon.com\/wp-content\/uploads\/Hero-Image@3x-3.png\",\"datePublished\":\"2024-11-29T09:43:57+00:00\",\"dateModified\":\"2025-06-02T09:36:46+00:00\",\"inLanguage\":\"lt-LT\",\"potentialAction\":[{\"@type\":\"ReadAction\",\"target\":[\"https:\/\/luxon.com\/lt\/free-luxon-pay-mastercard-in-december\/\"]}]},{\"@type\":\"ImageObject\",\"inLanguage\":\"lt-LT\",\"@id\":\"https:\/\/luxon.com\/lt\/free-luxon-pay-mastercard-in-december\/#primaryimage\",\"url\":\"https:\/\/luxon.com\/wp-content\/uploads\/Hero-Image@3x-3.png\",\"contentUrl\":\"https:\/\/luxon.com\/wp-content\/uploads\/Hero-Image@3x-3.png\",\"width\":1652,\"height\":1727},{\"@type\":\"WebSite\",\"@id\":\"https:\/\/luxon.com\/lt\/#website\",\"url\":\"https:\/\/luxon.com\/lt\/\",\"name\":\"Luxon Pay\",\"description\":\"Instant secure global payments\",\"publisher\":{\"@id\":\"https:\/\/luxon.com\/lt\/#organization\"},\"potentialAction\":[{\"@type\":\"SearchAction\",\"target\":{\"@type\":\"EntryPoint\",\"urlTemplate\":\"https:\/\/luxon.com\/lt\/?s={search_term_string}\"},\"query-input\":{\"@type\":\"PropertyValueSpecification\",\"valueRequired\":true,\"valueName\":\"search_term_string\"}}],\"inLanguage\":\"lt-LT\"},{\"@type\":\"Organization\",\"@id\":\"https:\/\/luxon.com\/lt\/#organization\",\"name\":\"Luxon Pay\",\"url\":\"https:\/\/luxon.com\/lt\/\",\"logo\":{\"@type\":\"ImageObject\",\"inLanguage\":\"lt-LT\",\"@id\":\"https:\/\/luxon.com\/lt\/#\/schema\/logo\/image\/\",\"url\":\"https:\/\/luxon.com\/wp-content\/uploads\/WebsiteImage04.png\",\"contentUrl\":\"https:\/\/luxon.com\/wp-content\/uploads\/WebsiteImage04.png\",\"width\":1200,\"height\":630,\"caption\":\"Luxon Pay\"},\"image\":{\"@id\":\"https:\/\/luxon.com\/lt\/#\/schema\/logo\/image\/\"}}]}<\/script>\n<!-- \/ Yoast SEO plugin. -->","yoast_head_json":{"title":"Nemokama Luxon Pay Mastercard - Luxon Pay","robots":{"index":"index","follow":"follow","max-snippet":"max-snippet:-1","max-image-preview":"max-image-preview:large","max-video-preview":"max-video-preview:-1"},"canonical":"https:\/\/luxon.com\/lt\/free-luxon-pay-mastercard-in-december\/","og_locale":"lt_LT","og_type":"article","og_title":"Nemokama Luxon Pay Mastercard - Luxon Pay","og_description":"\u0160\u012f bir\u017eel\u012f naudotis savo l\u0117\u0161omis dar niekada nebuvo taip paprasta \u2013 su nemokama Luxon Pay Mastercard! Ribot\u0105 laik\u0105 gaukite nemokam\u0105 fizin\u0119 kortel\u0119 \u2013 patogus b\u016bdas atsiskaityti visame pasaulyje. Nepraleiskite \u2013 pasi\u016blymas galioja tik ribot\u0105 laik\u0105. U\u017esisakykite \u0161iandien! Nor\u0117dami u\u017esisakyti kortel\u0119, eikite \u012f program\u0117l\u0117s \u201eKortel\u0117s\u201c skyri\u0173. Taisykl\u0117s ir s\u0105lygos: Kortel\u0119 gali u\u017esisakyti tik pilnai patvirtintos paskyros... Read more &raquo;","og_url":"https:\/\/luxon.com\/lt\/free-luxon-pay-mastercard-in-december\/","og_site_name":"Luxon Pay","article_modified_time":"2025-06-02T09:36:46+00:00","og_image":[{"width":1652,"height":1727,"url":"https:\/\/luxon.com\/wp-content\/uploads\/Hero-Image@3x-3.png","type":"image\/png"}],"twitter_card":"summary_large_image","twitter_misc":{"Est. reading time":"1 minut\u0117"},"schema":{"@context":"https:\/\/schema.org","@graph":[{"@type":"WebPage","@id":"https:\/\/luxon.com\/lt\/free-luxon-pay-mastercard-in-december\/","url":"https:\/\/luxon.com\/lt\/free-luxon-pay-mastercard-in-december\/","name":"Nemokama Luxon Pay Mastercard - Luxon Pay","isPartOf":{"@id":"https:\/\/luxon.com\/lt\/#website"},"primaryImageOfPage":{"@id":"https:\/\/luxon.com\/lt\/free-luxon-pay-mastercard-in-december\/#primaryimage"},"image":{"@id":"https:\/\/luxon.com\/lt\/free-luxon-pay-mastercard-in-december\/#primaryimage"},"thumbnailUrl":"https:\/\/luxon.com\/wp-content\/uploads\/Hero-Image@3x-3.png","datePublished":"2024-11-29T09:43:57+00:00","dateModified":"2025-06-02T09:36:46+00:00","inLanguage":"lt-LT","potentialAction":[{"@type":"ReadAction","target":["https:\/\/luxon.com\/lt\/free-luxon-pay-mastercard-in-december\/"]}]},{"@type":"ImageObject","inLanguage":"lt-LT","@id":"https:\/\/luxon.com\/lt\/free-luxon-pay-mastercard-in-december\/#primaryimage","url":"https:\/\/luxon.com\/wp-content\/uploads\/Hero-Image@3x-3.png","contentUrl":"https:\/\/luxon.com\/wp-content\/uploads\/Hero-Image@3x-3.png","width":1652,"height":1727},{"@type":"WebSite","@id":"https:\/\/luxon.com\/lt\/#website","url":"https:\/\/luxon.com\/lt\/","name":"Luxon Pay","description":"Instant secure global payments","publisher":{"@id":"https:\/\/luxon.com\/lt\/#organization"},"potentialAction":[{"@type":"SearchAction","target":{"@type":"EntryPoint","urlTemplate":"https:\/\/luxon.com\/lt\/?s={search_term_string}"},"query-input":{"@type":"PropertyValueSpecification","valueRequired":true,"valueName":"search_term_string"}}],"inLanguage":"lt-LT"},{"@type":"Organization","@id":"https:\/\/luxon.com\/lt\/#organization","name":"Luxon Pay","url":"https:\/\/luxon.com\/lt\/","logo":{"@type":"ImageObject","inLanguage":"lt-LT","@id":"https:\/\/luxon.com\/lt\/#\/schema\/logo\/image\/","url":"https:\/\/luxon.com\/wp-content\/uploads\/WebsiteImage04.png","contentUrl":"https:\/\/luxon.com\/wp-content\/uploads\/WebsiteImage04.png","width":1200,"height":630,"caption":"Luxon Pay"},"image":{"@id":"https:\/\/luxon.com\/lt\/#\/schema\/logo\/image\/"}}]}},"_links":{"self":[{"href":"https:\/\/luxon.com\/lt\/wp-json\/wp\/v2\/pages\/27566","targetHints":{"allow":["GET"]}}],"collection":[{"href":"https:\/\/luxon.com\/lt\/wp-json\/wp\/v2\/pages"}],"about":[{"href":"https:\/\/luxon.com\/lt\/wp-json\/wp\/v2\/types\/page"}],"author":[{"embeddable":true,"href":"https:\/\/luxon.com\/lt\/wp-json\/wp\/v2\/users\/5"}],"replies":[{"embeddable":true,"href":"https:\/\/luxon.com\/lt\/wp-json\/wp\/v2\/comments?post=27566"}],"version-history":[{"count":5,"href":"https:\/\/luxon.com\/lt\/wp-json\/wp\/v2\/pages\/27566\/revisions"}],"predecessor-version":[{"id":29921,"href":"https:\/\/luxon.com\/lt\/wp-json\/wp\/v2\/pages\/27566\/revisions\/29921"}],"wp:featuredmedia":[{"embeddable":true,"href":"https:\/\/luxon.com\/lt\/wp-json\/wp\/v2\/media\/26424"}],"wp:attachment":[{"href":"https:\/\/luxon.com\/lt\/wp-json\/wp\/v2\/media?parent=27566"}],"curies":[{"name":"wp","href":"https:\/\/api.w.org\/{rel}","templated":true}]}}