{"id":28353,"date":"2025-01-16T11:21:42","date_gmt":"2025-01-16T11:21:42","guid":{"rendered":"https:\/\/luxon.com\/merchants\/"},"modified":"2026-01-16T23:14:49","modified_gmt":"2026-01-16T23:14:49","slug":"merchants","status":"publish","type":"page","link":"https:\/\/luxon.com\/lt\/merchants\/","title":{"rendered":"Pritaikytos prekybinink\u0173 mok\u0117jimo paslaugos"},"content":{"rendered":"<p>Luxon Pay si\u016blo pa\u017eangias mok\u0117jimo sprendimus, atitinkan\u010dius visus j\u016bs\u0173 verslo poreikius. I\u0161pl\u0117skite \u012f naujas rinkas, pritraukite naujus klientus ir si\u016blykite papildomus mok\u0117jimo metodus su m\u016bs\u0173 visi\u0161kai integruota platforma.<\/p>\n","protected":false},"excerpt":{"rendered":"<p>Luxon Pay si\u016blo pa\u017eangias mok\u0117jimo sprendimus, atitinkan\u010dius visus j\u016bs\u0173 verslo poreikius. I\u0161pl\u0117skite \u012f naujas rinkas, pritraukite naujus klientus ir si\u016blykite papildomus mok\u0117jimo metodus su m\u016bs\u0173 visi\u0161kai integruota platforma.<\/p>\n","protected":false},"author":2,"featured_media":28214,"parent":0,"menu_order":0,"comment_status":"closed","ping_status":"closed","template":"templates\/block-template.php","meta":{"_acf_changed":false,"footnotes":""},"class_list":["post-28353","page","type-page","status-publish","has-post-thumbnail","hentry"],"acf":[],"yoast_head":"<!-- This site is optimized with the Yoast SEO plugin v27.4 - https:\/\/yoast.com\/product\/yoast-seo-wordpress\/ -->\n<title>Pritaikytos prekybinink\u0173 mok\u0117jimo paslaugos - Luxon Pay<\/title>\n<meta name=\"robots\" content=\"index, follow, max-snippet:-1, max-image-preview:large, max-video-preview:-1\" \/>\n<link rel=\"canonical\" href=\"https:\/\/luxon.com\/lt\/merchants\/\" \/>\n<meta property=\"og:locale\" content=\"lt_LT\" \/>\n<meta property=\"og:type\" content=\"article\" \/>\n<meta property=\"og:title\" content=\"Pritaikytos prekybinink\u0173 mok\u0117jimo paslaugos - Luxon Pay\" \/>\n<meta property=\"og:description\" content=\"Luxon Pay si\u016blo pa\u017eangias mok\u0117jimo sprendimus, atitinkan\u010dius visus j\u016bs\u0173 verslo poreikius. I\u0161pl\u0117skite \u012f naujas rinkas, pritraukite naujus klientus ir si\u016blykite papildomus mok\u0117jimo metodus su m\u016bs\u0173 visi\u0161kai integruota platforma.\" \/>\n<meta property=\"og:url\" content=\"https:\/\/luxon.com\/lt\/merchants\/\" \/>\n<meta property=\"og:site_name\" content=\"Luxon Pay\" \/>\n<meta property=\"article:modified_time\" content=\"2026-01-16T23:14:49+00:00\" \/>\n<meta property=\"og:image\" content=\"https:\/\/luxon.com\/wp-content\/uploads\/Group-48095828.png\" \/>\n\t<meta property=\"og:image:width\" content=\"672\" \/>\n\t<meta property=\"og:image:height\" content=\"887\" \/>\n\t<meta property=\"og:image:type\" content=\"image\/png\" \/>\n<meta name=\"twitter:card\" content=\"summary_large_image\" \/>\n<meta name=\"twitter:label1\" content=\"Est. reading time\" \/>\n\t<meta name=\"twitter:data1\" content=\"1 minut\u0117\" \/>\n<script type=\"application\/ld+json\" class=\"yoast-schema-graph\">{\"@context\":\"https:\\\/\\\/schema.org\",\"@graph\":[{\"@type\":\"WebPage\",\"@id\":\"https:\\\/\\\/luxon.com\\\/lt\\\/merchants\\\/\",\"url\":\"https:\\\/\\\/luxon.com\\\/lt\\\/merchants\\\/\",\"name\":\"Pritaikytos prekybinink\u0173 mok\u0117jimo paslaugos - Luxon Pay\",\"isPartOf\":{\"@id\":\"https:\\\/\\\/luxon.com\\\/lt\\\/#website\"},\"primaryImageOfPage\":{\"@id\":\"https:\\\/\\\/luxon.com\\\/lt\\\/merchants\\\/#primaryimage\"},\"image\":{\"@id\":\"https:\\\/\\\/luxon.com\\\/lt\\\/merchants\\\/#primaryimage\"},\"thumbnailUrl\":\"https:\\\/\\\/luxon.com\\\/wp-content\\\/uploads\\\/Group-48095828.png\",\"datePublished\":\"2025-01-16T11:21:42+00:00\",\"dateModified\":\"2026-01-16T23:14:49+00:00\",\"inLanguage\":\"lt-LT\",\"potentialAction\":[{\"@type\":\"ReadAction\",\"target\":[\"https:\\\/\\\/luxon.com\\\/lt\\\/merchants\\\/\"]}]},{\"@type\":\"ImageObject\",\"inLanguage\":\"lt-LT\",\"@id\":\"https:\\\/\\\/luxon.com\\\/lt\\\/merchants\\\/#primaryimage\",\"url\":\"https:\\\/\\\/luxon.com\\\/wp-content\\\/uploads\\\/Group-48095828.png\",\"contentUrl\":\"https:\\\/\\\/luxon.com\\\/wp-content\\\/uploads\\\/Group-48095828.png\",\"width\":672,\"height\":887},{\"@type\":\"WebSite\",\"@id\":\"https:\\\/\\\/luxon.com\\\/lt\\\/#website\",\"url\":\"https:\\\/\\\/luxon.com\\\/lt\\\/\",\"name\":\"Luxon Pay\",\"description\":\"Instant secure global payments\",\"publisher\":{\"@id\":\"https:\\\/\\\/luxon.com\\\/lt\\\/#organization\"},\"potentialAction\":[{\"@type\":\"SearchAction\",\"target\":{\"@type\":\"EntryPoint\",\"urlTemplate\":\"https:\\\/\\\/luxon.com\\\/lt\\\/?s={search_term_string}\"},\"query-input\":{\"@type\":\"PropertyValueSpecification\",\"valueRequired\":true,\"valueName\":\"search_term_string\"}}],\"inLanguage\":\"lt-LT\"},{\"@type\":\"Organization\",\"@id\":\"https:\\\/\\\/luxon.com\\\/lt\\\/#organization\",\"name\":\"Luxon Pay\",\"url\":\"https:\\\/\\\/luxon.com\\\/lt\\\/\",\"logo\":{\"@type\":\"ImageObject\",\"inLanguage\":\"lt-LT\",\"@id\":\"https:\\\/\\\/luxon.com\\\/lt\\\/#\\\/schema\\\/logo\\\/image\\\/\",\"url\":\"https:\\\/\\\/luxon.com\\\/wp-content\\\/uploads\\\/WebsiteImage04.png\",\"contentUrl\":\"https:\\\/\\\/luxon.com\\\/wp-content\\\/uploads\\\/WebsiteImage04.png\",\"width\":1200,\"height\":630,\"caption\":\"Luxon Pay\"},\"image\":{\"@id\":\"https:\\\/\\\/luxon.com\\\/lt\\\/#\\\/schema\\\/logo\\\/image\\\/\"}}]}<\/script>\n<!-- \/ Yoast SEO plugin. -->","yoast_head_json":{"title":"Pritaikytos prekybinink\u0173 mok\u0117jimo paslaugos - Luxon Pay","robots":{"index":"index","follow":"follow","max-snippet":"max-snippet:-1","max-image-preview":"max-image-preview:large","max-video-preview":"max-video-preview:-1"},"canonical":"https:\/\/luxon.com\/lt\/merchants\/","og_locale":"lt_LT","og_type":"article","og_title":"Pritaikytos prekybinink\u0173 mok\u0117jimo paslaugos - Luxon Pay","og_description":"Luxon Pay si\u016blo pa\u017eangias mok\u0117jimo sprendimus, atitinkan\u010dius visus j\u016bs\u0173 verslo poreikius. I\u0161pl\u0117skite \u012f naujas rinkas, pritraukite naujus klientus ir si\u016blykite papildomus mok\u0117jimo metodus su m\u016bs\u0173 visi\u0161kai integruota platforma.","og_url":"https:\/\/luxon.com\/lt\/merchants\/","og_site_name":"Luxon Pay","article_modified_time":"2026-01-16T23:14:49+00:00","og_image":[{"width":672,"height":887,"url":"https:\/\/luxon.com\/wp-content\/uploads\/Group-48095828.png","type":"image\/png"}],"twitter_card":"summary_large_image","twitter_misc":{"Est. reading time":"1 minut\u0117"},"schema":{"@context":"https:\/\/schema.org","@graph":[{"@type":"WebPage","@id":"https:\/\/luxon.com\/lt\/merchants\/","url":"https:\/\/luxon.com\/lt\/merchants\/","name":"Pritaikytos prekybinink\u0173 mok\u0117jimo paslaugos - Luxon Pay","isPartOf":{"@id":"https:\/\/luxon.com\/lt\/#website"},"primaryImageOfPage":{"@id":"https:\/\/luxon.com\/lt\/merchants\/#primaryimage"},"image":{"@id":"https:\/\/luxon.com\/lt\/merchants\/#primaryimage"},"thumbnailUrl":"https:\/\/luxon.com\/wp-content\/uploads\/Group-48095828.png","datePublished":"2025-01-16T11:21:42+00:00","dateModified":"2026-01-16T23:14:49+00:00","inLanguage":"lt-LT","potentialAction":[{"@type":"ReadAction","target":["https:\/\/luxon.com\/lt\/merchants\/"]}]},{"@type":"ImageObject","inLanguage":"lt-LT","@id":"https:\/\/luxon.com\/lt\/merchants\/#primaryimage","url":"https:\/\/luxon.com\/wp-content\/uploads\/Group-48095828.png","contentUrl":"https:\/\/luxon.com\/wp-content\/uploads\/Group-48095828.png","width":672,"height":887},{"@type":"WebSite","@id":"https:\/\/luxon.com\/lt\/#website","url":"https:\/\/luxon.com\/lt\/","name":"Luxon Pay","description":"Instant secure global payments","publisher":{"@id":"https:\/\/luxon.com\/lt\/#organization"},"potentialAction":[{"@type":"SearchAction","target":{"@type":"EntryPoint","urlTemplate":"https:\/\/luxon.com\/lt\/?s={search_term_string}"},"query-input":{"@type":"PropertyValueSpecification","valueRequired":true,"valueName":"search_term_string"}}],"inLanguage":"lt-LT"},{"@type":"Organization","@id":"https:\/\/luxon.com\/lt\/#organization","name":"Luxon Pay","url":"https:\/\/luxon.com\/lt\/","logo":{"@type":"ImageObject","inLanguage":"lt-LT","@id":"https:\/\/luxon.com\/lt\/#\/schema\/logo\/image\/","url":"https:\/\/luxon.com\/wp-content\/uploads\/WebsiteImage04.png","contentUrl":"https:\/\/luxon.com\/wp-content\/uploads\/WebsiteImage04.png","width":1200,"height":630,"caption":"Luxon Pay"},"image":{"@id":"https:\/\/luxon.com\/lt\/#\/schema\/logo\/image\/"}}]}},"_links":{"self":[{"href":"https:\/\/luxon.com\/lt\/wp-json\/wp\/v2\/pages\/28353","targetHints":{"allow":["GET"]}}],"collection":[{"href":"https:\/\/luxon.com\/lt\/wp-json\/wp\/v2\/pages"}],"about":[{"href":"https:\/\/luxon.com\/lt\/wp-json\/wp\/v2\/types\/page"}],"author":[{"embeddable":true,"href":"https:\/\/luxon.com\/lt\/wp-json\/wp\/v2\/users\/2"}],"replies":[{"embeddable":true,"href":"https:\/\/luxon.com\/lt\/wp-json\/wp\/v2\/comments?post=28353"}],"version-history":[{"count":12,"href":"https:\/\/luxon.com\/lt\/wp-json\/wp\/v2\/pages\/28353\/revisions"}],"predecessor-version":[{"id":33256,"href":"https:\/\/luxon.com\/lt\/wp-json\/wp\/v2\/pages\/28353\/revisions\/33256"}],"wp:featuredmedia":[{"embeddable":true,"href":"https:\/\/luxon.com\/lt\/wp-json\/wp\/v2\/media\/28214"}],"wp:attachment":[{"href":"https:\/\/luxon.com\/lt\/wp-json\/wp\/v2\/media?parent=28353"}],"curies":[{"name":"wp","href":"https:\/\/api.w.org\/{rel}","templated":true}]}}