{"id":30134,"date":"2025-05-22T15:11:59","date_gmt":"2025-05-22T15:11:59","guid":{"rendered":"https:\/\/luxon.com\/luxon-pay-at-wsop-las-vegas\/"},"modified":"2025-07-05T08:47:45","modified_gmt":"2025-07-05T08:47:45","slug":"luxon-pay-at-wsop-las-vegas","status":"publish","type":"page","link":"https:\/\/luxon.com\/lt\/luxon-pay-at-wsop-las-vegas\/","title":{"rendered":"Luxon Pay WSOP Las Vegase"},"content":{"rendered":"<p style=\"font-weight: 400;\">Oficialu! \u0160i\u0105 vasar\u0105 \u012f visus World Series of Poker (WSOP) turnyrus Las Vegase gal\u0117site \u012fsipirkti naudodami Luxon Pay.<\/p>\n","protected":false},"excerpt":{"rendered":"<p>Oficialu! \u0160i\u0105 vasar\u0105 \u012f visus World Series of Poker (WSOP) turnyrus Las Vegase gal\u0117site \u012fsipirkti naudodami Luxon Pay.<\/p>\n","protected":false},"author":5,"featured_media":29580,"parent":0,"menu_order":0,"comment_status":"closed","ping_status":"closed","template":"templates\/block-template.php","meta":{"_acf_changed":false,"footnotes":""},"class_list":["post-30134","page","type-page","status-publish","has-post-thumbnail","hentry"],"acf":[],"yoast_head":"<!-- This site is optimized with the Yoast SEO plugin v27.1.1 - https:\/\/yoast.com\/product\/yoast-seo-wordpress\/ -->\n<title>Luxon Pay WSOP Las Vegase - Luxon Pay<\/title>\n<meta name=\"robots\" content=\"index, follow, max-snippet:-1, max-image-preview:large, max-video-preview:-1\" \/>\n<link rel=\"canonical\" href=\"https:\/\/luxon.com\/lt\/luxon-pay-at-wsop-las-vegas\/\" \/>\n<meta property=\"og:locale\" content=\"lt_LT\" \/>\n<meta property=\"og:type\" content=\"article\" \/>\n<meta property=\"og:title\" content=\"Luxon Pay WSOP Las Vegase - Luxon Pay\" \/>\n<meta property=\"og:description\" content=\"Oficialu! \u0160i\u0105 vasar\u0105 \u012f visus World Series of Poker (WSOP) turnyrus Las Vegase gal\u0117site \u012fsipirkti naudodami Luxon Pay.\" \/>\n<meta property=\"og:url\" content=\"https:\/\/luxon.com\/lt\/luxon-pay-at-wsop-las-vegas\/\" \/>\n<meta property=\"og:site_name\" content=\"Luxon Pay\" \/>\n<meta property=\"article:modified_time\" content=\"2025-07-05T08:47:45+00:00\" \/>\n<meta property=\"og:image\" content=\"https:\/\/luxon.com\/wp-content\/uploads\/Luxon-website-banner-image.png\" \/>\n\t<meta property=\"og:image:width\" content=\"404\" \/>\n\t<meta property=\"og:image:height\" content=\"640\" \/>\n\t<meta property=\"og:image:type\" content=\"image\/png\" \/>\n<meta name=\"twitter:card\" content=\"summary_large_image\" \/>\n<meta name=\"twitter:label1\" content=\"Est. reading time\" \/>\n\t<meta name=\"twitter:data1\" content=\"1 minut\u0117\" \/>\n<script type=\"application\/ld+json\" class=\"yoast-schema-graph\">{\"@context\":\"https:\/\/schema.org\",\"@graph\":[{\"@type\":\"WebPage\",\"@id\":\"https:\/\/luxon.com\/lt\/luxon-pay-at-wsop-las-vegas\/\",\"url\":\"https:\/\/luxon.com\/lt\/luxon-pay-at-wsop-las-vegas\/\",\"name\":\"Luxon Pay WSOP Las Vegase - Luxon Pay\",\"isPartOf\":{\"@id\":\"https:\/\/luxon.com\/lt\/#website\"},\"primaryImageOfPage\":{\"@id\":\"https:\/\/luxon.com\/lt\/luxon-pay-at-wsop-las-vegas\/#primaryimage\"},\"image\":{\"@id\":\"https:\/\/luxon.com\/lt\/luxon-pay-at-wsop-las-vegas\/#primaryimage\"},\"thumbnailUrl\":\"https:\/\/luxon.com\/wp-content\/uploads\/Luxon-website-banner-image.png\",\"datePublished\":\"2025-05-22T15:11:59+00:00\",\"dateModified\":\"2025-07-05T08:47:45+00:00\",\"inLanguage\":\"lt-LT\",\"potentialAction\":[{\"@type\":\"ReadAction\",\"target\":[\"https:\/\/luxon.com\/lt\/luxon-pay-at-wsop-las-vegas\/\"]}]},{\"@type\":\"ImageObject\",\"inLanguage\":\"lt-LT\",\"@id\":\"https:\/\/luxon.com\/lt\/luxon-pay-at-wsop-las-vegas\/#primaryimage\",\"url\":\"https:\/\/luxon.com\/wp-content\/uploads\/Luxon-website-banner-image.png\",\"contentUrl\":\"https:\/\/luxon.com\/wp-content\/uploads\/Luxon-website-banner-image.png\",\"width\":404,\"height\":640},{\"@type\":\"WebSite\",\"@id\":\"https:\/\/luxon.com\/lt\/#website\",\"url\":\"https:\/\/luxon.com\/lt\/\",\"name\":\"Luxon Pay\",\"description\":\"Instant secure global payments\",\"publisher\":{\"@id\":\"https:\/\/luxon.com\/lt\/#organization\"},\"potentialAction\":[{\"@type\":\"SearchAction\",\"target\":{\"@type\":\"EntryPoint\",\"urlTemplate\":\"https:\/\/luxon.com\/lt\/?s={search_term_string}\"},\"query-input\":{\"@type\":\"PropertyValueSpecification\",\"valueRequired\":true,\"valueName\":\"search_term_string\"}}],\"inLanguage\":\"lt-LT\"},{\"@type\":\"Organization\",\"@id\":\"https:\/\/luxon.com\/lt\/#organization\",\"name\":\"Luxon Pay\",\"url\":\"https:\/\/luxon.com\/lt\/\",\"logo\":{\"@type\":\"ImageObject\",\"inLanguage\":\"lt-LT\",\"@id\":\"https:\/\/luxon.com\/lt\/#\/schema\/logo\/image\/\",\"url\":\"https:\/\/luxon.com\/wp-content\/uploads\/WebsiteImage04.png\",\"contentUrl\":\"https:\/\/luxon.com\/wp-content\/uploads\/WebsiteImage04.png\",\"width\":1200,\"height\":630,\"caption\":\"Luxon Pay\"},\"image\":{\"@id\":\"https:\/\/luxon.com\/lt\/#\/schema\/logo\/image\/\"}}]}<\/script>\n<!-- \/ Yoast SEO plugin. -->","yoast_head_json":{"title":"Luxon Pay WSOP Las Vegase - Luxon Pay","robots":{"index":"index","follow":"follow","max-snippet":"max-snippet:-1","max-image-preview":"max-image-preview:large","max-video-preview":"max-video-preview:-1"},"canonical":"https:\/\/luxon.com\/lt\/luxon-pay-at-wsop-las-vegas\/","og_locale":"lt_LT","og_type":"article","og_title":"Luxon Pay WSOP Las Vegase - Luxon Pay","og_description":"Oficialu! \u0160i\u0105 vasar\u0105 \u012f visus World Series of Poker (WSOP) turnyrus Las Vegase gal\u0117site \u012fsipirkti naudodami Luxon Pay.","og_url":"https:\/\/luxon.com\/lt\/luxon-pay-at-wsop-las-vegas\/","og_site_name":"Luxon Pay","article_modified_time":"2025-07-05T08:47:45+00:00","og_image":[{"width":404,"height":640,"url":"https:\/\/luxon.com\/wp-content\/uploads\/Luxon-website-banner-image.png","type":"image\/png"}],"twitter_card":"summary_large_image","twitter_misc":{"Est. reading time":"1 minut\u0117"},"schema":{"@context":"https:\/\/schema.org","@graph":[{"@type":"WebPage","@id":"https:\/\/luxon.com\/lt\/luxon-pay-at-wsop-las-vegas\/","url":"https:\/\/luxon.com\/lt\/luxon-pay-at-wsop-las-vegas\/","name":"Luxon Pay WSOP Las Vegase - Luxon Pay","isPartOf":{"@id":"https:\/\/luxon.com\/lt\/#website"},"primaryImageOfPage":{"@id":"https:\/\/luxon.com\/lt\/luxon-pay-at-wsop-las-vegas\/#primaryimage"},"image":{"@id":"https:\/\/luxon.com\/lt\/luxon-pay-at-wsop-las-vegas\/#primaryimage"},"thumbnailUrl":"https:\/\/luxon.com\/wp-content\/uploads\/Luxon-website-banner-image.png","datePublished":"2025-05-22T15:11:59+00:00","dateModified":"2025-07-05T08:47:45+00:00","inLanguage":"lt-LT","potentialAction":[{"@type":"ReadAction","target":["https:\/\/luxon.com\/lt\/luxon-pay-at-wsop-las-vegas\/"]}]},{"@type":"ImageObject","inLanguage":"lt-LT","@id":"https:\/\/luxon.com\/lt\/luxon-pay-at-wsop-las-vegas\/#primaryimage","url":"https:\/\/luxon.com\/wp-content\/uploads\/Luxon-website-banner-image.png","contentUrl":"https:\/\/luxon.com\/wp-content\/uploads\/Luxon-website-banner-image.png","width":404,"height":640},{"@type":"WebSite","@id":"https:\/\/luxon.com\/lt\/#website","url":"https:\/\/luxon.com\/lt\/","name":"Luxon Pay","description":"Instant secure global payments","publisher":{"@id":"https:\/\/luxon.com\/lt\/#organization"},"potentialAction":[{"@type":"SearchAction","target":{"@type":"EntryPoint","urlTemplate":"https:\/\/luxon.com\/lt\/?s={search_term_string}"},"query-input":{"@type":"PropertyValueSpecification","valueRequired":true,"valueName":"search_term_string"}}],"inLanguage":"lt-LT"},{"@type":"Organization","@id":"https:\/\/luxon.com\/lt\/#organization","name":"Luxon Pay","url":"https:\/\/luxon.com\/lt\/","logo":{"@type":"ImageObject","inLanguage":"lt-LT","@id":"https:\/\/luxon.com\/lt\/#\/schema\/logo\/image\/","url":"https:\/\/luxon.com\/wp-content\/uploads\/WebsiteImage04.png","contentUrl":"https:\/\/luxon.com\/wp-content\/uploads\/WebsiteImage04.png","width":1200,"height":630,"caption":"Luxon Pay"},"image":{"@id":"https:\/\/luxon.com\/lt\/#\/schema\/logo\/image\/"}}]}},"_links":{"self":[{"href":"https:\/\/luxon.com\/lt\/wp-json\/wp\/v2\/pages\/30134","targetHints":{"allow":["GET"]}}],"collection":[{"href":"https:\/\/luxon.com\/lt\/wp-json\/wp\/v2\/pages"}],"about":[{"href":"https:\/\/luxon.com\/lt\/wp-json\/wp\/v2\/types\/page"}],"author":[{"embeddable":true,"href":"https:\/\/luxon.com\/lt\/wp-json\/wp\/v2\/users\/5"}],"replies":[{"embeddable":true,"href":"https:\/\/luxon.com\/lt\/wp-json\/wp\/v2\/comments?post=30134"}],"version-history":[{"count":2,"href":"https:\/\/luxon.com\/lt\/wp-json\/wp\/v2\/pages\/30134\/revisions"}],"predecessor-version":[{"id":30323,"href":"https:\/\/luxon.com\/lt\/wp-json\/wp\/v2\/pages\/30134\/revisions\/30323"}],"wp:featuredmedia":[{"embeddable":true,"href":"https:\/\/luxon.com\/lt\/wp-json\/wp\/v2\/media\/29580"}],"wp:attachment":[{"href":"https:\/\/luxon.com\/lt\/wp-json\/wp\/v2\/media?parent=30134"}],"curies":[{"name":"wp","href":"https:\/\/api.w.org\/{rel}","templated":true}]}}