{"id":30136,"date":"2025-05-22T14:37:46","date_gmt":"2025-05-22T14:37:46","guid":{"rendered":"https:\/\/luxon.com\/win-a-free-10000-wsop-main-event-seat-in-our-exclusive-giveaway\/"},"modified":"2025-06-12T07:09:45","modified_gmt":"2025-06-12T07:09:45","slug":"win-a-free-10000-wsop-main-event-seat-in-our-exclusive-giveaway","status":"publish","type":"page","link":"https:\/\/luxon.com\/lt\/win-a-free-10000-wsop-main-event-seat-in-our-exclusive-giveaway\/","title":{"rendered":"Laim\u0117kite nemokam\u0105 10 000 $ pagrindinio WSOP turnyro viet\u0105 m\u016bs\u0173 i\u0161skirtiniame konkurse"},"content":{"rendered":"<ul>\n<li style=\"font-weight: 400;\">Sekite Luxon Pay platformoje X<\/li>\n<li style=\"font-weight: 400;\"><span style=\"font-size: 16px;\">Pasidalinkite \u012fra\u0161u platformoje X<\/span><\/li>\n<li style=\"font-weight: 400;\"><span style=\"font-size: 16px;\">\u012esigykite \u012fpirk\u0105 \u012f bet kur\u012f WSOP turnyr\u0105 per Luxon Pay iki bir\u017eelio 30 d.<\/span><\/li>\n<\/ul>\n<p style=\"font-weight: 400;\">Taisykl\u0117s ir s\u0105lygos:<\/p>\n<ol>\n<li style=\"font-weight: 400;\">Norint dalyvauti akcijoje, vartotojas turi \u012fsigyti biliet\u0105 WSOP+ program\u0117l\u0117je ir atsiskaityti naudodamas Luxon Pay<\/li>\n<li style=\"font-weight: 400;\"><span style=\"font-size: 16px;\">Vartotojas taip pat turi sekti Luxon Pay platformoje X ir pasidalinti nurodytu \u012fra\u0161u<\/span><\/li>\n<li style=\"font-weight: 400;\"><span style=\"font-size: 16px;\">Registracija baigsis 2025 m. bir\u017eelio 30 d. 23:59 CET<\/span><\/li>\n<li style=\"font-weight: 400;\"><span style=\"font-size: 16px;\">Laim\u0117tojas bus paskelbtas 2025 m. liepos 1 d.<\/span><\/li>\n<li style=\"font-weight: 400;\"><span style=\"font-size: 16px;\">10 000 $ pagrindinio WSOP turnyro viet\u0105 galima panaudoti 2025 arba 2026 m. WSOP pagrindiniame turnyre<\/span><\/li>\n<\/ol>\n","protected":false},"excerpt":{"rendered":"<p>Sekite Luxon Pay platformoje X Pasidalinkite \u012fra\u0161u platformoje X \u012esigykite \u012fpirk\u0105 \u012f bet kur\u012f WSOP turnyr\u0105 per Luxon Pay iki bir\u017eelio 30 d. Taisykl\u0117s ir s\u0105lygos: Norint dalyvauti akcijoje, vartotojas turi \u012fsigyti biliet\u0105 WSOP+ program\u0117l\u0117je ir atsiskaityti naudodamas Luxon Pay Vartotojas taip pat turi sekti Luxon Pay platformoje X ir pasidalinti nurodytu \u012fra\u0161u Registracija baigsis<a class=\"excerpt-read-more\" href=\"https:\/\/luxon.com\/lt\/win-a-free-10000-wsop-main-event-seat-in-our-exclusive-giveaway\/\" title=\"ReadLaim\u0117kite nemokam\u0105 10 000 $ pagrindinio WSOP turnyro viet\u0105 m\u016bs\u0173 i\u0161skirtiniame konkurse\">&#8230; Read more &raquo;<\/a><\/p>\n","protected":false},"author":5,"featured_media":29580,"parent":0,"menu_order":0,"comment_status":"closed","ping_status":"closed","template":"templates\/block-template.php","meta":{"_acf_changed":false,"footnotes":""},"class_list":["post-30136","page","type-page","status-publish","has-post-thumbnail","hentry"],"acf":[],"yoast_head":"<!-- This site is optimized with the Yoast SEO plugin v27.1.1 - https:\/\/yoast.com\/product\/yoast-seo-wordpress\/ -->\n<title>Laim\u0117kite nemokam\u0105 10 000 $ pagrindinio WSOP turnyro viet\u0105 m\u016bs\u0173 i\u0161skirtiniame konkurse - Luxon Pay<\/title>\n<meta name=\"robots\" content=\"index, follow, max-snippet:-1, max-image-preview:large, max-video-preview:-1\" \/>\n<link rel=\"canonical\" href=\"https:\/\/luxon.com\/lt\/win-a-free-10000-wsop-main-event-seat-in-our-exclusive-giveaway\/\" \/>\n<meta property=\"og:locale\" content=\"lt_LT\" \/>\n<meta property=\"og:type\" content=\"article\" \/>\n<meta property=\"og:title\" content=\"Laim\u0117kite nemokam\u0105 10 000 $ pagrindinio WSOP turnyro viet\u0105 m\u016bs\u0173 i\u0161skirtiniame konkurse - Luxon Pay\" \/>\n<meta property=\"og:description\" content=\"Sekite Luxon Pay platformoje X Pasidalinkite \u012fra\u0161u platformoje X \u012esigykite \u012fpirk\u0105 \u012f bet kur\u012f WSOP turnyr\u0105 per Luxon Pay iki bir\u017eelio 30 d. Taisykl\u0117s ir s\u0105lygos: Norint dalyvauti akcijoje, vartotojas turi \u012fsigyti biliet\u0105 WSOP+ program\u0117l\u0117je ir atsiskaityti naudodamas Luxon Pay Vartotojas taip pat turi sekti Luxon Pay platformoje X ir pasidalinti nurodytu \u012fra\u0161u Registracija baigsis... Read more &raquo;\" \/>\n<meta property=\"og:url\" content=\"https:\/\/luxon.com\/lt\/win-a-free-10000-wsop-main-event-seat-in-our-exclusive-giveaway\/\" \/>\n<meta property=\"og:site_name\" content=\"Luxon Pay\" \/>\n<meta property=\"article:modified_time\" content=\"2025-06-12T07:09:45+00:00\" \/>\n<meta property=\"og:image\" content=\"https:\/\/luxon.com\/wp-content\/uploads\/Luxon-website-banner-image.png\" \/>\n\t<meta property=\"og:image:width\" content=\"404\" \/>\n\t<meta property=\"og:image:height\" content=\"640\" \/>\n\t<meta property=\"og:image:type\" content=\"image\/png\" \/>\n<meta name=\"twitter:card\" content=\"summary_large_image\" \/>\n<meta name=\"twitter:label1\" content=\"Est. reading time\" \/>\n\t<meta name=\"twitter:data1\" content=\"1 minut\u0117\" \/>\n<script type=\"application\/ld+json\" class=\"yoast-schema-graph\">{\"@context\":\"https:\/\/schema.org\",\"@graph\":[{\"@type\":\"WebPage\",\"@id\":\"https:\/\/luxon.com\/lt\/win-a-free-10000-wsop-main-event-seat-in-our-exclusive-giveaway\/\",\"url\":\"https:\/\/luxon.com\/lt\/win-a-free-10000-wsop-main-event-seat-in-our-exclusive-giveaway\/\",\"name\":\"Laim\u0117kite nemokam\u0105 10 000 $ pagrindinio WSOP turnyro viet\u0105 m\u016bs\u0173 i\u0161skirtiniame konkurse - Luxon Pay\",\"isPartOf\":{\"@id\":\"https:\/\/luxon.com\/lt\/#website\"},\"primaryImageOfPage\":{\"@id\":\"https:\/\/luxon.com\/lt\/win-a-free-10000-wsop-main-event-seat-in-our-exclusive-giveaway\/#primaryimage\"},\"image\":{\"@id\":\"https:\/\/luxon.com\/lt\/win-a-free-10000-wsop-main-event-seat-in-our-exclusive-giveaway\/#primaryimage\"},\"thumbnailUrl\":\"https:\/\/luxon.com\/wp-content\/uploads\/Luxon-website-banner-image.png\",\"datePublished\":\"2025-05-22T14:37:46+00:00\",\"dateModified\":\"2025-06-12T07:09:45+00:00\",\"inLanguage\":\"lt-LT\",\"potentialAction\":[{\"@type\":\"ReadAction\",\"target\":[\"https:\/\/luxon.com\/lt\/win-a-free-10000-wsop-main-event-seat-in-our-exclusive-giveaway\/\"]}]},{\"@type\":\"ImageObject\",\"inLanguage\":\"lt-LT\",\"@id\":\"https:\/\/luxon.com\/lt\/win-a-free-10000-wsop-main-event-seat-in-our-exclusive-giveaway\/#primaryimage\",\"url\":\"https:\/\/luxon.com\/wp-content\/uploads\/Luxon-website-banner-image.png\",\"contentUrl\":\"https:\/\/luxon.com\/wp-content\/uploads\/Luxon-website-banner-image.png\",\"width\":404,\"height\":640},{\"@type\":\"WebSite\",\"@id\":\"https:\/\/luxon.com\/lt\/#website\",\"url\":\"https:\/\/luxon.com\/lt\/\",\"name\":\"Luxon Pay\",\"description\":\"Instant secure global payments\",\"publisher\":{\"@id\":\"https:\/\/luxon.com\/lt\/#organization\"},\"potentialAction\":[{\"@type\":\"SearchAction\",\"target\":{\"@type\":\"EntryPoint\",\"urlTemplate\":\"https:\/\/luxon.com\/lt\/?s={search_term_string}\"},\"query-input\":{\"@type\":\"PropertyValueSpecification\",\"valueRequired\":true,\"valueName\":\"search_term_string\"}}],\"inLanguage\":\"lt-LT\"},{\"@type\":\"Organization\",\"@id\":\"https:\/\/luxon.com\/lt\/#organization\",\"name\":\"Luxon Pay\",\"url\":\"https:\/\/luxon.com\/lt\/\",\"logo\":{\"@type\":\"ImageObject\",\"inLanguage\":\"lt-LT\",\"@id\":\"https:\/\/luxon.com\/lt\/#\/schema\/logo\/image\/\",\"url\":\"https:\/\/luxon.com\/wp-content\/uploads\/WebsiteImage04.png\",\"contentUrl\":\"https:\/\/luxon.com\/wp-content\/uploads\/WebsiteImage04.png\",\"width\":1200,\"height\":630,\"caption\":\"Luxon Pay\"},\"image\":{\"@id\":\"https:\/\/luxon.com\/lt\/#\/schema\/logo\/image\/\"}}]}<\/script>\n<!-- \/ Yoast SEO plugin. -->","yoast_head_json":{"title":"Laim\u0117kite nemokam\u0105 10 000 $ pagrindinio WSOP turnyro viet\u0105 m\u016bs\u0173 i\u0161skirtiniame konkurse - Luxon Pay","robots":{"index":"index","follow":"follow","max-snippet":"max-snippet:-1","max-image-preview":"max-image-preview:large","max-video-preview":"max-video-preview:-1"},"canonical":"https:\/\/luxon.com\/lt\/win-a-free-10000-wsop-main-event-seat-in-our-exclusive-giveaway\/","og_locale":"lt_LT","og_type":"article","og_title":"Laim\u0117kite nemokam\u0105 10 000 $ pagrindinio WSOP turnyro viet\u0105 m\u016bs\u0173 i\u0161skirtiniame konkurse - Luxon Pay","og_description":"Sekite Luxon Pay platformoje X Pasidalinkite \u012fra\u0161u platformoje X \u012esigykite \u012fpirk\u0105 \u012f bet kur\u012f WSOP turnyr\u0105 per Luxon Pay iki bir\u017eelio 30 d. Taisykl\u0117s ir s\u0105lygos: Norint dalyvauti akcijoje, vartotojas turi \u012fsigyti biliet\u0105 WSOP+ program\u0117l\u0117je ir atsiskaityti naudodamas Luxon Pay Vartotojas taip pat turi sekti Luxon Pay platformoje X ir pasidalinti nurodytu \u012fra\u0161u Registracija baigsis... Read more &raquo;","og_url":"https:\/\/luxon.com\/lt\/win-a-free-10000-wsop-main-event-seat-in-our-exclusive-giveaway\/","og_site_name":"Luxon Pay","article_modified_time":"2025-06-12T07:09:45+00:00","og_image":[{"width":404,"height":640,"url":"https:\/\/luxon.com\/wp-content\/uploads\/Luxon-website-banner-image.png","type":"image\/png"}],"twitter_card":"summary_large_image","twitter_misc":{"Est. reading time":"1 minut\u0117"},"schema":{"@context":"https:\/\/schema.org","@graph":[{"@type":"WebPage","@id":"https:\/\/luxon.com\/lt\/win-a-free-10000-wsop-main-event-seat-in-our-exclusive-giveaway\/","url":"https:\/\/luxon.com\/lt\/win-a-free-10000-wsop-main-event-seat-in-our-exclusive-giveaway\/","name":"Laim\u0117kite nemokam\u0105 10 000 $ pagrindinio WSOP turnyro viet\u0105 m\u016bs\u0173 i\u0161skirtiniame konkurse - Luxon Pay","isPartOf":{"@id":"https:\/\/luxon.com\/lt\/#website"},"primaryImageOfPage":{"@id":"https:\/\/luxon.com\/lt\/win-a-free-10000-wsop-main-event-seat-in-our-exclusive-giveaway\/#primaryimage"},"image":{"@id":"https:\/\/luxon.com\/lt\/win-a-free-10000-wsop-main-event-seat-in-our-exclusive-giveaway\/#primaryimage"},"thumbnailUrl":"https:\/\/luxon.com\/wp-content\/uploads\/Luxon-website-banner-image.png","datePublished":"2025-05-22T14:37:46+00:00","dateModified":"2025-06-12T07:09:45+00:00","inLanguage":"lt-LT","potentialAction":[{"@type":"ReadAction","target":["https:\/\/luxon.com\/lt\/win-a-free-10000-wsop-main-event-seat-in-our-exclusive-giveaway\/"]}]},{"@type":"ImageObject","inLanguage":"lt-LT","@id":"https:\/\/luxon.com\/lt\/win-a-free-10000-wsop-main-event-seat-in-our-exclusive-giveaway\/#primaryimage","url":"https:\/\/luxon.com\/wp-content\/uploads\/Luxon-website-banner-image.png","contentUrl":"https:\/\/luxon.com\/wp-content\/uploads\/Luxon-website-banner-image.png","width":404,"height":640},{"@type":"WebSite","@id":"https:\/\/luxon.com\/lt\/#website","url":"https:\/\/luxon.com\/lt\/","name":"Luxon Pay","description":"Instant secure global payments","publisher":{"@id":"https:\/\/luxon.com\/lt\/#organization"},"potentialAction":[{"@type":"SearchAction","target":{"@type":"EntryPoint","urlTemplate":"https:\/\/luxon.com\/lt\/?s={search_term_string}"},"query-input":{"@type":"PropertyValueSpecification","valueRequired":true,"valueName":"search_term_string"}}],"inLanguage":"lt-LT"},{"@type":"Organization","@id":"https:\/\/luxon.com\/lt\/#organization","name":"Luxon Pay","url":"https:\/\/luxon.com\/lt\/","logo":{"@type":"ImageObject","inLanguage":"lt-LT","@id":"https:\/\/luxon.com\/lt\/#\/schema\/logo\/image\/","url":"https:\/\/luxon.com\/wp-content\/uploads\/WebsiteImage04.png","contentUrl":"https:\/\/luxon.com\/wp-content\/uploads\/WebsiteImage04.png","width":1200,"height":630,"caption":"Luxon Pay"},"image":{"@id":"https:\/\/luxon.com\/lt\/#\/schema\/logo\/image\/"}}]}},"_links":{"self":[{"href":"https:\/\/luxon.com\/lt\/wp-json\/wp\/v2\/pages\/30136","targetHints":{"allow":["GET"]}}],"collection":[{"href":"https:\/\/luxon.com\/lt\/wp-json\/wp\/v2\/pages"}],"about":[{"href":"https:\/\/luxon.com\/lt\/wp-json\/wp\/v2\/types\/page"}],"author":[{"embeddable":true,"href":"https:\/\/luxon.com\/lt\/wp-json\/wp\/v2\/users\/5"}],"replies":[{"embeddable":true,"href":"https:\/\/luxon.com\/lt\/wp-json\/wp\/v2\/comments?post=30136"}],"version-history":[{"count":2,"href":"https:\/\/luxon.com\/lt\/wp-json\/wp\/v2\/pages\/30136\/revisions"}],"predecessor-version":[{"id":30138,"href":"https:\/\/luxon.com\/lt\/wp-json\/wp\/v2\/pages\/30136\/revisions\/30138"}],"wp:featuredmedia":[{"embeddable":true,"href":"https:\/\/luxon.com\/lt\/wp-json\/wp\/v2\/media\/29580"}],"wp:attachment":[{"href":"https:\/\/luxon.com\/lt\/wp-json\/wp\/v2\/media?parent=30136"}],"curies":[{"name":"wp","href":"https:\/\/api.w.org\/{rel}","templated":true}]}}