{"id":32114,"date":"2025-08-29T13:57:14","date_gmt":"2025-08-29T13:57:14","guid":{"rendered":"https:\/\/luxon.com\/luxon-welcomes-you-to-paradise-with-5000\/"},"modified":"2025-10-10T18:36:00","modified_gmt":"2025-10-10T18:36:00","slug":"luxon-welcomes-you-to-paradise-with-5000","status":"publish","type":"page","link":"https:\/\/luxon.com\/lt\/luxon-welcomes-you-to-paradise-with-5000\/","title":{"rendered":"\u201eLuxon Pay\u201c kvie\u010dia jus \u012f roj\u0173 su 5 000 $!"},"content":{"rendered":"<p style=\"font-weight: 400;\">Pirm\u0105 kart\u0105 Paradise? Jei tai j\u016bs\u0173 debiutas WSOP Paradise, \u201eLuxon Pay\u201c nori jus pasitikti raudonu kilimu. \u0160i speciali akcija sukurta tam, kad naujokai gaut\u0173 papildom\u0105 post\u016bm\u012f \u017eengiant \u012f \u017eaidim\u0105.<\/p>\n<p style=\"font-weight: 400;\">\n","protected":false},"excerpt":{"rendered":"<p>Pirm\u0105 kart\u0105 Paradise? Jei tai j\u016bs\u0173 debiutas WSOP Paradise, \u201eLuxon Pay\u201c nori jus pasitikti raudonu kilimu. \u0160i speciali akcija sukurta tam, kad naujokai gaut\u0173 papildom\u0105 post\u016bm\u012f \u017eengiant \u012f \u017eaidim\u0105.<\/p>\n","protected":false},"author":3,"featured_media":31578,"parent":0,"menu_order":0,"comment_status":"closed","ping_status":"closed","template":"templates\/block-template.php","meta":{"_acf_changed":false,"footnotes":""},"class_list":["post-32114","page","type-page","status-publish","has-post-thumbnail","hentry"],"acf":[],"yoast_head":"<!-- This site is optimized with the Yoast SEO plugin v27.4 - https:\/\/yoast.com\/product\/yoast-seo-wordpress\/ -->\n<title>\u201eLuxon Pay\u201c kvie\u010dia jus \u012f roj\u0173 su 5 000 $! - Luxon Pay<\/title>\n<meta name=\"robots\" content=\"index, follow, max-snippet:-1, max-image-preview:large, max-video-preview:-1\" \/>\n<link rel=\"canonical\" href=\"https:\/\/luxon.com\/lt\/luxon-welcomes-you-to-paradise-with-5000\/\" \/>\n<meta property=\"og:locale\" content=\"lt_LT\" \/>\n<meta property=\"og:type\" content=\"article\" \/>\n<meta property=\"og:title\" content=\"\u201eLuxon Pay\u201c kvie\u010dia jus \u012f roj\u0173 su 5 000 $! - Luxon Pay\" \/>\n<meta property=\"og:description\" content=\"Pirm\u0105 kart\u0105 Paradise? Jei tai j\u016bs\u0173 debiutas WSOP Paradise, \u201eLuxon Pay\u201c nori jus pasitikti raudonu kilimu. \u0160i speciali akcija sukurta tam, kad naujokai gaut\u0173 papildom\u0105 post\u016bm\u012f \u017eengiant \u012f \u017eaidim\u0105.\" \/>\n<meta property=\"og:url\" content=\"https:\/\/luxon.com\/lt\/luxon-welcomes-you-to-paradise-with-5000\/\" \/>\n<meta property=\"og:site_name\" content=\"Luxon Pay\" \/>\n<meta property=\"article:modified_time\" content=\"2025-10-10T18:36:00+00:00\" \/>\n<meta property=\"og:image\" content=\"https:\/\/luxon.com\/wp-content\/uploads\/WSOP_Paradise_Header.png\" \/>\n\t<meta property=\"og:image:width\" content=\"720\" \/>\n\t<meta property=\"og:image:height\" content=\"686\" \/>\n\t<meta property=\"og:image:type\" content=\"image\/png\" \/>\n<meta name=\"twitter:card\" content=\"summary_large_image\" \/>\n<meta name=\"twitter:label1\" content=\"Est. reading time\" \/>\n\t<meta name=\"twitter:data1\" content=\"1 minut\u0117\" \/>\n<script type=\"application\/ld+json\" class=\"yoast-schema-graph\">{\"@context\":\"https:\\\/\\\/schema.org\",\"@graph\":[{\"@type\":\"WebPage\",\"@id\":\"https:\\\/\\\/luxon.com\\\/lt\\\/luxon-welcomes-you-to-paradise-with-5000\\\/\",\"url\":\"https:\\\/\\\/luxon.com\\\/lt\\\/luxon-welcomes-you-to-paradise-with-5000\\\/\",\"name\":\"\u201eLuxon Pay\u201c kvie\u010dia jus \u012f roj\u0173 su 5 000 $! - Luxon Pay\",\"isPartOf\":{\"@id\":\"https:\\\/\\\/luxon.com\\\/lt\\\/#website\"},\"primaryImageOfPage\":{\"@id\":\"https:\\\/\\\/luxon.com\\\/lt\\\/luxon-welcomes-you-to-paradise-with-5000\\\/#primaryimage\"},\"image\":{\"@id\":\"https:\\\/\\\/luxon.com\\\/lt\\\/luxon-welcomes-you-to-paradise-with-5000\\\/#primaryimage\"},\"thumbnailUrl\":\"https:\\\/\\\/luxon.com\\\/wp-content\\\/uploads\\\/WSOP_Paradise_Header.png\",\"datePublished\":\"2025-08-29T13:57:14+00:00\",\"dateModified\":\"2025-10-10T18:36:00+00:00\",\"inLanguage\":\"lt-LT\",\"potentialAction\":[{\"@type\":\"ReadAction\",\"target\":[\"https:\\\/\\\/luxon.com\\\/lt\\\/luxon-welcomes-you-to-paradise-with-5000\\\/\"]}]},{\"@type\":\"ImageObject\",\"inLanguage\":\"lt-LT\",\"@id\":\"https:\\\/\\\/luxon.com\\\/lt\\\/luxon-welcomes-you-to-paradise-with-5000\\\/#primaryimage\",\"url\":\"https:\\\/\\\/luxon.com\\\/wp-content\\\/uploads\\\/WSOP_Paradise_Header.png\",\"contentUrl\":\"https:\\\/\\\/luxon.com\\\/wp-content\\\/uploads\\\/WSOP_Paradise_Header.png\",\"width\":720,\"height\":686},{\"@type\":\"WebSite\",\"@id\":\"https:\\\/\\\/luxon.com\\\/lt\\\/#website\",\"url\":\"https:\\\/\\\/luxon.com\\\/lt\\\/\",\"name\":\"Luxon Pay\",\"description\":\"Instant secure global payments\",\"publisher\":{\"@id\":\"https:\\\/\\\/luxon.com\\\/lt\\\/#organization\"},\"potentialAction\":[{\"@type\":\"SearchAction\",\"target\":{\"@type\":\"EntryPoint\",\"urlTemplate\":\"https:\\\/\\\/luxon.com\\\/lt\\\/?s={search_term_string}\"},\"query-input\":{\"@type\":\"PropertyValueSpecification\",\"valueRequired\":true,\"valueName\":\"search_term_string\"}}],\"inLanguage\":\"lt-LT\"},{\"@type\":\"Organization\",\"@id\":\"https:\\\/\\\/luxon.com\\\/lt\\\/#organization\",\"name\":\"Luxon Pay\",\"url\":\"https:\\\/\\\/luxon.com\\\/lt\\\/\",\"logo\":{\"@type\":\"ImageObject\",\"inLanguage\":\"lt-LT\",\"@id\":\"https:\\\/\\\/luxon.com\\\/lt\\\/#\\\/schema\\\/logo\\\/image\\\/\",\"url\":\"https:\\\/\\\/luxon.com\\\/wp-content\\\/uploads\\\/WebsiteImage04.png\",\"contentUrl\":\"https:\\\/\\\/luxon.com\\\/wp-content\\\/uploads\\\/WebsiteImage04.png\",\"width\":1200,\"height\":630,\"caption\":\"Luxon Pay\"},\"image\":{\"@id\":\"https:\\\/\\\/luxon.com\\\/lt\\\/#\\\/schema\\\/logo\\\/image\\\/\"}}]}<\/script>\n<!-- \/ Yoast SEO plugin. -->","yoast_head_json":{"title":"\u201eLuxon Pay\u201c kvie\u010dia jus \u012f roj\u0173 su 5 000 $! - Luxon Pay","robots":{"index":"index","follow":"follow","max-snippet":"max-snippet:-1","max-image-preview":"max-image-preview:large","max-video-preview":"max-video-preview:-1"},"canonical":"https:\/\/luxon.com\/lt\/luxon-welcomes-you-to-paradise-with-5000\/","og_locale":"lt_LT","og_type":"article","og_title":"\u201eLuxon Pay\u201c kvie\u010dia jus \u012f roj\u0173 su 5 000 $! - Luxon Pay","og_description":"Pirm\u0105 kart\u0105 Paradise? Jei tai j\u016bs\u0173 debiutas WSOP Paradise, \u201eLuxon Pay\u201c nori jus pasitikti raudonu kilimu. \u0160i speciali akcija sukurta tam, kad naujokai gaut\u0173 papildom\u0105 post\u016bm\u012f \u017eengiant \u012f \u017eaidim\u0105.","og_url":"https:\/\/luxon.com\/lt\/luxon-welcomes-you-to-paradise-with-5000\/","og_site_name":"Luxon Pay","article_modified_time":"2025-10-10T18:36:00+00:00","og_image":[{"width":720,"height":686,"url":"https:\/\/luxon.com\/wp-content\/uploads\/WSOP_Paradise_Header.png","type":"image\/png"}],"twitter_card":"summary_large_image","twitter_misc":{"Est. reading time":"1 minut\u0117"},"schema":{"@context":"https:\/\/schema.org","@graph":[{"@type":"WebPage","@id":"https:\/\/luxon.com\/lt\/luxon-welcomes-you-to-paradise-with-5000\/","url":"https:\/\/luxon.com\/lt\/luxon-welcomes-you-to-paradise-with-5000\/","name":"\u201eLuxon Pay\u201c kvie\u010dia jus \u012f roj\u0173 su 5 000 $! - Luxon Pay","isPartOf":{"@id":"https:\/\/luxon.com\/lt\/#website"},"primaryImageOfPage":{"@id":"https:\/\/luxon.com\/lt\/luxon-welcomes-you-to-paradise-with-5000\/#primaryimage"},"image":{"@id":"https:\/\/luxon.com\/lt\/luxon-welcomes-you-to-paradise-with-5000\/#primaryimage"},"thumbnailUrl":"https:\/\/luxon.com\/wp-content\/uploads\/WSOP_Paradise_Header.png","datePublished":"2025-08-29T13:57:14+00:00","dateModified":"2025-10-10T18:36:00+00:00","inLanguage":"lt-LT","potentialAction":[{"@type":"ReadAction","target":["https:\/\/luxon.com\/lt\/luxon-welcomes-you-to-paradise-with-5000\/"]}]},{"@type":"ImageObject","inLanguage":"lt-LT","@id":"https:\/\/luxon.com\/lt\/luxon-welcomes-you-to-paradise-with-5000\/#primaryimage","url":"https:\/\/luxon.com\/wp-content\/uploads\/WSOP_Paradise_Header.png","contentUrl":"https:\/\/luxon.com\/wp-content\/uploads\/WSOP_Paradise_Header.png","width":720,"height":686},{"@type":"WebSite","@id":"https:\/\/luxon.com\/lt\/#website","url":"https:\/\/luxon.com\/lt\/","name":"Luxon Pay","description":"Instant secure global payments","publisher":{"@id":"https:\/\/luxon.com\/lt\/#organization"},"potentialAction":[{"@type":"SearchAction","target":{"@type":"EntryPoint","urlTemplate":"https:\/\/luxon.com\/lt\/?s={search_term_string}"},"query-input":{"@type":"PropertyValueSpecification","valueRequired":true,"valueName":"search_term_string"}}],"inLanguage":"lt-LT"},{"@type":"Organization","@id":"https:\/\/luxon.com\/lt\/#organization","name":"Luxon Pay","url":"https:\/\/luxon.com\/lt\/","logo":{"@type":"ImageObject","inLanguage":"lt-LT","@id":"https:\/\/luxon.com\/lt\/#\/schema\/logo\/image\/","url":"https:\/\/luxon.com\/wp-content\/uploads\/WebsiteImage04.png","contentUrl":"https:\/\/luxon.com\/wp-content\/uploads\/WebsiteImage04.png","width":1200,"height":630,"caption":"Luxon Pay"},"image":{"@id":"https:\/\/luxon.com\/lt\/#\/schema\/logo\/image\/"}}]}},"_links":{"self":[{"href":"https:\/\/luxon.com\/lt\/wp-json\/wp\/v2\/pages\/32114","targetHints":{"allow":["GET"]}}],"collection":[{"href":"https:\/\/luxon.com\/lt\/wp-json\/wp\/v2\/pages"}],"about":[{"href":"https:\/\/luxon.com\/lt\/wp-json\/wp\/v2\/types\/page"}],"author":[{"embeddable":true,"href":"https:\/\/luxon.com\/lt\/wp-json\/wp\/v2\/users\/3"}],"replies":[{"embeddable":true,"href":"https:\/\/luxon.com\/lt\/wp-json\/wp\/v2\/comments?post=32114"}],"version-history":[{"count":1,"href":"https:\/\/luxon.com\/lt\/wp-json\/wp\/v2\/pages\/32114\/revisions"}],"predecessor-version":[{"id":32115,"href":"https:\/\/luxon.com\/lt\/wp-json\/wp\/v2\/pages\/32114\/revisions\/32115"}],"wp:featuredmedia":[{"embeddable":true,"href":"https:\/\/luxon.com\/lt\/wp-json\/wp\/v2\/media\/31578"}],"wp:attachment":[{"href":"https:\/\/luxon.com\/lt\/wp-json\/wp\/v2\/media?parent=32114"}],"curies":[{"name":"wp","href":"https:\/\/api.w.org\/{rel}","templated":true}]}}