{"id":33319,"date":"2025-08-20T08:36:39","date_gmt":"2025-08-20T08:36:39","guid":{"rendered":"https:\/\/luxon.com\/luxon-pay-stone-cold-bubble-protection\/"},"modified":"2026-02-06T16:44:13","modified_gmt":"2026-02-06T16:44:13","slug":"luxon-pay-stone-cold-bubble-protection","status":"publish","type":"page","link":"https:\/\/luxon.com\/lt\/luxon-pay-stone-cold-bubble-protection\/","title":{"rendered":"Luxon Pay \u2013 Stone Cold \u201eBubble\u201c Apsauga"},"content":{"rendered":"<p data-start=\"180\" data-end=\"509\"><img loading=\"lazy\" decoding=\"async\" class=\"alignnone wp-image-31328\" src=\"https:\/\/luxon.com\/wp-content\/uploads\/LuxonBubbleProtectionBanner2-300x169.png\" alt=\"\" width=\"719\" height=\"405\" srcset=\"https:\/\/luxon.com\/wp-content\/uploads\/LuxonBubbleProtectionBanner2-300x169.png 300w, https:\/\/luxon.com\/wp-content\/uploads\/LuxonBubbleProtectionBanner2-1024x576.png 1024w, https:\/\/luxon.com\/wp-content\/uploads\/LuxonBubbleProtectionBanner2-768x432.png 768w, https:\/\/luxon.com\/wp-content\/uploads\/LuxonBubbleProtectionBanner2-1536x864.png 1536w, https:\/\/luxon.com\/wp-content\/uploads\/LuxonBubbleProtectionBanner2.png 1920w\" sizes=\"auto, (max-width: 719px) 100vw, 719px\" \/><\/p>\n<p>Niekam nepatinka i\u0161kristi turnyro \u201ebubble\u201c stadijoje \u2013 kai iki prizini\u0173 viet\u0173 lieka vos vienas \u017eingsnis, bet i\u0161eini tu\u0161\u010diomis. Tod\u0117l Luxon Pay yra tavo pus\u0117je. Su Stone Cold \u201eBubble\u201c apsauga, jei po \u012fpirkimo per Luxon Pay b\u016btent tu b\u016bsi tas nelaimingas \u017eaid\u0117jas, i\u0161krit\u0119s \u201ebubble\u201c pozicijoje, mes gr\u0105\u017einsime vis\u0105 tavo \u012fpirk\u0105 tiesiai \u012f tavo Luxon Pay paskyr\u0105.<\/p>\n<p>\u017daisk u\u017etikrintai \u2013 net \u201ebubble\u201c tav\u0119s nesustabdys.<\/p>\n<p>Taisykl\u0117s ir s\u0105lygos:<\/p>\n<p>1.\u2060 \u2060Tinkamumas: \u2022 \u017daid\u0117jai turi atlikti turnyro \u012fpirkim\u0105 per Luxon Pay program\u0117l\u0119, kad gal\u0117t\u0173 pasinaudoti \u201ebubble\u201c apsauga.<br \/>\n\u2022\u2060 \u2060Norint gauti \u201ebubble\u201c apsaug\u0105, \u017eaid\u0117jas turnyre turi b\u016bti bent kart\u0105 \u012fpirk\u0119s naudodamasis Luxon Pay.<br \/>\n\u2022\u2060 \u2060\u201eBubble\u201c apsauga taikoma tik tiems turnyrams, kurie yra ai\u0161kiai pa\u017eym\u0117ti kaip dalyvaujantys \u0161ioje akcijoje.<br \/>\n2.\u2060 \u2060\u201eBubble\u201c apsaugos apibr\u0117\u017eimas: \u2022 \u201eBubble\u201c apsauga garantuoja \u012fpirkos sumos gr\u0105\u017einim\u0105, jei \u017eaid\u0117jas u\u017eima \u201ebubble\u201c pozicij\u0105 (pirm\u0105j\u0105 viet\u0105 u\u017e prizini\u0173 rib\u0173), su s\u0105lyga, kad nebuvo sudarytas joks susitarimas ar priz\u0173 dalijimas d\u0117l paskutin\u0117s apmokamos vietos.<br \/>\n\u2022\u2060 \u2060Gr\u0105\u017einama suma lygi turnyro \u012fpirkai, ne\u012fskaitant joki\u0173 papildom\u0173 mokes\u010di\u0173 ar rinkliav\u0173.<br \/>\n3.\u2060 \u2060\u201eBubble\u201c apsaugos taikymas: \u2022 \u201eBubble\u201c apsauga taikoma automati\u0161kai, kai turnyro \u012fpirka atliekama per Luxon Pay program\u0117l\u0119.<br \/>\n\u2022\u2060 \u2060\u201eBubble\u201c pozicij\u0105 nustato Luxon Pay, konsultuodamasi su kazino ar turnyro direktoriumi, remiantis tik oficialia kazino turnyro sistema ir \u017eaid\u0117jo, i\u0161kritusio \u201ebubble\u201c pozicijoje, identifikacija.<br \/>\n\u2022\u2060 \u2060Pinig\u0173 gr\u0105\u017einimas bus atliktas per 72 darbo valandas, patvirtinus turnyro rezultatus.<br \/>\n4.\u2060 \u2060Apribojimai ir i\u0161imtys: \u2022 \u201eBubble\u201c apsauga n\u0117ra perleid\u017eiama ir negali b\u016bti i\u0161mokama grynaisiais pinigais.<br \/>\n\u2022\u2060 \u2060Kilus gin\u010dui d\u0117l \u201ebubble\u201c pozicijos, Luxon Pay sprendimas yra galutinis. *<br \/>\n\u2022\u2060 \u2060\u201eBubble\u201c apsauga netaikoma pakartotiniams \u012fpirkimams (re-entry) ar papildomiems pirkimams (add-on).<br \/>\n5.\u2060 \u2060Bendrosios s\u0105lygos: \u2022 Luxon Pay pasilieka teis\u0119 bet kuriuo metu keisti arba nutraukti \u0161\u012f pasi\u016blym\u0105.<br \/>\n\u2022\u2060 \u2060Bet koks suk\u010diavimas ar netinkamas naudojimas lemia diskvalifikacij\u0105 i\u0161 pasi\u016blymo.<br \/>\n\u2022\u2060 \u2060Dalyvaudami \u0161iame pasi\u016blyme, \u017eaid\u0117jai sutinka laikytis \u0161i\u0173 taisykli\u0173 ir s\u0105lyg\u0173.<\/p>\n<p>*Tai rei\u0161kia, kad kilus bet kokiam nesutarimui ar gin\u010dui d\u0117l to, ar \u017eaid\u0117jas i\u0161 tikr\u0173j\u0173 u\u017e\u0117m\u0117 \u201ebubble\u201c pozicij\u0105, galutin\u012f sprendim\u0105 priima Luxon Pay.<\/p>\n","protected":false},"excerpt":{"rendered":"<p>Niekam nepatinka i\u0161kristi turnyro \u201ebubble\u201c stadijoje \u2013 kai iki prizini\u0173 viet\u0173 lieka vos vienas \u017eingsnis, bet i\u0161eini tu\u0161\u010diomis. Tod\u0117l Luxon Pay yra tavo pus\u0117je. Su Stone Cold \u201eBubble\u201c apsauga, jei po \u012fpirkimo per Luxon Pay b\u016btent tu b\u016bsi tas nelaimingas \u017eaid\u0117jas, i\u0161krit\u0119s \u201ebubble\u201c pozicijoje, mes gr\u0105\u017einsime vis\u0105 tavo \u012fpirk\u0105 tiesiai \u012f tavo Luxon Pay paskyr\u0105.<a class=\"excerpt-read-more\" href=\"https:\/\/luxon.com\/lt\/luxon-pay-stone-cold-bubble-protection\/\" title=\"ReadLuxon Pay \u2013 Stone Cold \u201eBubble\u201c Apsauga\">&#8230; Read more &raquo;<\/a><\/p>\n","protected":false},"author":9,"featured_media":31317,"parent":0,"menu_order":0,"comment_status":"closed","ping_status":"closed","template":"template-full-width.php","meta":{"_acf_changed":false,"footnotes":""},"class_list":["post-33319","page","type-page","status-publish","has-post-thumbnail","hentry"],"acf":[],"yoast_head":"<!-- This site is optimized with the Yoast SEO plugin v27.1.1 - https:\/\/yoast.com\/product\/yoast-seo-wordpress\/ -->\n<title>Luxon Pay \u2013 Stone Cold \u201eBubble\u201c Apsauga - Luxon Pay<\/title>\n<meta name=\"robots\" content=\"index, follow, max-snippet:-1, max-image-preview:large, max-video-preview:-1\" \/>\n<link rel=\"canonical\" href=\"https:\/\/luxon.com\/lt\/luxon-pay-stone-cold-bubble-protection\/\" \/>\n<meta property=\"og:locale\" content=\"lt_LT\" \/>\n<meta property=\"og:type\" content=\"article\" \/>\n<meta property=\"og:title\" content=\"Luxon Pay \u2013 Stone Cold \u201eBubble\u201c Apsauga - Luxon Pay\" \/>\n<meta property=\"og:description\" content=\"Niekam nepatinka i\u0161kristi turnyro \u201ebubble\u201c stadijoje \u2013 kai iki prizini\u0173 viet\u0173 lieka vos vienas \u017eingsnis, bet i\u0161eini tu\u0161\u010diomis. Tod\u0117l Luxon Pay yra tavo pus\u0117je. Su Stone Cold \u201eBubble\u201c apsauga, jei po \u012fpirkimo per Luxon Pay b\u016btent tu b\u016bsi tas nelaimingas \u017eaid\u0117jas, i\u0161krit\u0119s \u201ebubble\u201c pozicijoje, mes gr\u0105\u017einsime vis\u0105 tavo \u012fpirk\u0105 tiesiai \u012f tavo Luxon Pay paskyr\u0105.... Read more &raquo;\" \/>\n<meta property=\"og:url\" content=\"https:\/\/luxon.com\/lt\/luxon-pay-stone-cold-bubble-protection\/\" \/>\n<meta property=\"og:site_name\" content=\"Luxon Pay\" \/>\n<meta property=\"article:modified_time\" content=\"2026-02-06T16:44:13+00:00\" \/>\n<meta property=\"og:image\" content=\"https:\/\/luxon.com\/wp-content\/uploads\/LuxonBubbleProtectionBanner.jpeg\" \/>\n\t<meta property=\"og:image:width\" content=\"1920\" \/>\n\t<meta property=\"og:image:height\" content=\"1080\" \/>\n\t<meta property=\"og:image:type\" content=\"image\/jpeg\" \/>\n<meta name=\"twitter:card\" content=\"summary_large_image\" \/>\n<meta name=\"twitter:label1\" content=\"Est. reading time\" \/>\n\t<meta name=\"twitter:data1\" content=\"2 minut\u0117s\" \/>\n<script type=\"application\/ld+json\" class=\"yoast-schema-graph\">{\"@context\":\"https:\/\/schema.org\",\"@graph\":[{\"@type\":\"WebPage\",\"@id\":\"https:\/\/luxon.com\/lt\/luxon-pay-stone-cold-bubble-protection\/\",\"url\":\"https:\/\/luxon.com\/lt\/luxon-pay-stone-cold-bubble-protection\/\",\"name\":\"Luxon Pay \u2013 Stone Cold \u201eBubble\u201c Apsauga - Luxon Pay\",\"isPartOf\":{\"@id\":\"https:\/\/luxon.com\/lt\/#website\"},\"primaryImageOfPage\":{\"@id\":\"https:\/\/luxon.com\/lt\/luxon-pay-stone-cold-bubble-protection\/#primaryimage\"},\"image\":{\"@id\":\"https:\/\/luxon.com\/lt\/luxon-pay-stone-cold-bubble-protection\/#primaryimage\"},\"thumbnailUrl\":\"https:\/\/luxon.com\/wp-content\/uploads\/LuxonBubbleProtectionBanner.jpeg\",\"datePublished\":\"2025-08-20T08:36:39+00:00\",\"dateModified\":\"2026-02-06T16:44:13+00:00\",\"inLanguage\":\"lt-LT\",\"potentialAction\":[{\"@type\":\"ReadAction\",\"target\":[\"https:\/\/luxon.com\/lt\/luxon-pay-stone-cold-bubble-protection\/\"]}]},{\"@type\":\"ImageObject\",\"inLanguage\":\"lt-LT\",\"@id\":\"https:\/\/luxon.com\/lt\/luxon-pay-stone-cold-bubble-protection\/#primaryimage\",\"url\":\"https:\/\/luxon.com\/wp-content\/uploads\/LuxonBubbleProtectionBanner.jpeg\",\"contentUrl\":\"https:\/\/luxon.com\/wp-content\/uploads\/LuxonBubbleProtectionBanner.jpeg\",\"width\":1920,\"height\":1080},{\"@type\":\"WebSite\",\"@id\":\"https:\/\/luxon.com\/lt\/#website\",\"url\":\"https:\/\/luxon.com\/lt\/\",\"name\":\"Luxon Pay\",\"description\":\"Instant secure global payments\",\"publisher\":{\"@id\":\"https:\/\/luxon.com\/lt\/#organization\"},\"potentialAction\":[{\"@type\":\"SearchAction\",\"target\":{\"@type\":\"EntryPoint\",\"urlTemplate\":\"https:\/\/luxon.com\/lt\/?s={search_term_string}\"},\"query-input\":{\"@type\":\"PropertyValueSpecification\",\"valueRequired\":true,\"valueName\":\"search_term_string\"}}],\"inLanguage\":\"lt-LT\"},{\"@type\":\"Organization\",\"@id\":\"https:\/\/luxon.com\/lt\/#organization\",\"name\":\"Luxon Pay\",\"url\":\"https:\/\/luxon.com\/lt\/\",\"logo\":{\"@type\":\"ImageObject\",\"inLanguage\":\"lt-LT\",\"@id\":\"https:\/\/luxon.com\/lt\/#\/schema\/logo\/image\/\",\"url\":\"https:\/\/luxon.com\/wp-content\/uploads\/WebsiteImage04.png\",\"contentUrl\":\"https:\/\/luxon.com\/wp-content\/uploads\/WebsiteImage04.png\",\"width\":1200,\"height\":630,\"caption\":\"Luxon Pay\"},\"image\":{\"@id\":\"https:\/\/luxon.com\/lt\/#\/schema\/logo\/image\/\"}}]}<\/script>\n<!-- \/ Yoast SEO plugin. -->","yoast_head_json":{"title":"Luxon Pay \u2013 Stone Cold \u201eBubble\u201c Apsauga - Luxon Pay","robots":{"index":"index","follow":"follow","max-snippet":"max-snippet:-1","max-image-preview":"max-image-preview:large","max-video-preview":"max-video-preview:-1"},"canonical":"https:\/\/luxon.com\/lt\/luxon-pay-stone-cold-bubble-protection\/","og_locale":"lt_LT","og_type":"article","og_title":"Luxon Pay \u2013 Stone Cold \u201eBubble\u201c Apsauga - Luxon Pay","og_description":"Niekam nepatinka i\u0161kristi turnyro \u201ebubble\u201c stadijoje \u2013 kai iki prizini\u0173 viet\u0173 lieka vos vienas \u017eingsnis, bet i\u0161eini tu\u0161\u010diomis. Tod\u0117l Luxon Pay yra tavo pus\u0117je. Su Stone Cold \u201eBubble\u201c apsauga, jei po \u012fpirkimo per Luxon Pay b\u016btent tu b\u016bsi tas nelaimingas \u017eaid\u0117jas, i\u0161krit\u0119s \u201ebubble\u201c pozicijoje, mes gr\u0105\u017einsime vis\u0105 tavo \u012fpirk\u0105 tiesiai \u012f tavo Luxon Pay paskyr\u0105.... Read more &raquo;","og_url":"https:\/\/luxon.com\/lt\/luxon-pay-stone-cold-bubble-protection\/","og_site_name":"Luxon Pay","article_modified_time":"2026-02-06T16:44:13+00:00","og_image":[{"width":1920,"height":1080,"url":"https:\/\/luxon.com\/wp-content\/uploads\/LuxonBubbleProtectionBanner.jpeg","type":"image\/jpeg"}],"twitter_card":"summary_large_image","twitter_misc":{"Est. reading time":"2 minut\u0117s"},"schema":{"@context":"https:\/\/schema.org","@graph":[{"@type":"WebPage","@id":"https:\/\/luxon.com\/lt\/luxon-pay-stone-cold-bubble-protection\/","url":"https:\/\/luxon.com\/lt\/luxon-pay-stone-cold-bubble-protection\/","name":"Luxon Pay \u2013 Stone Cold \u201eBubble\u201c Apsauga - Luxon Pay","isPartOf":{"@id":"https:\/\/luxon.com\/lt\/#website"},"primaryImageOfPage":{"@id":"https:\/\/luxon.com\/lt\/luxon-pay-stone-cold-bubble-protection\/#primaryimage"},"image":{"@id":"https:\/\/luxon.com\/lt\/luxon-pay-stone-cold-bubble-protection\/#primaryimage"},"thumbnailUrl":"https:\/\/luxon.com\/wp-content\/uploads\/LuxonBubbleProtectionBanner.jpeg","datePublished":"2025-08-20T08:36:39+00:00","dateModified":"2026-02-06T16:44:13+00:00","inLanguage":"lt-LT","potentialAction":[{"@type":"ReadAction","target":["https:\/\/luxon.com\/lt\/luxon-pay-stone-cold-bubble-protection\/"]}]},{"@type":"ImageObject","inLanguage":"lt-LT","@id":"https:\/\/luxon.com\/lt\/luxon-pay-stone-cold-bubble-protection\/#primaryimage","url":"https:\/\/luxon.com\/wp-content\/uploads\/LuxonBubbleProtectionBanner.jpeg","contentUrl":"https:\/\/luxon.com\/wp-content\/uploads\/LuxonBubbleProtectionBanner.jpeg","width":1920,"height":1080},{"@type":"WebSite","@id":"https:\/\/luxon.com\/lt\/#website","url":"https:\/\/luxon.com\/lt\/","name":"Luxon Pay","description":"Instant secure global payments","publisher":{"@id":"https:\/\/luxon.com\/lt\/#organization"},"potentialAction":[{"@type":"SearchAction","target":{"@type":"EntryPoint","urlTemplate":"https:\/\/luxon.com\/lt\/?s={search_term_string}"},"query-input":{"@type":"PropertyValueSpecification","valueRequired":true,"valueName":"search_term_string"}}],"inLanguage":"lt-LT"},{"@type":"Organization","@id":"https:\/\/luxon.com\/lt\/#organization","name":"Luxon Pay","url":"https:\/\/luxon.com\/lt\/","logo":{"@type":"ImageObject","inLanguage":"lt-LT","@id":"https:\/\/luxon.com\/lt\/#\/schema\/logo\/image\/","url":"https:\/\/luxon.com\/wp-content\/uploads\/WebsiteImage04.png","contentUrl":"https:\/\/luxon.com\/wp-content\/uploads\/WebsiteImage04.png","width":1200,"height":630,"caption":"Luxon Pay"},"image":{"@id":"https:\/\/luxon.com\/lt\/#\/schema\/logo\/image\/"}}]}},"_links":{"self":[{"href":"https:\/\/luxon.com\/lt\/wp-json\/wp\/v2\/pages\/33319","targetHints":{"allow":["GET"]}}],"collection":[{"href":"https:\/\/luxon.com\/lt\/wp-json\/wp\/v2\/pages"}],"about":[{"href":"https:\/\/luxon.com\/lt\/wp-json\/wp\/v2\/types\/page"}],"author":[{"embeddable":true,"href":"https:\/\/luxon.com\/lt\/wp-json\/wp\/v2\/users\/9"}],"replies":[{"embeddable":true,"href":"https:\/\/luxon.com\/lt\/wp-json\/wp\/v2\/comments?post=33319"}],"version-history":[{"count":1,"href":"https:\/\/luxon.com\/lt\/wp-json\/wp\/v2\/pages\/33319\/revisions"}],"predecessor-version":[{"id":33320,"href":"https:\/\/luxon.com\/lt\/wp-json\/wp\/v2\/pages\/33319\/revisions\/33320"}],"wp:featuredmedia":[{"embeddable":true,"href":"https:\/\/luxon.com\/lt\/wp-json\/wp\/v2\/media\/31317"}],"wp:attachment":[{"href":"https:\/\/luxon.com\/lt\/wp-json\/wp\/v2\/media?parent=33319"}],"curies":[{"name":"wp","href":"https:\/\/api.w.org\/{rel}","templated":true}]}}