{"id":33465,"date":"2026-02-17T20:00:32","date_gmt":"2026-02-17T20:00:32","guid":{"rendered":"https:\/\/luxon.com\/?page_id=33465"},"modified":"2026-02-17T16:43:17","modified_gmt":"2026-02-17T16:43:17","slug":"luxon-pay-pristato-nulinius-isemimo-mokescius-klientams","status":"publish","type":"page","link":"https:\/\/luxon.com\/lt\/luxon-pay-pristato-nulinius-isemimo-mokescius-klientams\/","title":{"rendered":"Luxon Pay pristato nulinius i\u0161\u0117mimo mokes\u010dius klientams"},"content":{"rendered":"<h3 style=\"text-align: center;\"><strong>Ai\u0161kesnis ir skaidresnis b\u016bdas pasiekti savo pinigus.<\/strong><\/h3>\n<p>&nbsp;<\/p>\n<p>Sak\u0117te, kad i\u0161\u0117mimo mokes\u010diai erzina. \u012esiklaus\u0117me.<\/p>\n<p>Luxon Pay klientai dabar gali i\u0161siimti l\u0117\u0161as be Luxon Pay i\u0161\u0117mimo mokes\u010di\u0173 \u2013 tai suteikia ai\u0161kesn\u0119 ir labiau nusp\u0117jam\u0105 prieig\u0105 prie j\u0173 pinig\u0173.<\/p>\n<p>Nes tai j\u016bs\u0173 pinigai \u2013 ne m\u016bs\u0173. \u0160is atnaujinimas atspindi Luxon Pay \u012fsipareigojim\u0105 skaidrumui ir pasitik\u0117jimui kasdieniuose pinig\u0173 jud\u0117jimuose, suteikdamas klientams ai\u0161kesnius l\u016bkes\u010dius i\u0161siimant l\u0117\u0161as.<\/p>\n<p>Per da\u017enai prieiga prie savo pinig\u0173 rei\u0161kia nereikaling\u0105 neapibr\u0117\u017etum\u0105 \u2013 neai\u0161kius mokes\u010dius ar netik\u0117tas i\u0161skaitas. \u0160is pokytis panaikina Luxon Pay i\u0161\u0117mimo mokes\u010dius ir suteikia daugiau ai\u0161kumo i\u0161siimant l\u0117\u0161as.<\/p>\n<p>Perkelkite pinigus u\u017etikrintai.<\/p>\n<p><img loading=\"lazy\" decoding=\"async\" class=\"alignnone size-full wp-image-33426\" src=\"https:\/\/luxon.com\/wp-content\/uploads\/Blog-Image_1600x900.png\" alt=\"\" width=\"1600\" height=\"900\" srcset=\"https:\/\/luxon.com\/wp-content\/uploads\/Blog-Image_1600x900.png 1600w, https:\/\/luxon.com\/wp-content\/uploads\/Blog-Image_1600x900-300x169.png 300w, https:\/\/luxon.com\/wp-content\/uploads\/Blog-Image_1600x900-1024x576.png 1024w, https:\/\/luxon.com\/wp-content\/uploads\/Blog-Image_1600x900-768x432.png 768w, https:\/\/luxon.com\/wp-content\/uploads\/Blog-Image_1600x900-1536x864.png 1536w\" sizes=\"auto, (max-width: 1600px) 100vw, 1600px\" \/><\/p>\n","protected":false},"excerpt":{"rendered":"<p>Ai\u0161kesnis ir skaidresnis b\u016bdas pasiekti savo pinigus. &nbsp; Sak\u0117te, kad i\u0161\u0117mimo mokes\u010diai erzina. \u012esiklaus\u0117me. Luxon Pay klientai dabar gali i\u0161siimti l\u0117\u0161as be Luxon Pay i\u0161\u0117mimo mokes\u010di\u0173 \u2013 tai suteikia ai\u0161kesn\u0119 ir labiau nusp\u0117jam\u0105 prieig\u0105 prie j\u0173 pinig\u0173. Nes tai j\u016bs\u0173 pinigai \u2013 ne m\u016bs\u0173. \u0160is atnaujinimas atspindi Luxon Pay \u012fsipareigojim\u0105 skaidrumui ir pasitik\u0117jimui kasdieniuose pinig\u0173<a class=\"excerpt-read-more\" href=\"https:\/\/luxon.com\/lt\/luxon-pay-pristato-nulinius-isemimo-mokescius-klientams\/\" title=\"ReadLuxon Pay pristato nulinius i\u0161\u0117mimo mokes\u010dius klientams\">&#8230; Read more &raquo;<\/a><\/p>\n","protected":false},"author":3,"featured_media":33426,"parent":0,"menu_order":0,"comment_status":"closed","ping_status":"closed","template":"templates\/terms-and-conditions.php","meta":{"_acf_changed":false,"footnotes":""},"class_list":["post-33465","page","type-page","status-publish","has-post-thumbnail","hentry"],"acf":[],"yoast_head":"<!-- This site is optimized with the Yoast SEO plugin v27.4 - https:\/\/yoast.com\/product\/yoast-seo-wordpress\/ -->\n<title>Luxon Pay pristato nulinius i\u0161\u0117mimo mokes\u010dius klientams - Luxon Pay<\/title>\n<meta name=\"robots\" content=\"index, follow, max-snippet:-1, max-image-preview:large, max-video-preview:-1\" \/>\n<link rel=\"canonical\" href=\"https:\/\/luxon.com\/lt\/luxon-pay-pristato-nulinius-isemimo-mokescius-klientams\/\" \/>\n<meta property=\"og:locale\" content=\"lt_LT\" \/>\n<meta property=\"og:type\" content=\"article\" \/>\n<meta property=\"og:title\" content=\"Luxon Pay pristato nulinius i\u0161\u0117mimo mokes\u010dius klientams - Luxon Pay\" \/>\n<meta property=\"og:description\" content=\"Ai\u0161kesnis ir skaidresnis b\u016bdas pasiekti savo pinigus. &nbsp; Sak\u0117te, kad i\u0161\u0117mimo mokes\u010diai erzina. \u012esiklaus\u0117me. Luxon Pay klientai dabar gali i\u0161siimti l\u0117\u0161as be Luxon Pay i\u0161\u0117mimo mokes\u010di\u0173 \u2013 tai suteikia ai\u0161kesn\u0119 ir labiau nusp\u0117jam\u0105 prieig\u0105 prie j\u0173 pinig\u0173. Nes tai j\u016bs\u0173 pinigai \u2013 ne m\u016bs\u0173. \u0160is atnaujinimas atspindi Luxon Pay \u012fsipareigojim\u0105 skaidrumui ir pasitik\u0117jimui kasdieniuose pinig\u0173... Read more &raquo;\" \/>\n<meta property=\"og:url\" content=\"https:\/\/luxon.com\/lt\/luxon-pay-pristato-nulinius-isemimo-mokescius-klientams\/\" \/>\n<meta property=\"og:site_name\" content=\"Luxon Pay\" \/>\n<meta property=\"og:image\" content=\"https:\/\/luxon.com\/wp-content\/uploads\/Blog-Image_1600x900.png\" \/>\n\t<meta property=\"og:image:width\" content=\"1600\" \/>\n\t<meta property=\"og:image:height\" content=\"900\" \/>\n\t<meta property=\"og:image:type\" content=\"image\/png\" \/>\n<meta name=\"twitter:card\" content=\"summary_large_image\" \/>\n<meta name=\"twitter:label1\" content=\"Est. reading time\" \/>\n\t<meta name=\"twitter:data1\" content=\"1 minut\u0117\" \/>\n<script type=\"application\/ld+json\" class=\"yoast-schema-graph\">{\"@context\":\"https:\\\/\\\/schema.org\",\"@graph\":[{\"@type\":\"WebPage\",\"@id\":\"https:\\\/\\\/luxon.com\\\/lt\\\/luxon-pay-pristato-nulinius-isemimo-mokescius-klientams\\\/\",\"url\":\"https:\\\/\\\/luxon.com\\\/lt\\\/luxon-pay-pristato-nulinius-isemimo-mokescius-klientams\\\/\",\"name\":\"Luxon Pay pristato nulinius i\u0161\u0117mimo mokes\u010dius klientams - Luxon Pay\",\"isPartOf\":{\"@id\":\"https:\\\/\\\/luxon.com\\\/lt\\\/#website\"},\"primaryImageOfPage\":{\"@id\":\"https:\\\/\\\/luxon.com\\\/lt\\\/luxon-pay-pristato-nulinius-isemimo-mokescius-klientams\\\/#primaryimage\"},\"image\":{\"@id\":\"https:\\\/\\\/luxon.com\\\/lt\\\/luxon-pay-pristato-nulinius-isemimo-mokescius-klientams\\\/#primaryimage\"},\"thumbnailUrl\":\"https:\\\/\\\/luxon.com\\\/wp-content\\\/uploads\\\/Blog-Image_1600x900.png\",\"datePublished\":\"2026-02-17T20:00:32+00:00\",\"inLanguage\":\"lt-LT\",\"potentialAction\":[{\"@type\":\"ReadAction\",\"target\":[\"https:\\\/\\\/luxon.com\\\/lt\\\/luxon-pay-pristato-nulinius-isemimo-mokescius-klientams\\\/\"]}]},{\"@type\":\"ImageObject\",\"inLanguage\":\"lt-LT\",\"@id\":\"https:\\\/\\\/luxon.com\\\/lt\\\/luxon-pay-pristato-nulinius-isemimo-mokescius-klientams\\\/#primaryimage\",\"url\":\"https:\\\/\\\/luxon.com\\\/wp-content\\\/uploads\\\/Blog-Image_1600x900.png\",\"contentUrl\":\"https:\\\/\\\/luxon.com\\\/wp-content\\\/uploads\\\/Blog-Image_1600x900.png\",\"width\":1600,\"height\":900},{\"@type\":\"WebSite\",\"@id\":\"https:\\\/\\\/luxon.com\\\/lt\\\/#website\",\"url\":\"https:\\\/\\\/luxon.com\\\/lt\\\/\",\"name\":\"Luxon Pay\",\"description\":\"Instant secure global payments\",\"publisher\":{\"@id\":\"https:\\\/\\\/luxon.com\\\/lt\\\/#organization\"},\"potentialAction\":[{\"@type\":\"SearchAction\",\"target\":{\"@type\":\"EntryPoint\",\"urlTemplate\":\"https:\\\/\\\/luxon.com\\\/lt\\\/?s={search_term_string}\"},\"query-input\":{\"@type\":\"PropertyValueSpecification\",\"valueRequired\":true,\"valueName\":\"search_term_string\"}}],\"inLanguage\":\"lt-LT\"},{\"@type\":\"Organization\",\"@id\":\"https:\\\/\\\/luxon.com\\\/lt\\\/#organization\",\"name\":\"Luxon Pay\",\"url\":\"https:\\\/\\\/luxon.com\\\/lt\\\/\",\"logo\":{\"@type\":\"ImageObject\",\"inLanguage\":\"lt-LT\",\"@id\":\"https:\\\/\\\/luxon.com\\\/lt\\\/#\\\/schema\\\/logo\\\/image\\\/\",\"url\":\"https:\\\/\\\/luxon.com\\\/wp-content\\\/uploads\\\/WebsiteImage04.png\",\"contentUrl\":\"https:\\\/\\\/luxon.com\\\/wp-content\\\/uploads\\\/WebsiteImage04.png\",\"width\":1200,\"height\":630,\"caption\":\"Luxon Pay\"},\"image\":{\"@id\":\"https:\\\/\\\/luxon.com\\\/lt\\\/#\\\/schema\\\/logo\\\/image\\\/\"}}]}<\/script>\n<!-- \/ Yoast SEO plugin. -->","yoast_head_json":{"title":"Luxon Pay pristato nulinius i\u0161\u0117mimo mokes\u010dius klientams - Luxon Pay","robots":{"index":"index","follow":"follow","max-snippet":"max-snippet:-1","max-image-preview":"max-image-preview:large","max-video-preview":"max-video-preview:-1"},"canonical":"https:\/\/luxon.com\/lt\/luxon-pay-pristato-nulinius-isemimo-mokescius-klientams\/","og_locale":"lt_LT","og_type":"article","og_title":"Luxon Pay pristato nulinius i\u0161\u0117mimo mokes\u010dius klientams - Luxon Pay","og_description":"Ai\u0161kesnis ir skaidresnis b\u016bdas pasiekti savo pinigus. &nbsp; Sak\u0117te, kad i\u0161\u0117mimo mokes\u010diai erzina. \u012esiklaus\u0117me. Luxon Pay klientai dabar gali i\u0161siimti l\u0117\u0161as be Luxon Pay i\u0161\u0117mimo mokes\u010di\u0173 \u2013 tai suteikia ai\u0161kesn\u0119 ir labiau nusp\u0117jam\u0105 prieig\u0105 prie j\u0173 pinig\u0173. Nes tai j\u016bs\u0173 pinigai \u2013 ne m\u016bs\u0173. \u0160is atnaujinimas atspindi Luxon Pay \u012fsipareigojim\u0105 skaidrumui ir pasitik\u0117jimui kasdieniuose pinig\u0173... Read more &raquo;","og_url":"https:\/\/luxon.com\/lt\/luxon-pay-pristato-nulinius-isemimo-mokescius-klientams\/","og_site_name":"Luxon Pay","og_image":[{"width":1600,"height":900,"url":"https:\/\/luxon.com\/wp-content\/uploads\/Blog-Image_1600x900.png","type":"image\/png"}],"twitter_card":"summary_large_image","twitter_misc":{"Est. reading time":"1 minut\u0117"},"schema":{"@context":"https:\/\/schema.org","@graph":[{"@type":"WebPage","@id":"https:\/\/luxon.com\/lt\/luxon-pay-pristato-nulinius-isemimo-mokescius-klientams\/","url":"https:\/\/luxon.com\/lt\/luxon-pay-pristato-nulinius-isemimo-mokescius-klientams\/","name":"Luxon Pay pristato nulinius i\u0161\u0117mimo mokes\u010dius klientams - Luxon Pay","isPartOf":{"@id":"https:\/\/luxon.com\/lt\/#website"},"primaryImageOfPage":{"@id":"https:\/\/luxon.com\/lt\/luxon-pay-pristato-nulinius-isemimo-mokescius-klientams\/#primaryimage"},"image":{"@id":"https:\/\/luxon.com\/lt\/luxon-pay-pristato-nulinius-isemimo-mokescius-klientams\/#primaryimage"},"thumbnailUrl":"https:\/\/luxon.com\/wp-content\/uploads\/Blog-Image_1600x900.png","datePublished":"2026-02-17T20:00:32+00:00","inLanguage":"lt-LT","potentialAction":[{"@type":"ReadAction","target":["https:\/\/luxon.com\/lt\/luxon-pay-pristato-nulinius-isemimo-mokescius-klientams\/"]}]},{"@type":"ImageObject","inLanguage":"lt-LT","@id":"https:\/\/luxon.com\/lt\/luxon-pay-pristato-nulinius-isemimo-mokescius-klientams\/#primaryimage","url":"https:\/\/luxon.com\/wp-content\/uploads\/Blog-Image_1600x900.png","contentUrl":"https:\/\/luxon.com\/wp-content\/uploads\/Blog-Image_1600x900.png","width":1600,"height":900},{"@type":"WebSite","@id":"https:\/\/luxon.com\/lt\/#website","url":"https:\/\/luxon.com\/lt\/","name":"Luxon Pay","description":"Instant secure global payments","publisher":{"@id":"https:\/\/luxon.com\/lt\/#organization"},"potentialAction":[{"@type":"SearchAction","target":{"@type":"EntryPoint","urlTemplate":"https:\/\/luxon.com\/lt\/?s={search_term_string}"},"query-input":{"@type":"PropertyValueSpecification","valueRequired":true,"valueName":"search_term_string"}}],"inLanguage":"lt-LT"},{"@type":"Organization","@id":"https:\/\/luxon.com\/lt\/#organization","name":"Luxon Pay","url":"https:\/\/luxon.com\/lt\/","logo":{"@type":"ImageObject","inLanguage":"lt-LT","@id":"https:\/\/luxon.com\/lt\/#\/schema\/logo\/image\/","url":"https:\/\/luxon.com\/wp-content\/uploads\/WebsiteImage04.png","contentUrl":"https:\/\/luxon.com\/wp-content\/uploads\/WebsiteImage04.png","width":1200,"height":630,"caption":"Luxon Pay"},"image":{"@id":"https:\/\/luxon.com\/lt\/#\/schema\/logo\/image\/"}}]}},"_links":{"self":[{"href":"https:\/\/luxon.com\/lt\/wp-json\/wp\/v2\/pages\/33465","targetHints":{"allow":["GET"]}}],"collection":[{"href":"https:\/\/luxon.com\/lt\/wp-json\/wp\/v2\/pages"}],"about":[{"href":"https:\/\/luxon.com\/lt\/wp-json\/wp\/v2\/types\/page"}],"author":[{"embeddable":true,"href":"https:\/\/luxon.com\/lt\/wp-json\/wp\/v2\/users\/3"}],"replies":[{"embeddable":true,"href":"https:\/\/luxon.com\/lt\/wp-json\/wp\/v2\/comments?post=33465"}],"version-history":[{"count":2,"href":"https:\/\/luxon.com\/lt\/wp-json\/wp\/v2\/pages\/33465\/revisions"}],"predecessor-version":[{"id":33486,"href":"https:\/\/luxon.com\/lt\/wp-json\/wp\/v2\/pages\/33465\/revisions\/33486"}],"wp:featuredmedia":[{"embeddable":true,"href":"https:\/\/luxon.com\/lt\/wp-json\/wp\/v2\/media\/33426"}],"wp:attachment":[{"href":"https:\/\/luxon.com\/lt\/wp-json\/wp\/v2\/media?parent=33465"}],"curies":[{"name":"wp","href":"https:\/\/api.w.org\/{rel}","templated":true}]}}