{"id":33734,"date":"2026-02-26T21:24:01","date_gmt":"2026-02-26T21:24:01","guid":{"rendered":"https:\/\/luxon.com\/receive-1-cashback-on-all-gg-poker-deposits\/"},"modified":"2026-03-09T08:17:46","modified_gmt":"2026-03-09T08:17:46","slug":"receive-1-cashback-on-all-gg-poker-deposits","status":"publish","type":"page","link":"https:\/\/luxon.com\/lt\/receive-1-cashback-on-all-gg-poker-deposits\/","title":{"rendered":"Gaukite 1 % cashback u\u017e visus GG Poker \u012fna\u0161us"},"content":{"rendered":"<p><strong>1 % cashback u\u017e visus internetinius \u012fna\u0161us \u012f GG Poker naudojant Luxon Pay.<br \/>\n<\/strong><br \/>\n<strong>Kaip tai veikia:<\/strong><br \/>\n\u2022 Papildykite GG Poker paskyr\u0105 internetu naudodami Luxon Pay<br \/>\n\u2022 Gaukite 1 % cashback u\u017e visus GG Poker \u012fna\u0161us<\/p>\n<p>Jei jau \u017eaid\u017eiate WSOP Super Circuit, tai paprastas b\u016bdas susigr\u0105\u017einti daugiau i\u0161 savo \u017eaidimo.<\/p>\n<p>S\u0117km\u0117s prie stal\u0173!<\/p>\n<p><strong>S\u0105lygos ir nuostatos<\/strong><\/p>\n<ul>\n<li data-start=\"57\" data-end=\"146\">Pasi\u016blymas galioja GG Poker \u012fna\u0161ams, atliktiems nuo 2026 m. kovo 10 d. iki kovo 31 d.<\/li>\n<li data-start=\"57\" data-end=\"146\">Cashback bus automati\u0161kai \u012fskaitytas per 7 darbo dienas po akcijos pabaigos<\/li>\n<li data-start=\"57\" data-end=\"146\">N\u0117ra jokio limito ar maksimalios cashback sumos<\/li>\n<li data-start=\"57\" data-end=\"146\">\u0160i akcija yra asmenin\u0117 ir neperleid\u017eiama<\/li>\n<li data-start=\"57\" data-end=\"146\">Galioja tik internetiniams prekybininkams ir netaikoma su gyvais renginiais susijusioms platformoms ar \u012fna\u0161ams<\/li>\n<li data-start=\"57\" data-end=\"146\">Taikomos bendrosios Luxon Pay s\u0105lygos<\/li>\n<\/ul>\n","protected":false},"excerpt":{"rendered":"<p>1 % cashback u\u017e visus internetinius \u012fna\u0161us \u012f GG Poker naudojant Luxon Pay. Kaip tai veikia: \u2022 Papildykite GG Poker paskyr\u0105 internetu naudodami Luxon Pay \u2022 Gaukite 1 % cashback u\u017e visus GG Poker \u012fna\u0161us Jei jau \u017eaid\u017eiate WSOP Super Circuit, tai paprastas b\u016bdas susigr\u0105\u017einti daugiau i\u0161 savo \u017eaidimo. S\u0117km\u0117s prie stal\u0173! S\u0105lygos ir nuostatos<a class=\"excerpt-read-more\" href=\"https:\/\/luxon.com\/lt\/receive-1-cashback-on-all-gg-poker-deposits\/\" title=\"ReadGaukite 1 % cashback u\u017e visus GG Poker \u012fna\u0161us\">&#8230; Read more &raquo;<\/a><\/p>\n","protected":false},"author":5,"featured_media":33679,"parent":0,"menu_order":0,"comment_status":"closed","ping_status":"closed","template":"templates\/block-template.php","meta":{"_acf_changed":false,"footnotes":""},"class_list":["post-33734","page","type-page","status-publish","has-post-thumbnail","hentry"],"acf":[],"yoast_head":"<!-- This site is optimized with the Yoast SEO plugin v27.1.1 - https:\/\/yoast.com\/product\/yoast-seo-wordpress\/ -->\n<title>Gaukite 1 % cashback u\u017e visus GG Poker \u012fna\u0161us - Luxon Pay<\/title>\n<meta name=\"robots\" content=\"index, follow, max-snippet:-1, max-image-preview:large, max-video-preview:-1\" \/>\n<link rel=\"canonical\" href=\"https:\/\/luxon.com\/lt\/receive-1-cashback-on-all-gg-poker-deposits\/\" \/>\n<meta property=\"og:locale\" content=\"lt_LT\" \/>\n<meta property=\"og:type\" content=\"article\" \/>\n<meta property=\"og:title\" content=\"Gaukite 1 % cashback u\u017e visus GG Poker \u012fna\u0161us - Luxon Pay\" \/>\n<meta property=\"og:description\" content=\"1 % cashback u\u017e visus internetinius \u012fna\u0161us \u012f GG Poker naudojant Luxon Pay. Kaip tai veikia: \u2022 Papildykite GG Poker paskyr\u0105 internetu naudodami Luxon Pay \u2022 Gaukite 1 % cashback u\u017e visus GG Poker \u012fna\u0161us Jei jau \u017eaid\u017eiate WSOP Super Circuit, tai paprastas b\u016bdas susigr\u0105\u017einti daugiau i\u0161 savo \u017eaidimo. S\u0117km\u0117s prie stal\u0173! S\u0105lygos ir nuostatos... Read more &raquo;\" \/>\n<meta property=\"og:url\" content=\"https:\/\/luxon.com\/lt\/receive-1-cashback-on-all-gg-poker-deposits\/\" \/>\n<meta property=\"og:site_name\" content=\"Luxon Pay\" \/>\n<meta property=\"article:modified_time\" content=\"2026-03-09T08:17:46+00:00\" \/>\n<meta property=\"og:image\" content=\"https:\/\/luxon.com\/wp-content\/uploads\/wsop-super-circuit-2026-featured-image-web-enhanced.webp\" \/>\n\t<meta property=\"og:image:width\" content=\"2048\" \/>\n\t<meta property=\"og:image:height\" content=\"1076\" \/>\n\t<meta property=\"og:image:type\" content=\"image\/webp\" \/>\n<meta name=\"twitter:card\" content=\"summary_large_image\" \/>\n<meta name=\"twitter:label1\" content=\"Est. reading time\" \/>\n\t<meta name=\"twitter:data1\" content=\"1 minut\u0117\" \/>\n<script type=\"application\/ld+json\" class=\"yoast-schema-graph\">{\"@context\":\"https:\/\/schema.org\",\"@graph\":[{\"@type\":\"WebPage\",\"@id\":\"https:\/\/luxon.com\/lt\/receive-1-cashback-on-all-gg-poker-deposits\/\",\"url\":\"https:\/\/luxon.com\/lt\/receive-1-cashback-on-all-gg-poker-deposits\/\",\"name\":\"Gaukite 1 % cashback u\u017e visus GG Poker \u012fna\u0161us - Luxon Pay\",\"isPartOf\":{\"@id\":\"https:\/\/luxon.com\/lt\/#website\"},\"primaryImageOfPage\":{\"@id\":\"https:\/\/luxon.com\/lt\/receive-1-cashback-on-all-gg-poker-deposits\/#primaryimage\"},\"image\":{\"@id\":\"https:\/\/luxon.com\/lt\/receive-1-cashback-on-all-gg-poker-deposits\/#primaryimage\"},\"thumbnailUrl\":\"https:\/\/luxon.com\/wp-content\/uploads\/wsop-super-circuit-2026-featured-image-web-enhanced.webp\",\"datePublished\":\"2026-02-26T21:24:01+00:00\",\"dateModified\":\"2026-03-09T08:17:46+00:00\",\"inLanguage\":\"lt-LT\",\"potentialAction\":[{\"@type\":\"ReadAction\",\"target\":[\"https:\/\/luxon.com\/lt\/receive-1-cashback-on-all-gg-poker-deposits\/\"]}]},{\"@type\":\"ImageObject\",\"inLanguage\":\"lt-LT\",\"@id\":\"https:\/\/luxon.com\/lt\/receive-1-cashback-on-all-gg-poker-deposits\/#primaryimage\",\"url\":\"https:\/\/luxon.com\/wp-content\/uploads\/wsop-super-circuit-2026-featured-image-web-enhanced.webp\",\"contentUrl\":\"https:\/\/luxon.com\/wp-content\/uploads\/wsop-super-circuit-2026-featured-image-web-enhanced.webp\",\"width\":2048,\"height\":1076},{\"@type\":\"WebSite\",\"@id\":\"https:\/\/luxon.com\/lt\/#website\",\"url\":\"https:\/\/luxon.com\/lt\/\",\"name\":\"Luxon Pay\",\"description\":\"Instant secure global payments\",\"publisher\":{\"@id\":\"https:\/\/luxon.com\/lt\/#organization\"},\"potentialAction\":[{\"@type\":\"SearchAction\",\"target\":{\"@type\":\"EntryPoint\",\"urlTemplate\":\"https:\/\/luxon.com\/lt\/?s={search_term_string}\"},\"query-input\":{\"@type\":\"PropertyValueSpecification\",\"valueRequired\":true,\"valueName\":\"search_term_string\"}}],\"inLanguage\":\"lt-LT\"},{\"@type\":\"Organization\",\"@id\":\"https:\/\/luxon.com\/lt\/#organization\",\"name\":\"Luxon Pay\",\"url\":\"https:\/\/luxon.com\/lt\/\",\"logo\":{\"@type\":\"ImageObject\",\"inLanguage\":\"lt-LT\",\"@id\":\"https:\/\/luxon.com\/lt\/#\/schema\/logo\/image\/\",\"url\":\"https:\/\/luxon.com\/wp-content\/uploads\/WebsiteImage04.png\",\"contentUrl\":\"https:\/\/luxon.com\/wp-content\/uploads\/WebsiteImage04.png\",\"width\":1200,\"height\":630,\"caption\":\"Luxon Pay\"},\"image\":{\"@id\":\"https:\/\/luxon.com\/lt\/#\/schema\/logo\/image\/\"}}]}<\/script>\n<!-- \/ Yoast SEO plugin. -->","yoast_head_json":{"title":"Gaukite 1 % cashback u\u017e visus GG Poker \u012fna\u0161us - Luxon Pay","robots":{"index":"index","follow":"follow","max-snippet":"max-snippet:-1","max-image-preview":"max-image-preview:large","max-video-preview":"max-video-preview:-1"},"canonical":"https:\/\/luxon.com\/lt\/receive-1-cashback-on-all-gg-poker-deposits\/","og_locale":"lt_LT","og_type":"article","og_title":"Gaukite 1 % cashback u\u017e visus GG Poker \u012fna\u0161us - Luxon Pay","og_description":"1 % cashback u\u017e visus internetinius \u012fna\u0161us \u012f GG Poker naudojant Luxon Pay. Kaip tai veikia: \u2022 Papildykite GG Poker paskyr\u0105 internetu naudodami Luxon Pay \u2022 Gaukite 1 % cashback u\u017e visus GG Poker \u012fna\u0161us Jei jau \u017eaid\u017eiate WSOP Super Circuit, tai paprastas b\u016bdas susigr\u0105\u017einti daugiau i\u0161 savo \u017eaidimo. S\u0117km\u0117s prie stal\u0173! S\u0105lygos ir nuostatos... Read more &raquo;","og_url":"https:\/\/luxon.com\/lt\/receive-1-cashback-on-all-gg-poker-deposits\/","og_site_name":"Luxon Pay","article_modified_time":"2026-03-09T08:17:46+00:00","og_image":[{"width":2048,"height":1076,"url":"https:\/\/luxon.com\/wp-content\/uploads\/wsop-super-circuit-2026-featured-image-web-enhanced.webp","type":"image\/webp"}],"twitter_card":"summary_large_image","twitter_misc":{"Est. reading time":"1 minut\u0117"},"schema":{"@context":"https:\/\/schema.org","@graph":[{"@type":"WebPage","@id":"https:\/\/luxon.com\/lt\/receive-1-cashback-on-all-gg-poker-deposits\/","url":"https:\/\/luxon.com\/lt\/receive-1-cashback-on-all-gg-poker-deposits\/","name":"Gaukite 1 % cashback u\u017e visus GG Poker \u012fna\u0161us - Luxon Pay","isPartOf":{"@id":"https:\/\/luxon.com\/lt\/#website"},"primaryImageOfPage":{"@id":"https:\/\/luxon.com\/lt\/receive-1-cashback-on-all-gg-poker-deposits\/#primaryimage"},"image":{"@id":"https:\/\/luxon.com\/lt\/receive-1-cashback-on-all-gg-poker-deposits\/#primaryimage"},"thumbnailUrl":"https:\/\/luxon.com\/wp-content\/uploads\/wsop-super-circuit-2026-featured-image-web-enhanced.webp","datePublished":"2026-02-26T21:24:01+00:00","dateModified":"2026-03-09T08:17:46+00:00","inLanguage":"lt-LT","potentialAction":[{"@type":"ReadAction","target":["https:\/\/luxon.com\/lt\/receive-1-cashback-on-all-gg-poker-deposits\/"]}]},{"@type":"ImageObject","inLanguage":"lt-LT","@id":"https:\/\/luxon.com\/lt\/receive-1-cashback-on-all-gg-poker-deposits\/#primaryimage","url":"https:\/\/luxon.com\/wp-content\/uploads\/wsop-super-circuit-2026-featured-image-web-enhanced.webp","contentUrl":"https:\/\/luxon.com\/wp-content\/uploads\/wsop-super-circuit-2026-featured-image-web-enhanced.webp","width":2048,"height":1076},{"@type":"WebSite","@id":"https:\/\/luxon.com\/lt\/#website","url":"https:\/\/luxon.com\/lt\/","name":"Luxon Pay","description":"Instant secure global payments","publisher":{"@id":"https:\/\/luxon.com\/lt\/#organization"},"potentialAction":[{"@type":"SearchAction","target":{"@type":"EntryPoint","urlTemplate":"https:\/\/luxon.com\/lt\/?s={search_term_string}"},"query-input":{"@type":"PropertyValueSpecification","valueRequired":true,"valueName":"search_term_string"}}],"inLanguage":"lt-LT"},{"@type":"Organization","@id":"https:\/\/luxon.com\/lt\/#organization","name":"Luxon Pay","url":"https:\/\/luxon.com\/lt\/","logo":{"@type":"ImageObject","inLanguage":"lt-LT","@id":"https:\/\/luxon.com\/lt\/#\/schema\/logo\/image\/","url":"https:\/\/luxon.com\/wp-content\/uploads\/WebsiteImage04.png","contentUrl":"https:\/\/luxon.com\/wp-content\/uploads\/WebsiteImage04.png","width":1200,"height":630,"caption":"Luxon Pay"},"image":{"@id":"https:\/\/luxon.com\/lt\/#\/schema\/logo\/image\/"}}]}},"_links":{"self":[{"href":"https:\/\/luxon.com\/lt\/wp-json\/wp\/v2\/pages\/33734","targetHints":{"allow":["GET"]}}],"collection":[{"href":"https:\/\/luxon.com\/lt\/wp-json\/wp\/v2\/pages"}],"about":[{"href":"https:\/\/luxon.com\/lt\/wp-json\/wp\/v2\/types\/page"}],"author":[{"embeddable":true,"href":"https:\/\/luxon.com\/lt\/wp-json\/wp\/v2\/users\/5"}],"replies":[{"embeddable":true,"href":"https:\/\/luxon.com\/lt\/wp-json\/wp\/v2\/comments?post=33734"}],"version-history":[{"count":4,"href":"https:\/\/luxon.com\/lt\/wp-json\/wp\/v2\/pages\/33734\/revisions"}],"predecessor-version":[{"id":33963,"href":"https:\/\/luxon.com\/lt\/wp-json\/wp\/v2\/pages\/33734\/revisions\/33963"}],"wp:featuredmedia":[{"embeddable":true,"href":"https:\/\/luxon.com\/lt\/wp-json\/wp\/v2\/media\/33679"}],"wp:attachment":[{"href":"https:\/\/luxon.com\/lt\/wp-json\/wp\/v2\/media?parent=33734"}],"curies":[{"name":"wp","href":"https:\/\/api.w.org\/{rel}","templated":true}]}}