{"id":33930,"date":"2026-03-03T21:47:10","date_gmt":"2026-03-03T21:47:10","guid":{"rendered":"https:\/\/luxon.com\/win-a-main-event-seat-at-irish-open\/"},"modified":"2026-03-05T08:19:18","modified_gmt":"2026-03-05T08:19:18","slug":"win-a-main-event-seat-at-irish-open","status":"publish","type":"page","link":"https:\/\/luxon.com\/lt\/win-a-main-event-seat-at-irish-open\/","title":{"rendered":"Laim\u0117kite Main Event viet\u0105 Irish Open! \ud83c\udf9f\ufe0f"},"content":{"rendered":"<p>Padarykite savo Irish Open \u012fna\u0161\u0105 dar vertingesn\u012f!<\/p>\n<p>Kiekvienas \u012fna\u0161as per Luxon Pay = 1 loterijos bilietas laim\u0117ti 1 i\u0161 4 x \u20ac1,150 Irish Open Main Event viet\u0173. J\u016bs\u0173 galimyb\u0117 \u017eaisti Main Event nemokamai!<\/p>\n<p><strong>\u0160tai kaip tai veikia:<\/strong><br \/>\n\u2022 \u012esigykite \u012fna\u0161\u0105 \u012f bet kur\u012f Irish Open turnyr\u0105 naudodami Luxon Pay<br \/>\n\u2022 Gaukite 1 loterijos biliet\u0105 u\u017e kiekvien\u0105 \u012fna\u0161\u0105<br \/>\n\u2022 Galite laim\u0117ti iki 4 Main Event viet\u0173<\/p>\n<p><strong>S\u0105lygos ir nuostatos<\/strong><\/p>\n<ul>\n<li>Akcija galioja \u017eaid\u0117jams, kurie \u012fsigyja \u012fna\u0161us \u012f bet kur\u012f Irish Open turnyr\u0105 per Luxon Pay iki baland\u017eio 3 d.<\/li>\n<li>Bus 4 loterijos traukimai: kovo 29 d. \/ baland\u017eio 1 d. \/ baland\u017eio 2 d. \/ baland\u017eio 3 d. \u2013 visi \u012fna\u0161ai, atlikti iki atitinkamos datos, bus \u012ftraukti \u012f tos dienos traukim\u0105.<\/li>\n<li>Kiekvienas kvalifikuotas \u012fna\u0161as suteikia vien\u0105 loterijos biliet\u0105.<\/li>\n<li>Kiekvienos loterijos metu bus laimima viena \u20ac1,150 Irish Open Main Event vieta \u012f nurodyt\u0105 Day 1 etap\u0105.<\/li>\n<li>Jei laim\u0117tojas pasiekia Day 2 Main Event etap\u0105 nepasinaudoj\u0119s prizu, atitinkama suma bus \u012fskaityta \u012f jo Luxon Pay paskyr\u0105.<\/li>\n<\/ul>\n","protected":false},"excerpt":{"rendered":"<p>Padarykite savo Irish Open \u012fna\u0161\u0105 dar vertingesn\u012f! Kiekvienas \u012fna\u0161as per Luxon Pay = 1 loterijos bilietas laim\u0117ti 1 i\u0161 4 x \u20ac1,150 Irish Open Main Event viet\u0173. J\u016bs\u0173 galimyb\u0117 \u017eaisti Main Event nemokamai! \u0160tai kaip tai veikia: \u2022 \u012esigykite \u012fna\u0161\u0105 \u012f bet kur\u012f Irish Open turnyr\u0105 naudodami Luxon Pay \u2022 Gaukite 1 loterijos biliet\u0105 u\u017e<a class=\"excerpt-read-more\" href=\"https:\/\/luxon.com\/lt\/win-a-main-event-seat-at-irish-open\/\" title=\"ReadLaim\u0117kite Main Event viet\u0105 Irish Open! \ud83c\udf9f\ufe0f\">&#8230; Read more &raquo;<\/a><\/p>\n","protected":false},"author":5,"featured_media":34093,"parent":0,"menu_order":0,"comment_status":"closed","ping_status":"closed","template":"templates\/block-template.php","meta":{"_acf_changed":false,"footnotes":""},"class_list":["post-33930","page","type-page","status-publish","has-post-thumbnail","hentry"],"acf":[],"yoast_head":"<!-- This site is optimized with the Yoast SEO plugin v27.1.1 - https:\/\/yoast.com\/product\/yoast-seo-wordpress\/ -->\n<title>Laim\u0117kite Main Event viet\u0105 Irish Open! \ud83c\udf9f\ufe0f - Luxon Pay<\/title>\n<meta name=\"robots\" content=\"index, follow, max-snippet:-1, max-image-preview:large, max-video-preview:-1\" \/>\n<link rel=\"canonical\" href=\"https:\/\/luxon.com\/lt\/win-a-main-event-seat-at-irish-open\/\" \/>\n<meta property=\"og:locale\" content=\"lt_LT\" \/>\n<meta property=\"og:type\" content=\"article\" \/>\n<meta property=\"og:title\" content=\"Laim\u0117kite Main Event viet\u0105 Irish Open! \ud83c\udf9f\ufe0f - Luxon Pay\" \/>\n<meta property=\"og:description\" content=\"Padarykite savo Irish Open \u012fna\u0161\u0105 dar vertingesn\u012f! Kiekvienas \u012fna\u0161as per Luxon Pay = 1 loterijos bilietas laim\u0117ti 1 i\u0161 4 x \u20ac1,150 Irish Open Main Event viet\u0173. J\u016bs\u0173 galimyb\u0117 \u017eaisti Main Event nemokamai! \u0160tai kaip tai veikia: \u2022 \u012esigykite \u012fna\u0161\u0105 \u012f bet kur\u012f Irish Open turnyr\u0105 naudodami Luxon Pay \u2022 Gaukite 1 loterijos biliet\u0105 u\u017e... Read more &raquo;\" \/>\n<meta property=\"og:url\" content=\"https:\/\/luxon.com\/lt\/win-a-main-event-seat-at-irish-open\/\" \/>\n<meta property=\"og:site_name\" content=\"Luxon Pay\" \/>\n<meta property=\"article:modified_time\" content=\"2026-03-05T08:19:18+00:00\" \/>\n<meta property=\"og:image\" content=\"https:\/\/luxon.com\/wp-content\/uploads\/Live-Event-Announcement-Promo_header.png\" \/>\n\t<meta property=\"og:image:width\" content=\"600\" \/>\n\t<meta property=\"og:image:height\" content=\"400\" \/>\n\t<meta property=\"og:image:type\" content=\"image\/png\" \/>\n<meta name=\"twitter:card\" content=\"summary_large_image\" \/>\n<meta name=\"twitter:label1\" content=\"Est. reading time\" \/>\n\t<meta name=\"twitter:data1\" content=\"1 minut\u0117\" \/>\n<script type=\"application\/ld+json\" class=\"yoast-schema-graph\">{\"@context\":\"https:\/\/schema.org\",\"@graph\":[{\"@type\":\"WebPage\",\"@id\":\"https:\/\/luxon.com\/lt\/win-a-main-event-seat-at-irish-open\/\",\"url\":\"https:\/\/luxon.com\/lt\/win-a-main-event-seat-at-irish-open\/\",\"name\":\"Laim\u0117kite Main Event viet\u0105 Irish Open! \ud83c\udf9f\ufe0f - Luxon Pay\",\"isPartOf\":{\"@id\":\"https:\/\/luxon.com\/lt\/#website\"},\"primaryImageOfPage\":{\"@id\":\"https:\/\/luxon.com\/lt\/win-a-main-event-seat-at-irish-open\/#primaryimage\"},\"image\":{\"@id\":\"https:\/\/luxon.com\/lt\/win-a-main-event-seat-at-irish-open\/#primaryimage\"},\"thumbnailUrl\":\"https:\/\/luxon.com\/wp-content\/uploads\/Irish-Open_Banner_2-1.png\",\"datePublished\":\"2026-03-03T21:47:10+00:00\",\"dateModified\":\"2026-03-05T08:19:18+00:00\",\"inLanguage\":\"lt-LT\",\"potentialAction\":[{\"@type\":\"ReadAction\",\"target\":[\"https:\/\/luxon.com\/lt\/win-a-main-event-seat-at-irish-open\/\"]}]},{\"@type\":\"ImageObject\",\"inLanguage\":\"lt-LT\",\"@id\":\"https:\/\/luxon.com\/lt\/win-a-main-event-seat-at-irish-open\/#primaryimage\",\"url\":\"https:\/\/luxon.com\/wp-content\/uploads\/Irish-Open_Banner_2-1.png\",\"contentUrl\":\"https:\/\/luxon.com\/wp-content\/uploads\/Irish-Open_Banner_2-1.png\",\"width\":700,\"height\":527},{\"@type\":\"WebSite\",\"@id\":\"https:\/\/luxon.com\/lt\/#website\",\"url\":\"https:\/\/luxon.com\/lt\/\",\"name\":\"Luxon Pay\",\"description\":\"Instant secure global payments\",\"publisher\":{\"@id\":\"https:\/\/luxon.com\/lt\/#organization\"},\"potentialAction\":[{\"@type\":\"SearchAction\",\"target\":{\"@type\":\"EntryPoint\",\"urlTemplate\":\"https:\/\/luxon.com\/lt\/?s={search_term_string}\"},\"query-input\":{\"@type\":\"PropertyValueSpecification\",\"valueRequired\":true,\"valueName\":\"search_term_string\"}}],\"inLanguage\":\"lt-LT\"},{\"@type\":\"Organization\",\"@id\":\"https:\/\/luxon.com\/lt\/#organization\",\"name\":\"Luxon Pay\",\"url\":\"https:\/\/luxon.com\/lt\/\",\"logo\":{\"@type\":\"ImageObject\",\"inLanguage\":\"lt-LT\",\"@id\":\"https:\/\/luxon.com\/lt\/#\/schema\/logo\/image\/\",\"url\":\"https:\/\/luxon.com\/wp-content\/uploads\/WebsiteImage04.png\",\"contentUrl\":\"https:\/\/luxon.com\/wp-content\/uploads\/WebsiteImage04.png\",\"width\":1200,\"height\":630,\"caption\":\"Luxon Pay\"},\"image\":{\"@id\":\"https:\/\/luxon.com\/lt\/#\/schema\/logo\/image\/\"}}]}<\/script>\n<!-- \/ Yoast SEO plugin. -->","yoast_head_json":{"title":"Laim\u0117kite Main Event viet\u0105 Irish Open! \ud83c\udf9f\ufe0f - Luxon Pay","robots":{"index":"index","follow":"follow","max-snippet":"max-snippet:-1","max-image-preview":"max-image-preview:large","max-video-preview":"max-video-preview:-1"},"canonical":"https:\/\/luxon.com\/lt\/win-a-main-event-seat-at-irish-open\/","og_locale":"lt_LT","og_type":"article","og_title":"Laim\u0117kite Main Event viet\u0105 Irish Open! \ud83c\udf9f\ufe0f - Luxon Pay","og_description":"Padarykite savo Irish Open \u012fna\u0161\u0105 dar vertingesn\u012f! Kiekvienas \u012fna\u0161as per Luxon Pay = 1 loterijos bilietas laim\u0117ti 1 i\u0161 4 x \u20ac1,150 Irish Open Main Event viet\u0173. J\u016bs\u0173 galimyb\u0117 \u017eaisti Main Event nemokamai! \u0160tai kaip tai veikia: \u2022 \u012esigykite \u012fna\u0161\u0105 \u012f bet kur\u012f Irish Open turnyr\u0105 naudodami Luxon Pay \u2022 Gaukite 1 loterijos biliet\u0105 u\u017e... Read more &raquo;","og_url":"https:\/\/luxon.com\/lt\/win-a-main-event-seat-at-irish-open\/","og_site_name":"Luxon Pay","article_modified_time":"2026-03-05T08:19:18+00:00","og_image":[{"width":600,"height":400,"url":"https:\/\/luxon.com\/wp-content\/uploads\/Live-Event-Announcement-Promo_header.png","type":"image\/png"}],"twitter_card":"summary_large_image","twitter_misc":{"Est. reading time":"1 minut\u0117"},"schema":{"@context":"https:\/\/schema.org","@graph":[{"@type":"WebPage","@id":"https:\/\/luxon.com\/lt\/win-a-main-event-seat-at-irish-open\/","url":"https:\/\/luxon.com\/lt\/win-a-main-event-seat-at-irish-open\/","name":"Laim\u0117kite Main Event viet\u0105 Irish Open! \ud83c\udf9f\ufe0f - Luxon Pay","isPartOf":{"@id":"https:\/\/luxon.com\/lt\/#website"},"primaryImageOfPage":{"@id":"https:\/\/luxon.com\/lt\/win-a-main-event-seat-at-irish-open\/#primaryimage"},"image":{"@id":"https:\/\/luxon.com\/lt\/win-a-main-event-seat-at-irish-open\/#primaryimage"},"thumbnailUrl":"https:\/\/luxon.com\/wp-content\/uploads\/Irish-Open_Banner_2-1.png","datePublished":"2026-03-03T21:47:10+00:00","dateModified":"2026-03-05T08:19:18+00:00","inLanguage":"lt-LT","potentialAction":[{"@type":"ReadAction","target":["https:\/\/luxon.com\/lt\/win-a-main-event-seat-at-irish-open\/"]}]},{"@type":"ImageObject","inLanguage":"lt-LT","@id":"https:\/\/luxon.com\/lt\/win-a-main-event-seat-at-irish-open\/#primaryimage","url":"https:\/\/luxon.com\/wp-content\/uploads\/Irish-Open_Banner_2-1.png","contentUrl":"https:\/\/luxon.com\/wp-content\/uploads\/Irish-Open_Banner_2-1.png","width":700,"height":527},{"@type":"WebSite","@id":"https:\/\/luxon.com\/lt\/#website","url":"https:\/\/luxon.com\/lt\/","name":"Luxon Pay","description":"Instant secure global payments","publisher":{"@id":"https:\/\/luxon.com\/lt\/#organization"},"potentialAction":[{"@type":"SearchAction","target":{"@type":"EntryPoint","urlTemplate":"https:\/\/luxon.com\/lt\/?s={search_term_string}"},"query-input":{"@type":"PropertyValueSpecification","valueRequired":true,"valueName":"search_term_string"}}],"inLanguage":"lt-LT"},{"@type":"Organization","@id":"https:\/\/luxon.com\/lt\/#organization","name":"Luxon Pay","url":"https:\/\/luxon.com\/lt\/","logo":{"@type":"ImageObject","inLanguage":"lt-LT","@id":"https:\/\/luxon.com\/lt\/#\/schema\/logo\/image\/","url":"https:\/\/luxon.com\/wp-content\/uploads\/WebsiteImage04.png","contentUrl":"https:\/\/luxon.com\/wp-content\/uploads\/WebsiteImage04.png","width":1200,"height":630,"caption":"Luxon Pay"},"image":{"@id":"https:\/\/luxon.com\/lt\/#\/schema\/logo\/image\/"}}]}},"_links":{"self":[{"href":"https:\/\/luxon.com\/lt\/wp-json\/wp\/v2\/pages\/33930","targetHints":{"allow":["GET"]}}],"collection":[{"href":"https:\/\/luxon.com\/lt\/wp-json\/wp\/v2\/pages"}],"about":[{"href":"https:\/\/luxon.com\/lt\/wp-json\/wp\/v2\/types\/page"}],"author":[{"embeddable":true,"href":"https:\/\/luxon.com\/lt\/wp-json\/wp\/v2\/users\/5"}],"replies":[{"embeddable":true,"href":"https:\/\/luxon.com\/lt\/wp-json\/wp\/v2\/comments?post=33930"}],"version-history":[{"count":2,"href":"https:\/\/luxon.com\/lt\/wp-json\/wp\/v2\/pages\/33930\/revisions"}],"predecessor-version":[{"id":33932,"href":"https:\/\/luxon.com\/lt\/wp-json\/wp\/v2\/pages\/33930\/revisions\/33932"}],"wp:featuredmedia":[{"embeddable":true,"href":"https:\/\/luxon.com\/lt\/wp-json\/wp\/v2\/media\/34093"}],"wp:attachment":[{"href":"https:\/\/luxon.com\/lt\/wp-json\/wp\/v2\/media?parent=33930"}],"curies":[{"name":"wp","href":"https:\/\/api.w.org\/{rel}","templated":true}]}}