{"id":35570,"date":"2026-05-08T13:18:09","date_gmt":"2026-05-08T13:18:09","guid":{"rendered":"https:\/\/luxon.com\/an-exclusive-promo-for-using-luxon-pay-at-ept-monte-carlo\/"},"modified":"2026-05-11T15:31:58","modified_gmt":"2026-05-11T15:31:58","slug":"an-exclusive-promo-for-using-luxon-pay-at-ept-monte-carlo","status":"publish","type":"page","link":"https:\/\/luxon.com\/lt\/an-exclusive-promo-for-using-luxon-pay-at-ept-monte-carlo\/","title":{"rendered":"I\u0161skirtin\u0117 akcija naudojant Luxon EPT Monte Carlo renginyje"},"content":{"rendered":"<p><strong>A\u010di\u016b, kad naudojot\u0117s Luxon Pay EPT Monte Carlo renginyje.<\/strong><br \/>\n<strong><br \/>\nI\u0161skirtin\u0117 akcija<br \/>\n<\/strong>Turime jums i\u0161skirtin\u012f pasi\u016blym\u0105 \u2013 gaukite 1 % cashback u\u017e visus internetini\u0173 prekybinink\u0173 \u012fna\u0161us per Luxon Pay iki gegu\u017e\u0117s 21 d.! Tiesiog papildykite s\u0105skait\u0105 ir prad\u0117kite kaupti gr\u0105\u017e\u0105.<\/p>\n<p><span data-sheets-root=\"1\"><strong>S\u0105lygos ir nuostatos<\/strong><\/span><\/p>\n<ul>\n<li><span data-sheets-root=\"1\">\u0160is pasi\u016blymas galioja visiems internetini\u0173 prekybinink\u0173 \u012fna\u0161ams, atliktiems nuo 2026 m. gegu\u017e\u0117s 11 d. iki gegu\u017e\u0117s 21 d.<\/span><\/li>\n<li><span data-sheets-root=\"1\">Cashback bus automati\u0161kai \u012fskaitytas per 7 darbo dienas po akcijos pabaigos<\/span><\/li>\n<li><span data-sheets-root=\"1\">N\u0117ra jokio limito ar maksimalios cashback sumos<\/span><\/li>\n<li><span data-sheets-root=\"1\">\u0160i akcija yra asmenin\u0117 ir neperleid\u017eiama<\/span><\/li>\n<li><span data-sheets-root=\"1\">Galioja tik internetiniams prekybininkams ir netaikoma su gyvais renginiais susijusioms platformoms ar \u012fna\u0161ams<\/span><\/li>\n<li><span data-sheets-root=\"1\">Taikomos bendrosios Luxon Pay s\u0105lygos<\/span><\/li>\n<\/ul>\n","protected":false},"excerpt":{"rendered":"<p>A\u010di\u016b, kad naudojot\u0117s Luxon Pay EPT Monte Carlo renginyje. I\u0161skirtin\u0117 akcija Turime jums i\u0161skirtin\u012f pasi\u016blym\u0105 \u2013 gaukite 1 % cashback u\u017e visus internetini\u0173 prekybinink\u0173 \u012fna\u0161us per Luxon Pay iki gegu\u017e\u0117s 21 d.! Tiesiog papildykite s\u0105skait\u0105 ir prad\u0117kite kaupti gr\u0105\u017e\u0105. S\u0105lygos ir nuostatos \u0160is pasi\u016blymas galioja visiems internetini\u0173 prekybinink\u0173 \u012fna\u0161ams, atliktiems nuo 2026 m. gegu\u017e\u0117s 11<a class=\"excerpt-read-more\" href=\"https:\/\/luxon.com\/lt\/an-exclusive-promo-for-using-luxon-pay-at-ept-monte-carlo\/\" title=\"ReadI\u0161skirtin\u0117 akcija naudojant Luxon EPT Monte Carlo renginyje\">&#8230; Read more &raquo;<\/a><\/p>\n","protected":false},"author":7,"featured_media":33994,"parent":0,"menu_order":0,"comment_status":"closed","ping_status":"closed","template":"templates\/block-template.php","meta":{"_acf_changed":false,"footnotes":""},"class_list":["post-35570","page","type-page","status-publish","has-post-thumbnail","hentry"],"acf":[],"yoast_head":"<!-- This site is optimized with the Yoast SEO plugin v27.6 - https:\/\/yoast.com\/product\/yoast-seo-wordpress\/ -->\n<title>I\u0161skirtin\u0117 akcija naudojant Luxon EPT Monte Carlo renginyje - Luxon Pay<\/title>\n<meta name=\"robots\" content=\"index, follow, max-snippet:-1, max-image-preview:large, max-video-preview:-1\" \/>\n<link rel=\"canonical\" href=\"https:\/\/luxon.com\/lt\/an-exclusive-promo-for-using-luxon-pay-at-ept-monte-carlo\/\" \/>\n<meta property=\"og:locale\" content=\"lt_LT\" \/>\n<meta property=\"og:type\" content=\"article\" \/>\n<meta property=\"og:title\" content=\"I\u0161skirtin\u0117 akcija naudojant Luxon EPT Monte Carlo renginyje - Luxon Pay\" \/>\n<meta property=\"og:description\" content=\"A\u010di\u016b, kad naudojot\u0117s Luxon Pay EPT Monte Carlo renginyje. I\u0161skirtin\u0117 akcija Turime jums i\u0161skirtin\u012f pasi\u016blym\u0105 \u2013 gaukite 1 % cashback u\u017e visus internetini\u0173 prekybinink\u0173 \u012fna\u0161us per Luxon Pay iki gegu\u017e\u0117s 21 d.! Tiesiog papildykite s\u0105skait\u0105 ir prad\u0117kite kaupti gr\u0105\u017e\u0105. S\u0105lygos ir nuostatos \u0160is pasi\u016blymas galioja visiems internetini\u0173 prekybinink\u0173 \u012fna\u0161ams, atliktiems nuo 2026 m. gegu\u017e\u0117s 11... Read more &raquo;\" \/>\n<meta property=\"og:url\" content=\"https:\/\/luxon.com\/lt\/an-exclusive-promo-for-using-luxon-pay-at-ept-monte-carlo\/\" \/>\n<meta property=\"og:site_name\" content=\"Luxon Pay\" \/>\n<meta property=\"article:modified_time\" content=\"2026-05-11T15:31:58+00:00\" \/>\n<meta property=\"og:image\" content=\"https:\/\/luxon.com\/wp-content\/uploads\/Live-to-Online-Conversion_header.png\" \/>\n\t<meta property=\"og:image:width\" content=\"600\" \/>\n\t<meta property=\"og:image:height\" content=\"400\" \/>\n\t<meta property=\"og:image:type\" content=\"image\/png\" \/>\n<meta name=\"twitter:card\" content=\"summary_large_image\" \/>\n<meta name=\"twitter:label1\" content=\"Est. reading time\" \/>\n\t<meta name=\"twitter:data1\" content=\"1 minut\u0117\" \/>\n<script type=\"application\/ld+json\" class=\"yoast-schema-graph\">{\"@context\":\"https:\\\/\\\/schema.org\",\"@graph\":[{\"@type\":\"WebPage\",\"@id\":\"https:\\\/\\\/luxon.com\\\/lt\\\/an-exclusive-promo-for-using-luxon-pay-at-ept-monte-carlo\\\/\",\"url\":\"https:\\\/\\\/luxon.com\\\/lt\\\/an-exclusive-promo-for-using-luxon-pay-at-ept-monte-carlo\\\/\",\"name\":\"I\u0161skirtin\u0117 akcija naudojant Luxon EPT Monte Carlo renginyje - Luxon Pay\",\"isPartOf\":{\"@id\":\"https:\\\/\\\/luxon.com\\\/lt\\\/#website\"},\"primaryImageOfPage\":{\"@id\":\"https:\\\/\\\/luxon.com\\\/lt\\\/an-exclusive-promo-for-using-luxon-pay-at-ept-monte-carlo\\\/#primaryimage\"},\"image\":{\"@id\":\"https:\\\/\\\/luxon.com\\\/lt\\\/an-exclusive-promo-for-using-luxon-pay-at-ept-monte-carlo\\\/#primaryimage\"},\"thumbnailUrl\":\"https:\\\/\\\/luxon.com\\\/wp-content\\\/uploads\\\/Live-to-Online-Conversion_header.png\",\"datePublished\":\"2026-05-08T13:18:09+00:00\",\"dateModified\":\"2026-05-11T15:31:58+00:00\",\"inLanguage\":\"lt-LT\",\"potentialAction\":[{\"@type\":\"ReadAction\",\"target\":[\"https:\\\/\\\/luxon.com\\\/lt\\\/an-exclusive-promo-for-using-luxon-pay-at-ept-monte-carlo\\\/\"]}]},{\"@type\":\"ImageObject\",\"inLanguage\":\"lt-LT\",\"@id\":\"https:\\\/\\\/luxon.com\\\/lt\\\/an-exclusive-promo-for-using-luxon-pay-at-ept-monte-carlo\\\/#primaryimage\",\"url\":\"https:\\\/\\\/luxon.com\\\/wp-content\\\/uploads\\\/Live-to-Online-Conversion_header.png\",\"contentUrl\":\"https:\\\/\\\/luxon.com\\\/wp-content\\\/uploads\\\/Live-to-Online-Conversion_header.png\",\"width\":600,\"height\":400},{\"@type\":\"WebSite\",\"@id\":\"https:\\\/\\\/luxon.com\\\/lt\\\/#website\",\"url\":\"https:\\\/\\\/luxon.com\\\/lt\\\/\",\"name\":\"Luxon Pay\",\"description\":\"Instant secure global payments\",\"publisher\":{\"@id\":\"https:\\\/\\\/luxon.com\\\/lt\\\/#organization\"},\"potentialAction\":[{\"@type\":\"SearchAction\",\"target\":{\"@type\":\"EntryPoint\",\"urlTemplate\":\"https:\\\/\\\/luxon.com\\\/lt\\\/?s={search_term_string}\"},\"query-input\":{\"@type\":\"PropertyValueSpecification\",\"valueRequired\":true,\"valueName\":\"search_term_string\"}}],\"inLanguage\":\"lt-LT\"},{\"@type\":\"Organization\",\"@id\":\"https:\\\/\\\/luxon.com\\\/lt\\\/#organization\",\"name\":\"Luxon Pay\",\"url\":\"https:\\\/\\\/luxon.com\\\/lt\\\/\",\"logo\":{\"@type\":\"ImageObject\",\"inLanguage\":\"lt-LT\",\"@id\":\"https:\\\/\\\/luxon.com\\\/lt\\\/#\\\/schema\\\/logo\\\/image\\\/\",\"url\":\"https:\\\/\\\/luxon.com\\\/wp-content\\\/uploads\\\/WebsiteImage04.png\",\"contentUrl\":\"https:\\\/\\\/luxon.com\\\/wp-content\\\/uploads\\\/WebsiteImage04.png\",\"width\":1200,\"height\":630,\"caption\":\"Luxon Pay\"},\"image\":{\"@id\":\"https:\\\/\\\/luxon.com\\\/lt\\\/#\\\/schema\\\/logo\\\/image\\\/\"}}]}<\/script>\n<!-- \/ Yoast SEO plugin. -->","yoast_head_json":{"title":"I\u0161skirtin\u0117 akcija naudojant Luxon EPT Monte Carlo renginyje - Luxon Pay","robots":{"index":"index","follow":"follow","max-snippet":"max-snippet:-1","max-image-preview":"max-image-preview:large","max-video-preview":"max-video-preview:-1"},"canonical":"https:\/\/luxon.com\/lt\/an-exclusive-promo-for-using-luxon-pay-at-ept-monte-carlo\/","og_locale":"lt_LT","og_type":"article","og_title":"I\u0161skirtin\u0117 akcija naudojant Luxon EPT Monte Carlo renginyje - Luxon Pay","og_description":"A\u010di\u016b, kad naudojot\u0117s Luxon Pay EPT Monte Carlo renginyje. I\u0161skirtin\u0117 akcija Turime jums i\u0161skirtin\u012f pasi\u016blym\u0105 \u2013 gaukite 1 % cashback u\u017e visus internetini\u0173 prekybinink\u0173 \u012fna\u0161us per Luxon Pay iki gegu\u017e\u0117s 21 d.! Tiesiog papildykite s\u0105skait\u0105 ir prad\u0117kite kaupti gr\u0105\u017e\u0105. S\u0105lygos ir nuostatos \u0160is pasi\u016blymas galioja visiems internetini\u0173 prekybinink\u0173 \u012fna\u0161ams, atliktiems nuo 2026 m. gegu\u017e\u0117s 11... Read more &raquo;","og_url":"https:\/\/luxon.com\/lt\/an-exclusive-promo-for-using-luxon-pay-at-ept-monte-carlo\/","og_site_name":"Luxon Pay","article_modified_time":"2026-05-11T15:31:58+00:00","og_image":[{"width":600,"height":400,"url":"https:\/\/luxon.com\/wp-content\/uploads\/Live-to-Online-Conversion_header.png","type":"image\/png"}],"twitter_card":"summary_large_image","twitter_misc":{"Est. reading time":"1 minut\u0117"},"schema":{"@context":"https:\/\/schema.org","@graph":[{"@type":"WebPage","@id":"https:\/\/luxon.com\/lt\/an-exclusive-promo-for-using-luxon-pay-at-ept-monte-carlo\/","url":"https:\/\/luxon.com\/lt\/an-exclusive-promo-for-using-luxon-pay-at-ept-monte-carlo\/","name":"I\u0161skirtin\u0117 akcija naudojant Luxon EPT Monte Carlo renginyje - Luxon Pay","isPartOf":{"@id":"https:\/\/luxon.com\/lt\/#website"},"primaryImageOfPage":{"@id":"https:\/\/luxon.com\/lt\/an-exclusive-promo-for-using-luxon-pay-at-ept-monte-carlo\/#primaryimage"},"image":{"@id":"https:\/\/luxon.com\/lt\/an-exclusive-promo-for-using-luxon-pay-at-ept-monte-carlo\/#primaryimage"},"thumbnailUrl":"https:\/\/luxon.com\/wp-content\/uploads\/Live-to-Online-Conversion_header.png","datePublished":"2026-05-08T13:18:09+00:00","dateModified":"2026-05-11T15:31:58+00:00","inLanguage":"lt-LT","potentialAction":[{"@type":"ReadAction","target":["https:\/\/luxon.com\/lt\/an-exclusive-promo-for-using-luxon-pay-at-ept-monte-carlo\/"]}]},{"@type":"ImageObject","inLanguage":"lt-LT","@id":"https:\/\/luxon.com\/lt\/an-exclusive-promo-for-using-luxon-pay-at-ept-monte-carlo\/#primaryimage","url":"https:\/\/luxon.com\/wp-content\/uploads\/Live-to-Online-Conversion_header.png","contentUrl":"https:\/\/luxon.com\/wp-content\/uploads\/Live-to-Online-Conversion_header.png","width":600,"height":400},{"@type":"WebSite","@id":"https:\/\/luxon.com\/lt\/#website","url":"https:\/\/luxon.com\/lt\/","name":"Luxon Pay","description":"Instant secure global payments","publisher":{"@id":"https:\/\/luxon.com\/lt\/#organization"},"potentialAction":[{"@type":"SearchAction","target":{"@type":"EntryPoint","urlTemplate":"https:\/\/luxon.com\/lt\/?s={search_term_string}"},"query-input":{"@type":"PropertyValueSpecification","valueRequired":true,"valueName":"search_term_string"}}],"inLanguage":"lt-LT"},{"@type":"Organization","@id":"https:\/\/luxon.com\/lt\/#organization","name":"Luxon Pay","url":"https:\/\/luxon.com\/lt\/","logo":{"@type":"ImageObject","inLanguage":"lt-LT","@id":"https:\/\/luxon.com\/lt\/#\/schema\/logo\/image\/","url":"https:\/\/luxon.com\/wp-content\/uploads\/WebsiteImage04.png","contentUrl":"https:\/\/luxon.com\/wp-content\/uploads\/WebsiteImage04.png","width":1200,"height":630,"caption":"Luxon Pay"},"image":{"@id":"https:\/\/luxon.com\/lt\/#\/schema\/logo\/image\/"}}]}},"_links":{"self":[{"href":"https:\/\/luxon.com\/lt\/wp-json\/wp\/v2\/pages\/35570","targetHints":{"allow":["GET"]}}],"collection":[{"href":"https:\/\/luxon.com\/lt\/wp-json\/wp\/v2\/pages"}],"about":[{"href":"https:\/\/luxon.com\/lt\/wp-json\/wp\/v2\/types\/page"}],"author":[{"embeddable":true,"href":"https:\/\/luxon.com\/lt\/wp-json\/wp\/v2\/users\/7"}],"replies":[{"embeddable":true,"href":"https:\/\/luxon.com\/lt\/wp-json\/wp\/v2\/comments?post=35570"}],"version-history":[{"count":2,"href":"https:\/\/luxon.com\/lt\/wp-json\/wp\/v2\/pages\/35570\/revisions"}],"predecessor-version":[{"id":35572,"href":"https:\/\/luxon.com\/lt\/wp-json\/wp\/v2\/pages\/35570\/revisions\/35572"}],"wp:featuredmedia":[{"embeddable":true,"href":"https:\/\/luxon.com\/lt\/wp-json\/wp\/v2\/media\/33994"}],"wp:attachment":[{"href":"https:\/\/luxon.com\/lt\/wp-json\/wp\/v2\/media?parent=35570"}],"curies":[{"name":"wp","href":"https:\/\/api.w.org\/{rel}","templated":true}]}}