{"id":35765,"date":"2026-05-12T20:55:03","date_gmt":"2026-05-12T20:55:03","guid":{"rendered":"https:\/\/luxon.com\/win-a-10k-wsop-seat\/"},"modified":"2026-05-13T18:15:06","modified_gmt":"2026-05-13T18:15:06","slug":"win-a-10k-wsop-seat","status":"publish","type":"page","link":"https:\/\/luxon.com\/lt\/win-a-10k-wsop-seat\/","title":{"rendered":"Laim\u0117kite 10 000 $ vert\u0117s viet\u0105 \u201eWSOP Main Event\u201c turnyre"},"content":{"rendered":"<p><span data-sheets-root=\"1\">Paverskite savo \u201eWSOP Vegas\u201c \u012fpirk\u0105 laim\u0117jimu!<\/span><\/p>\n<p>Kiekviena \u012fpirka per \u201eLuxon Pay\u201c = 1 bilietas \u012f burt\u0173 traukim\u0105 laim\u0117ti 10 000 $ vert\u0117s viet\u0105 \u201eWSOP Main Event\u201c. Tai j\u016bs\u0173 \u0161ansas \u017eaisti pagrindiniame turnyre nemokamai!<\/p>\n<p><strong>\u0160tai kaip tai veikia:<\/strong><br \/>\n\u2022 Sumok\u0117kite \u012fpirk\u0105 u\u017e bet kur\u012f \u201eWSOP Vegas\u201c turnyr\u0105 \u201eWSOP Live\u201c program\u0117l\u0117je, atsiskaitymui pasirinkdami \u201eLuxon Pay\u201c<br \/>\n\u2022 U\u017e kiekvien\u0105 \u012fpirk\u0105 gausite po 1 biliet\u0105 \u012f burt\u0173 traukim\u0105<br \/>\n\u2022 Bus laim\u0117ta 1 x 10 000 $ vert\u0117s vieta \u012f \u201eWSOP Main Event\u201c<\/p>\n<p><strong>Taisykl\u0117s ir s\u0105lygos<\/strong><\/p>\n<ul>\n<li>Akcija taikoma \u017eaid\u0117jams, kurie iki bir\u017eelio 29 d. per \u201eWSOP Live\u201c program\u0117l\u0119 atsiskaito naudodami \u201eLuxon Pay\u201c u\u017e bet kur\u012f \u201eWSOP Vegas\u201c turnyr\u0105.<\/li>\n<li>Burt\u0173 traukimas vyks bir\u017eelio 30 d. \u2013 \u012f j\u012f bus \u012ftrauktos visos iki \u0161ios datos atliktos \u012fpirkos.<\/li>\n<li>Kiekviena reikalavimus atitinkanti \u012fpirka skai\u010diuojama kaip vienas bilietas \u012f burt\u0173 traukim\u0105, nepriklausomai nuo \u012fpirkos vert\u0117s.<\/li>\n<li>Jei laim\u0117tojas negal\u0117s dalyvauti 2026 m. \u201eWSOP Main Event\u201c turnyre, bus tariamasi d\u0117l lygiavert\u0117s vert\u0117s prizo.<\/li>\n<\/ul>\n","protected":false},"excerpt":{"rendered":"<p>Paverskite savo \u201eWSOP Vegas\u201c \u012fpirk\u0105 laim\u0117jimu! Kiekviena \u012fpirka per \u201eLuxon Pay\u201c = 1 bilietas \u012f burt\u0173 traukim\u0105 laim\u0117ti 10 000 $ vert\u0117s viet\u0105 \u201eWSOP Main Event\u201c. Tai j\u016bs\u0173 \u0161ansas \u017eaisti pagrindiniame turnyre nemokamai! \u0160tai kaip tai veikia: \u2022 Sumok\u0117kite \u012fpirk\u0105 u\u017e bet kur\u012f \u201eWSOP Vegas\u201c turnyr\u0105 \u201eWSOP Live\u201c program\u0117l\u0117je, atsiskaitymui pasirinkdami \u201eLuxon Pay\u201c \u2022 U\u017e<a class=\"excerpt-read-more\" href=\"https:\/\/luxon.com\/lt\/win-a-10k-wsop-seat\/\" title=\"ReadLaim\u0117kite 10 000 $ vert\u0117s viet\u0105 \u201eWSOP Main Event\u201c turnyre\">&#8230; Read more &raquo;<\/a><\/p>\n","protected":false},"author":5,"featured_media":35731,"parent":0,"menu_order":0,"comment_status":"closed","ping_status":"closed","template":"templates\/block-template.php","meta":{"_acf_changed":false,"footnotes":""},"class_list":["post-35765","page","type-page","status-publish","has-post-thumbnail","hentry"],"acf":[],"yoast_head":"<!-- This site is optimized with the Yoast SEO plugin v27.6 - https:\/\/yoast.com\/product\/yoast-seo-wordpress\/ -->\n<title>Laim\u0117kite 10 000 $ vert\u0117s viet\u0105 \u201eWSOP Main Event\u201c turnyre - Luxon Pay<\/title>\n<meta name=\"robots\" content=\"index, follow, max-snippet:-1, max-image-preview:large, max-video-preview:-1\" \/>\n<link rel=\"canonical\" href=\"https:\/\/luxon.com\/lt\/win-a-10k-wsop-seat\/\" \/>\n<meta property=\"og:locale\" content=\"lt_LT\" \/>\n<meta property=\"og:type\" content=\"article\" \/>\n<meta property=\"og:title\" content=\"Laim\u0117kite 10 000 $ vert\u0117s viet\u0105 \u201eWSOP Main Event\u201c turnyre - Luxon Pay\" \/>\n<meta property=\"og:description\" content=\"Paverskite savo \u201eWSOP Vegas\u201c \u012fpirk\u0105 laim\u0117jimu! Kiekviena \u012fpirka per \u201eLuxon Pay\u201c = 1 bilietas \u012f burt\u0173 traukim\u0105 laim\u0117ti 10 000 $ vert\u0117s viet\u0105 \u201eWSOP Main Event\u201c. Tai j\u016bs\u0173 \u0161ansas \u017eaisti pagrindiniame turnyre nemokamai! \u0160tai kaip tai veikia: \u2022 Sumok\u0117kite \u012fpirk\u0105 u\u017e bet kur\u012f \u201eWSOP Vegas\u201c turnyr\u0105 \u201eWSOP Live\u201c program\u0117l\u0117je, atsiskaitymui pasirinkdami \u201eLuxon Pay\u201c \u2022 U\u017e... Read more &raquo;\" \/>\n<meta property=\"og:url\" content=\"https:\/\/luxon.com\/lt\/win-a-10k-wsop-seat\/\" \/>\n<meta property=\"og:site_name\" content=\"Luxon Pay\" \/>\n<meta property=\"article:modified_time\" content=\"2026-05-13T18:15:06+00:00\" \/>\n<meta property=\"og:image\" content=\"https:\/\/luxon.com\/wp-content\/uploads\/EmailBanner_1200x800_1.png\" \/>\n\t<meta property=\"og:image:width\" content=\"600\" \/>\n\t<meta property=\"og:image:height\" content=\"400\" \/>\n\t<meta property=\"og:image:type\" content=\"image\/png\" \/>\n<meta name=\"twitter:card\" content=\"summary_large_image\" \/>\n<meta name=\"twitter:label1\" content=\"Est. reading time\" \/>\n\t<meta name=\"twitter:data1\" content=\"1 minut\u0117\" \/>\n<script type=\"application\/ld+json\" class=\"yoast-schema-graph\">{\"@context\":\"https:\\\/\\\/schema.org\",\"@graph\":[{\"@type\":\"WebPage\",\"@id\":\"https:\\\/\\\/luxon.com\\\/lt\\\/win-a-10k-wsop-seat\\\/\",\"url\":\"https:\\\/\\\/luxon.com\\\/lt\\\/win-a-10k-wsop-seat\\\/\",\"name\":\"Laim\u0117kite 10 000 $ vert\u0117s viet\u0105 \u201eWSOP Main Event\u201c turnyre - Luxon Pay\",\"isPartOf\":{\"@id\":\"https:\\\/\\\/luxon.com\\\/lt\\\/#website\"},\"primaryImageOfPage\":{\"@id\":\"https:\\\/\\\/luxon.com\\\/lt\\\/win-a-10k-wsop-seat\\\/#primaryimage\"},\"image\":{\"@id\":\"https:\\\/\\\/luxon.com\\\/lt\\\/win-a-10k-wsop-seat\\\/#primaryimage\"},\"thumbnailUrl\":\"https:\\\/\\\/luxon.com\\\/wp-content\\\/uploads\\\/EmailBanner_1200x800_1.png\",\"datePublished\":\"2026-05-12T20:55:03+00:00\",\"dateModified\":\"2026-05-13T18:15:06+00:00\",\"inLanguage\":\"lt-LT\",\"potentialAction\":[{\"@type\":\"ReadAction\",\"target\":[\"https:\\\/\\\/luxon.com\\\/lt\\\/win-a-10k-wsop-seat\\\/\"]}]},{\"@type\":\"ImageObject\",\"inLanguage\":\"lt-LT\",\"@id\":\"https:\\\/\\\/luxon.com\\\/lt\\\/win-a-10k-wsop-seat\\\/#primaryimage\",\"url\":\"https:\\\/\\\/luxon.com\\\/wp-content\\\/uploads\\\/EmailBanner_1200x800_1.png\",\"contentUrl\":\"https:\\\/\\\/luxon.com\\\/wp-content\\\/uploads\\\/EmailBanner_1200x800_1.png\",\"width\":600,\"height\":400},{\"@type\":\"WebSite\",\"@id\":\"https:\\\/\\\/luxon.com\\\/lt\\\/#website\",\"url\":\"https:\\\/\\\/luxon.com\\\/lt\\\/\",\"name\":\"Luxon Pay\",\"description\":\"Instant secure global payments\",\"publisher\":{\"@id\":\"https:\\\/\\\/luxon.com\\\/lt\\\/#organization\"},\"potentialAction\":[{\"@type\":\"SearchAction\",\"target\":{\"@type\":\"EntryPoint\",\"urlTemplate\":\"https:\\\/\\\/luxon.com\\\/lt\\\/?s={search_term_string}\"},\"query-input\":{\"@type\":\"PropertyValueSpecification\",\"valueRequired\":true,\"valueName\":\"search_term_string\"}}],\"inLanguage\":\"lt-LT\"},{\"@type\":\"Organization\",\"@id\":\"https:\\\/\\\/luxon.com\\\/lt\\\/#organization\",\"name\":\"Luxon Pay\",\"url\":\"https:\\\/\\\/luxon.com\\\/lt\\\/\",\"logo\":{\"@type\":\"ImageObject\",\"inLanguage\":\"lt-LT\",\"@id\":\"https:\\\/\\\/luxon.com\\\/lt\\\/#\\\/schema\\\/logo\\\/image\\\/\",\"url\":\"https:\\\/\\\/luxon.com\\\/wp-content\\\/uploads\\\/WebsiteImage04.png\",\"contentUrl\":\"https:\\\/\\\/luxon.com\\\/wp-content\\\/uploads\\\/WebsiteImage04.png\",\"width\":1200,\"height\":630,\"caption\":\"Luxon Pay\"},\"image\":{\"@id\":\"https:\\\/\\\/luxon.com\\\/lt\\\/#\\\/schema\\\/logo\\\/image\\\/\"}}]}<\/script>\n<!-- \/ Yoast SEO plugin. -->","yoast_head_json":{"title":"Laim\u0117kite 10 000 $ vert\u0117s viet\u0105 \u201eWSOP Main Event\u201c turnyre - Luxon Pay","robots":{"index":"index","follow":"follow","max-snippet":"max-snippet:-1","max-image-preview":"max-image-preview:large","max-video-preview":"max-video-preview:-1"},"canonical":"https:\/\/luxon.com\/lt\/win-a-10k-wsop-seat\/","og_locale":"lt_LT","og_type":"article","og_title":"Laim\u0117kite 10 000 $ vert\u0117s viet\u0105 \u201eWSOP Main Event\u201c turnyre - Luxon Pay","og_description":"Paverskite savo \u201eWSOP Vegas\u201c \u012fpirk\u0105 laim\u0117jimu! Kiekviena \u012fpirka per \u201eLuxon Pay\u201c = 1 bilietas \u012f burt\u0173 traukim\u0105 laim\u0117ti 10 000 $ vert\u0117s viet\u0105 \u201eWSOP Main Event\u201c. Tai j\u016bs\u0173 \u0161ansas \u017eaisti pagrindiniame turnyre nemokamai! \u0160tai kaip tai veikia: \u2022 Sumok\u0117kite \u012fpirk\u0105 u\u017e bet kur\u012f \u201eWSOP Vegas\u201c turnyr\u0105 \u201eWSOP Live\u201c program\u0117l\u0117je, atsiskaitymui pasirinkdami \u201eLuxon Pay\u201c \u2022 U\u017e... Read more &raquo;","og_url":"https:\/\/luxon.com\/lt\/win-a-10k-wsop-seat\/","og_site_name":"Luxon Pay","article_modified_time":"2026-05-13T18:15:06+00:00","og_image":[{"width":600,"height":400,"url":"https:\/\/luxon.com\/wp-content\/uploads\/EmailBanner_1200x800_1.png","type":"image\/png"}],"twitter_card":"summary_large_image","twitter_misc":{"Est. reading time":"1 minut\u0117"},"schema":{"@context":"https:\/\/schema.org","@graph":[{"@type":"WebPage","@id":"https:\/\/luxon.com\/lt\/win-a-10k-wsop-seat\/","url":"https:\/\/luxon.com\/lt\/win-a-10k-wsop-seat\/","name":"Laim\u0117kite 10 000 $ vert\u0117s viet\u0105 \u201eWSOP Main Event\u201c turnyre - Luxon Pay","isPartOf":{"@id":"https:\/\/luxon.com\/lt\/#website"},"primaryImageOfPage":{"@id":"https:\/\/luxon.com\/lt\/win-a-10k-wsop-seat\/#primaryimage"},"image":{"@id":"https:\/\/luxon.com\/lt\/win-a-10k-wsop-seat\/#primaryimage"},"thumbnailUrl":"https:\/\/luxon.com\/wp-content\/uploads\/EmailBanner_1200x800_1.png","datePublished":"2026-05-12T20:55:03+00:00","dateModified":"2026-05-13T18:15:06+00:00","inLanguage":"lt-LT","potentialAction":[{"@type":"ReadAction","target":["https:\/\/luxon.com\/lt\/win-a-10k-wsop-seat\/"]}]},{"@type":"ImageObject","inLanguage":"lt-LT","@id":"https:\/\/luxon.com\/lt\/win-a-10k-wsop-seat\/#primaryimage","url":"https:\/\/luxon.com\/wp-content\/uploads\/EmailBanner_1200x800_1.png","contentUrl":"https:\/\/luxon.com\/wp-content\/uploads\/EmailBanner_1200x800_1.png","width":600,"height":400},{"@type":"WebSite","@id":"https:\/\/luxon.com\/lt\/#website","url":"https:\/\/luxon.com\/lt\/","name":"Luxon Pay","description":"Instant secure global payments","publisher":{"@id":"https:\/\/luxon.com\/lt\/#organization"},"potentialAction":[{"@type":"SearchAction","target":{"@type":"EntryPoint","urlTemplate":"https:\/\/luxon.com\/lt\/?s={search_term_string}"},"query-input":{"@type":"PropertyValueSpecification","valueRequired":true,"valueName":"search_term_string"}}],"inLanguage":"lt-LT"},{"@type":"Organization","@id":"https:\/\/luxon.com\/lt\/#organization","name":"Luxon Pay","url":"https:\/\/luxon.com\/lt\/","logo":{"@type":"ImageObject","inLanguage":"lt-LT","@id":"https:\/\/luxon.com\/lt\/#\/schema\/logo\/image\/","url":"https:\/\/luxon.com\/wp-content\/uploads\/WebsiteImage04.png","contentUrl":"https:\/\/luxon.com\/wp-content\/uploads\/WebsiteImage04.png","width":1200,"height":630,"caption":"Luxon Pay"},"image":{"@id":"https:\/\/luxon.com\/lt\/#\/schema\/logo\/image\/"}}]}},"_links":{"self":[{"href":"https:\/\/luxon.com\/lt\/wp-json\/wp\/v2\/pages\/35765","targetHints":{"allow":["GET"]}}],"collection":[{"href":"https:\/\/luxon.com\/lt\/wp-json\/wp\/v2\/pages"}],"about":[{"href":"https:\/\/luxon.com\/lt\/wp-json\/wp\/v2\/types\/page"}],"author":[{"embeddable":true,"href":"https:\/\/luxon.com\/lt\/wp-json\/wp\/v2\/users\/5"}],"replies":[{"embeddable":true,"href":"https:\/\/luxon.com\/lt\/wp-json\/wp\/v2\/comments?post=35765"}],"version-history":[{"count":3,"href":"https:\/\/luxon.com\/lt\/wp-json\/wp\/v2\/pages\/35765\/revisions"}],"predecessor-version":[{"id":35804,"href":"https:\/\/luxon.com\/lt\/wp-json\/wp\/v2\/pages\/35765\/revisions\/35804"}],"wp:featuredmedia":[{"embeddable":true,"href":"https:\/\/luxon.com\/lt\/wp-json\/wp\/v2\/media\/35731"}],"wp:attachment":[{"href":"https:\/\/luxon.com\/lt\/wp-json\/wp\/v2\/media?parent=35765"}],"curies":[{"name":"wp","href":"https:\/\/api.w.org\/{rel}","templated":true}]}}