{"id":20082,"date":"2022-11-29T11:18:36","date_gmt":"2022-11-29T11:18:36","guid":{"rendered":"https:\/\/luxon.com\/foreign-exchange\/"},"modified":"2023-03-08T13:08:37","modified_gmt":"2023-03-08T13:08:37","slug":"foreign-exchange","status":"publish","type":"page","link":"https:\/\/luxon.com\/pl\/foreign-exchange\/","title":{"rendered":"Wymiana walut"},"content":{"rendered":"<p>Przetrzymuj i wysy\u0142aj r\u00f3\u017cne waluty za pomoc\u0105 portfela Luxon, w tym GBP, EUR i USD. Wymieniaj natychmiast, w dowolnym momencie i w prosty spos\u00f3b przekazuj pieni\u0105dze znajomym i rodzinie, maj\u0105c pe\u0142n\u0105 kontrol\u0119 nad swoimi pieni\u0119dzmi.<\/p>\n","protected":false},"excerpt":{"rendered":"<p>Przetrzymuj i wysy\u0142aj r\u00f3\u017cne waluty za pomoc\u0105 portfela Luxon, w tym GBP, EUR i USD. Wymieniaj natychmiast, w dowolnym momencie i w prosty spos\u00f3b przekazuj pieni\u0105dze znajomym i rodzinie, maj\u0105c pe\u0142n\u0105 kontrol\u0119 nad swoimi pieni\u0119dzmi.<\/p>\n","protected":false},"author":5,"featured_media":19095,"parent":0,"menu_order":0,"comment_status":"closed","ping_status":"closed","template":"templates\/block-template.php","meta":{"_acf_changed":false,"footnotes":""},"class_list":["post-20082","page","type-page","status-publish","has-post-thumbnail","hentry"],"acf":[],"yoast_head":"<!-- This site is optimized with the Yoast SEO plugin v27.1.1 - https:\/\/yoast.com\/product\/yoast-seo-wordpress\/ -->\n<title>Wymiana walut - Luxon Pay<\/title>\n<meta name=\"robots\" content=\"index, follow, max-snippet:-1, max-image-preview:large, max-video-preview:-1\" \/>\n<link rel=\"canonical\" href=\"https:\/\/luxon.com\/pl\/foreign-exchange\/\" \/>\n<meta property=\"og:locale\" content=\"pl_PL\" \/>\n<meta property=\"og:type\" content=\"article\" \/>\n<meta property=\"og:title\" content=\"Wymiana walut - Luxon Pay\" \/>\n<meta property=\"og:description\" content=\"Przetrzymuj i wysy\u0142aj r\u00f3\u017cne waluty za pomoc\u0105 portfela Luxon, w tym GBP, EUR i USD. Wymieniaj natychmiast, w dowolnym momencie i w prosty spos\u00f3b przekazuj pieni\u0105dze znajomym i rodzinie, maj\u0105c pe\u0142n\u0105 kontrol\u0119 nad swoimi pieni\u0119dzmi.\" \/>\n<meta property=\"og:url\" content=\"https:\/\/luxon.com\/pl\/foreign-exchange\/\" \/>\n<meta property=\"og:site_name\" content=\"Luxon Pay\" \/>\n<meta property=\"article:modified_time\" content=\"2023-03-08T13:08:37+00:00\" \/>\n<meta property=\"og:image\" content=\"https:\/\/luxon.com\/wp-content\/uploads\/FX-1-1.png\" \/>\n\t<meta property=\"og:image:width\" content=\"886\" \/>\n\t<meta property=\"og:image:height\" content=\"1288\" \/>\n\t<meta property=\"og:image:type\" content=\"image\/png\" \/>\n<meta name=\"twitter:card\" content=\"summary_large_image\" \/>\n<meta name=\"twitter:label1\" content=\"Szacowany czas czytania\" \/>\n\t<meta name=\"twitter:data1\" content=\"1 minuta\" \/>\n<script type=\"application\/ld+json\" class=\"yoast-schema-graph\">{\"@context\":\"https:\/\/schema.org\",\"@graph\":[{\"@type\":\"WebPage\",\"@id\":\"https:\/\/luxon.com\/pl\/foreign-exchange\/\",\"url\":\"https:\/\/luxon.com\/pl\/foreign-exchange\/\",\"name\":\"Wymiana walut - Luxon Pay\",\"isPartOf\":{\"@id\":\"https:\/\/luxon.com\/pl\/#website\"},\"primaryImageOfPage\":{\"@id\":\"https:\/\/luxon.com\/pl\/foreign-exchange\/#primaryimage\"},\"image\":{\"@id\":\"https:\/\/luxon.com\/pl\/foreign-exchange\/#primaryimage\"},\"thumbnailUrl\":\"https:\/\/luxon.com\/wp-content\/uploads\/FX-1-1.png\",\"datePublished\":\"2022-11-29T11:18:36+00:00\",\"dateModified\":\"2023-03-08T13:08:37+00:00\",\"inLanguage\":\"pl-PL\",\"potentialAction\":[{\"@type\":\"ReadAction\",\"target\":[\"https:\/\/luxon.com\/pl\/foreign-exchange\/\"]}]},{\"@type\":\"ImageObject\",\"inLanguage\":\"pl-PL\",\"@id\":\"https:\/\/luxon.com\/pl\/foreign-exchange\/#primaryimage\",\"url\":\"https:\/\/luxon.com\/wp-content\/uploads\/FX-1-1.png\",\"contentUrl\":\"https:\/\/luxon.com\/wp-content\/uploads\/FX-1-1.png\",\"width\":886,\"height\":1288},{\"@type\":\"WebSite\",\"@id\":\"https:\/\/luxon.com\/pl\/#website\",\"url\":\"https:\/\/luxon.com\/pl\/\",\"name\":\"Luxon Pay\",\"description\":\"Instant secure global payments\",\"publisher\":{\"@id\":\"https:\/\/luxon.com\/pl\/#organization\"},\"potentialAction\":[{\"@type\":\"SearchAction\",\"target\":{\"@type\":\"EntryPoint\",\"urlTemplate\":\"https:\/\/luxon.com\/pl\/?s={search_term_string}\"},\"query-input\":{\"@type\":\"PropertyValueSpecification\",\"valueRequired\":true,\"valueName\":\"search_term_string\"}}],\"inLanguage\":\"pl-PL\"},{\"@type\":\"Organization\",\"@id\":\"https:\/\/luxon.com\/pl\/#organization\",\"name\":\"Luxon Pay\",\"url\":\"https:\/\/luxon.com\/pl\/\",\"logo\":{\"@type\":\"ImageObject\",\"inLanguage\":\"pl-PL\",\"@id\":\"https:\/\/luxon.com\/pl\/#\/schema\/logo\/image\/\",\"url\":\"https:\/\/luxon.com\/wp-content\/uploads\/WebsiteImage04.png\",\"contentUrl\":\"https:\/\/luxon.com\/wp-content\/uploads\/WebsiteImage04.png\",\"width\":1200,\"height\":630,\"caption\":\"Luxon Pay\"},\"image\":{\"@id\":\"https:\/\/luxon.com\/pl\/#\/schema\/logo\/image\/\"}}]}<\/script>\n<!-- \/ Yoast SEO plugin. -->","yoast_head_json":{"title":"Wymiana walut - Luxon Pay","robots":{"index":"index","follow":"follow","max-snippet":"max-snippet:-1","max-image-preview":"max-image-preview:large","max-video-preview":"max-video-preview:-1"},"canonical":"https:\/\/luxon.com\/pl\/foreign-exchange\/","og_locale":"pl_PL","og_type":"article","og_title":"Wymiana walut - Luxon Pay","og_description":"Przetrzymuj i wysy\u0142aj r\u00f3\u017cne waluty za pomoc\u0105 portfela Luxon, w tym GBP, EUR i USD. Wymieniaj natychmiast, w dowolnym momencie i w prosty spos\u00f3b przekazuj pieni\u0105dze znajomym i rodzinie, maj\u0105c pe\u0142n\u0105 kontrol\u0119 nad swoimi pieni\u0119dzmi.","og_url":"https:\/\/luxon.com\/pl\/foreign-exchange\/","og_site_name":"Luxon Pay","article_modified_time":"2023-03-08T13:08:37+00:00","og_image":[{"width":886,"height":1288,"url":"https:\/\/luxon.com\/wp-content\/uploads\/FX-1-1.png","type":"image\/png"}],"twitter_card":"summary_large_image","twitter_misc":{"Szacowany czas czytania":"1 minuta"},"schema":{"@context":"https:\/\/schema.org","@graph":[{"@type":"WebPage","@id":"https:\/\/luxon.com\/pl\/foreign-exchange\/","url":"https:\/\/luxon.com\/pl\/foreign-exchange\/","name":"Wymiana walut - Luxon Pay","isPartOf":{"@id":"https:\/\/luxon.com\/pl\/#website"},"primaryImageOfPage":{"@id":"https:\/\/luxon.com\/pl\/foreign-exchange\/#primaryimage"},"image":{"@id":"https:\/\/luxon.com\/pl\/foreign-exchange\/#primaryimage"},"thumbnailUrl":"https:\/\/luxon.com\/wp-content\/uploads\/FX-1-1.png","datePublished":"2022-11-29T11:18:36+00:00","dateModified":"2023-03-08T13:08:37+00:00","inLanguage":"pl-PL","potentialAction":[{"@type":"ReadAction","target":["https:\/\/luxon.com\/pl\/foreign-exchange\/"]}]},{"@type":"ImageObject","inLanguage":"pl-PL","@id":"https:\/\/luxon.com\/pl\/foreign-exchange\/#primaryimage","url":"https:\/\/luxon.com\/wp-content\/uploads\/FX-1-1.png","contentUrl":"https:\/\/luxon.com\/wp-content\/uploads\/FX-1-1.png","width":886,"height":1288},{"@type":"WebSite","@id":"https:\/\/luxon.com\/pl\/#website","url":"https:\/\/luxon.com\/pl\/","name":"Luxon Pay","description":"Instant secure global payments","publisher":{"@id":"https:\/\/luxon.com\/pl\/#organization"},"potentialAction":[{"@type":"SearchAction","target":{"@type":"EntryPoint","urlTemplate":"https:\/\/luxon.com\/pl\/?s={search_term_string}"},"query-input":{"@type":"PropertyValueSpecification","valueRequired":true,"valueName":"search_term_string"}}],"inLanguage":"pl-PL"},{"@type":"Organization","@id":"https:\/\/luxon.com\/pl\/#organization","name":"Luxon Pay","url":"https:\/\/luxon.com\/pl\/","logo":{"@type":"ImageObject","inLanguage":"pl-PL","@id":"https:\/\/luxon.com\/pl\/#\/schema\/logo\/image\/","url":"https:\/\/luxon.com\/wp-content\/uploads\/WebsiteImage04.png","contentUrl":"https:\/\/luxon.com\/wp-content\/uploads\/WebsiteImage04.png","width":1200,"height":630,"caption":"Luxon Pay"},"image":{"@id":"https:\/\/luxon.com\/pl\/#\/schema\/logo\/image\/"}}]}},"_links":{"self":[{"href":"https:\/\/luxon.com\/pl\/wp-json\/wp\/v2\/pages\/20082","targetHints":{"allow":["GET"]}}],"collection":[{"href":"https:\/\/luxon.com\/pl\/wp-json\/wp\/v2\/pages"}],"about":[{"href":"https:\/\/luxon.com\/pl\/wp-json\/wp\/v2\/types\/page"}],"author":[{"embeddable":true,"href":"https:\/\/luxon.com\/pl\/wp-json\/wp\/v2\/users\/5"}],"replies":[{"embeddable":true,"href":"https:\/\/luxon.com\/pl\/wp-json\/wp\/v2\/comments?post=20082"}],"version-history":[{"count":4,"href":"https:\/\/luxon.com\/pl\/wp-json\/wp\/v2\/pages\/20082\/revisions"}],"predecessor-version":[{"id":20180,"href":"https:\/\/luxon.com\/pl\/wp-json\/wp\/v2\/pages\/20082\/revisions\/20180"}],"wp:featuredmedia":[{"embeddable":true,"href":"https:\/\/luxon.com\/pl\/wp-json\/wp\/v2\/media\/19095"}],"wp:attachment":[{"href":"https:\/\/luxon.com\/pl\/wp-json\/wp\/v2\/media?parent=20082"}],"curies":[{"name":"wp","href":"https:\/\/api.w.org\/{rel}","templated":true}]}}