{"id":20123,"date":"2022-11-29T12:17:01","date_gmt":"2022-11-29T12:17:01","guid":{"rendered":"https:\/\/luxon.com\/instant-transfers\/"},"modified":"2023-03-08T15:57:23","modified_gmt":"2023-03-08T15:57:23","slug":"instant-transfers","status":"publish","type":"page","link":"https:\/\/luxon.com\/pl\/instant-transfers\/","title":{"rendered":"Natychmiastowe przelewy"},"content":{"rendered":"<p>Przekazuj pieni\u0105dze innym u\u017cytkownikom Luxon Pay w dowolnym miejscu na \u015bwiecie; wysy\u0142aj i odbieraj r\u00f3\u017cne waluty do\/od swoich kontakt\u00f3w.<\/p>\n","protected":false},"excerpt":{"rendered":"<p>Przekazuj pieni\u0105dze innym u\u017cytkownikom Luxon Pay w dowolnym miejscu na \u015bwiecie; wysy\u0142aj i odbieraj r\u00f3\u017cne waluty do\/od swoich kontakt\u00f3w.<\/p>\n","protected":false},"author":5,"featured_media":19030,"parent":0,"menu_order":0,"comment_status":"closed","ping_status":"closed","template":"templates\/block-template.php","meta":{"_acf_changed":false,"footnotes":""},"class_list":["post-20123","page","type-page","status-publish","has-post-thumbnail","hentry"],"acf":[],"yoast_head":"<!-- This site is optimized with the Yoast SEO plugin v27.1.1 - https:\/\/yoast.com\/product\/yoast-seo-wordpress\/ -->\n<title>Natychmiastowe przelewy - Luxon Pay<\/title>\n<meta name=\"robots\" content=\"index, follow, max-snippet:-1, max-image-preview:large, max-video-preview:-1\" \/>\n<link rel=\"canonical\" href=\"https:\/\/luxon.com\/pl\/instant-transfers\/\" \/>\n<meta property=\"og:locale\" content=\"pl_PL\" \/>\n<meta property=\"og:type\" content=\"article\" \/>\n<meta property=\"og:title\" content=\"Natychmiastowe przelewy - Luxon Pay\" \/>\n<meta property=\"og:description\" content=\"Przekazuj pieni\u0105dze innym u\u017cytkownikom Luxon Pay w dowolnym miejscu na \u015bwiecie; wysy\u0142aj i odbieraj r\u00f3\u017cne waluty do\/od swoich kontakt\u00f3w.\" \/>\n<meta property=\"og:url\" content=\"https:\/\/luxon.com\/pl\/instant-transfers\/\" \/>\n<meta property=\"og:site_name\" content=\"Luxon Pay\" \/>\n<meta property=\"article:modified_time\" content=\"2023-03-08T15:57:23+00:00\" \/>\n<meta property=\"og:image\" content=\"https:\/\/luxon.com\/wp-content\/uploads\/Frame-7363.png\" \/>\n\t<meta property=\"og:image:width\" content=\"340\" \/>\n\t<meta property=\"og:image:height\" content=\"558\" \/>\n\t<meta property=\"og:image:type\" content=\"image\/png\" \/>\n<meta name=\"twitter:card\" content=\"summary_large_image\" \/>\n<meta name=\"twitter:label1\" content=\"Szacowany czas czytania\" \/>\n\t<meta name=\"twitter:data1\" content=\"1 minuta\" \/>\n<script type=\"application\/ld+json\" class=\"yoast-schema-graph\">{\"@context\":\"https:\/\/schema.org\",\"@graph\":[{\"@type\":\"WebPage\",\"@id\":\"https:\/\/luxon.com\/pl\/instant-transfers\/\",\"url\":\"https:\/\/luxon.com\/pl\/instant-transfers\/\",\"name\":\"Natychmiastowe przelewy - Luxon Pay\",\"isPartOf\":{\"@id\":\"https:\/\/luxon.com\/pl\/#website\"},\"primaryImageOfPage\":{\"@id\":\"https:\/\/luxon.com\/pl\/instant-transfers\/#primaryimage\"},\"image\":{\"@id\":\"https:\/\/luxon.com\/pl\/instant-transfers\/#primaryimage\"},\"thumbnailUrl\":\"https:\/\/luxon.com\/wp-content\/uploads\/Frame-7363.png\",\"datePublished\":\"2022-11-29T12:17:01+00:00\",\"dateModified\":\"2023-03-08T15:57:23+00:00\",\"inLanguage\":\"pl-PL\",\"potentialAction\":[{\"@type\":\"ReadAction\",\"target\":[\"https:\/\/luxon.com\/pl\/instant-transfers\/\"]}]},{\"@type\":\"ImageObject\",\"inLanguage\":\"pl-PL\",\"@id\":\"https:\/\/luxon.com\/pl\/instant-transfers\/#primaryimage\",\"url\":\"https:\/\/luxon.com\/wp-content\/uploads\/Frame-7363.png\",\"contentUrl\":\"https:\/\/luxon.com\/wp-content\/uploads\/Frame-7363.png\",\"width\":340,\"height\":558},{\"@type\":\"WebSite\",\"@id\":\"https:\/\/luxon.com\/pl\/#website\",\"url\":\"https:\/\/luxon.com\/pl\/\",\"name\":\"Luxon Pay\",\"description\":\"Instant secure global payments\",\"publisher\":{\"@id\":\"https:\/\/luxon.com\/pl\/#organization\"},\"potentialAction\":[{\"@type\":\"SearchAction\",\"target\":{\"@type\":\"EntryPoint\",\"urlTemplate\":\"https:\/\/luxon.com\/pl\/?s={search_term_string}\"},\"query-input\":{\"@type\":\"PropertyValueSpecification\",\"valueRequired\":true,\"valueName\":\"search_term_string\"}}],\"inLanguage\":\"pl-PL\"},{\"@type\":\"Organization\",\"@id\":\"https:\/\/luxon.com\/pl\/#organization\",\"name\":\"Luxon Pay\",\"url\":\"https:\/\/luxon.com\/pl\/\",\"logo\":{\"@type\":\"ImageObject\",\"inLanguage\":\"pl-PL\",\"@id\":\"https:\/\/luxon.com\/pl\/#\/schema\/logo\/image\/\",\"url\":\"https:\/\/luxon.com\/wp-content\/uploads\/WebsiteImage04.png\",\"contentUrl\":\"https:\/\/luxon.com\/wp-content\/uploads\/WebsiteImage04.png\",\"width\":1200,\"height\":630,\"caption\":\"Luxon Pay\"},\"image\":{\"@id\":\"https:\/\/luxon.com\/pl\/#\/schema\/logo\/image\/\"}}]}<\/script>\n<!-- \/ Yoast SEO plugin. -->","yoast_head_json":{"title":"Natychmiastowe przelewy - Luxon Pay","robots":{"index":"index","follow":"follow","max-snippet":"max-snippet:-1","max-image-preview":"max-image-preview:large","max-video-preview":"max-video-preview:-1"},"canonical":"https:\/\/luxon.com\/pl\/instant-transfers\/","og_locale":"pl_PL","og_type":"article","og_title":"Natychmiastowe przelewy - Luxon Pay","og_description":"Przekazuj pieni\u0105dze innym u\u017cytkownikom Luxon Pay w dowolnym miejscu na \u015bwiecie; wysy\u0142aj i odbieraj r\u00f3\u017cne waluty do\/od swoich kontakt\u00f3w.","og_url":"https:\/\/luxon.com\/pl\/instant-transfers\/","og_site_name":"Luxon Pay","article_modified_time":"2023-03-08T15:57:23+00:00","og_image":[{"width":340,"height":558,"url":"https:\/\/luxon.com\/wp-content\/uploads\/Frame-7363.png","type":"image\/png"}],"twitter_card":"summary_large_image","twitter_misc":{"Szacowany czas czytania":"1 minuta"},"schema":{"@context":"https:\/\/schema.org","@graph":[{"@type":"WebPage","@id":"https:\/\/luxon.com\/pl\/instant-transfers\/","url":"https:\/\/luxon.com\/pl\/instant-transfers\/","name":"Natychmiastowe przelewy - Luxon Pay","isPartOf":{"@id":"https:\/\/luxon.com\/pl\/#website"},"primaryImageOfPage":{"@id":"https:\/\/luxon.com\/pl\/instant-transfers\/#primaryimage"},"image":{"@id":"https:\/\/luxon.com\/pl\/instant-transfers\/#primaryimage"},"thumbnailUrl":"https:\/\/luxon.com\/wp-content\/uploads\/Frame-7363.png","datePublished":"2022-11-29T12:17:01+00:00","dateModified":"2023-03-08T15:57:23+00:00","inLanguage":"pl-PL","potentialAction":[{"@type":"ReadAction","target":["https:\/\/luxon.com\/pl\/instant-transfers\/"]}]},{"@type":"ImageObject","inLanguage":"pl-PL","@id":"https:\/\/luxon.com\/pl\/instant-transfers\/#primaryimage","url":"https:\/\/luxon.com\/wp-content\/uploads\/Frame-7363.png","contentUrl":"https:\/\/luxon.com\/wp-content\/uploads\/Frame-7363.png","width":340,"height":558},{"@type":"WebSite","@id":"https:\/\/luxon.com\/pl\/#website","url":"https:\/\/luxon.com\/pl\/","name":"Luxon Pay","description":"Instant secure global payments","publisher":{"@id":"https:\/\/luxon.com\/pl\/#organization"},"potentialAction":[{"@type":"SearchAction","target":{"@type":"EntryPoint","urlTemplate":"https:\/\/luxon.com\/pl\/?s={search_term_string}"},"query-input":{"@type":"PropertyValueSpecification","valueRequired":true,"valueName":"search_term_string"}}],"inLanguage":"pl-PL"},{"@type":"Organization","@id":"https:\/\/luxon.com\/pl\/#organization","name":"Luxon Pay","url":"https:\/\/luxon.com\/pl\/","logo":{"@type":"ImageObject","inLanguage":"pl-PL","@id":"https:\/\/luxon.com\/pl\/#\/schema\/logo\/image\/","url":"https:\/\/luxon.com\/wp-content\/uploads\/WebsiteImage04.png","contentUrl":"https:\/\/luxon.com\/wp-content\/uploads\/WebsiteImage04.png","width":1200,"height":630,"caption":"Luxon Pay"},"image":{"@id":"https:\/\/luxon.com\/pl\/#\/schema\/logo\/image\/"}}]}},"_links":{"self":[{"href":"https:\/\/luxon.com\/pl\/wp-json\/wp\/v2\/pages\/20123","targetHints":{"allow":["GET"]}}],"collection":[{"href":"https:\/\/luxon.com\/pl\/wp-json\/wp\/v2\/pages"}],"about":[{"href":"https:\/\/luxon.com\/pl\/wp-json\/wp\/v2\/types\/page"}],"author":[{"embeddable":true,"href":"https:\/\/luxon.com\/pl\/wp-json\/wp\/v2\/users\/5"}],"replies":[{"embeddable":true,"href":"https:\/\/luxon.com\/pl\/wp-json\/wp\/v2\/comments?post=20123"}],"version-history":[{"count":3,"href":"https:\/\/luxon.com\/pl\/wp-json\/wp\/v2\/pages\/20123\/revisions"}],"predecessor-version":[{"id":20193,"href":"https:\/\/luxon.com\/pl\/wp-json\/wp\/v2\/pages\/20123\/revisions\/20193"}],"wp:featuredmedia":[{"embeddable":true,"href":"https:\/\/luxon.com\/pl\/wp-json\/wp\/v2\/media\/19030"}],"wp:attachment":[{"href":"https:\/\/luxon.com\/pl\/wp-json\/wp\/v2\/media?parent=20123"}],"curies":[{"name":"wp","href":"https:\/\/api.w.org\/{rel}","templated":true}]}}