{"id":20154,"date":"2022-10-04T14:12:28","date_gmt":"2022-10-04T14:12:28","guid":{"rendered":"https:\/\/luxon.com\/security\/"},"modified":"2024-10-22T07:33:28","modified_gmt":"2024-10-22T07:33:28","slug":"security","status":"publish","type":"page","link":"https:\/\/luxon.com\/pl\/security\/","title":{"rendered":"Powa\u017cnie traktujemy ochron\u0119 Twoich \u015brodk\u00f3w finansowych"},"content":{"rendered":"<p>Twoje pieni\u0105dze s\u0105 w bezpiecznych r\u0119kach. Mo\u017cesz spersonalizowa\u0107 swoje ustawienia bezpiecze\u0144stwa z wbudowanym uwierzytelnianiem 2 czynnikowym. Wszystkie dane s\u0105 szyfrowane, a nasz zesp\u00f3\u0142 obs\u0142ugi klienta dzia\u0142aj\u0105cy 24\/7 udzieli Ci natychmiastowej pomocy.<\/p>\n","protected":false},"excerpt":{"rendered":"<p>Twoje pieni\u0105dze s\u0105 w bezpiecznych r\u0119kach. Mo\u017cesz spersonalizowa\u0107 swoje ustawienia bezpiecze\u0144stwa z wbudowanym uwierzytelnianiem 2 czynnikowym. Wszystkie dane s\u0105 szyfrowane, a nasz zesp\u00f3\u0142 obs\u0142ugi klienta dzia\u0142aj\u0105cy 24\/7 udzieli Ci natychmiastowej pomocy.<\/p>\n","protected":false},"author":3,"featured_media":19038,"parent":0,"menu_order":0,"comment_status":"closed","ping_status":"closed","template":"templates\/block-template.php","meta":{"_acf_changed":false,"footnotes":""},"class_list":["post-20154","page","type-page","status-publish","has-post-thumbnail","hentry"],"acf":[],"yoast_head":"<!-- This site is optimized with the Yoast SEO plugin v27.4 - https:\/\/yoast.com\/product\/yoast-seo-wordpress\/ -->\n<title>Powa\u017cnie traktujemy ochron\u0119 Twoich \u015brodk\u00f3w finansowych - Luxon Pay<\/title>\n<meta name=\"robots\" content=\"index, follow, max-snippet:-1, max-image-preview:large, max-video-preview:-1\" \/>\n<link rel=\"canonical\" href=\"https:\/\/luxon.com\/pl\/security\/\" \/>\n<meta property=\"og:locale\" content=\"pl_PL\" \/>\n<meta property=\"og:type\" content=\"article\" \/>\n<meta property=\"og:title\" content=\"Powa\u017cnie traktujemy ochron\u0119 Twoich \u015brodk\u00f3w finansowych - Luxon Pay\" \/>\n<meta property=\"og:description\" content=\"Twoje pieni\u0105dze s\u0105 w bezpiecznych r\u0119kach. Mo\u017cesz spersonalizowa\u0107 swoje ustawienia bezpiecze\u0144stwa z wbudowanym uwierzytelnianiem 2 czynnikowym. Wszystkie dane s\u0105 szyfrowane, a nasz zesp\u00f3\u0142 obs\u0142ugi klienta dzia\u0142aj\u0105cy 24\/7 udzieli Ci natychmiastowej pomocy.\" \/>\n<meta property=\"og:url\" content=\"https:\/\/luxon.com\/pl\/security\/\" \/>\n<meta property=\"og:site_name\" content=\"Luxon Pay\" \/>\n<meta property=\"article:modified_time\" content=\"2024-10-22T07:33:28+00:00\" \/>\n<meta property=\"og:image\" content=\"https:\/\/luxon.com\/wp-content\/uploads\/Security-1.png\" \/>\n\t<meta property=\"og:image:width\" content=\"370\" \/>\n\t<meta property=\"og:image:height\" content=\"466\" \/>\n\t<meta property=\"og:image:type\" content=\"image\/png\" \/>\n<meta name=\"twitter:card\" content=\"summary_large_image\" \/>\n<meta name=\"twitter:label1\" content=\"Szacowany czas czytania\" \/>\n\t<meta name=\"twitter:data1\" content=\"1 minuta\" \/>\n<script type=\"application\/ld+json\" class=\"yoast-schema-graph\">{\"@context\":\"https:\\\/\\\/schema.org\",\"@graph\":[{\"@type\":\"WebPage\",\"@id\":\"https:\\\/\\\/luxon.com\\\/pl\\\/security\\\/\",\"url\":\"https:\\\/\\\/luxon.com\\\/pl\\\/security\\\/\",\"name\":\"Powa\u017cnie traktujemy ochron\u0119 Twoich \u015brodk\u00f3w finansowych - Luxon Pay\",\"isPartOf\":{\"@id\":\"https:\\\/\\\/luxon.com\\\/pl\\\/#website\"},\"primaryImageOfPage\":{\"@id\":\"https:\\\/\\\/luxon.com\\\/pl\\\/security\\\/#primaryimage\"},\"image\":{\"@id\":\"https:\\\/\\\/luxon.com\\\/pl\\\/security\\\/#primaryimage\"},\"thumbnailUrl\":\"https:\\\/\\\/luxon.com\\\/wp-content\\\/uploads\\\/Security-1.png\",\"datePublished\":\"2022-10-04T14:12:28+00:00\",\"dateModified\":\"2024-10-22T07:33:28+00:00\",\"inLanguage\":\"pl-PL\",\"potentialAction\":[{\"@type\":\"ReadAction\",\"target\":[\"https:\\\/\\\/luxon.com\\\/pl\\\/security\\\/\"]}]},{\"@type\":\"ImageObject\",\"inLanguage\":\"pl-PL\",\"@id\":\"https:\\\/\\\/luxon.com\\\/pl\\\/security\\\/#primaryimage\",\"url\":\"https:\\\/\\\/luxon.com\\\/wp-content\\\/uploads\\\/Security-1.png\",\"contentUrl\":\"https:\\\/\\\/luxon.com\\\/wp-content\\\/uploads\\\/Security-1.png\",\"width\":370,\"height\":466},{\"@type\":\"WebSite\",\"@id\":\"https:\\\/\\\/luxon.com\\\/pl\\\/#website\",\"url\":\"https:\\\/\\\/luxon.com\\\/pl\\\/\",\"name\":\"Luxon Pay\",\"description\":\"Instant secure global payments\",\"publisher\":{\"@id\":\"https:\\\/\\\/luxon.com\\\/pl\\\/#organization\"},\"potentialAction\":[{\"@type\":\"SearchAction\",\"target\":{\"@type\":\"EntryPoint\",\"urlTemplate\":\"https:\\\/\\\/luxon.com\\\/pl\\\/?s={search_term_string}\"},\"query-input\":{\"@type\":\"PropertyValueSpecification\",\"valueRequired\":true,\"valueName\":\"search_term_string\"}}],\"inLanguage\":\"pl-PL\"},{\"@type\":\"Organization\",\"@id\":\"https:\\\/\\\/luxon.com\\\/pl\\\/#organization\",\"name\":\"Luxon Pay\",\"url\":\"https:\\\/\\\/luxon.com\\\/pl\\\/\",\"logo\":{\"@type\":\"ImageObject\",\"inLanguage\":\"pl-PL\",\"@id\":\"https:\\\/\\\/luxon.com\\\/pl\\\/#\\\/schema\\\/logo\\\/image\\\/\",\"url\":\"https:\\\/\\\/luxon.com\\\/wp-content\\\/uploads\\\/WebsiteImage04.png\",\"contentUrl\":\"https:\\\/\\\/luxon.com\\\/wp-content\\\/uploads\\\/WebsiteImage04.png\",\"width\":1200,\"height\":630,\"caption\":\"Luxon Pay\"},\"image\":{\"@id\":\"https:\\\/\\\/luxon.com\\\/pl\\\/#\\\/schema\\\/logo\\\/image\\\/\"}}]}<\/script>\n<!-- \/ Yoast SEO plugin. -->","yoast_head_json":{"title":"Powa\u017cnie traktujemy ochron\u0119 Twoich \u015brodk\u00f3w finansowych - Luxon Pay","robots":{"index":"index","follow":"follow","max-snippet":"max-snippet:-1","max-image-preview":"max-image-preview:large","max-video-preview":"max-video-preview:-1"},"canonical":"https:\/\/luxon.com\/pl\/security\/","og_locale":"pl_PL","og_type":"article","og_title":"Powa\u017cnie traktujemy ochron\u0119 Twoich \u015brodk\u00f3w finansowych - Luxon Pay","og_description":"Twoje pieni\u0105dze s\u0105 w bezpiecznych r\u0119kach. Mo\u017cesz spersonalizowa\u0107 swoje ustawienia bezpiecze\u0144stwa z wbudowanym uwierzytelnianiem 2 czynnikowym. Wszystkie dane s\u0105 szyfrowane, a nasz zesp\u00f3\u0142 obs\u0142ugi klienta dzia\u0142aj\u0105cy 24\/7 udzieli Ci natychmiastowej pomocy.","og_url":"https:\/\/luxon.com\/pl\/security\/","og_site_name":"Luxon Pay","article_modified_time":"2024-10-22T07:33:28+00:00","og_image":[{"width":370,"height":466,"url":"https:\/\/luxon.com\/wp-content\/uploads\/Security-1.png","type":"image\/png"}],"twitter_card":"summary_large_image","twitter_misc":{"Szacowany czas czytania":"1 minuta"},"schema":{"@context":"https:\/\/schema.org","@graph":[{"@type":"WebPage","@id":"https:\/\/luxon.com\/pl\/security\/","url":"https:\/\/luxon.com\/pl\/security\/","name":"Powa\u017cnie traktujemy ochron\u0119 Twoich \u015brodk\u00f3w finansowych - Luxon Pay","isPartOf":{"@id":"https:\/\/luxon.com\/pl\/#website"},"primaryImageOfPage":{"@id":"https:\/\/luxon.com\/pl\/security\/#primaryimage"},"image":{"@id":"https:\/\/luxon.com\/pl\/security\/#primaryimage"},"thumbnailUrl":"https:\/\/luxon.com\/wp-content\/uploads\/Security-1.png","datePublished":"2022-10-04T14:12:28+00:00","dateModified":"2024-10-22T07:33:28+00:00","inLanguage":"pl-PL","potentialAction":[{"@type":"ReadAction","target":["https:\/\/luxon.com\/pl\/security\/"]}]},{"@type":"ImageObject","inLanguage":"pl-PL","@id":"https:\/\/luxon.com\/pl\/security\/#primaryimage","url":"https:\/\/luxon.com\/wp-content\/uploads\/Security-1.png","contentUrl":"https:\/\/luxon.com\/wp-content\/uploads\/Security-1.png","width":370,"height":466},{"@type":"WebSite","@id":"https:\/\/luxon.com\/pl\/#website","url":"https:\/\/luxon.com\/pl\/","name":"Luxon Pay","description":"Instant secure global payments","publisher":{"@id":"https:\/\/luxon.com\/pl\/#organization"},"potentialAction":[{"@type":"SearchAction","target":{"@type":"EntryPoint","urlTemplate":"https:\/\/luxon.com\/pl\/?s={search_term_string}"},"query-input":{"@type":"PropertyValueSpecification","valueRequired":true,"valueName":"search_term_string"}}],"inLanguage":"pl-PL"},{"@type":"Organization","@id":"https:\/\/luxon.com\/pl\/#organization","name":"Luxon Pay","url":"https:\/\/luxon.com\/pl\/","logo":{"@type":"ImageObject","inLanguage":"pl-PL","@id":"https:\/\/luxon.com\/pl\/#\/schema\/logo\/image\/","url":"https:\/\/luxon.com\/wp-content\/uploads\/WebsiteImage04.png","contentUrl":"https:\/\/luxon.com\/wp-content\/uploads\/WebsiteImage04.png","width":1200,"height":630,"caption":"Luxon Pay"},"image":{"@id":"https:\/\/luxon.com\/pl\/#\/schema\/logo\/image\/"}}]}},"_links":{"self":[{"href":"https:\/\/luxon.com\/pl\/wp-json\/wp\/v2\/pages\/20154","targetHints":{"allow":["GET"]}}],"collection":[{"href":"https:\/\/luxon.com\/pl\/wp-json\/wp\/v2\/pages"}],"about":[{"href":"https:\/\/luxon.com\/pl\/wp-json\/wp\/v2\/types\/page"}],"author":[{"embeddable":true,"href":"https:\/\/luxon.com\/pl\/wp-json\/wp\/v2\/users\/3"}],"replies":[{"embeddable":true,"href":"https:\/\/luxon.com\/pl\/wp-json\/wp\/v2\/comments?post=20154"}],"version-history":[{"count":7,"href":"https:\/\/luxon.com\/pl\/wp-json\/wp\/v2\/pages\/20154\/revisions"}],"predecessor-version":[{"id":27463,"href":"https:\/\/luxon.com\/pl\/wp-json\/wp\/v2\/pages\/20154\/revisions\/27463"}],"wp:featuredmedia":[{"embeddable":true,"href":"https:\/\/luxon.com\/pl\/wp-json\/wp\/v2\/media\/19038"}],"wp:attachment":[{"href":"https:\/\/luxon.com\/pl\/wp-json\/wp\/v2\/media?parent=20154"}],"curies":[{"name":"wp","href":"https:\/\/api.w.org\/{rel}","templated":true}]}}