{"id":27188,"date":"2024-09-12T13:39:00","date_gmt":"2024-09-12T13:39:00","guid":{"rendered":"https:\/\/luxon.com\/financial-freedom-with-regular-bank-transfer-iban\/"},"modified":"2024-10-04T11:39:20","modified_gmt":"2024-10-04T11:39:20","slug":"financial-freedom-with-regular-bank-transfer-iban","status":"publish","type":"page","link":"https:\/\/luxon.com\/pl\/financial-freedom-with-regular-bank-transfer-iban\/","title":{"rendered":"Wolno\u015b\u0107 finansowa dzi\u0119ki \u0142atwym przelewom bankowym"},"content":{"rendered":"<p style=\"font-weight: 400;\">Otrzymuj \u015brodki bezpo\u015brednio na konto Luxon Pay z dowolnego konta bankowego, udost\u0119pniaj\u0105c dane konta osobistego Luxon Pay \/ numeru IBAN. Aby wy\u015bwietli\u0107 dane konta, wybierz opcj\u0119 Wp\u0142ata &gt; Zwyk\u0142y przelew bankowy.<\/p>\n","protected":false},"excerpt":{"rendered":"<p>Otrzymuj \u015brodki bezpo\u015brednio na konto Luxon Pay z dowolnego konta bankowego, udost\u0119pniaj\u0105c dane konta osobistego Luxon Pay \/ numeru IBAN. Aby wy\u015bwietli\u0107 dane konta, wybierz opcj\u0119 Wp\u0142ata &gt; Zwyk\u0142y przelew bankowy.<\/p>\n","protected":false},"author":5,"featured_media":27140,"parent":0,"menu_order":0,"comment_status":"closed","ping_status":"closed","template":"templates\/block-template.php","meta":{"_acf_changed":false,"footnotes":""},"class_list":["post-27188","page","type-page","status-publish","has-post-thumbnail","hentry"],"acf":[],"yoast_head":"<!-- This site is optimized with the Yoast SEO plugin v27.4 - https:\/\/yoast.com\/product\/yoast-seo-wordpress\/ -->\n<title>Wolno\u015b\u0107 finansowa dzi\u0119ki \u0142atwym przelewom bankowym - Luxon Pay<\/title>\n<meta name=\"robots\" content=\"index, follow, max-snippet:-1, max-image-preview:large, max-video-preview:-1\" \/>\n<link rel=\"canonical\" href=\"https:\/\/luxon.com\/pl\/financial-freedom-with-regular-bank-transfer-iban\/\" \/>\n<meta property=\"og:locale\" content=\"pl_PL\" \/>\n<meta property=\"og:type\" content=\"article\" \/>\n<meta property=\"og:title\" content=\"Wolno\u015b\u0107 finansowa dzi\u0119ki \u0142atwym przelewom bankowym - Luxon Pay\" \/>\n<meta property=\"og:description\" content=\"Otrzymuj \u015brodki bezpo\u015brednio na konto Luxon Pay z dowolnego konta bankowego, udost\u0119pniaj\u0105c dane konta osobistego Luxon Pay \/ numeru IBAN. Aby wy\u015bwietli\u0107 dane konta, wybierz opcj\u0119 Wp\u0142ata &gt; Zwyk\u0142y przelew bankowy.\" \/>\n<meta property=\"og:url\" content=\"https:\/\/luxon.com\/pl\/financial-freedom-with-regular-bank-transfer-iban\/\" \/>\n<meta property=\"og:site_name\" content=\"Luxon Pay\" \/>\n<meta property=\"article:modified_time\" content=\"2024-10-04T11:39:20+00:00\" \/>\n<meta property=\"og:image\" content=\"https:\/\/luxon.com\/wp-content\/uploads\/IBAN-Banner-Image-2.png\" \/>\n\t<meta property=\"og:image:width\" content=\"1263\" \/>\n\t<meta property=\"og:image:height\" content=\"1203\" \/>\n\t<meta property=\"og:image:type\" content=\"image\/png\" \/>\n<meta name=\"twitter:card\" content=\"summary_large_image\" \/>\n<meta name=\"twitter:label1\" content=\"Szacowany czas czytania\" \/>\n\t<meta name=\"twitter:data1\" content=\"1 minuta\" \/>\n<script type=\"application\/ld+json\" class=\"yoast-schema-graph\">{\"@context\":\"https:\\\/\\\/schema.org\",\"@graph\":[{\"@type\":\"WebPage\",\"@id\":\"https:\\\/\\\/luxon.com\\\/pl\\\/financial-freedom-with-regular-bank-transfer-iban\\\/\",\"url\":\"https:\\\/\\\/luxon.com\\\/pl\\\/financial-freedom-with-regular-bank-transfer-iban\\\/\",\"name\":\"Wolno\u015b\u0107 finansowa dzi\u0119ki \u0142atwym przelewom bankowym - Luxon Pay\",\"isPartOf\":{\"@id\":\"https:\\\/\\\/luxon.com\\\/pl\\\/#website\"},\"primaryImageOfPage\":{\"@id\":\"https:\\\/\\\/luxon.com\\\/pl\\\/financial-freedom-with-regular-bank-transfer-iban\\\/#primaryimage\"},\"image\":{\"@id\":\"https:\\\/\\\/luxon.com\\\/pl\\\/financial-freedom-with-regular-bank-transfer-iban\\\/#primaryimage\"},\"thumbnailUrl\":\"https:\\\/\\\/luxon.com\\\/wp-content\\\/uploads\\\/IBAN-Banner-Image-2.png\",\"datePublished\":\"2024-09-12T13:39:00+00:00\",\"dateModified\":\"2024-10-04T11:39:20+00:00\",\"inLanguage\":\"pl-PL\",\"potentialAction\":[{\"@type\":\"ReadAction\",\"target\":[\"https:\\\/\\\/luxon.com\\\/pl\\\/financial-freedom-with-regular-bank-transfer-iban\\\/\"]}]},{\"@type\":\"ImageObject\",\"inLanguage\":\"pl-PL\",\"@id\":\"https:\\\/\\\/luxon.com\\\/pl\\\/financial-freedom-with-regular-bank-transfer-iban\\\/#primaryimage\",\"url\":\"https:\\\/\\\/luxon.com\\\/wp-content\\\/uploads\\\/IBAN-Banner-Image-2.png\",\"contentUrl\":\"https:\\\/\\\/luxon.com\\\/wp-content\\\/uploads\\\/IBAN-Banner-Image-2.png\",\"width\":1263,\"height\":1203},{\"@type\":\"WebSite\",\"@id\":\"https:\\\/\\\/luxon.com\\\/pl\\\/#website\",\"url\":\"https:\\\/\\\/luxon.com\\\/pl\\\/\",\"name\":\"Luxon Pay\",\"description\":\"Instant secure global payments\",\"publisher\":{\"@id\":\"https:\\\/\\\/luxon.com\\\/pl\\\/#organization\"},\"potentialAction\":[{\"@type\":\"SearchAction\",\"target\":{\"@type\":\"EntryPoint\",\"urlTemplate\":\"https:\\\/\\\/luxon.com\\\/pl\\\/?s={search_term_string}\"},\"query-input\":{\"@type\":\"PropertyValueSpecification\",\"valueRequired\":true,\"valueName\":\"search_term_string\"}}],\"inLanguage\":\"pl-PL\"},{\"@type\":\"Organization\",\"@id\":\"https:\\\/\\\/luxon.com\\\/pl\\\/#organization\",\"name\":\"Luxon Pay\",\"url\":\"https:\\\/\\\/luxon.com\\\/pl\\\/\",\"logo\":{\"@type\":\"ImageObject\",\"inLanguage\":\"pl-PL\",\"@id\":\"https:\\\/\\\/luxon.com\\\/pl\\\/#\\\/schema\\\/logo\\\/image\\\/\",\"url\":\"https:\\\/\\\/luxon.com\\\/wp-content\\\/uploads\\\/WebsiteImage04.png\",\"contentUrl\":\"https:\\\/\\\/luxon.com\\\/wp-content\\\/uploads\\\/WebsiteImage04.png\",\"width\":1200,\"height\":630,\"caption\":\"Luxon Pay\"},\"image\":{\"@id\":\"https:\\\/\\\/luxon.com\\\/pl\\\/#\\\/schema\\\/logo\\\/image\\\/\"}}]}<\/script>\n<!-- \/ Yoast SEO plugin. -->","yoast_head_json":{"title":"Wolno\u015b\u0107 finansowa dzi\u0119ki \u0142atwym przelewom bankowym - Luxon Pay","robots":{"index":"index","follow":"follow","max-snippet":"max-snippet:-1","max-image-preview":"max-image-preview:large","max-video-preview":"max-video-preview:-1"},"canonical":"https:\/\/luxon.com\/pl\/financial-freedom-with-regular-bank-transfer-iban\/","og_locale":"pl_PL","og_type":"article","og_title":"Wolno\u015b\u0107 finansowa dzi\u0119ki \u0142atwym przelewom bankowym - Luxon Pay","og_description":"Otrzymuj \u015brodki bezpo\u015brednio na konto Luxon Pay z dowolnego konta bankowego, udost\u0119pniaj\u0105c dane konta osobistego Luxon Pay \/ numeru IBAN. Aby wy\u015bwietli\u0107 dane konta, wybierz opcj\u0119 Wp\u0142ata &gt; Zwyk\u0142y przelew bankowy.","og_url":"https:\/\/luxon.com\/pl\/financial-freedom-with-regular-bank-transfer-iban\/","og_site_name":"Luxon Pay","article_modified_time":"2024-10-04T11:39:20+00:00","og_image":[{"width":1263,"height":1203,"url":"https:\/\/luxon.com\/wp-content\/uploads\/IBAN-Banner-Image-2.png","type":"image\/png"}],"twitter_card":"summary_large_image","twitter_misc":{"Szacowany czas czytania":"1 minuta"},"schema":{"@context":"https:\/\/schema.org","@graph":[{"@type":"WebPage","@id":"https:\/\/luxon.com\/pl\/financial-freedom-with-regular-bank-transfer-iban\/","url":"https:\/\/luxon.com\/pl\/financial-freedom-with-regular-bank-transfer-iban\/","name":"Wolno\u015b\u0107 finansowa dzi\u0119ki \u0142atwym przelewom bankowym - Luxon Pay","isPartOf":{"@id":"https:\/\/luxon.com\/pl\/#website"},"primaryImageOfPage":{"@id":"https:\/\/luxon.com\/pl\/financial-freedom-with-regular-bank-transfer-iban\/#primaryimage"},"image":{"@id":"https:\/\/luxon.com\/pl\/financial-freedom-with-regular-bank-transfer-iban\/#primaryimage"},"thumbnailUrl":"https:\/\/luxon.com\/wp-content\/uploads\/IBAN-Banner-Image-2.png","datePublished":"2024-09-12T13:39:00+00:00","dateModified":"2024-10-04T11:39:20+00:00","inLanguage":"pl-PL","potentialAction":[{"@type":"ReadAction","target":["https:\/\/luxon.com\/pl\/financial-freedom-with-regular-bank-transfer-iban\/"]}]},{"@type":"ImageObject","inLanguage":"pl-PL","@id":"https:\/\/luxon.com\/pl\/financial-freedom-with-regular-bank-transfer-iban\/#primaryimage","url":"https:\/\/luxon.com\/wp-content\/uploads\/IBAN-Banner-Image-2.png","contentUrl":"https:\/\/luxon.com\/wp-content\/uploads\/IBAN-Banner-Image-2.png","width":1263,"height":1203},{"@type":"WebSite","@id":"https:\/\/luxon.com\/pl\/#website","url":"https:\/\/luxon.com\/pl\/","name":"Luxon Pay","description":"Instant secure global payments","publisher":{"@id":"https:\/\/luxon.com\/pl\/#organization"},"potentialAction":[{"@type":"SearchAction","target":{"@type":"EntryPoint","urlTemplate":"https:\/\/luxon.com\/pl\/?s={search_term_string}"},"query-input":{"@type":"PropertyValueSpecification","valueRequired":true,"valueName":"search_term_string"}}],"inLanguage":"pl-PL"},{"@type":"Organization","@id":"https:\/\/luxon.com\/pl\/#organization","name":"Luxon Pay","url":"https:\/\/luxon.com\/pl\/","logo":{"@type":"ImageObject","inLanguage":"pl-PL","@id":"https:\/\/luxon.com\/pl\/#\/schema\/logo\/image\/","url":"https:\/\/luxon.com\/wp-content\/uploads\/WebsiteImage04.png","contentUrl":"https:\/\/luxon.com\/wp-content\/uploads\/WebsiteImage04.png","width":1200,"height":630,"caption":"Luxon Pay"},"image":{"@id":"https:\/\/luxon.com\/pl\/#\/schema\/logo\/image\/"}}]}},"_links":{"self":[{"href":"https:\/\/luxon.com\/pl\/wp-json\/wp\/v2\/pages\/27188","targetHints":{"allow":["GET"]}}],"collection":[{"href":"https:\/\/luxon.com\/pl\/wp-json\/wp\/v2\/pages"}],"about":[{"href":"https:\/\/luxon.com\/pl\/wp-json\/wp\/v2\/types\/page"}],"author":[{"embeddable":true,"href":"https:\/\/luxon.com\/pl\/wp-json\/wp\/v2\/users\/5"}],"replies":[{"embeddable":true,"href":"https:\/\/luxon.com\/pl\/wp-json\/wp\/v2\/comments?post=27188"}],"version-history":[{"count":1,"href":"https:\/\/luxon.com\/pl\/wp-json\/wp\/v2\/pages\/27188\/revisions"}],"predecessor-version":[{"id":27189,"href":"https:\/\/luxon.com\/pl\/wp-json\/wp\/v2\/pages\/27188\/revisions\/27189"}],"wp:featuredmedia":[{"embeddable":true,"href":"https:\/\/luxon.com\/pl\/wp-json\/wp\/v2\/media\/27140"}],"wp:attachment":[{"href":"https:\/\/luxon.com\/pl\/wp-json\/wp\/v2\/media?parent=27188"}],"curies":[{"name":"wp","href":"https:\/\/api.w.org\/{rel}","templated":true}]}}