{"id":27567,"date":"2024-11-29T09:43:57","date_gmt":"2024-11-29T09:43:57","guid":{"rendered":"https:\/\/luxon.com\/free-luxon-pay-mastercard-in-december\/"},"modified":"2025-06-02T09:37:07","modified_gmt":"2025-06-02T09:37:07","slug":"free-luxon-pay-mastercard-in-december","status":"publish","type":"page","link":"https:\/\/luxon.com\/pl\/free-luxon-pay-mastercard-in-december\/","title":{"rendered":"Bezp\u0142atna karta Luxon Pay Mastercard"},"content":{"rendered":"<p data-start=\"1181\" data-end=\"1301\">W czerwcu mo\u017cesz \u0142atwiej ni\u017c kiedykolwiek korzysta\u0107 ze swoich \u015brodk\u00f3w dzi\u0119ki <strong data-start=\"1258\" data-end=\"1300\">BEZP\u0141ATNEJ karcie Luxon Pay Mastercard<\/strong>!<\/p>\n<p data-start=\"1303\" data-end=\"1398\">Tylko przez ograniczony czas zam\u00f3w fizyczn\u0105 kart\u0119 bez op\u0142at \u2013 \u0142atwe p\u0142atno\u015bci na ca\u0142ym \u015bwiecie.<\/p>\n<p data-start=\"1400\" data-end=\"1475\">Nie przegap \u2013 oferta dost\u0119pna tylko przez ograniczony czas. Zam\u00f3w ju\u017c dzi\u015b!<\/p>\n<p data-start=\"1477\" data-end=\"1531\">Przejd\u017a do sekcji \u201eKarta\u201d w aplikacji, aby j\u0105 zam\u00f3wi\u0107.<\/p>\n<p data-start=\"1533\" data-end=\"1545\"><strong data-start=\"1533\" data-end=\"1545\">Warunki:<\/strong><\/p>\n<ul data-start=\"1546\" data-end=\"1926\">\n<li data-start=\"1546\" data-end=\"1617\">\n<p data-start=\"1548\" data-end=\"1617\">Aby zam\u00f3wi\u0107 kart\u0119, u\u017cytkownik musi mie\u0107 w pe\u0142ni zweryfikowane konto<\/p>\n<\/li>\n<li data-start=\"1618\" data-end=\"1684\">\n<p data-start=\"1620\" data-end=\"1684\">Karty mog\u0105 zamawia\u0107 tylko u\u017cytkownicy z Wielkiej Brytanii i UE<\/p>\n<\/li>\n<li data-start=\"1685\" data-end=\"1775\">\n<p data-start=\"1687\" data-end=\"1775\">Karty zazwyczaj dostarczane s\u0105 na adres przypisany do konta w ci\u0105gu 5\u201310 dni roboczych<\/p>\n<\/li>\n<li data-start=\"1776\" data-end=\"1822\">\n<p data-start=\"1778\" data-end=\"1822\">Promocja trwa od 1 do 30 czerwca 2025 roku<\/p>\n<\/li>\n<li data-start=\"1823\" data-end=\"1926\">\n<p data-start=\"1825\" data-end=\"1926\">Ka\u017cdy u\u017cytkownik mo\u017ce otrzyma\u0107 tylko jedn\u0105 kart\u0119. Je\u015bli ju\u017c j\u0105 posiadasz, nie mo\u017cesz zam\u00f3wi\u0107 kolejnej<\/p>\n<\/li>\n<\/ul>\n","protected":false},"excerpt":{"rendered":"<p>W czerwcu mo\u017cesz \u0142atwiej ni\u017c kiedykolwiek korzysta\u0107 ze swoich \u015brodk\u00f3w dzi\u0119ki BEZP\u0141ATNEJ karcie Luxon Pay Mastercard! Tylko przez ograniczony czas zam\u00f3w fizyczn\u0105 kart\u0119 bez op\u0142at \u2013 \u0142atwe p\u0142atno\u015bci na ca\u0142ym \u015bwiecie. Nie przegap \u2013 oferta dost\u0119pna tylko przez ograniczony czas. Zam\u00f3w ju\u017c dzi\u015b! Przejd\u017a do sekcji \u201eKarta\u201d w aplikacji, aby j\u0105 zam\u00f3wi\u0107. Warunki: Aby zam\u00f3wi\u0107<a class=\"excerpt-read-more\" href=\"https:\/\/luxon.com\/pl\/free-luxon-pay-mastercard-in-december\/\" title=\"ReadBezp\u0142atna karta Luxon Pay Mastercard\">&#8230; Read more &raquo;<\/a><\/p>\n","protected":false},"author":5,"featured_media":26425,"parent":0,"menu_order":0,"comment_status":"closed","ping_status":"closed","template":"templates\/block-template.php","meta":{"_acf_changed":false,"footnotes":""},"class_list":["post-27567","page","type-page","status-publish","has-post-thumbnail","hentry"],"acf":[],"yoast_head":"<!-- This site is optimized with the Yoast SEO plugin v27.1.1 - https:\/\/yoast.com\/product\/yoast-seo-wordpress\/ -->\n<title>Bezp\u0142atna karta Luxon Pay Mastercard - Luxon Pay<\/title>\n<meta name=\"robots\" content=\"index, follow, max-snippet:-1, max-image-preview:large, max-video-preview:-1\" \/>\n<link rel=\"canonical\" href=\"https:\/\/luxon.com\/pl\/free-luxon-pay-mastercard-in-december\/\" \/>\n<meta property=\"og:locale\" content=\"pl_PL\" \/>\n<meta property=\"og:type\" content=\"article\" \/>\n<meta property=\"og:title\" content=\"Bezp\u0142atna karta Luxon Pay Mastercard - Luxon Pay\" \/>\n<meta property=\"og:description\" content=\"W czerwcu mo\u017cesz \u0142atwiej ni\u017c kiedykolwiek korzysta\u0107 ze swoich \u015brodk\u00f3w dzi\u0119ki BEZP\u0141ATNEJ karcie Luxon Pay Mastercard! Tylko przez ograniczony czas zam\u00f3w fizyczn\u0105 kart\u0119 bez op\u0142at \u2013 \u0142atwe p\u0142atno\u015bci na ca\u0142ym \u015bwiecie. Nie przegap \u2013 oferta dost\u0119pna tylko przez ograniczony czas. Zam\u00f3w ju\u017c dzi\u015b! Przejd\u017a do sekcji \u201eKarta\u201d w aplikacji, aby j\u0105 zam\u00f3wi\u0107. Warunki: Aby zam\u00f3wi\u0107... Read more &raquo;\" \/>\n<meta property=\"og:url\" content=\"https:\/\/luxon.com\/pl\/free-luxon-pay-mastercard-in-december\/\" \/>\n<meta property=\"og:site_name\" content=\"Luxon Pay\" \/>\n<meta property=\"article:modified_time\" content=\"2025-06-02T09:37:07+00:00\" \/>\n<meta property=\"og:image\" content=\"https:\/\/luxon.com\/wp-content\/uploads\/Hero-Image@3x-3.png\" \/>\n\t<meta property=\"og:image:width\" content=\"1652\" \/>\n\t<meta property=\"og:image:height\" content=\"1727\" \/>\n\t<meta property=\"og:image:type\" content=\"image\/png\" \/>\n<meta name=\"twitter:card\" content=\"summary_large_image\" \/>\n<meta name=\"twitter:label1\" content=\"Szacowany czas czytania\" \/>\n\t<meta name=\"twitter:data1\" content=\"1 minuta\" \/>\n<script type=\"application\/ld+json\" class=\"yoast-schema-graph\">{\"@context\":\"https:\/\/schema.org\",\"@graph\":[{\"@type\":\"WebPage\",\"@id\":\"https:\/\/luxon.com\/pl\/free-luxon-pay-mastercard-in-december\/\",\"url\":\"https:\/\/luxon.com\/pl\/free-luxon-pay-mastercard-in-december\/\",\"name\":\"Bezp\u0142atna karta Luxon Pay Mastercard - Luxon Pay\",\"isPartOf\":{\"@id\":\"https:\/\/luxon.com\/pl\/#website\"},\"primaryImageOfPage\":{\"@id\":\"https:\/\/luxon.com\/pl\/free-luxon-pay-mastercard-in-december\/#primaryimage\"},\"image\":{\"@id\":\"https:\/\/luxon.com\/pl\/free-luxon-pay-mastercard-in-december\/#primaryimage\"},\"thumbnailUrl\":\"https:\/\/luxon.com\/wp-content\/uploads\/Hero-Image@3x-3.png\",\"datePublished\":\"2024-11-29T09:43:57+00:00\",\"dateModified\":\"2025-06-02T09:37:07+00:00\",\"inLanguage\":\"pl-PL\",\"potentialAction\":[{\"@type\":\"ReadAction\",\"target\":[\"https:\/\/luxon.com\/pl\/free-luxon-pay-mastercard-in-december\/\"]}]},{\"@type\":\"ImageObject\",\"inLanguage\":\"pl-PL\",\"@id\":\"https:\/\/luxon.com\/pl\/free-luxon-pay-mastercard-in-december\/#primaryimage\",\"url\":\"https:\/\/luxon.com\/wp-content\/uploads\/Hero-Image@3x-3.png\",\"contentUrl\":\"https:\/\/luxon.com\/wp-content\/uploads\/Hero-Image@3x-3.png\",\"width\":1652,\"height\":1727},{\"@type\":\"WebSite\",\"@id\":\"https:\/\/luxon.com\/pl\/#website\",\"url\":\"https:\/\/luxon.com\/pl\/\",\"name\":\"Luxon Pay\",\"description\":\"Instant secure global payments\",\"publisher\":{\"@id\":\"https:\/\/luxon.com\/pl\/#organization\"},\"potentialAction\":[{\"@type\":\"SearchAction\",\"target\":{\"@type\":\"EntryPoint\",\"urlTemplate\":\"https:\/\/luxon.com\/pl\/?s={search_term_string}\"},\"query-input\":{\"@type\":\"PropertyValueSpecification\",\"valueRequired\":true,\"valueName\":\"search_term_string\"}}],\"inLanguage\":\"pl-PL\"},{\"@type\":\"Organization\",\"@id\":\"https:\/\/luxon.com\/pl\/#organization\",\"name\":\"Luxon Pay\",\"url\":\"https:\/\/luxon.com\/pl\/\",\"logo\":{\"@type\":\"ImageObject\",\"inLanguage\":\"pl-PL\",\"@id\":\"https:\/\/luxon.com\/pl\/#\/schema\/logo\/image\/\",\"url\":\"https:\/\/luxon.com\/wp-content\/uploads\/WebsiteImage04.png\",\"contentUrl\":\"https:\/\/luxon.com\/wp-content\/uploads\/WebsiteImage04.png\",\"width\":1200,\"height\":630,\"caption\":\"Luxon Pay\"},\"image\":{\"@id\":\"https:\/\/luxon.com\/pl\/#\/schema\/logo\/image\/\"}}]}<\/script>\n<!-- \/ Yoast SEO plugin. -->","yoast_head_json":{"title":"Bezp\u0142atna karta Luxon Pay Mastercard - Luxon Pay","robots":{"index":"index","follow":"follow","max-snippet":"max-snippet:-1","max-image-preview":"max-image-preview:large","max-video-preview":"max-video-preview:-1"},"canonical":"https:\/\/luxon.com\/pl\/free-luxon-pay-mastercard-in-december\/","og_locale":"pl_PL","og_type":"article","og_title":"Bezp\u0142atna karta Luxon Pay Mastercard - Luxon Pay","og_description":"W czerwcu mo\u017cesz \u0142atwiej ni\u017c kiedykolwiek korzysta\u0107 ze swoich \u015brodk\u00f3w dzi\u0119ki BEZP\u0141ATNEJ karcie Luxon Pay Mastercard! Tylko przez ograniczony czas zam\u00f3w fizyczn\u0105 kart\u0119 bez op\u0142at \u2013 \u0142atwe p\u0142atno\u015bci na ca\u0142ym \u015bwiecie. Nie przegap \u2013 oferta dost\u0119pna tylko przez ograniczony czas. Zam\u00f3w ju\u017c dzi\u015b! Przejd\u017a do sekcji \u201eKarta\u201d w aplikacji, aby j\u0105 zam\u00f3wi\u0107. Warunki: Aby zam\u00f3wi\u0107... Read more &raquo;","og_url":"https:\/\/luxon.com\/pl\/free-luxon-pay-mastercard-in-december\/","og_site_name":"Luxon Pay","article_modified_time":"2025-06-02T09:37:07+00:00","og_image":[{"width":1652,"height":1727,"url":"https:\/\/luxon.com\/wp-content\/uploads\/Hero-Image@3x-3.png","type":"image\/png"}],"twitter_card":"summary_large_image","twitter_misc":{"Szacowany czas czytania":"1 minuta"},"schema":{"@context":"https:\/\/schema.org","@graph":[{"@type":"WebPage","@id":"https:\/\/luxon.com\/pl\/free-luxon-pay-mastercard-in-december\/","url":"https:\/\/luxon.com\/pl\/free-luxon-pay-mastercard-in-december\/","name":"Bezp\u0142atna karta Luxon Pay Mastercard - Luxon Pay","isPartOf":{"@id":"https:\/\/luxon.com\/pl\/#website"},"primaryImageOfPage":{"@id":"https:\/\/luxon.com\/pl\/free-luxon-pay-mastercard-in-december\/#primaryimage"},"image":{"@id":"https:\/\/luxon.com\/pl\/free-luxon-pay-mastercard-in-december\/#primaryimage"},"thumbnailUrl":"https:\/\/luxon.com\/wp-content\/uploads\/Hero-Image@3x-3.png","datePublished":"2024-11-29T09:43:57+00:00","dateModified":"2025-06-02T09:37:07+00:00","inLanguage":"pl-PL","potentialAction":[{"@type":"ReadAction","target":["https:\/\/luxon.com\/pl\/free-luxon-pay-mastercard-in-december\/"]}]},{"@type":"ImageObject","inLanguage":"pl-PL","@id":"https:\/\/luxon.com\/pl\/free-luxon-pay-mastercard-in-december\/#primaryimage","url":"https:\/\/luxon.com\/wp-content\/uploads\/Hero-Image@3x-3.png","contentUrl":"https:\/\/luxon.com\/wp-content\/uploads\/Hero-Image@3x-3.png","width":1652,"height":1727},{"@type":"WebSite","@id":"https:\/\/luxon.com\/pl\/#website","url":"https:\/\/luxon.com\/pl\/","name":"Luxon Pay","description":"Instant secure global payments","publisher":{"@id":"https:\/\/luxon.com\/pl\/#organization"},"potentialAction":[{"@type":"SearchAction","target":{"@type":"EntryPoint","urlTemplate":"https:\/\/luxon.com\/pl\/?s={search_term_string}"},"query-input":{"@type":"PropertyValueSpecification","valueRequired":true,"valueName":"search_term_string"}}],"inLanguage":"pl-PL"},{"@type":"Organization","@id":"https:\/\/luxon.com\/pl\/#organization","name":"Luxon Pay","url":"https:\/\/luxon.com\/pl\/","logo":{"@type":"ImageObject","inLanguage":"pl-PL","@id":"https:\/\/luxon.com\/pl\/#\/schema\/logo\/image\/","url":"https:\/\/luxon.com\/wp-content\/uploads\/WebsiteImage04.png","contentUrl":"https:\/\/luxon.com\/wp-content\/uploads\/WebsiteImage04.png","width":1200,"height":630,"caption":"Luxon Pay"},"image":{"@id":"https:\/\/luxon.com\/pl\/#\/schema\/logo\/image\/"}}]}},"_links":{"self":[{"href":"https:\/\/luxon.com\/pl\/wp-json\/wp\/v2\/pages\/27567","targetHints":{"allow":["GET"]}}],"collection":[{"href":"https:\/\/luxon.com\/pl\/wp-json\/wp\/v2\/pages"}],"about":[{"href":"https:\/\/luxon.com\/pl\/wp-json\/wp\/v2\/types\/page"}],"author":[{"embeddable":true,"href":"https:\/\/luxon.com\/pl\/wp-json\/wp\/v2\/users\/5"}],"replies":[{"embeddable":true,"href":"https:\/\/luxon.com\/pl\/wp-json\/wp\/v2\/comments?post=27567"}],"version-history":[{"count":4,"href":"https:\/\/luxon.com\/pl\/wp-json\/wp\/v2\/pages\/27567\/revisions"}],"predecessor-version":[{"id":29922,"href":"https:\/\/luxon.com\/pl\/wp-json\/wp\/v2\/pages\/27567\/revisions\/29922"}],"wp:featuredmedia":[{"embeddable":true,"href":"https:\/\/luxon.com\/pl\/wp-json\/wp\/v2\/media\/26425"}],"wp:attachment":[{"href":"https:\/\/luxon.com\/pl\/wp-json\/wp\/v2\/media?parent=27567"}],"curies":[{"name":"wp","href":"https:\/\/api.w.org\/{rel}","templated":true}]}}