{"id":29830,"date":"2025-05-22T15:11:59","date_gmt":"2025-05-22T15:11:59","guid":{"rendered":"https:\/\/luxon.com\/luxon-pay-at-wsop-las-vegas\/"},"modified":"2025-07-05T08:32:10","modified_gmt":"2025-07-05T08:32:10","slug":"luxon-pay-at-wsop-las-vegas","status":"publish","type":"page","link":"https:\/\/luxon.com\/pl\/luxon-pay-at-wsop-las-vegas\/","title":{"rendered":"Luxon Pay na WSOP Las Vegas"},"content":{"rendered":"<p style=\"font-weight: 400;\">To ju\u017c oficjalne! Tego lata mo\u017cesz wkupi\u0107 si\u0119 do wszystkich turniej\u00f3w World Series of Poker (WSOP) w Las Vegas za pomoc\u0105 Luxon Pay.<\/p>\n","protected":false},"excerpt":{"rendered":"<p>To ju\u017c oficjalne! Tego lata mo\u017cesz wkupi\u0107 si\u0119 do wszystkich turniej\u00f3w World Series of Poker (WSOP) w Las Vegas za pomoc\u0105 Luxon Pay.<\/p>\n","protected":false},"author":5,"featured_media":29581,"parent":0,"menu_order":0,"comment_status":"closed","ping_status":"closed","template":"templates\/block-template.php","meta":{"_acf_changed":false,"footnotes":""},"class_list":["post-29830","page","type-page","status-publish","has-post-thumbnail","hentry"],"acf":[],"yoast_head":"<!-- This site is optimized with the Yoast SEO plugin v27.1.1 - https:\/\/yoast.com\/product\/yoast-seo-wordpress\/ -->\n<title>Luxon Pay na WSOP Las Vegas - Luxon Pay<\/title>\n<meta name=\"robots\" content=\"index, follow, max-snippet:-1, max-image-preview:large, max-video-preview:-1\" \/>\n<link rel=\"canonical\" href=\"https:\/\/luxon.com\/pl\/luxon-pay-at-wsop-las-vegas\/\" \/>\n<meta property=\"og:locale\" content=\"pl_PL\" \/>\n<meta property=\"og:type\" content=\"article\" \/>\n<meta property=\"og:title\" content=\"Luxon Pay na WSOP Las Vegas - Luxon Pay\" \/>\n<meta property=\"og:description\" content=\"To ju\u017c oficjalne! Tego lata mo\u017cesz wkupi\u0107 si\u0119 do wszystkich turniej\u00f3w World Series of Poker (WSOP) w Las Vegas za pomoc\u0105 Luxon Pay.\" \/>\n<meta property=\"og:url\" content=\"https:\/\/luxon.com\/pl\/luxon-pay-at-wsop-las-vegas\/\" \/>\n<meta property=\"og:site_name\" content=\"Luxon Pay\" \/>\n<meta property=\"article:modified_time\" content=\"2025-07-05T08:32:10+00:00\" \/>\n<meta property=\"og:image\" content=\"https:\/\/luxon.com\/wp-content\/uploads\/Luxon-website-banner-image.png\" \/>\n\t<meta property=\"og:image:width\" content=\"404\" \/>\n\t<meta property=\"og:image:height\" content=\"640\" \/>\n\t<meta property=\"og:image:type\" content=\"image\/png\" \/>\n<meta name=\"twitter:card\" content=\"summary_large_image\" \/>\n<meta name=\"twitter:label1\" content=\"Szacowany czas czytania\" \/>\n\t<meta name=\"twitter:data1\" content=\"1 minuta\" \/>\n<script type=\"application\/ld+json\" class=\"yoast-schema-graph\">{\"@context\":\"https:\/\/schema.org\",\"@graph\":[{\"@type\":\"WebPage\",\"@id\":\"https:\/\/luxon.com\/pl\/luxon-pay-at-wsop-las-vegas\/\",\"url\":\"https:\/\/luxon.com\/pl\/luxon-pay-at-wsop-las-vegas\/\",\"name\":\"Luxon Pay na WSOP Las Vegas - Luxon Pay\",\"isPartOf\":{\"@id\":\"https:\/\/luxon.com\/pl\/#website\"},\"primaryImageOfPage\":{\"@id\":\"https:\/\/luxon.com\/pl\/luxon-pay-at-wsop-las-vegas\/#primaryimage\"},\"image\":{\"@id\":\"https:\/\/luxon.com\/pl\/luxon-pay-at-wsop-las-vegas\/#primaryimage\"},\"thumbnailUrl\":\"https:\/\/luxon.com\/wp-content\/uploads\/Luxon-website-banner-image.png\",\"datePublished\":\"2025-05-22T15:11:59+00:00\",\"dateModified\":\"2025-07-05T08:32:10+00:00\",\"inLanguage\":\"pl-PL\",\"potentialAction\":[{\"@type\":\"ReadAction\",\"target\":[\"https:\/\/luxon.com\/pl\/luxon-pay-at-wsop-las-vegas\/\"]}]},{\"@type\":\"ImageObject\",\"inLanguage\":\"pl-PL\",\"@id\":\"https:\/\/luxon.com\/pl\/luxon-pay-at-wsop-las-vegas\/#primaryimage\",\"url\":\"https:\/\/luxon.com\/wp-content\/uploads\/Luxon-website-banner-image.png\",\"contentUrl\":\"https:\/\/luxon.com\/wp-content\/uploads\/Luxon-website-banner-image.png\",\"width\":404,\"height\":640},{\"@type\":\"WebSite\",\"@id\":\"https:\/\/luxon.com\/pl\/#website\",\"url\":\"https:\/\/luxon.com\/pl\/\",\"name\":\"Luxon Pay\",\"description\":\"Instant secure global payments\",\"publisher\":{\"@id\":\"https:\/\/luxon.com\/pl\/#organization\"},\"potentialAction\":[{\"@type\":\"SearchAction\",\"target\":{\"@type\":\"EntryPoint\",\"urlTemplate\":\"https:\/\/luxon.com\/pl\/?s={search_term_string}\"},\"query-input\":{\"@type\":\"PropertyValueSpecification\",\"valueRequired\":true,\"valueName\":\"search_term_string\"}}],\"inLanguage\":\"pl-PL\"},{\"@type\":\"Organization\",\"@id\":\"https:\/\/luxon.com\/pl\/#organization\",\"name\":\"Luxon Pay\",\"url\":\"https:\/\/luxon.com\/pl\/\",\"logo\":{\"@type\":\"ImageObject\",\"inLanguage\":\"pl-PL\",\"@id\":\"https:\/\/luxon.com\/pl\/#\/schema\/logo\/image\/\",\"url\":\"https:\/\/luxon.com\/wp-content\/uploads\/WebsiteImage04.png\",\"contentUrl\":\"https:\/\/luxon.com\/wp-content\/uploads\/WebsiteImage04.png\",\"width\":1200,\"height\":630,\"caption\":\"Luxon Pay\"},\"image\":{\"@id\":\"https:\/\/luxon.com\/pl\/#\/schema\/logo\/image\/\"}}]}<\/script>\n<!-- \/ Yoast SEO plugin. -->","yoast_head_json":{"title":"Luxon Pay na WSOP Las Vegas - Luxon Pay","robots":{"index":"index","follow":"follow","max-snippet":"max-snippet:-1","max-image-preview":"max-image-preview:large","max-video-preview":"max-video-preview:-1"},"canonical":"https:\/\/luxon.com\/pl\/luxon-pay-at-wsop-las-vegas\/","og_locale":"pl_PL","og_type":"article","og_title":"Luxon Pay na WSOP Las Vegas - Luxon Pay","og_description":"To ju\u017c oficjalne! Tego lata mo\u017cesz wkupi\u0107 si\u0119 do wszystkich turniej\u00f3w World Series of Poker (WSOP) w Las Vegas za pomoc\u0105 Luxon Pay.","og_url":"https:\/\/luxon.com\/pl\/luxon-pay-at-wsop-las-vegas\/","og_site_name":"Luxon Pay","article_modified_time":"2025-07-05T08:32:10+00:00","og_image":[{"width":404,"height":640,"url":"https:\/\/luxon.com\/wp-content\/uploads\/Luxon-website-banner-image.png","type":"image\/png"}],"twitter_card":"summary_large_image","twitter_misc":{"Szacowany czas czytania":"1 minuta"},"schema":{"@context":"https:\/\/schema.org","@graph":[{"@type":"WebPage","@id":"https:\/\/luxon.com\/pl\/luxon-pay-at-wsop-las-vegas\/","url":"https:\/\/luxon.com\/pl\/luxon-pay-at-wsop-las-vegas\/","name":"Luxon Pay na WSOP Las Vegas - Luxon Pay","isPartOf":{"@id":"https:\/\/luxon.com\/pl\/#website"},"primaryImageOfPage":{"@id":"https:\/\/luxon.com\/pl\/luxon-pay-at-wsop-las-vegas\/#primaryimage"},"image":{"@id":"https:\/\/luxon.com\/pl\/luxon-pay-at-wsop-las-vegas\/#primaryimage"},"thumbnailUrl":"https:\/\/luxon.com\/wp-content\/uploads\/Luxon-website-banner-image.png","datePublished":"2025-05-22T15:11:59+00:00","dateModified":"2025-07-05T08:32:10+00:00","inLanguage":"pl-PL","potentialAction":[{"@type":"ReadAction","target":["https:\/\/luxon.com\/pl\/luxon-pay-at-wsop-las-vegas\/"]}]},{"@type":"ImageObject","inLanguage":"pl-PL","@id":"https:\/\/luxon.com\/pl\/luxon-pay-at-wsop-las-vegas\/#primaryimage","url":"https:\/\/luxon.com\/wp-content\/uploads\/Luxon-website-banner-image.png","contentUrl":"https:\/\/luxon.com\/wp-content\/uploads\/Luxon-website-banner-image.png","width":404,"height":640},{"@type":"WebSite","@id":"https:\/\/luxon.com\/pl\/#website","url":"https:\/\/luxon.com\/pl\/","name":"Luxon Pay","description":"Instant secure global payments","publisher":{"@id":"https:\/\/luxon.com\/pl\/#organization"},"potentialAction":[{"@type":"SearchAction","target":{"@type":"EntryPoint","urlTemplate":"https:\/\/luxon.com\/pl\/?s={search_term_string}"},"query-input":{"@type":"PropertyValueSpecification","valueRequired":true,"valueName":"search_term_string"}}],"inLanguage":"pl-PL"},{"@type":"Organization","@id":"https:\/\/luxon.com\/pl\/#organization","name":"Luxon Pay","url":"https:\/\/luxon.com\/pl\/","logo":{"@type":"ImageObject","inLanguage":"pl-PL","@id":"https:\/\/luxon.com\/pl\/#\/schema\/logo\/image\/","url":"https:\/\/luxon.com\/wp-content\/uploads\/WebsiteImage04.png","contentUrl":"https:\/\/luxon.com\/wp-content\/uploads\/WebsiteImage04.png","width":1200,"height":630,"caption":"Luxon Pay"},"image":{"@id":"https:\/\/luxon.com\/pl\/#\/schema\/logo\/image\/"}}]}},"_links":{"self":[{"href":"https:\/\/luxon.com\/pl\/wp-json\/wp\/v2\/pages\/29830","targetHints":{"allow":["GET"]}}],"collection":[{"href":"https:\/\/luxon.com\/pl\/wp-json\/wp\/v2\/pages"}],"about":[{"href":"https:\/\/luxon.com\/pl\/wp-json\/wp\/v2\/types\/page"}],"author":[{"embeddable":true,"href":"https:\/\/luxon.com\/pl\/wp-json\/wp\/v2\/users\/5"}],"replies":[{"embeddable":true,"href":"https:\/\/luxon.com\/pl\/wp-json\/wp\/v2\/comments?post=29830"}],"version-history":[{"count":2,"href":"https:\/\/luxon.com\/pl\/wp-json\/wp\/v2\/pages\/29830\/revisions"}],"predecessor-version":[{"id":30319,"href":"https:\/\/luxon.com\/pl\/wp-json\/wp\/v2\/pages\/29830\/revisions\/30319"}],"wp:featuredmedia":[{"embeddable":true,"href":"https:\/\/luxon.com\/pl\/wp-json\/wp\/v2\/media\/29581"}],"wp:attachment":[{"href":"https:\/\/luxon.com\/pl\/wp-json\/wp\/v2\/media?parent=29830"}],"curies":[{"name":"wp","href":"https:\/\/api.w.org\/{rel}","templated":true}]}}