{"id":29832,"date":"2025-05-22T14:37:46","date_gmt":"2025-05-22T14:37:46","guid":{"rendered":"https:\/\/luxon.com\/win-a-free-10000-wsop-main-event-seat-in-our-exclusive-giveaway\/"},"modified":"2025-05-26T20:34:13","modified_gmt":"2025-05-26T20:34:13","slug":"win-a-free-10000-wsop-main-event-seat-in-our-exclusive-giveaway","status":"publish","type":"page","link":"https:\/\/luxon.com\/pl\/win-a-free-10000-wsop-main-event-seat-in-our-exclusive-giveaway\/","title":{"rendered":"Wygraj darmowe miejsce w Turnieju G\u0142\u00f3wnym WSOP o warto\u015bci 10 000 $ w naszym ekskluzywnym konkursie"},"content":{"rendered":"<ul>\n<li>\u2060 \u2060\u015aled\u017a Luxon Pay na X<\/li>\n<li style=\"font-weight: 400;\">\u2060 \u2060Udost\u0119pnij post na X<\/li>\n<li style=\"font-weight: 400;\">\u2060 \u2060Zap\u0142a\u0107 wpisowe na dowolny turniej WSOP za po\u015brednictwem Luxon Pay przed 30 czerwca<\/li>\n<\/ul>\n<p style=\"font-weight: 400;\">Regulamin<\/p>\n<p style=\"font-weight: 400;\">1.\u2060 \u2060U\u017cytkownicy musz\u0105 zakupi\u0107 bilet za po\u015brednictwem aplikacji WSOP+ i dokona\u0107 p\u0142atno\u015bci za pomoc\u0105 Luxon Pay, aby spe\u0142ni\u0107 warunki promocji.<\/p>\n<p style=\"font-weight: 400;\">2.\u2060 \u2060U\u017cytkownicy musz\u0105 \u015bledzi\u0107 Luxon Pay na X i udost\u0119pni\u0107 odpowiedni post.<\/p>\n<p style=\"font-weight: 400;\">3.\u2060 \u2060Zg\u0142oszenia zostan\u0105 zamkni\u0119te o 23:59 CET 30 czerwca 2025 r.<\/p>\n<p style=\"font-weight: 400;\">4.\u2060 \u2060Zwyci\u0119zca zostanie og\u0142oszony 1 lipca 2025 r.<\/p>\n<p style=\"font-weight: 400;\">5.\u2060 \u2060Miejsce w Turnieju G\u0142\u00f3wnym WSOP o warto\u015bci $10,000 mo\u017ce zosta\u0107 wykorzystane w G\u0142\u00f3wnym Turnieju WSOP w 2025 lub 2026 roku.<\/p>\n","protected":false},"excerpt":{"rendered":"<p>\u2060 \u2060\u015aled\u017a Luxon Pay na X \u2060 \u2060Udost\u0119pnij post na X \u2060 \u2060Zap\u0142a\u0107 wpisowe na dowolny turniej WSOP za po\u015brednictwem Luxon Pay przed 30 czerwca Regulamin 1.\u2060 \u2060U\u017cytkownicy musz\u0105 zakupi\u0107 bilet za po\u015brednictwem aplikacji WSOP+ i dokona\u0107 p\u0142atno\u015bci za pomoc\u0105 Luxon Pay, aby spe\u0142ni\u0107 warunki promocji. 2.\u2060 \u2060U\u017cytkownicy musz\u0105 \u015bledzi\u0107 Luxon Pay na X i<a class=\"excerpt-read-more\" href=\"https:\/\/luxon.com\/pl\/win-a-free-10000-wsop-main-event-seat-in-our-exclusive-giveaway\/\" title=\"ReadWygraj darmowe miejsce w Turnieju G\u0142\u00f3wnym WSOP o warto\u015bci 10 000 $ w naszym ekskluzywnym konkursie\">&#8230; Read more &raquo;<\/a><\/p>\n","protected":false},"author":5,"featured_media":29581,"parent":0,"menu_order":0,"comment_status":"closed","ping_status":"closed","template":"templates\/block-template.php","meta":{"_acf_changed":false,"footnotes":""},"class_list":["post-29832","page","type-page","status-publish","has-post-thumbnail","hentry"],"acf":[],"yoast_head":"<!-- This site is optimized with the Yoast SEO plugin v27.1.1 - https:\/\/yoast.com\/product\/yoast-seo-wordpress\/ -->\n<title>Wygraj darmowe miejsce w Turnieju G\u0142\u00f3wnym WSOP o warto\u015bci 10 000 $ w naszym ekskluzywnym konkursie - Luxon Pay<\/title>\n<meta name=\"robots\" content=\"index, follow, max-snippet:-1, max-image-preview:large, max-video-preview:-1\" \/>\n<link rel=\"canonical\" href=\"https:\/\/luxon.com\/pl\/win-a-free-10000-wsop-main-event-seat-in-our-exclusive-giveaway\/\" \/>\n<meta property=\"og:locale\" content=\"pl_PL\" \/>\n<meta property=\"og:type\" content=\"article\" \/>\n<meta property=\"og:title\" content=\"Wygraj darmowe miejsce w Turnieju G\u0142\u00f3wnym WSOP o warto\u015bci 10 000 $ w naszym ekskluzywnym konkursie - Luxon Pay\" \/>\n<meta property=\"og:description\" content=\"\u2060 \u2060\u015aled\u017a Luxon Pay na X \u2060 \u2060Udost\u0119pnij post na X \u2060 \u2060Zap\u0142a\u0107 wpisowe na dowolny turniej WSOP za po\u015brednictwem Luxon Pay przed 30 czerwca Regulamin 1.\u2060 \u2060U\u017cytkownicy musz\u0105 zakupi\u0107 bilet za po\u015brednictwem aplikacji WSOP+ i dokona\u0107 p\u0142atno\u015bci za pomoc\u0105 Luxon Pay, aby spe\u0142ni\u0107 warunki promocji. 2.\u2060 \u2060U\u017cytkownicy musz\u0105 \u015bledzi\u0107 Luxon Pay na X i... Read more &raquo;\" \/>\n<meta property=\"og:url\" content=\"https:\/\/luxon.com\/pl\/win-a-free-10000-wsop-main-event-seat-in-our-exclusive-giveaway\/\" \/>\n<meta property=\"og:site_name\" content=\"Luxon Pay\" \/>\n<meta property=\"article:modified_time\" content=\"2025-05-26T20:34:13+00:00\" \/>\n<meta property=\"og:image\" content=\"https:\/\/luxon.com\/wp-content\/uploads\/Luxon-website-banner-image.png\" \/>\n\t<meta property=\"og:image:width\" content=\"404\" \/>\n\t<meta property=\"og:image:height\" content=\"640\" \/>\n\t<meta property=\"og:image:type\" content=\"image\/png\" \/>\n<meta name=\"twitter:card\" content=\"summary_large_image\" \/>\n<meta name=\"twitter:label1\" content=\"Szacowany czas czytania\" \/>\n\t<meta name=\"twitter:data1\" content=\"1 minuta\" \/>\n<script type=\"application\/ld+json\" class=\"yoast-schema-graph\">{\"@context\":\"https:\/\/schema.org\",\"@graph\":[{\"@type\":\"WebPage\",\"@id\":\"https:\/\/luxon.com\/pl\/win-a-free-10000-wsop-main-event-seat-in-our-exclusive-giveaway\/\",\"url\":\"https:\/\/luxon.com\/pl\/win-a-free-10000-wsop-main-event-seat-in-our-exclusive-giveaway\/\",\"name\":\"Wygraj darmowe miejsce w Turnieju G\u0142\u00f3wnym WSOP o warto\u015bci 10 000 $ w naszym ekskluzywnym konkursie - Luxon Pay\",\"isPartOf\":{\"@id\":\"https:\/\/luxon.com\/pl\/#website\"},\"primaryImageOfPage\":{\"@id\":\"https:\/\/luxon.com\/pl\/win-a-free-10000-wsop-main-event-seat-in-our-exclusive-giveaway\/#primaryimage\"},\"image\":{\"@id\":\"https:\/\/luxon.com\/pl\/win-a-free-10000-wsop-main-event-seat-in-our-exclusive-giveaway\/#primaryimage\"},\"thumbnailUrl\":\"https:\/\/luxon.com\/wp-content\/uploads\/Luxon-website-banner-image.png\",\"datePublished\":\"2025-05-22T14:37:46+00:00\",\"dateModified\":\"2025-05-26T20:34:13+00:00\",\"inLanguage\":\"pl-PL\",\"potentialAction\":[{\"@type\":\"ReadAction\",\"target\":[\"https:\/\/luxon.com\/pl\/win-a-free-10000-wsop-main-event-seat-in-our-exclusive-giveaway\/\"]}]},{\"@type\":\"ImageObject\",\"inLanguage\":\"pl-PL\",\"@id\":\"https:\/\/luxon.com\/pl\/win-a-free-10000-wsop-main-event-seat-in-our-exclusive-giveaway\/#primaryimage\",\"url\":\"https:\/\/luxon.com\/wp-content\/uploads\/Luxon-website-banner-image.png\",\"contentUrl\":\"https:\/\/luxon.com\/wp-content\/uploads\/Luxon-website-banner-image.png\",\"width\":404,\"height\":640},{\"@type\":\"WebSite\",\"@id\":\"https:\/\/luxon.com\/pl\/#website\",\"url\":\"https:\/\/luxon.com\/pl\/\",\"name\":\"Luxon Pay\",\"description\":\"Instant secure global payments\",\"publisher\":{\"@id\":\"https:\/\/luxon.com\/pl\/#organization\"},\"potentialAction\":[{\"@type\":\"SearchAction\",\"target\":{\"@type\":\"EntryPoint\",\"urlTemplate\":\"https:\/\/luxon.com\/pl\/?s={search_term_string}\"},\"query-input\":{\"@type\":\"PropertyValueSpecification\",\"valueRequired\":true,\"valueName\":\"search_term_string\"}}],\"inLanguage\":\"pl-PL\"},{\"@type\":\"Organization\",\"@id\":\"https:\/\/luxon.com\/pl\/#organization\",\"name\":\"Luxon Pay\",\"url\":\"https:\/\/luxon.com\/pl\/\",\"logo\":{\"@type\":\"ImageObject\",\"inLanguage\":\"pl-PL\",\"@id\":\"https:\/\/luxon.com\/pl\/#\/schema\/logo\/image\/\",\"url\":\"https:\/\/luxon.com\/wp-content\/uploads\/WebsiteImage04.png\",\"contentUrl\":\"https:\/\/luxon.com\/wp-content\/uploads\/WebsiteImage04.png\",\"width\":1200,\"height\":630,\"caption\":\"Luxon Pay\"},\"image\":{\"@id\":\"https:\/\/luxon.com\/pl\/#\/schema\/logo\/image\/\"}}]}<\/script>\n<!-- \/ Yoast SEO plugin. -->","yoast_head_json":{"title":"Wygraj darmowe miejsce w Turnieju G\u0142\u00f3wnym WSOP o warto\u015bci 10 000 $ w naszym ekskluzywnym konkursie - Luxon Pay","robots":{"index":"index","follow":"follow","max-snippet":"max-snippet:-1","max-image-preview":"max-image-preview:large","max-video-preview":"max-video-preview:-1"},"canonical":"https:\/\/luxon.com\/pl\/win-a-free-10000-wsop-main-event-seat-in-our-exclusive-giveaway\/","og_locale":"pl_PL","og_type":"article","og_title":"Wygraj darmowe miejsce w Turnieju G\u0142\u00f3wnym WSOP o warto\u015bci 10 000 $ w naszym ekskluzywnym konkursie - Luxon Pay","og_description":"\u2060 \u2060\u015aled\u017a Luxon Pay na X \u2060 \u2060Udost\u0119pnij post na X \u2060 \u2060Zap\u0142a\u0107 wpisowe na dowolny turniej WSOP za po\u015brednictwem Luxon Pay przed 30 czerwca Regulamin 1.\u2060 \u2060U\u017cytkownicy musz\u0105 zakupi\u0107 bilet za po\u015brednictwem aplikacji WSOP+ i dokona\u0107 p\u0142atno\u015bci za pomoc\u0105 Luxon Pay, aby spe\u0142ni\u0107 warunki promocji. 2.\u2060 \u2060U\u017cytkownicy musz\u0105 \u015bledzi\u0107 Luxon Pay na X i... Read more &raquo;","og_url":"https:\/\/luxon.com\/pl\/win-a-free-10000-wsop-main-event-seat-in-our-exclusive-giveaway\/","og_site_name":"Luxon Pay","article_modified_time":"2025-05-26T20:34:13+00:00","og_image":[{"width":404,"height":640,"url":"https:\/\/luxon.com\/wp-content\/uploads\/Luxon-website-banner-image.png","type":"image\/png"}],"twitter_card":"summary_large_image","twitter_misc":{"Szacowany czas czytania":"1 minuta"},"schema":{"@context":"https:\/\/schema.org","@graph":[{"@type":"WebPage","@id":"https:\/\/luxon.com\/pl\/win-a-free-10000-wsop-main-event-seat-in-our-exclusive-giveaway\/","url":"https:\/\/luxon.com\/pl\/win-a-free-10000-wsop-main-event-seat-in-our-exclusive-giveaway\/","name":"Wygraj darmowe miejsce w Turnieju G\u0142\u00f3wnym WSOP o warto\u015bci 10 000 $ w naszym ekskluzywnym konkursie - Luxon Pay","isPartOf":{"@id":"https:\/\/luxon.com\/pl\/#website"},"primaryImageOfPage":{"@id":"https:\/\/luxon.com\/pl\/win-a-free-10000-wsop-main-event-seat-in-our-exclusive-giveaway\/#primaryimage"},"image":{"@id":"https:\/\/luxon.com\/pl\/win-a-free-10000-wsop-main-event-seat-in-our-exclusive-giveaway\/#primaryimage"},"thumbnailUrl":"https:\/\/luxon.com\/wp-content\/uploads\/Luxon-website-banner-image.png","datePublished":"2025-05-22T14:37:46+00:00","dateModified":"2025-05-26T20:34:13+00:00","inLanguage":"pl-PL","potentialAction":[{"@type":"ReadAction","target":["https:\/\/luxon.com\/pl\/win-a-free-10000-wsop-main-event-seat-in-our-exclusive-giveaway\/"]}]},{"@type":"ImageObject","inLanguage":"pl-PL","@id":"https:\/\/luxon.com\/pl\/win-a-free-10000-wsop-main-event-seat-in-our-exclusive-giveaway\/#primaryimage","url":"https:\/\/luxon.com\/wp-content\/uploads\/Luxon-website-banner-image.png","contentUrl":"https:\/\/luxon.com\/wp-content\/uploads\/Luxon-website-banner-image.png","width":404,"height":640},{"@type":"WebSite","@id":"https:\/\/luxon.com\/pl\/#website","url":"https:\/\/luxon.com\/pl\/","name":"Luxon Pay","description":"Instant secure global payments","publisher":{"@id":"https:\/\/luxon.com\/pl\/#organization"},"potentialAction":[{"@type":"SearchAction","target":{"@type":"EntryPoint","urlTemplate":"https:\/\/luxon.com\/pl\/?s={search_term_string}"},"query-input":{"@type":"PropertyValueSpecification","valueRequired":true,"valueName":"search_term_string"}}],"inLanguage":"pl-PL"},{"@type":"Organization","@id":"https:\/\/luxon.com\/pl\/#organization","name":"Luxon Pay","url":"https:\/\/luxon.com\/pl\/","logo":{"@type":"ImageObject","inLanguage":"pl-PL","@id":"https:\/\/luxon.com\/pl\/#\/schema\/logo\/image\/","url":"https:\/\/luxon.com\/wp-content\/uploads\/WebsiteImage04.png","contentUrl":"https:\/\/luxon.com\/wp-content\/uploads\/WebsiteImage04.png","width":1200,"height":630,"caption":"Luxon Pay"},"image":{"@id":"https:\/\/luxon.com\/pl\/#\/schema\/logo\/image\/"}}]}},"_links":{"self":[{"href":"https:\/\/luxon.com\/pl\/wp-json\/wp\/v2\/pages\/29832","targetHints":{"allow":["GET"]}}],"collection":[{"href":"https:\/\/luxon.com\/pl\/wp-json\/wp\/v2\/pages"}],"about":[{"href":"https:\/\/luxon.com\/pl\/wp-json\/wp\/v2\/types\/page"}],"author":[{"embeddable":true,"href":"https:\/\/luxon.com\/pl\/wp-json\/wp\/v2\/users\/5"}],"replies":[{"embeddable":true,"href":"https:\/\/luxon.com\/pl\/wp-json\/wp\/v2\/comments?post=29832"}],"version-history":[{"count":2,"href":"https:\/\/luxon.com\/pl\/wp-json\/wp\/v2\/pages\/29832\/revisions"}],"predecessor-version":[{"id":29834,"href":"https:\/\/luxon.com\/pl\/wp-json\/wp\/v2\/pages\/29832\/revisions\/29834"}],"wp:featuredmedia":[{"embeddable":true,"href":"https:\/\/luxon.com\/pl\/wp-json\/wp\/v2\/media\/29581"}],"wp:attachment":[{"href":"https:\/\/luxon.com\/pl\/wp-json\/wp\/v2\/media?parent=29832"}],"curies":[{"name":"wp","href":"https:\/\/api.w.org\/{rel}","templated":true}]}}