{"id":30614,"date":"2025-01-16T10:31:45","date_gmt":"2025-01-16T10:31:45","guid":{"rendered":"https:\/\/luxon.com\/business\/"},"modified":"2026-03-26T10:47:51","modified_gmt":"2026-03-26T10:47:51","slug":"business","status":"publish","type":"page","link":"https:\/\/luxon.com\/pl\/business\/","title":{"rendered":"P\u0142ynna globalna bankowo\u015b\u0107 biznesowa"},"content":{"rendered":"<div>\n<p><span lang=\"PL\">Dzi\u0119ki naszym kontom biznesowym mo\u017cesz usprawni\u0107 p\u0142atno\u015bci i dotrze\u0107 do nowych klient\u00f3w dzi\u0119ki kontu wielowalutowemu \u2013 wszystko to na jednej platformie.<\/span><\/p>\n<p>&nbsp;<\/p>\n<\/div>\n","protected":false},"excerpt":{"rendered":"<p>Dzi\u0119ki naszym kontom biznesowym mo\u017cesz usprawni\u0107 p\u0142atno\u015bci i dotrze\u0107 do nowych klient\u00f3w dzi\u0119ki kontu wielowalutowemu \u2013 wszystko to na jednej platformie. &nbsp;<\/p>\n","protected":false},"author":2,"featured_media":27888,"parent":0,"menu_order":0,"comment_status":"closed","ping_status":"closed","template":"templates\/block-template.php","meta":{"_acf_changed":false,"footnotes":""},"class_list":["post-30614","page","type-page","status-publish","has-post-thumbnail","hentry"],"acf":[],"yoast_head":"<!-- This site is optimized with the Yoast SEO plugin v27.1.1 - https:\/\/yoast.com\/product\/yoast-seo-wordpress\/ -->\n<title>P\u0142ynna globalna bankowo\u015b\u0107 biznesowa - Luxon Pay<\/title>\n<meta name=\"robots\" content=\"index, follow, max-snippet:-1, max-image-preview:large, max-video-preview:-1\" \/>\n<link rel=\"canonical\" href=\"https:\/\/luxon.com\/pl\/business\/\" \/>\n<meta property=\"og:locale\" content=\"pl_PL\" \/>\n<meta property=\"og:type\" content=\"article\" \/>\n<meta property=\"og:title\" content=\"P\u0142ynna globalna bankowo\u015b\u0107 biznesowa - Luxon Pay\" \/>\n<meta property=\"og:description\" content=\"Dzi\u0119ki naszym kontom biznesowym mo\u017cesz usprawni\u0107 p\u0142atno\u015bci i dotrze\u0107 do nowych klient\u00f3w dzi\u0119ki kontu wielowalutowemu \u2013 wszystko to na jednej platformie. &nbsp;\" \/>\n<meta property=\"og:url\" content=\"https:\/\/luxon.com\/pl\/business\/\" \/>\n<meta property=\"og:site_name\" content=\"Luxon Pay\" \/>\n<meta property=\"article:modified_time\" content=\"2026-03-26T10:47:51+00:00\" \/>\n<meta property=\"og:image\" content=\"https:\/\/luxon.com\/wp-content\/uploads\/remove-shadow.png\" \/>\n\t<meta property=\"og:image:width\" content=\"734\" \/>\n\t<meta property=\"og:image:height\" content=\"666\" \/>\n\t<meta property=\"og:image:type\" content=\"image\/png\" \/>\n<meta name=\"twitter:card\" content=\"summary_large_image\" \/>\n<meta name=\"twitter:label1\" content=\"Szacowany czas czytania\" \/>\n\t<meta name=\"twitter:data1\" content=\"1 minuta\" \/>\n<script type=\"application\/ld+json\" class=\"yoast-schema-graph\">{\"@context\":\"https:\/\/schema.org\",\"@graph\":[{\"@type\":\"WebPage\",\"@id\":\"https:\/\/luxon.com\/pl\/business\/\",\"url\":\"https:\/\/luxon.com\/pl\/business\/\",\"name\":\"P\u0142ynna globalna bankowo\u015b\u0107 biznesowa - Luxon Pay\",\"isPartOf\":{\"@id\":\"https:\/\/luxon.com\/pl\/#website\"},\"primaryImageOfPage\":{\"@id\":\"https:\/\/luxon.com\/pl\/business\/#primaryimage\"},\"image\":{\"@id\":\"https:\/\/luxon.com\/pl\/business\/#primaryimage\"},\"thumbnailUrl\":\"https:\/\/luxon.com\/wp-content\/uploads\/remove-shadow.png\",\"datePublished\":\"2025-01-16T10:31:45+00:00\",\"dateModified\":\"2026-03-26T10:47:51+00:00\",\"inLanguage\":\"pl-PL\",\"potentialAction\":[{\"@type\":\"ReadAction\",\"target\":[\"https:\/\/luxon.com\/pl\/business\/\"]}]},{\"@type\":\"ImageObject\",\"inLanguage\":\"pl-PL\",\"@id\":\"https:\/\/luxon.com\/pl\/business\/#primaryimage\",\"url\":\"https:\/\/luxon.com\/wp-content\/uploads\/remove-shadow.png\",\"contentUrl\":\"https:\/\/luxon.com\/wp-content\/uploads\/remove-shadow.png\",\"width\":734,\"height\":666},{\"@type\":\"WebSite\",\"@id\":\"https:\/\/luxon.com\/pl\/#website\",\"url\":\"https:\/\/luxon.com\/pl\/\",\"name\":\"Luxon Pay\",\"description\":\"Instant secure global payments\",\"publisher\":{\"@id\":\"https:\/\/luxon.com\/pl\/#organization\"},\"potentialAction\":[{\"@type\":\"SearchAction\",\"target\":{\"@type\":\"EntryPoint\",\"urlTemplate\":\"https:\/\/luxon.com\/pl\/?s={search_term_string}\"},\"query-input\":{\"@type\":\"PropertyValueSpecification\",\"valueRequired\":true,\"valueName\":\"search_term_string\"}}],\"inLanguage\":\"pl-PL\"},{\"@type\":\"Organization\",\"@id\":\"https:\/\/luxon.com\/pl\/#organization\",\"name\":\"Luxon Pay\",\"url\":\"https:\/\/luxon.com\/pl\/\",\"logo\":{\"@type\":\"ImageObject\",\"inLanguage\":\"pl-PL\",\"@id\":\"https:\/\/luxon.com\/pl\/#\/schema\/logo\/image\/\",\"url\":\"https:\/\/luxon.com\/wp-content\/uploads\/WebsiteImage04.png\",\"contentUrl\":\"https:\/\/luxon.com\/wp-content\/uploads\/WebsiteImage04.png\",\"width\":1200,\"height\":630,\"caption\":\"Luxon Pay\"},\"image\":{\"@id\":\"https:\/\/luxon.com\/pl\/#\/schema\/logo\/image\/\"}}]}<\/script>\n<!-- \/ Yoast SEO plugin. -->","yoast_head_json":{"title":"P\u0142ynna globalna bankowo\u015b\u0107 biznesowa - Luxon Pay","robots":{"index":"index","follow":"follow","max-snippet":"max-snippet:-1","max-image-preview":"max-image-preview:large","max-video-preview":"max-video-preview:-1"},"canonical":"https:\/\/luxon.com\/pl\/business\/","og_locale":"pl_PL","og_type":"article","og_title":"P\u0142ynna globalna bankowo\u015b\u0107 biznesowa - Luxon Pay","og_description":"Dzi\u0119ki naszym kontom biznesowym mo\u017cesz usprawni\u0107 p\u0142atno\u015bci i dotrze\u0107 do nowych klient\u00f3w dzi\u0119ki kontu wielowalutowemu \u2013 wszystko to na jednej platformie. &nbsp;","og_url":"https:\/\/luxon.com\/pl\/business\/","og_site_name":"Luxon Pay","article_modified_time":"2026-03-26T10:47:51+00:00","og_image":[{"width":734,"height":666,"url":"https:\/\/luxon.com\/wp-content\/uploads\/remove-shadow.png","type":"image\/png"}],"twitter_card":"summary_large_image","twitter_misc":{"Szacowany czas czytania":"1 minuta"},"schema":{"@context":"https:\/\/schema.org","@graph":[{"@type":"WebPage","@id":"https:\/\/luxon.com\/pl\/business\/","url":"https:\/\/luxon.com\/pl\/business\/","name":"P\u0142ynna globalna bankowo\u015b\u0107 biznesowa - Luxon Pay","isPartOf":{"@id":"https:\/\/luxon.com\/pl\/#website"},"primaryImageOfPage":{"@id":"https:\/\/luxon.com\/pl\/business\/#primaryimage"},"image":{"@id":"https:\/\/luxon.com\/pl\/business\/#primaryimage"},"thumbnailUrl":"https:\/\/luxon.com\/wp-content\/uploads\/remove-shadow.png","datePublished":"2025-01-16T10:31:45+00:00","dateModified":"2026-03-26T10:47:51+00:00","inLanguage":"pl-PL","potentialAction":[{"@type":"ReadAction","target":["https:\/\/luxon.com\/pl\/business\/"]}]},{"@type":"ImageObject","inLanguage":"pl-PL","@id":"https:\/\/luxon.com\/pl\/business\/#primaryimage","url":"https:\/\/luxon.com\/wp-content\/uploads\/remove-shadow.png","contentUrl":"https:\/\/luxon.com\/wp-content\/uploads\/remove-shadow.png","width":734,"height":666},{"@type":"WebSite","@id":"https:\/\/luxon.com\/pl\/#website","url":"https:\/\/luxon.com\/pl\/","name":"Luxon Pay","description":"Instant secure global payments","publisher":{"@id":"https:\/\/luxon.com\/pl\/#organization"},"potentialAction":[{"@type":"SearchAction","target":{"@type":"EntryPoint","urlTemplate":"https:\/\/luxon.com\/pl\/?s={search_term_string}"},"query-input":{"@type":"PropertyValueSpecification","valueRequired":true,"valueName":"search_term_string"}}],"inLanguage":"pl-PL"},{"@type":"Organization","@id":"https:\/\/luxon.com\/pl\/#organization","name":"Luxon Pay","url":"https:\/\/luxon.com\/pl\/","logo":{"@type":"ImageObject","inLanguage":"pl-PL","@id":"https:\/\/luxon.com\/pl\/#\/schema\/logo\/image\/","url":"https:\/\/luxon.com\/wp-content\/uploads\/WebsiteImage04.png","contentUrl":"https:\/\/luxon.com\/wp-content\/uploads\/WebsiteImage04.png","width":1200,"height":630,"caption":"Luxon Pay"},"image":{"@id":"https:\/\/luxon.com\/pl\/#\/schema\/logo\/image\/"}}]}},"_links":{"self":[{"href":"https:\/\/luxon.com\/pl\/wp-json\/wp\/v2\/pages\/30614","targetHints":{"allow":["GET"]}}],"collection":[{"href":"https:\/\/luxon.com\/pl\/wp-json\/wp\/v2\/pages"}],"about":[{"href":"https:\/\/luxon.com\/pl\/wp-json\/wp\/v2\/types\/page"}],"author":[{"embeddable":true,"href":"https:\/\/luxon.com\/pl\/wp-json\/wp\/v2\/users\/2"}],"replies":[{"embeddable":true,"href":"https:\/\/luxon.com\/pl\/wp-json\/wp\/v2\/comments?post=30614"}],"version-history":[{"count":4,"href":"https:\/\/luxon.com\/pl\/wp-json\/wp\/v2\/pages\/30614\/revisions"}],"predecessor-version":[{"id":34531,"href":"https:\/\/luxon.com\/pl\/wp-json\/wp\/v2\/pages\/30614\/revisions\/34531"}],"wp:featuredmedia":[{"embeddable":true,"href":"https:\/\/luxon.com\/pl\/wp-json\/wp\/v2\/media\/27888"}],"wp:attachment":[{"href":"https:\/\/luxon.com\/pl\/wp-json\/wp\/v2\/media?parent=30614"}],"curies":[{"name":"wp","href":"https:\/\/api.w.org\/{rel}","templated":true}]}}