{"id":33381,"date":"2025-08-20T08:36:39","date_gmt":"2025-08-20T08:36:39","guid":{"rendered":"https:\/\/luxon.com\/luxon-pay-stone-cold-bubble-protection\/"},"modified":"2026-02-10T16:24:16","modified_gmt":"2026-02-10T16:24:16","slug":"luxon-pay-stone-cold-bubble-protection","status":"publish","type":"page","link":"https:\/\/luxon.com\/pl\/luxon-pay-stone-cold-bubble-protection\/","title":{"rendered":"Luxon Pay \u2013 Ochrona przed stone cold bubble"},"content":{"rendered":"<p data-start=\"180\" data-end=\"509\"><img loading=\"lazy\" decoding=\"async\" class=\"alignnone wp-image-31328\" src=\"https:\/\/luxon.com\/wp-content\/uploads\/LuxonBubbleProtectionBanner2-300x169.png\" alt=\"\" width=\"719\" height=\"405\" srcset=\"https:\/\/luxon.com\/wp-content\/uploads\/LuxonBubbleProtectionBanner2-300x169.png 300w, https:\/\/luxon.com\/wp-content\/uploads\/LuxonBubbleProtectionBanner2-1024x576.png 1024w, https:\/\/luxon.com\/wp-content\/uploads\/LuxonBubbleProtectionBanner2-768x432.png 768w, https:\/\/luxon.com\/wp-content\/uploads\/LuxonBubbleProtectionBanner2-1536x864.png 1536w, https:\/\/luxon.com\/wp-content\/uploads\/LuxonBubbleProtectionBanner2.png 1920w\" sizes=\"auto, (max-width: 719px) 100vw, 719px\" \/><\/p>\n<p>Nikt nie lubi odpa\u015b\u0107 z turnieju blisko wygranej, dlatego Luxon Pay zapewnia Ci wsparcie. Dzi\u0119ki naszej ochronie przed stone cold bubble, je\u015bli jeste\u015b ostatnim graczem, kt\u00f3ry odpad\u0142 z turnieju bez nagrody i zap\u0142aci\u0142e\u015b wpisowe za pomoc\u0105 Luxon Pay, zwr\u00f3cimy Ci pe\u0142n\u0105 kwot\u0119 wpisowego bezpo\u015brednio na konto Luxon.<\/p>\n<p>Regulamin:<br \/>\n1.\u2060 Warunki uzyskania promocji:<br \/>\n\u2022\u2060 Gracze musz\u0105 zrealizowa\u0107 wp\u0142at\u0119 wpisowego za pomoc\u0105 aplikacji Luxon Pay, aby kwalifikowa\u0107 si\u0119 do ochrony przed bubble.<br \/>\n\u2022\u2060 Aby ubiega\u0107 si\u0119 o ochron\u0119 przed bubble, gracz musi przynajmniej raz zarejestrowa\u0107 si\u0119 na turniej, korzystaj\u0105c z Luxon Pay.<br \/>\n\u2022\u2060 Ochrona przed bubble ma zastosowanie tylko do okre\u015blonych turniej\u00f3w, zgodnie z og\u0142oszeniem.<br \/>\n2.\u2060 Definicja ochrony przed bubble:<br \/>\n\u2022\u2060 Ochrona przed bubble gwarantuje zwrot kwoty wpisowego, je\u015bli gracz zako\u0144czy turniej na &#8222;bubble&#8221; (pierwsza pozycja poza p\u0142atnymi miejscami), pod warunkiem, \u017ce nie dosz\u0142o do porozumienia mi\u0119dzy graczami, lub podzia\u0142u ostatniej p\u0142atnej pozycji.<br \/>\n\u2022\u2060 \u2060Kwota zwrotu b\u0119dzie r\u00f3wna wpisowemu do turnieju, z wy\u0142\u0105czeniem wszelkich dodatkowych op\u0142at lub prowizji.<br \/>\n3.\u2060 Ubieganie si\u0119 o ochron\u0119 przed bubble:<br \/>\n\u2022\u2060 Ochrona przed bubble stosowana jest automatycznie gdy gracz rejestruje si\u0119 na turniej z u\u017cyciem Luxon Pay.<br \/>\n\u2022\u2060 \u2060Luxon Pay ustali to\u017csamo\u015b\u0107 gracza na bubble w porozumieniu z kasynem lub dyrektorem turnieju, polegaj\u0105c wy\u0142\u0105cznie na oficjalnym systemie turniejowym kasyna i danych osobowych gracza, kt\u00f3ry odpad\u0142 na bubble.<br \/>\n\u2022\u2060 Zwroty zostan\u0105 zrealizowane w ci\u0105gu 72 godzin roboczych od weryfikacji wynik\u00f3w turnieju.<br \/>\n4.\u2060 Ograniczenia i wy\u0142\u0105czenia:<br \/>\n\u2022\u2060 Ochrona przed bubble nie mo\u017ce zosta\u0107 przeniesiona na innego gracza ani wymieniona na got\u00f3wk\u0119.<br \/>\n\u2022\u2060 \u2060W przypadku sporu dotycz\u0105cego pozycji bubble, decyzja Luxon Pay b\u0119dzie ostateczna. *<br \/>\n\u2022\u2060 Ochrona przez bubble obejmuje wy\u0142\u0105cznie jedno wpisowe do turnieju, bez \u017cadnych dodatk\u00f3w.<br \/>\n5.\u2060 Warunki og\u00f3lne:<br \/>\n\u2022\u2060 \u2060Luxon Pay zastrzega sobie prawo do zmiany lub wycofania oferty w dowolnym momencie.<br \/>\n\u2022\u2060 \u2060Wszelkie oszustwa lub nadu\u017cycia spowoduj\u0105 dyskwalifikacj\u0119 z oferty.<br \/>\n\u2022\u2060 \u2060Bior\u0105c udzia\u0142 w tej ofercie, gracze zgadzaj\u0105 si\u0119 przestrzega\u0107 niniejszych warunk\u00f3w.<\/p>\n<p>\u2022\u2060 \u2060Oznacza to, \u017ce w przypadku jakichkolwiek nieporozumie\u0144 lub spor\u00f3w dotycz\u0105cych tego, czy gracz rzeczywi\u015bcie znajduje si\u0119 na &#8222;bubble&#8221; (na przyk\u0142ad z powodu niejasnego stanu turnieju lub spor\u00f3w dotycz\u0105cych transakcji\/podzia\u0142\u00f3w), ostateczn\u0105 decyzj\u0119 w tej sprawie podejmuje Luxon Pay.<\/p>\n<p>Klauzula ta pomaga chroni\u0107 Luxon Pay przed d\u0142ugotrwa\u0142ymi sporami lub odwo\u0142aniami graczy, kt\u00f3rzy mog\u0105 pr\u00f3bowa\u0107 zakwestionowa\u0107 decyzj\u0119, dzi\u0119ki czemu proces ten jest prostszy i bardziej efektywny.<\/p>\n","protected":false},"excerpt":{"rendered":"<p>Nikt nie lubi odpa\u015b\u0107 z turnieju blisko wygranej, dlatego Luxon Pay zapewnia Ci wsparcie. Dzi\u0119ki naszej ochronie przed stone cold bubble, je\u015bli jeste\u015b ostatnim graczem, kt\u00f3ry odpad\u0142 z turnieju bez nagrody i zap\u0142aci\u0142e\u015b wpisowe za pomoc\u0105 Luxon Pay, zwr\u00f3cimy Ci pe\u0142n\u0105 kwot\u0119 wpisowego bezpo\u015brednio na konto Luxon. Regulamin: 1.\u2060 Warunki uzyskania promocji: \u2022\u2060 Gracze musz\u0105<a class=\"excerpt-read-more\" href=\"https:\/\/luxon.com\/pl\/luxon-pay-stone-cold-bubble-protection\/\" title=\"ReadLuxon Pay \u2013 Ochrona przed stone cold bubble\">&#8230; Read more &raquo;<\/a><\/p>\n","protected":false},"author":9,"featured_media":31318,"parent":0,"menu_order":0,"comment_status":"closed","ping_status":"closed","template":"template-full-width.php","meta":{"_acf_changed":false,"footnotes":""},"class_list":["post-33381","page","type-page","status-publish","has-post-thumbnail","hentry"],"acf":[],"yoast_head":"<!-- This site is optimized with the Yoast SEO plugin v27.1.1 - https:\/\/yoast.com\/product\/yoast-seo-wordpress\/ -->\n<title>Luxon Pay \u2013 Ochrona przed stone cold bubble - Luxon Pay<\/title>\n<meta name=\"robots\" content=\"index, follow, max-snippet:-1, max-image-preview:large, max-video-preview:-1\" \/>\n<link rel=\"canonical\" href=\"https:\/\/luxon.com\/pl\/luxon-pay-stone-cold-bubble-protection\/\" \/>\n<meta property=\"og:locale\" content=\"pl_PL\" \/>\n<meta property=\"og:type\" content=\"article\" \/>\n<meta property=\"og:title\" content=\"Luxon Pay \u2013 Ochrona przed stone cold bubble - Luxon Pay\" \/>\n<meta property=\"og:description\" content=\"Nikt nie lubi odpa\u015b\u0107 z turnieju blisko wygranej, dlatego Luxon Pay zapewnia Ci wsparcie. Dzi\u0119ki naszej ochronie przed stone cold bubble, je\u015bli jeste\u015b ostatnim graczem, kt\u00f3ry odpad\u0142 z turnieju bez nagrody i zap\u0142aci\u0142e\u015b wpisowe za pomoc\u0105 Luxon Pay, zwr\u00f3cimy Ci pe\u0142n\u0105 kwot\u0119 wpisowego bezpo\u015brednio na konto Luxon. Regulamin: 1.\u2060 Warunki uzyskania promocji: \u2022\u2060 Gracze musz\u0105... Read more &raquo;\" \/>\n<meta property=\"og:url\" content=\"https:\/\/luxon.com\/pl\/luxon-pay-stone-cold-bubble-protection\/\" \/>\n<meta property=\"og:site_name\" content=\"Luxon Pay\" \/>\n<meta property=\"article:modified_time\" content=\"2026-02-10T16:24:16+00:00\" \/>\n<meta property=\"og:image\" content=\"https:\/\/luxon.com\/wp-content\/uploads\/LuxonBubbleProtectionBanner.jpeg\" \/>\n\t<meta property=\"og:image:width\" content=\"1920\" \/>\n\t<meta property=\"og:image:height\" content=\"1080\" \/>\n\t<meta property=\"og:image:type\" content=\"image\/jpeg\" \/>\n<meta name=\"twitter:card\" content=\"summary_large_image\" \/>\n<meta name=\"twitter:label1\" content=\"Szacowany czas czytania\" \/>\n\t<meta name=\"twitter:data1\" content=\"3 minuty\" \/>\n<script type=\"application\/ld+json\" class=\"yoast-schema-graph\">{\"@context\":\"https:\/\/schema.org\",\"@graph\":[{\"@type\":\"WebPage\",\"@id\":\"https:\/\/luxon.com\/pl\/luxon-pay-stone-cold-bubble-protection\/\",\"url\":\"https:\/\/luxon.com\/pl\/luxon-pay-stone-cold-bubble-protection\/\",\"name\":\"Luxon Pay \u2013 Ochrona przed stone cold bubble - Luxon Pay\",\"isPartOf\":{\"@id\":\"https:\/\/luxon.com\/pl\/#website\"},\"primaryImageOfPage\":{\"@id\":\"https:\/\/luxon.com\/pl\/luxon-pay-stone-cold-bubble-protection\/#primaryimage\"},\"image\":{\"@id\":\"https:\/\/luxon.com\/pl\/luxon-pay-stone-cold-bubble-protection\/#primaryimage\"},\"thumbnailUrl\":\"https:\/\/luxon.com\/wp-content\/uploads\/LuxonBubbleProtectionBanner.jpeg\",\"datePublished\":\"2025-08-20T08:36:39+00:00\",\"dateModified\":\"2026-02-10T16:24:16+00:00\",\"inLanguage\":\"pl-PL\",\"potentialAction\":[{\"@type\":\"ReadAction\",\"target\":[\"https:\/\/luxon.com\/pl\/luxon-pay-stone-cold-bubble-protection\/\"]}]},{\"@type\":\"ImageObject\",\"inLanguage\":\"pl-PL\",\"@id\":\"https:\/\/luxon.com\/pl\/luxon-pay-stone-cold-bubble-protection\/#primaryimage\",\"url\":\"https:\/\/luxon.com\/wp-content\/uploads\/LuxonBubbleProtectionBanner.jpeg\",\"contentUrl\":\"https:\/\/luxon.com\/wp-content\/uploads\/LuxonBubbleProtectionBanner.jpeg\",\"width\":1920,\"height\":1080},{\"@type\":\"WebSite\",\"@id\":\"https:\/\/luxon.com\/pl\/#website\",\"url\":\"https:\/\/luxon.com\/pl\/\",\"name\":\"Luxon Pay\",\"description\":\"Instant secure global payments\",\"publisher\":{\"@id\":\"https:\/\/luxon.com\/pl\/#organization\"},\"potentialAction\":[{\"@type\":\"SearchAction\",\"target\":{\"@type\":\"EntryPoint\",\"urlTemplate\":\"https:\/\/luxon.com\/pl\/?s={search_term_string}\"},\"query-input\":{\"@type\":\"PropertyValueSpecification\",\"valueRequired\":true,\"valueName\":\"search_term_string\"}}],\"inLanguage\":\"pl-PL\"},{\"@type\":\"Organization\",\"@id\":\"https:\/\/luxon.com\/pl\/#organization\",\"name\":\"Luxon Pay\",\"url\":\"https:\/\/luxon.com\/pl\/\",\"logo\":{\"@type\":\"ImageObject\",\"inLanguage\":\"pl-PL\",\"@id\":\"https:\/\/luxon.com\/pl\/#\/schema\/logo\/image\/\",\"url\":\"https:\/\/luxon.com\/wp-content\/uploads\/WebsiteImage04.png\",\"contentUrl\":\"https:\/\/luxon.com\/wp-content\/uploads\/WebsiteImage04.png\",\"width\":1200,\"height\":630,\"caption\":\"Luxon Pay\"},\"image\":{\"@id\":\"https:\/\/luxon.com\/pl\/#\/schema\/logo\/image\/\"}}]}<\/script>\n<!-- \/ Yoast SEO plugin. -->","yoast_head_json":{"title":"Luxon Pay \u2013 Ochrona przed stone cold bubble - Luxon Pay","robots":{"index":"index","follow":"follow","max-snippet":"max-snippet:-1","max-image-preview":"max-image-preview:large","max-video-preview":"max-video-preview:-1"},"canonical":"https:\/\/luxon.com\/pl\/luxon-pay-stone-cold-bubble-protection\/","og_locale":"pl_PL","og_type":"article","og_title":"Luxon Pay \u2013 Ochrona przed stone cold bubble - Luxon Pay","og_description":"Nikt nie lubi odpa\u015b\u0107 z turnieju blisko wygranej, dlatego Luxon Pay zapewnia Ci wsparcie. Dzi\u0119ki naszej ochronie przed stone cold bubble, je\u015bli jeste\u015b ostatnim graczem, kt\u00f3ry odpad\u0142 z turnieju bez nagrody i zap\u0142aci\u0142e\u015b wpisowe za pomoc\u0105 Luxon Pay, zwr\u00f3cimy Ci pe\u0142n\u0105 kwot\u0119 wpisowego bezpo\u015brednio na konto Luxon. Regulamin: 1.\u2060 Warunki uzyskania promocji: \u2022\u2060 Gracze musz\u0105... Read more &raquo;","og_url":"https:\/\/luxon.com\/pl\/luxon-pay-stone-cold-bubble-protection\/","og_site_name":"Luxon Pay","article_modified_time":"2026-02-10T16:24:16+00:00","og_image":[{"width":1920,"height":1080,"url":"https:\/\/luxon.com\/wp-content\/uploads\/LuxonBubbleProtectionBanner.jpeg","type":"image\/jpeg"}],"twitter_card":"summary_large_image","twitter_misc":{"Szacowany czas czytania":"3 minuty"},"schema":{"@context":"https:\/\/schema.org","@graph":[{"@type":"WebPage","@id":"https:\/\/luxon.com\/pl\/luxon-pay-stone-cold-bubble-protection\/","url":"https:\/\/luxon.com\/pl\/luxon-pay-stone-cold-bubble-protection\/","name":"Luxon Pay \u2013 Ochrona przed stone cold bubble - Luxon Pay","isPartOf":{"@id":"https:\/\/luxon.com\/pl\/#website"},"primaryImageOfPage":{"@id":"https:\/\/luxon.com\/pl\/luxon-pay-stone-cold-bubble-protection\/#primaryimage"},"image":{"@id":"https:\/\/luxon.com\/pl\/luxon-pay-stone-cold-bubble-protection\/#primaryimage"},"thumbnailUrl":"https:\/\/luxon.com\/wp-content\/uploads\/LuxonBubbleProtectionBanner.jpeg","datePublished":"2025-08-20T08:36:39+00:00","dateModified":"2026-02-10T16:24:16+00:00","inLanguage":"pl-PL","potentialAction":[{"@type":"ReadAction","target":["https:\/\/luxon.com\/pl\/luxon-pay-stone-cold-bubble-protection\/"]}]},{"@type":"ImageObject","inLanguage":"pl-PL","@id":"https:\/\/luxon.com\/pl\/luxon-pay-stone-cold-bubble-protection\/#primaryimage","url":"https:\/\/luxon.com\/wp-content\/uploads\/LuxonBubbleProtectionBanner.jpeg","contentUrl":"https:\/\/luxon.com\/wp-content\/uploads\/LuxonBubbleProtectionBanner.jpeg","width":1920,"height":1080},{"@type":"WebSite","@id":"https:\/\/luxon.com\/pl\/#website","url":"https:\/\/luxon.com\/pl\/","name":"Luxon Pay","description":"Instant secure global payments","publisher":{"@id":"https:\/\/luxon.com\/pl\/#organization"},"potentialAction":[{"@type":"SearchAction","target":{"@type":"EntryPoint","urlTemplate":"https:\/\/luxon.com\/pl\/?s={search_term_string}"},"query-input":{"@type":"PropertyValueSpecification","valueRequired":true,"valueName":"search_term_string"}}],"inLanguage":"pl-PL"},{"@type":"Organization","@id":"https:\/\/luxon.com\/pl\/#organization","name":"Luxon Pay","url":"https:\/\/luxon.com\/pl\/","logo":{"@type":"ImageObject","inLanguage":"pl-PL","@id":"https:\/\/luxon.com\/pl\/#\/schema\/logo\/image\/","url":"https:\/\/luxon.com\/wp-content\/uploads\/WebsiteImage04.png","contentUrl":"https:\/\/luxon.com\/wp-content\/uploads\/WebsiteImage04.png","width":1200,"height":630,"caption":"Luxon Pay"},"image":{"@id":"https:\/\/luxon.com\/pl\/#\/schema\/logo\/image\/"}}]}},"_links":{"self":[{"href":"https:\/\/luxon.com\/pl\/wp-json\/wp\/v2\/pages\/33381","targetHints":{"allow":["GET"]}}],"collection":[{"href":"https:\/\/luxon.com\/pl\/wp-json\/wp\/v2\/pages"}],"about":[{"href":"https:\/\/luxon.com\/pl\/wp-json\/wp\/v2\/types\/page"}],"author":[{"embeddable":true,"href":"https:\/\/luxon.com\/pl\/wp-json\/wp\/v2\/users\/9"}],"replies":[{"embeddable":true,"href":"https:\/\/luxon.com\/pl\/wp-json\/wp\/v2\/comments?post=33381"}],"version-history":[{"count":1,"href":"https:\/\/luxon.com\/pl\/wp-json\/wp\/v2\/pages\/33381\/revisions"}],"predecessor-version":[{"id":33382,"href":"https:\/\/luxon.com\/pl\/wp-json\/wp\/v2\/pages\/33381\/revisions\/33382"}],"wp:featuredmedia":[{"embeddable":true,"href":"https:\/\/luxon.com\/pl\/wp-json\/wp\/v2\/media\/31318"}],"wp:attachment":[{"href":"https:\/\/luxon.com\/pl\/wp-json\/wp\/v2\/media?parent=33381"}],"curies":[{"name":"wp","href":"https:\/\/api.w.org\/{rel}","templated":true}]}}