{"id":33445,"date":"2026-02-17T20:00:32","date_gmt":"2026-02-17T20:00:32","guid":{"rendered":"https:\/\/luxon.com\/?page_id=33445"},"modified":"2026-02-17T16:43:25","modified_gmt":"2026-02-17T16:43:25","slug":"luxon-pay-wprowadza-zerowe-oplaty-za-wyplaty-dla-klientow","status":"publish","type":"page","link":"https:\/\/luxon.com\/pl\/luxon-pay-wprowadza-zerowe-oplaty-za-wyplaty-dla-klientow\/","title":{"rendered":"Luxon Pay wprowadza zerowe op\u0142aty za wyp\u0142aty dla klient\u00f3w"},"content":{"rendered":"<h3 style=\"text-align: center;\"><strong>Ja\u015bniejszy, bardziej przejrzysty spos\u00f3b na dost\u0119p do swoich pieni\u0119dzy.<\/strong><\/h3>\n<p>&nbsp;<\/p>\n<p>Powiedzieli\u015bcie nam, \u017ce op\u0142aty za wyp\u0142aty s\u0105 frustruj\u0105ce. Pos\u0142uchali\u015bmy.<\/p>\n<p>Klienci Luxon Pay mog\u0105 teraz wyp\u0142aca\u0107 \u015brodki bez op\u0142at za wyp\u0142aty w Luxon Pay, zyskuj\u0105c ja\u015bniejszy i bardziej przewidywalny dost\u0119p do swoich pieni\u0119dzy.<\/p>\n<p>Bo to Twoje pieni\u0105dze \u2013 nie nasze. Ta zmiana podkre\u015bla zobowi\u0105zanie Luxon Pay do przejrzysto\u015bci i pewno\u015bci w codziennych przep\u0142ywach pieni\u0119dzy, daj\u0105c Ci jasne oczekiwania przy wyp\u0142atach.<\/p>\n<p>Zbyt cz\u0119sto dost\u0119p do w\u0142asnych pieni\u0119dzy wi\u0105\u017ce si\u0119 z niepotrzebn\u0105 niepewno\u015bci\u0105 \u2014 niejasnymi op\u0142atami lub niespodziewanymi potr\u0105ceniami. Ta zmiana usuwa op\u0142aty za wyp\u0142aty w Luxon Pay i daje wi\u0119ksz\u0105 jasno\u015b\u0107 podczas wyp\u0142at \u015brodk\u00f3w.<\/p>\n<p>Przesy\u0142aj pieni\u0105dze z pewno\u015bci\u0105.<\/p>\n<p><img loading=\"lazy\" decoding=\"async\" class=\"alignnone size-full wp-image-33427\" src=\"https:\/\/luxon.com\/wp-content\/uploads\/Blog-Image_1600x900.png\" alt=\"\" width=\"1600\" height=\"900\" srcset=\"https:\/\/luxon.com\/wp-content\/uploads\/Blog-Image_1600x900.png 1600w, https:\/\/luxon.com\/wp-content\/uploads\/Blog-Image_1600x900-300x169.png 300w, https:\/\/luxon.com\/wp-content\/uploads\/Blog-Image_1600x900-1024x576.png 1024w, https:\/\/luxon.com\/wp-content\/uploads\/Blog-Image_1600x900-768x432.png 768w, https:\/\/luxon.com\/wp-content\/uploads\/Blog-Image_1600x900-1536x864.png 1536w\" sizes=\"auto, (max-width: 1600px) 100vw, 1600px\" \/><\/p>\n","protected":false},"excerpt":{"rendered":"<p>Ja\u015bniejszy, bardziej przejrzysty spos\u00f3b na dost\u0119p do swoich pieni\u0119dzy. &nbsp; Powiedzieli\u015bcie nam, \u017ce op\u0142aty za wyp\u0142aty s\u0105 frustruj\u0105ce. Pos\u0142uchali\u015bmy. Klienci Luxon Pay mog\u0105 teraz wyp\u0142aca\u0107 \u015brodki bez op\u0142at za wyp\u0142aty w Luxon Pay, zyskuj\u0105c ja\u015bniejszy i bardziej przewidywalny dost\u0119p do swoich pieni\u0119dzy. Bo to Twoje pieni\u0105dze \u2013 nie nasze. Ta zmiana podkre\u015bla zobowi\u0105zanie Luxon Pay<a class=\"excerpt-read-more\" href=\"https:\/\/luxon.com\/pl\/luxon-pay-wprowadza-zerowe-oplaty-za-wyplaty-dla-klientow\/\" title=\"ReadLuxon Pay wprowadza zerowe op\u0142aty za wyp\u0142aty dla klient\u00f3w\">&#8230; Read more &raquo;<\/a><\/p>\n","protected":false},"author":3,"featured_media":33427,"parent":0,"menu_order":0,"comment_status":"closed","ping_status":"closed","template":"templates\/terms-and-conditions.php","meta":{"_acf_changed":false,"footnotes":""},"class_list":["post-33445","page","type-page","status-publish","has-post-thumbnail","hentry"],"acf":[],"yoast_head":"<!-- This site is optimized with the Yoast SEO plugin v27.4 - https:\/\/yoast.com\/product\/yoast-seo-wordpress\/ -->\n<title>Luxon Pay wprowadza zerowe op\u0142aty za wyp\u0142aty dla klient\u00f3w - Luxon Pay<\/title>\n<meta name=\"robots\" content=\"index, follow, max-snippet:-1, max-image-preview:large, max-video-preview:-1\" \/>\n<link rel=\"canonical\" href=\"https:\/\/luxon.com\/pl\/luxon-pay-wprowadza-zerowe-oplaty-za-wyplaty-dla-klientow\/\" \/>\n<meta property=\"og:locale\" content=\"pl_PL\" \/>\n<meta property=\"og:type\" content=\"article\" \/>\n<meta property=\"og:title\" content=\"Luxon Pay wprowadza zerowe op\u0142aty za wyp\u0142aty dla klient\u00f3w - Luxon Pay\" \/>\n<meta property=\"og:description\" content=\"Ja\u015bniejszy, bardziej przejrzysty spos\u00f3b na dost\u0119p do swoich pieni\u0119dzy. &nbsp; Powiedzieli\u015bcie nam, \u017ce op\u0142aty za wyp\u0142aty s\u0105 frustruj\u0105ce. Pos\u0142uchali\u015bmy. Klienci Luxon Pay mog\u0105 teraz wyp\u0142aca\u0107 \u015brodki bez op\u0142at za wyp\u0142aty w Luxon Pay, zyskuj\u0105c ja\u015bniejszy i bardziej przewidywalny dost\u0119p do swoich pieni\u0119dzy. Bo to Twoje pieni\u0105dze \u2013 nie nasze. Ta zmiana podkre\u015bla zobowi\u0105zanie Luxon Pay... Read more &raquo;\" \/>\n<meta property=\"og:url\" content=\"https:\/\/luxon.com\/pl\/luxon-pay-wprowadza-zerowe-oplaty-za-wyplaty-dla-klientow\/\" \/>\n<meta property=\"og:site_name\" content=\"Luxon Pay\" \/>\n<meta property=\"og:image\" content=\"https:\/\/luxon.com\/wp-content\/uploads\/Blog-Image_1600x900.png\" \/>\n\t<meta property=\"og:image:width\" content=\"1600\" \/>\n\t<meta property=\"og:image:height\" content=\"900\" \/>\n\t<meta property=\"og:image:type\" content=\"image\/png\" \/>\n<meta name=\"twitter:card\" content=\"summary_large_image\" \/>\n<meta name=\"twitter:label1\" content=\"Szacowany czas czytania\" \/>\n\t<meta name=\"twitter:data1\" content=\"1 minuta\" \/>\n<script type=\"application\/ld+json\" class=\"yoast-schema-graph\">{\"@context\":\"https:\\\/\\\/schema.org\",\"@graph\":[{\"@type\":\"WebPage\",\"@id\":\"https:\\\/\\\/luxon.com\\\/pl\\\/luxon-pay-wprowadza-zerowe-oplaty-za-wyplaty-dla-klientow\\\/\",\"url\":\"https:\\\/\\\/luxon.com\\\/pl\\\/luxon-pay-wprowadza-zerowe-oplaty-za-wyplaty-dla-klientow\\\/\",\"name\":\"Luxon Pay wprowadza zerowe op\u0142aty za wyp\u0142aty dla klient\u00f3w - Luxon Pay\",\"isPartOf\":{\"@id\":\"https:\\\/\\\/luxon.com\\\/pl\\\/#website\"},\"primaryImageOfPage\":{\"@id\":\"https:\\\/\\\/luxon.com\\\/pl\\\/luxon-pay-wprowadza-zerowe-oplaty-za-wyplaty-dla-klientow\\\/#primaryimage\"},\"image\":{\"@id\":\"https:\\\/\\\/luxon.com\\\/pl\\\/luxon-pay-wprowadza-zerowe-oplaty-za-wyplaty-dla-klientow\\\/#primaryimage\"},\"thumbnailUrl\":\"https:\\\/\\\/luxon.com\\\/wp-content\\\/uploads\\\/Blog-Image_1600x900.png\",\"datePublished\":\"2026-02-17T20:00:32+00:00\",\"inLanguage\":\"pl-PL\",\"potentialAction\":[{\"@type\":\"ReadAction\",\"target\":[\"https:\\\/\\\/luxon.com\\\/pl\\\/luxon-pay-wprowadza-zerowe-oplaty-za-wyplaty-dla-klientow\\\/\"]}]},{\"@type\":\"ImageObject\",\"inLanguage\":\"pl-PL\",\"@id\":\"https:\\\/\\\/luxon.com\\\/pl\\\/luxon-pay-wprowadza-zerowe-oplaty-za-wyplaty-dla-klientow\\\/#primaryimage\",\"url\":\"https:\\\/\\\/luxon.com\\\/wp-content\\\/uploads\\\/Blog-Image_1600x900.png\",\"contentUrl\":\"https:\\\/\\\/luxon.com\\\/wp-content\\\/uploads\\\/Blog-Image_1600x900.png\",\"width\":1600,\"height\":900},{\"@type\":\"WebSite\",\"@id\":\"https:\\\/\\\/luxon.com\\\/pl\\\/#website\",\"url\":\"https:\\\/\\\/luxon.com\\\/pl\\\/\",\"name\":\"Luxon Pay\",\"description\":\"Instant secure global payments\",\"publisher\":{\"@id\":\"https:\\\/\\\/luxon.com\\\/pl\\\/#organization\"},\"potentialAction\":[{\"@type\":\"SearchAction\",\"target\":{\"@type\":\"EntryPoint\",\"urlTemplate\":\"https:\\\/\\\/luxon.com\\\/pl\\\/?s={search_term_string}\"},\"query-input\":{\"@type\":\"PropertyValueSpecification\",\"valueRequired\":true,\"valueName\":\"search_term_string\"}}],\"inLanguage\":\"pl-PL\"},{\"@type\":\"Organization\",\"@id\":\"https:\\\/\\\/luxon.com\\\/pl\\\/#organization\",\"name\":\"Luxon Pay\",\"url\":\"https:\\\/\\\/luxon.com\\\/pl\\\/\",\"logo\":{\"@type\":\"ImageObject\",\"inLanguage\":\"pl-PL\",\"@id\":\"https:\\\/\\\/luxon.com\\\/pl\\\/#\\\/schema\\\/logo\\\/image\\\/\",\"url\":\"https:\\\/\\\/luxon.com\\\/wp-content\\\/uploads\\\/WebsiteImage04.png\",\"contentUrl\":\"https:\\\/\\\/luxon.com\\\/wp-content\\\/uploads\\\/WebsiteImage04.png\",\"width\":1200,\"height\":630,\"caption\":\"Luxon Pay\"},\"image\":{\"@id\":\"https:\\\/\\\/luxon.com\\\/pl\\\/#\\\/schema\\\/logo\\\/image\\\/\"}}]}<\/script>\n<!-- \/ Yoast SEO plugin. -->","yoast_head_json":{"title":"Luxon Pay wprowadza zerowe op\u0142aty za wyp\u0142aty dla klient\u00f3w - Luxon Pay","robots":{"index":"index","follow":"follow","max-snippet":"max-snippet:-1","max-image-preview":"max-image-preview:large","max-video-preview":"max-video-preview:-1"},"canonical":"https:\/\/luxon.com\/pl\/luxon-pay-wprowadza-zerowe-oplaty-za-wyplaty-dla-klientow\/","og_locale":"pl_PL","og_type":"article","og_title":"Luxon Pay wprowadza zerowe op\u0142aty za wyp\u0142aty dla klient\u00f3w - Luxon Pay","og_description":"Ja\u015bniejszy, bardziej przejrzysty spos\u00f3b na dost\u0119p do swoich pieni\u0119dzy. &nbsp; Powiedzieli\u015bcie nam, \u017ce op\u0142aty za wyp\u0142aty s\u0105 frustruj\u0105ce. Pos\u0142uchali\u015bmy. Klienci Luxon Pay mog\u0105 teraz wyp\u0142aca\u0107 \u015brodki bez op\u0142at za wyp\u0142aty w Luxon Pay, zyskuj\u0105c ja\u015bniejszy i bardziej przewidywalny dost\u0119p do swoich pieni\u0119dzy. Bo to Twoje pieni\u0105dze \u2013 nie nasze. Ta zmiana podkre\u015bla zobowi\u0105zanie Luxon Pay... Read more &raquo;","og_url":"https:\/\/luxon.com\/pl\/luxon-pay-wprowadza-zerowe-oplaty-za-wyplaty-dla-klientow\/","og_site_name":"Luxon Pay","og_image":[{"width":1600,"height":900,"url":"https:\/\/luxon.com\/wp-content\/uploads\/Blog-Image_1600x900.png","type":"image\/png"}],"twitter_card":"summary_large_image","twitter_misc":{"Szacowany czas czytania":"1 minuta"},"schema":{"@context":"https:\/\/schema.org","@graph":[{"@type":"WebPage","@id":"https:\/\/luxon.com\/pl\/luxon-pay-wprowadza-zerowe-oplaty-za-wyplaty-dla-klientow\/","url":"https:\/\/luxon.com\/pl\/luxon-pay-wprowadza-zerowe-oplaty-za-wyplaty-dla-klientow\/","name":"Luxon Pay wprowadza zerowe op\u0142aty za wyp\u0142aty dla klient\u00f3w - Luxon Pay","isPartOf":{"@id":"https:\/\/luxon.com\/pl\/#website"},"primaryImageOfPage":{"@id":"https:\/\/luxon.com\/pl\/luxon-pay-wprowadza-zerowe-oplaty-za-wyplaty-dla-klientow\/#primaryimage"},"image":{"@id":"https:\/\/luxon.com\/pl\/luxon-pay-wprowadza-zerowe-oplaty-za-wyplaty-dla-klientow\/#primaryimage"},"thumbnailUrl":"https:\/\/luxon.com\/wp-content\/uploads\/Blog-Image_1600x900.png","datePublished":"2026-02-17T20:00:32+00:00","inLanguage":"pl-PL","potentialAction":[{"@type":"ReadAction","target":["https:\/\/luxon.com\/pl\/luxon-pay-wprowadza-zerowe-oplaty-za-wyplaty-dla-klientow\/"]}]},{"@type":"ImageObject","inLanguage":"pl-PL","@id":"https:\/\/luxon.com\/pl\/luxon-pay-wprowadza-zerowe-oplaty-za-wyplaty-dla-klientow\/#primaryimage","url":"https:\/\/luxon.com\/wp-content\/uploads\/Blog-Image_1600x900.png","contentUrl":"https:\/\/luxon.com\/wp-content\/uploads\/Blog-Image_1600x900.png","width":1600,"height":900},{"@type":"WebSite","@id":"https:\/\/luxon.com\/pl\/#website","url":"https:\/\/luxon.com\/pl\/","name":"Luxon Pay","description":"Instant secure global payments","publisher":{"@id":"https:\/\/luxon.com\/pl\/#organization"},"potentialAction":[{"@type":"SearchAction","target":{"@type":"EntryPoint","urlTemplate":"https:\/\/luxon.com\/pl\/?s={search_term_string}"},"query-input":{"@type":"PropertyValueSpecification","valueRequired":true,"valueName":"search_term_string"}}],"inLanguage":"pl-PL"},{"@type":"Organization","@id":"https:\/\/luxon.com\/pl\/#organization","name":"Luxon Pay","url":"https:\/\/luxon.com\/pl\/","logo":{"@type":"ImageObject","inLanguage":"pl-PL","@id":"https:\/\/luxon.com\/pl\/#\/schema\/logo\/image\/","url":"https:\/\/luxon.com\/wp-content\/uploads\/WebsiteImage04.png","contentUrl":"https:\/\/luxon.com\/wp-content\/uploads\/WebsiteImage04.png","width":1200,"height":630,"caption":"Luxon Pay"},"image":{"@id":"https:\/\/luxon.com\/pl\/#\/schema\/logo\/image\/"}}]}},"_links":{"self":[{"href":"https:\/\/luxon.com\/pl\/wp-json\/wp\/v2\/pages\/33445","targetHints":{"allow":["GET"]}}],"collection":[{"href":"https:\/\/luxon.com\/pl\/wp-json\/wp\/v2\/pages"}],"about":[{"href":"https:\/\/luxon.com\/pl\/wp-json\/wp\/v2\/types\/page"}],"author":[{"embeddable":true,"href":"https:\/\/luxon.com\/pl\/wp-json\/wp\/v2\/users\/3"}],"replies":[{"embeddable":true,"href":"https:\/\/luxon.com\/pl\/wp-json\/wp\/v2\/comments?post=33445"}],"version-history":[{"count":2,"href":"https:\/\/luxon.com\/pl\/wp-json\/wp\/v2\/pages\/33445\/revisions"}],"predecessor-version":[{"id":33487,"href":"https:\/\/luxon.com\/pl\/wp-json\/wp\/v2\/pages\/33445\/revisions\/33487"}],"wp:featuredmedia":[{"embeddable":true,"href":"https:\/\/luxon.com\/pl\/wp-json\/wp\/v2\/media\/33427"}],"wp:attachment":[{"href":"https:\/\/luxon.com\/pl\/wp-json\/wp\/v2\/media?parent=33445"}],"curies":[{"name":"wp","href":"https:\/\/api.w.org\/{rel}","templated":true}]}}