{"id":35768,"date":"2026-05-12T20:55:03","date_gmt":"2026-05-12T20:55:03","guid":{"rendered":"https:\/\/luxon.com\/win-a-10k-wsop-seat\/"},"modified":"2026-05-14T12:02:12","modified_gmt":"2026-05-14T12:02:12","slug":"win-a-10k-wsop-seat","status":"publish","type":"page","link":"https:\/\/luxon.com\/pl\/win-a-10k-wsop-seat\/","title":{"rendered":"Wygraj miejsce w turnieju WSOP Main Event o warto\u015bci $10,000"},"content":{"rendered":"<p>Ka\u017cdy buy-in na WSOP w Vegas si\u0119 liczy!<\/p>\n<p>Ka\u017cde wpisowe na turniej op\u0142acone przez Luxon Pay = 1 los w loterii o miejsce w turnieju WSOP Main Event o warto\u015bci $10,000. To Twoja szansa na darmowy udzia\u0142 w turnieju Main Event!<\/p>\n<p><strong>Oto jak to dzia\u0142a:<\/strong><br \/>\n\u2022\u2060 \u2060Dokonaj p\u0142atno\u015bci za wpisowe do dowolnego turnieju WSOP Vegas za pomoc\u0105 Luxon Pay w aplikacji WSOP Live<br \/>\n\u2022\u2060 \u2060Zdob\u0105d\u017a 1 los na loteri\u0119 za ka\u017cdy wk\u0142ad<br \/>\n\u2022\u2060 \u2060Do wygrania jest 1 miejsce w turnieju g\u0142\u00f3wnym WSOP o warto\u015bci $10,000<\/p>\n<p><strong>Regulamin<\/strong><\/p>\n<ul>\n<li>Promocja jest dost\u0119pna dla graczy, kt\u00f3rzy dokonaj\u0105 p\u0142atno\u015bci za pomoc\u0105 Luxon Pay za dowolny turniej WSOP Vegas za po\u015brednictwem aplikacji WSOP Live do 29 czerwca<\/li>\n<li>Losowanie odb\u0119dzie si\u0119 30 czerwca \u2013 wszystkie wpisowe op\u0142acone przed t\u0105 dat\u0105 zostan\u0105 uwzgl\u0119dnione w losowaniu<\/li>\n<li>\u2060Ka\u017cde kwalifikuj\u0105ce si\u0119 wpisowe liczy si\u0119 jako jeden los w loterii, niezale\u017cnie od jego warto\u015bci.<\/li>\n<li>Je\u015bli zwyci\u0119zca nie b\u0119dzie m\u00f3g\u0142 wzi\u0105\u0107 udzia\u0142u w turnieju WSOP Main Event 2026, zostanie uzgodniona nagroda o r\u00f3wnowa\u017cnej warto\u015bci.<\/li>\n<\/ul>\n","protected":false},"excerpt":{"rendered":"<p>Ka\u017cdy buy-in na WSOP w Vegas si\u0119 liczy! Ka\u017cde wpisowe na turniej op\u0142acone przez Luxon Pay = 1 los w loterii o miejsce w turnieju WSOP Main Event o warto\u015bci $10,000. To Twoja szansa na darmowy udzia\u0142 w turnieju Main Event! Oto jak to dzia\u0142a: \u2022\u2060 \u2060Dokonaj p\u0142atno\u015bci za wpisowe do dowolnego turnieju WSOP Vegas<a class=\"excerpt-read-more\" href=\"https:\/\/luxon.com\/pl\/win-a-10k-wsop-seat\/\" title=\"ReadWygraj miejsce w turnieju WSOP Main Event o warto\u015bci $10,000\">&#8230; Read more &raquo;<\/a><\/p>\n","protected":false},"author":5,"featured_media":35732,"parent":0,"menu_order":0,"comment_status":"closed","ping_status":"closed","template":"templates\/block-template.php","meta":{"_acf_changed":false,"footnotes":""},"class_list":["post-35768","page","type-page","status-publish","has-post-thumbnail","hentry"],"acf":[],"yoast_head":"<!-- This site is optimized with the Yoast SEO plugin v27.6 - https:\/\/yoast.com\/product\/yoast-seo-wordpress\/ -->\n<title>Wygraj miejsce w turnieju WSOP Main Event o warto\u015bci $10,000 - Luxon Pay<\/title>\n<meta name=\"robots\" content=\"index, follow, max-snippet:-1, max-image-preview:large, max-video-preview:-1\" \/>\n<link rel=\"canonical\" href=\"https:\/\/luxon.com\/pl\/win-a-10k-wsop-seat\/\" \/>\n<meta property=\"og:locale\" content=\"pl_PL\" \/>\n<meta property=\"og:type\" content=\"article\" \/>\n<meta property=\"og:title\" content=\"Wygraj miejsce w turnieju WSOP Main Event o warto\u015bci $10,000 - Luxon Pay\" \/>\n<meta property=\"og:description\" content=\"Ka\u017cdy buy-in na WSOP w Vegas si\u0119 liczy! Ka\u017cde wpisowe na turniej op\u0142acone przez Luxon Pay = 1 los w loterii o miejsce w turnieju WSOP Main Event o warto\u015bci $10,000. To Twoja szansa na darmowy udzia\u0142 w turnieju Main Event! Oto jak to dzia\u0142a: \u2022\u2060 \u2060Dokonaj p\u0142atno\u015bci za wpisowe do dowolnego turnieju WSOP Vegas... Read more &raquo;\" \/>\n<meta property=\"og:url\" content=\"https:\/\/luxon.com\/pl\/win-a-10k-wsop-seat\/\" \/>\n<meta property=\"og:site_name\" content=\"Luxon Pay\" \/>\n<meta property=\"article:modified_time\" content=\"2026-05-14T12:02:12+00:00\" \/>\n<meta property=\"og:image\" content=\"https:\/\/luxon.com\/wp-content\/uploads\/EmailBanner_1200x800_1.png\" \/>\n\t<meta property=\"og:image:width\" content=\"600\" \/>\n\t<meta property=\"og:image:height\" content=\"400\" \/>\n\t<meta property=\"og:image:type\" content=\"image\/png\" \/>\n<meta name=\"twitter:card\" content=\"summary_large_image\" \/>\n<meta name=\"twitter:label1\" content=\"Szacowany czas czytania\" \/>\n\t<meta name=\"twitter:data1\" content=\"1 minuta\" \/>\n<script type=\"application\/ld+json\" class=\"yoast-schema-graph\">{\"@context\":\"https:\\\/\\\/schema.org\",\"@graph\":[{\"@type\":\"WebPage\",\"@id\":\"https:\\\/\\\/luxon.com\\\/pl\\\/win-a-10k-wsop-seat\\\/\",\"url\":\"https:\\\/\\\/luxon.com\\\/pl\\\/win-a-10k-wsop-seat\\\/\",\"name\":\"Wygraj miejsce w turnieju WSOP Main Event o warto\u015bci $10,000 - Luxon Pay\",\"isPartOf\":{\"@id\":\"https:\\\/\\\/luxon.com\\\/pl\\\/#website\"},\"primaryImageOfPage\":{\"@id\":\"https:\\\/\\\/luxon.com\\\/pl\\\/win-a-10k-wsop-seat\\\/#primaryimage\"},\"image\":{\"@id\":\"https:\\\/\\\/luxon.com\\\/pl\\\/win-a-10k-wsop-seat\\\/#primaryimage\"},\"thumbnailUrl\":\"https:\\\/\\\/luxon.com\\\/wp-content\\\/uploads\\\/EmailBanner_1200x800_1.png\",\"datePublished\":\"2026-05-12T20:55:03+00:00\",\"dateModified\":\"2026-05-14T12:02:12+00:00\",\"inLanguage\":\"pl-PL\",\"potentialAction\":[{\"@type\":\"ReadAction\",\"target\":[\"https:\\\/\\\/luxon.com\\\/pl\\\/win-a-10k-wsop-seat\\\/\"]}]},{\"@type\":\"ImageObject\",\"inLanguage\":\"pl-PL\",\"@id\":\"https:\\\/\\\/luxon.com\\\/pl\\\/win-a-10k-wsop-seat\\\/#primaryimage\",\"url\":\"https:\\\/\\\/luxon.com\\\/wp-content\\\/uploads\\\/EmailBanner_1200x800_1.png\",\"contentUrl\":\"https:\\\/\\\/luxon.com\\\/wp-content\\\/uploads\\\/EmailBanner_1200x800_1.png\",\"width\":600,\"height\":400},{\"@type\":\"WebSite\",\"@id\":\"https:\\\/\\\/luxon.com\\\/pl\\\/#website\",\"url\":\"https:\\\/\\\/luxon.com\\\/pl\\\/\",\"name\":\"Luxon Pay\",\"description\":\"Instant secure global payments\",\"publisher\":{\"@id\":\"https:\\\/\\\/luxon.com\\\/pl\\\/#organization\"},\"potentialAction\":[{\"@type\":\"SearchAction\",\"target\":{\"@type\":\"EntryPoint\",\"urlTemplate\":\"https:\\\/\\\/luxon.com\\\/pl\\\/?s={search_term_string}\"},\"query-input\":{\"@type\":\"PropertyValueSpecification\",\"valueRequired\":true,\"valueName\":\"search_term_string\"}}],\"inLanguage\":\"pl-PL\"},{\"@type\":\"Organization\",\"@id\":\"https:\\\/\\\/luxon.com\\\/pl\\\/#organization\",\"name\":\"Luxon Pay\",\"url\":\"https:\\\/\\\/luxon.com\\\/pl\\\/\",\"logo\":{\"@type\":\"ImageObject\",\"inLanguage\":\"pl-PL\",\"@id\":\"https:\\\/\\\/luxon.com\\\/pl\\\/#\\\/schema\\\/logo\\\/image\\\/\",\"url\":\"https:\\\/\\\/luxon.com\\\/wp-content\\\/uploads\\\/WebsiteImage04.png\",\"contentUrl\":\"https:\\\/\\\/luxon.com\\\/wp-content\\\/uploads\\\/WebsiteImage04.png\",\"width\":1200,\"height\":630,\"caption\":\"Luxon Pay\"},\"image\":{\"@id\":\"https:\\\/\\\/luxon.com\\\/pl\\\/#\\\/schema\\\/logo\\\/image\\\/\"}}]}<\/script>\n<!-- \/ Yoast SEO plugin. -->","yoast_head_json":{"title":"Wygraj miejsce w turnieju WSOP Main Event o warto\u015bci $10,000 - Luxon Pay","robots":{"index":"index","follow":"follow","max-snippet":"max-snippet:-1","max-image-preview":"max-image-preview:large","max-video-preview":"max-video-preview:-1"},"canonical":"https:\/\/luxon.com\/pl\/win-a-10k-wsop-seat\/","og_locale":"pl_PL","og_type":"article","og_title":"Wygraj miejsce w turnieju WSOP Main Event o warto\u015bci $10,000 - Luxon Pay","og_description":"Ka\u017cdy buy-in na WSOP w Vegas si\u0119 liczy! Ka\u017cde wpisowe na turniej op\u0142acone przez Luxon Pay = 1 los w loterii o miejsce w turnieju WSOP Main Event o warto\u015bci $10,000. To Twoja szansa na darmowy udzia\u0142 w turnieju Main Event! Oto jak to dzia\u0142a: \u2022\u2060 \u2060Dokonaj p\u0142atno\u015bci za wpisowe do dowolnego turnieju WSOP Vegas... Read more &raquo;","og_url":"https:\/\/luxon.com\/pl\/win-a-10k-wsop-seat\/","og_site_name":"Luxon Pay","article_modified_time":"2026-05-14T12:02:12+00:00","og_image":[{"width":600,"height":400,"url":"https:\/\/luxon.com\/wp-content\/uploads\/EmailBanner_1200x800_1.png","type":"image\/png"}],"twitter_card":"summary_large_image","twitter_misc":{"Szacowany czas czytania":"1 minuta"},"schema":{"@context":"https:\/\/schema.org","@graph":[{"@type":"WebPage","@id":"https:\/\/luxon.com\/pl\/win-a-10k-wsop-seat\/","url":"https:\/\/luxon.com\/pl\/win-a-10k-wsop-seat\/","name":"Wygraj miejsce w turnieju WSOP Main Event o warto\u015bci $10,000 - Luxon Pay","isPartOf":{"@id":"https:\/\/luxon.com\/pl\/#website"},"primaryImageOfPage":{"@id":"https:\/\/luxon.com\/pl\/win-a-10k-wsop-seat\/#primaryimage"},"image":{"@id":"https:\/\/luxon.com\/pl\/win-a-10k-wsop-seat\/#primaryimage"},"thumbnailUrl":"https:\/\/luxon.com\/wp-content\/uploads\/EmailBanner_1200x800_1.png","datePublished":"2026-05-12T20:55:03+00:00","dateModified":"2026-05-14T12:02:12+00:00","inLanguage":"pl-PL","potentialAction":[{"@type":"ReadAction","target":["https:\/\/luxon.com\/pl\/win-a-10k-wsop-seat\/"]}]},{"@type":"ImageObject","inLanguage":"pl-PL","@id":"https:\/\/luxon.com\/pl\/win-a-10k-wsop-seat\/#primaryimage","url":"https:\/\/luxon.com\/wp-content\/uploads\/EmailBanner_1200x800_1.png","contentUrl":"https:\/\/luxon.com\/wp-content\/uploads\/EmailBanner_1200x800_1.png","width":600,"height":400},{"@type":"WebSite","@id":"https:\/\/luxon.com\/pl\/#website","url":"https:\/\/luxon.com\/pl\/","name":"Luxon Pay","description":"Instant secure global payments","publisher":{"@id":"https:\/\/luxon.com\/pl\/#organization"},"potentialAction":[{"@type":"SearchAction","target":{"@type":"EntryPoint","urlTemplate":"https:\/\/luxon.com\/pl\/?s={search_term_string}"},"query-input":{"@type":"PropertyValueSpecification","valueRequired":true,"valueName":"search_term_string"}}],"inLanguage":"pl-PL"},{"@type":"Organization","@id":"https:\/\/luxon.com\/pl\/#organization","name":"Luxon Pay","url":"https:\/\/luxon.com\/pl\/","logo":{"@type":"ImageObject","inLanguage":"pl-PL","@id":"https:\/\/luxon.com\/pl\/#\/schema\/logo\/image\/","url":"https:\/\/luxon.com\/wp-content\/uploads\/WebsiteImage04.png","contentUrl":"https:\/\/luxon.com\/wp-content\/uploads\/WebsiteImage04.png","width":1200,"height":630,"caption":"Luxon Pay"},"image":{"@id":"https:\/\/luxon.com\/pl\/#\/schema\/logo\/image\/"}}]}},"_links":{"self":[{"href":"https:\/\/luxon.com\/pl\/wp-json\/wp\/v2\/pages\/35768","targetHints":{"allow":["GET"]}}],"collection":[{"href":"https:\/\/luxon.com\/pl\/wp-json\/wp\/v2\/pages"}],"about":[{"href":"https:\/\/luxon.com\/pl\/wp-json\/wp\/v2\/types\/page"}],"author":[{"embeddable":true,"href":"https:\/\/luxon.com\/pl\/wp-json\/wp\/v2\/users\/5"}],"replies":[{"embeddable":true,"href":"https:\/\/luxon.com\/pl\/wp-json\/wp\/v2\/comments?post=35768"}],"version-history":[{"count":3,"href":"https:\/\/luxon.com\/pl\/wp-json\/wp\/v2\/pages\/35768\/revisions"}],"predecessor-version":[{"id":37714,"href":"https:\/\/luxon.com\/pl\/wp-json\/wp\/v2\/pages\/35768\/revisions\/37714"}],"wp:featuredmedia":[{"embeddable":true,"href":"https:\/\/luxon.com\/pl\/wp-json\/wp\/v2\/media\/35732"}],"wp:attachment":[{"href":"https:\/\/luxon.com\/pl\/wp-json\/wp\/v2\/media?parent=35768"}],"curies":[{"name":"wp","href":"https:\/\/api.w.org\/{rel}","templated":true}]}}