{"id":17529,"date":"2022-11-29T12:17:01","date_gmt":"2022-11-29T12:17:01","guid":{"rendered":"https:\/\/luxon.com\/instant-transfers\/"},"modified":"2023-03-24T21:53:36","modified_gmt":"2023-03-24T21:53:36","slug":"instant-transfers","status":"publish","type":"page","link":"https:\/\/luxon.com\/pt-br\/instant-transfers\/","title":{"rendered":"Transfer\u00eancias instant\u00e2neas"},"content":{"rendered":"<p>Transfira dinheiro para outros usu\u00e1rios Luxon Pay de qualquer lugar do mundo, envie e solicite de e para seus contatos, em uma variedade de moedas.<\/p>\n","protected":false},"excerpt":{"rendered":"<p>Transfira dinheiro para outros usu\u00e1rios Luxon Pay de qualquer lugar do mundo, envie e solicite de e para seus contatos, em uma variedade de moedas.<\/p>\n","protected":false},"author":5,"featured_media":20975,"parent":0,"menu_order":0,"comment_status":"closed","ping_status":"closed","template":"templates\/block-template.php","meta":{"_acf_changed":false,"footnotes":""},"class_list":["post-17529","page","type-page","status-publish","has-post-thumbnail","hentry"],"acf":[],"yoast_head":"<!-- This site is optimized with the Yoast SEO plugin v27.1.1 - https:\/\/yoast.com\/product\/yoast-seo-wordpress\/ -->\n<title>Transfer\u00eancias instant\u00e2neas - Luxon Pay<\/title>\n<meta name=\"robots\" content=\"index, follow, max-snippet:-1, max-image-preview:large, max-video-preview:-1\" \/>\n<link rel=\"canonical\" href=\"https:\/\/luxon.com\/pt-br\/instant-transfers\/\" \/>\n<meta property=\"og:locale\" content=\"pt_BR\" \/>\n<meta property=\"og:type\" content=\"article\" \/>\n<meta property=\"og:title\" content=\"Transfer\u00eancias instant\u00e2neas - Luxon Pay\" \/>\n<meta property=\"og:description\" content=\"Transfira dinheiro para outros usu\u00e1rios Luxon Pay de qualquer lugar do mundo, envie e solicite de e para seus contatos, em uma variedade de moedas.\" \/>\n<meta property=\"og:url\" content=\"https:\/\/luxon.com\/pt-br\/instant-transfers\/\" \/>\n<meta property=\"og:site_name\" content=\"Luxon Pay\" \/>\n<meta property=\"article:modified_time\" content=\"2023-03-24T21:53:36+00:00\" \/>\n<meta property=\"og:image\" content=\"https:\/\/luxon.com\/wp-content\/uploads\/Frame-7363-4.png\" \/>\n\t<meta property=\"og:image:width\" content=\"340\" \/>\n\t<meta property=\"og:image:height\" content=\"558\" \/>\n\t<meta property=\"og:image:type\" content=\"image\/png\" \/>\n<meta name=\"twitter:card\" content=\"summary_large_image\" \/>\n<meta name=\"twitter:label1\" content=\"Est. tempo de leitura\" \/>\n\t<meta name=\"twitter:data1\" content=\"1 minuto\" \/>\n<script type=\"application\/ld+json\" class=\"yoast-schema-graph\">{\"@context\":\"https:\/\/schema.org\",\"@graph\":[{\"@type\":\"WebPage\",\"@id\":\"https:\/\/luxon.com\/pt-br\/instant-transfers\/\",\"url\":\"https:\/\/luxon.com\/pt-br\/instant-transfers\/\",\"name\":\"Transfer\u00eancias instant\u00e2neas - Luxon Pay\",\"isPartOf\":{\"@id\":\"https:\/\/luxon.com\/pt-br\/#website\"},\"primaryImageOfPage\":{\"@id\":\"https:\/\/luxon.com\/pt-br\/instant-transfers\/#primaryimage\"},\"image\":{\"@id\":\"https:\/\/luxon.com\/pt-br\/instant-transfers\/#primaryimage\"},\"thumbnailUrl\":\"https:\/\/luxon.com\/wp-content\/uploads\/Frame-7363-4.png\",\"datePublished\":\"2022-11-29T12:17:01+00:00\",\"dateModified\":\"2023-03-24T21:53:36+00:00\",\"inLanguage\":\"pt-BR\",\"potentialAction\":[{\"@type\":\"ReadAction\",\"target\":[\"https:\/\/luxon.com\/pt-br\/instant-transfers\/\"]}]},{\"@type\":\"ImageObject\",\"inLanguage\":\"pt-BR\",\"@id\":\"https:\/\/luxon.com\/pt-br\/instant-transfers\/#primaryimage\",\"url\":\"https:\/\/luxon.com\/wp-content\/uploads\/Frame-7363-4.png\",\"contentUrl\":\"https:\/\/luxon.com\/wp-content\/uploads\/Frame-7363-4.png\",\"width\":340,\"height\":558},{\"@type\":\"WebSite\",\"@id\":\"https:\/\/luxon.com\/pt-br\/#website\",\"url\":\"https:\/\/luxon.com\/pt-br\/\",\"name\":\"Luxon Pay\",\"description\":\"Instant secure global payments\",\"publisher\":{\"@id\":\"https:\/\/luxon.com\/pt-br\/#organization\"},\"potentialAction\":[{\"@type\":\"SearchAction\",\"target\":{\"@type\":\"EntryPoint\",\"urlTemplate\":\"https:\/\/luxon.com\/pt-br\/?s={search_term_string}\"},\"query-input\":{\"@type\":\"PropertyValueSpecification\",\"valueRequired\":true,\"valueName\":\"search_term_string\"}}],\"inLanguage\":\"pt-BR\"},{\"@type\":\"Organization\",\"@id\":\"https:\/\/luxon.com\/pt-br\/#organization\",\"name\":\"Luxon Pay\",\"url\":\"https:\/\/luxon.com\/pt-br\/\",\"logo\":{\"@type\":\"ImageObject\",\"inLanguage\":\"pt-BR\",\"@id\":\"https:\/\/luxon.com\/pt-br\/#\/schema\/logo\/image\/\",\"url\":\"https:\/\/luxon.com\/wp-content\/uploads\/WebsiteImage04.png\",\"contentUrl\":\"https:\/\/luxon.com\/wp-content\/uploads\/WebsiteImage04.png\",\"width\":1200,\"height\":630,\"caption\":\"Luxon Pay\"},\"image\":{\"@id\":\"https:\/\/luxon.com\/pt-br\/#\/schema\/logo\/image\/\"}}]}<\/script>\n<!-- \/ Yoast SEO plugin. -->","yoast_head_json":{"title":"Transfer\u00eancias instant\u00e2neas - Luxon Pay","robots":{"index":"index","follow":"follow","max-snippet":"max-snippet:-1","max-image-preview":"max-image-preview:large","max-video-preview":"max-video-preview:-1"},"canonical":"https:\/\/luxon.com\/pt-br\/instant-transfers\/","og_locale":"pt_BR","og_type":"article","og_title":"Transfer\u00eancias instant\u00e2neas - Luxon Pay","og_description":"Transfira dinheiro para outros usu\u00e1rios Luxon Pay de qualquer lugar do mundo, envie e solicite de e para seus contatos, em uma variedade de moedas.","og_url":"https:\/\/luxon.com\/pt-br\/instant-transfers\/","og_site_name":"Luxon Pay","article_modified_time":"2023-03-24T21:53:36+00:00","og_image":[{"width":340,"height":558,"url":"https:\/\/luxon.com\/wp-content\/uploads\/Frame-7363-4.png","type":"image\/png"}],"twitter_card":"summary_large_image","twitter_misc":{"Est. tempo de leitura":"1 minuto"},"schema":{"@context":"https:\/\/schema.org","@graph":[{"@type":"WebPage","@id":"https:\/\/luxon.com\/pt-br\/instant-transfers\/","url":"https:\/\/luxon.com\/pt-br\/instant-transfers\/","name":"Transfer\u00eancias instant\u00e2neas - Luxon Pay","isPartOf":{"@id":"https:\/\/luxon.com\/pt-br\/#website"},"primaryImageOfPage":{"@id":"https:\/\/luxon.com\/pt-br\/instant-transfers\/#primaryimage"},"image":{"@id":"https:\/\/luxon.com\/pt-br\/instant-transfers\/#primaryimage"},"thumbnailUrl":"https:\/\/luxon.com\/wp-content\/uploads\/Frame-7363-4.png","datePublished":"2022-11-29T12:17:01+00:00","dateModified":"2023-03-24T21:53:36+00:00","inLanguage":"pt-BR","potentialAction":[{"@type":"ReadAction","target":["https:\/\/luxon.com\/pt-br\/instant-transfers\/"]}]},{"@type":"ImageObject","inLanguage":"pt-BR","@id":"https:\/\/luxon.com\/pt-br\/instant-transfers\/#primaryimage","url":"https:\/\/luxon.com\/wp-content\/uploads\/Frame-7363-4.png","contentUrl":"https:\/\/luxon.com\/wp-content\/uploads\/Frame-7363-4.png","width":340,"height":558},{"@type":"WebSite","@id":"https:\/\/luxon.com\/pt-br\/#website","url":"https:\/\/luxon.com\/pt-br\/","name":"Luxon Pay","description":"Instant secure global payments","publisher":{"@id":"https:\/\/luxon.com\/pt-br\/#organization"},"potentialAction":[{"@type":"SearchAction","target":{"@type":"EntryPoint","urlTemplate":"https:\/\/luxon.com\/pt-br\/?s={search_term_string}"},"query-input":{"@type":"PropertyValueSpecification","valueRequired":true,"valueName":"search_term_string"}}],"inLanguage":"pt-BR"},{"@type":"Organization","@id":"https:\/\/luxon.com\/pt-br\/#organization","name":"Luxon Pay","url":"https:\/\/luxon.com\/pt-br\/","logo":{"@type":"ImageObject","inLanguage":"pt-BR","@id":"https:\/\/luxon.com\/pt-br\/#\/schema\/logo\/image\/","url":"https:\/\/luxon.com\/wp-content\/uploads\/WebsiteImage04.png","contentUrl":"https:\/\/luxon.com\/wp-content\/uploads\/WebsiteImage04.png","width":1200,"height":630,"caption":"Luxon Pay"},"image":{"@id":"https:\/\/luxon.com\/pt-br\/#\/schema\/logo\/image\/"}}]}},"_links":{"self":[{"href":"https:\/\/luxon.com\/pt-br\/wp-json\/wp\/v2\/pages\/17529","targetHints":{"allow":["GET"]}}],"collection":[{"href":"https:\/\/luxon.com\/pt-br\/wp-json\/wp\/v2\/pages"}],"about":[{"href":"https:\/\/luxon.com\/pt-br\/wp-json\/wp\/v2\/types\/page"}],"author":[{"embeddable":true,"href":"https:\/\/luxon.com\/pt-br\/wp-json\/wp\/v2\/users\/5"}],"replies":[{"embeddable":true,"href":"https:\/\/luxon.com\/pt-br\/wp-json\/wp\/v2\/comments?post=17529"}],"version-history":[{"count":2,"href":"https:\/\/luxon.com\/pt-br\/wp-json\/wp\/v2\/pages\/17529\/revisions"}],"predecessor-version":[{"id":17531,"href":"https:\/\/luxon.com\/pt-br\/wp-json\/wp\/v2\/pages\/17529\/revisions\/17531"}],"wp:featuredmedia":[{"embeddable":true,"href":"https:\/\/luxon.com\/pt-br\/wp-json\/wp\/v2\/media\/20975"}],"wp:attachment":[{"href":"https:\/\/luxon.com\/pt-br\/wp-json\/wp\/v2\/media?parent=17529"}],"curies":[{"name":"wp","href":"https:\/\/api.w.org\/{rel}","templated":true}]}}